{"id":1001,"date":"2020-05-14T19:13:24","date_gmt":"2020-05-14T18:13:24","guid":{"rendered":"http:\/\/astragal.cz\/?page_id=1001"},"modified":"2021-06-22T11:12:51","modified_gmt":"2021-06-22T10:12:51","slug":"leciva-setkani","status":"publish","type":"page","link":"https:\/\/astragal.cz\/index.php\/leciva-setkani\/","title":{"rendered":"L\u00e9\u010div\u00e1 setk\u00e1n\u00ed"},"content":{"rendered":"\n<p>Setk\u00e1n\u00ed jsou v\u017edy tematicky zam\u011b\u0159en\u00e1. <\/p>\n\n\n\n<p>Soust\u0159ed\u00edme se na nich na n\u011bjak\u00fd ur\u010dit\u00fd okruh probl\u00e9m\u016f nebo blok\u016f a\nv\u011bnujeme se jeho uzdraven\u00ed formou pr\u00e1ce s&nbsp;univerz\u00e1ln\u00ed energi\u00ed a na\u0161\u00ed\nschopnost\u00ed se sebe uzdravit. <\/p>\n\n\n\n<p class=\"has-text-color has-blue-color\"><strong>T\u011b\u0161it se m\u016f\u017eete nap\u0159\u00edklad na t\u00e9mata:<\/strong><\/p>\n\n\n\n<p class=\"has-text-color has-blue-color\">&#8211;&nbsp;<strong>Vztahy<\/strong><\/p>\n\n\n\n<p>(zde se soust\u0159ed\u00edme na vylad\u011bn\u00ed nebo uzdraven\u00ed t\u011bch Va\u0161ich vztah\u016f, kter\u00e9\njsou aktu\u00e1ln\u011b naru\u0161en\u00e9 \u010di v&nbsp;nerovnov\u00e1ze)<\/p>\n\n\n\n<p class=\"has-text-color has-blue-color\">&nbsp;&#8211;&nbsp;<strong>Pr\u00e1ce<\/strong><\/p>\n\n\n\n<p>&nbsp;(nap\u0159. nalezen\u00ed nov\u00e9 pr\u00e1ce, uzdraven\u00ed Va\u0161eho vztahu k sou\u010dasn\u00e9 pr\u00e1ci, sm\u011br\nVa\u0161\u00ed dal\u0161\u00ed kari\u00e9rn\u00ed oblasti apod.)<\/p>\n\n\n\n<p class=\"has-text-color has-blue-color\">&nbsp;&#8211;&nbsp;<strong>Pen\u00edze<\/strong><\/p>\n\n\n\n<p>(bezprobl\u00e9mov\u00e9 p\u0159ij\u00edm\u00e1n\u00ed odm\u011bny za svoji pr\u00e1ci, vztah k pen\u011bz\u016fm &#8211; blok\nchudoby, apod.)<\/p>\n\n\n\n<p class=\"has-text-color has-blue-color\">&#8211;&nbsp;&nbsp;<strong>Duchovn\u00ed cesta<\/strong><\/p>\n\n\n\n<p>(sm\u011br Va\u0161\u00ed duchovn\u00ed cesty, nalezen\u00ed duchovn\u00ed cesty, krize na duchovn\u00ed cest\u011b\naj.)<\/p>\n\n\n\n<p class=\"has-text-color has-blue-color\">&#8211;&nbsp;<strong>Zdrav\u00ed<\/strong><\/p>\n\n\n\n<p>(nalezen\u00ed p\u0159\u00ed\u010diny ment\u00e1ln\u00edho vzorce, kter\u00fd vedl k onemocn\u011bn\u00ed, zah\u00e1jen\u00ed\nprocesu uzdravov\u00e1n\u00ed atd.)<\/p>\n\n\n\n<p class=\"has-text-color has-blue-color\">&#8211;&nbsp;<strong>Osobn\u00ed spokojenost<\/strong><\/p>\n\n\n\n<p>(nalezen\u00ed, udr\u017een\u00ed, pro\u017e\u00edv\u00e1n\u00ed osobn\u00ed spokojenosti, uzdraven\u00ed emoc\u00ed apod.)<\/p>\n\n\n\n<p class=\"has-text-color has-blue-color\">&#8211;&nbsp;<strong>Energie<\/strong><\/p>\n\n\n\n<p>(z\u00edsk\u00e1n\u00ed dobr\u00e9 energie, udr\u017een\u00ed stavu, ochrana p\u0159ed negativn\u00ed energi\u00ed aj.)<\/p>\n\n\n\n<p><strong>V\u00fd\u0161e uveden\u00e1 setk\u00e1n\u00ed jsou pouze uk\u00e1zkou mo\u017en\u00fdch t\u00e9mat. T\u00e9mata je mo\u017en\u00e9 p\u0159izp\u016fsobit va\u0161im p\u0159\u00e1n\u00edm a pot\u0159eb\u00e1m.<\/strong> <\/p>\n\n\n\n<p> <strong><em>T\u00e9mata aktu\u00e1ln\u011b vypsan\u00fdch semin\u00e1\u0159\u016f naleznete&nbsp;v&nbsp;odkazu Aktu\u00e1ln\u011b:<\/em><\/strong> <\/p>\n\n\n\n<p class=\"has-text-color has-blue-color\"> <a href=\"https:\/\/astragal.cz\/index.php\/aktualne\/\">https:\/\/astragal.cz\/index.php\/aktualne\/<\/a> &nbsp;<\/p>\n\n\n\n<p><strong>Nev\u00e1hejte se ozvat, i kdy\u017e term\u00edny nejsou vyps\u00e1ny. R\u00e1da v\u00e1m p\u0159iprav\u00edm semin\u00e1\u0159 postav\u00edm na m\u00edru. <\/strong> <\/p>\n\n\n\n<p class=\"has-text-color has-blue-color\"><strong>D\u00c9LKA SETK\u00c1N\u00cd<\/strong><\/p>\n\n\n\n<p>D\u00e9lka ka\u017ed\u00e9ho l\u00e9\u010div\u00e9ho setk\u00e1n\u00ed je 2 hodiny.<\/p>\n\n\n\n<p class=\"has-text-color has-blue-color\"><strong>PO\u010cET \u00da\u010cASTN\u00cdK\u016e<\/strong><\/p>\n\n\n\n<p>Setk\u00e1n\u00ed se realizuj\u00ed p\u0159i minim\u00e1ln\u00edm po\u010dtu z\u00e1jemc\u016f 4 a maxim\u00e1ln\u00edm 8 (plat\u00ed, pokud se akce kon\u00e1 v&nbsp;m\u00edst\u011b m\u00e9ho s\u00eddla). <\/p>\n\n\n\n<p>Pokud se l\u00e9\u010div\u00e9 setk\u00e1n\u00ed kon\u00e1 jinde, je po\u010det \u00fa\u010dastn\u00edk\u016f dohodnut se z\u00e1jemcem\no po\u0159\u00e1d\u00e1n\u00ed akce individu\u00e1ln\u011b. <\/p>\n\n\n\n<p class=\"has-text-color has-blue-color\"><strong>M\u00cdSTO A DEN KON\u00c1N\u00cd<\/strong><\/p>\n\n\n\n<p>Setk\u00e1n\u00ed se konaj\u00ed v&nbsp;sobotu, v S\u00e1dku u Poli\u010dky (bli\u017e\u0161\u00ed informace V\u00e1m budou po p\u0159ihl\u00e1\u0161en\u00ed zasl\u00e1ny v&nbsp;informa\u010dn\u00edm emailu). <\/p>\n\n\n\n<p><strong>V p\u0159\u00edpad\u011b z\u00e1jmu je mo\u017en\u00e9 setk\u00e1n\u00ed uspo\u0159\u00e1dat pro skupinku z\u00e1jemc\u016f v&nbsp;jin\u00e9m m\u00edst\u011b nebo ve v\u0161edn\u00ed den.<\/strong><\/p>\n\n\n\n<p class=\"has-text-color has-blue-color\"><strong>INFORMACE K CEN\u011a ZA POSKYTNUT\u00c9 SLU\u017dBY<\/strong><\/p>\n\n\n\n<p class=\"has-text-color has-blue-color\">Schopnost l\u00e9\u010den\u00ed a pr\u00e1ce s energiemi byla&nbsp;Martin\u011b d\u00e1na ze shora a proto j\u00ed nen\u00ed dovoleno za svoji slu\u017ebu stanovit p\u0159esnou odm\u011bnu. Za svoji pr\u00e1ci m\u016f\u017ee Martina p\u0159ij\u00edmat odm\u011bnu, jej\u00ed\u017e v\u00fd\u0161e je stanovena t\u00edm, komu byla slu\u017eba poskytnuta.&nbsp;<\/p>\n\n\n\n<p class=\"has-text-color has-blue-color\">Odm\u011bna, kter\u00e1 nem\u00e1 stanovenou p\u0159esnou v\u00fd\u0161i je&nbsp;ze z\u00e1kona&nbsp;pova\u017eov\u00e1na za dar.&nbsp;Problematiku dar\u016f \u0159e\u0161\u00ed&nbsp;z\u00e1kon \u010d. 586\/1992 Sb. o dan\u00edch z p\u0159\u00edjm\u016f, kter\u00fd pova\u017euje ve\u0161ker\u00e9 obdr\u017een\u00e9 dary za p\u0159\u00edjmy a ukl\u00e1d\u00e1 povinnost je danit.<\/p>\n\n\n\n<p class=\"has-text-color has-blue-color\">Sv\u016fj dar vkl\u00e1d\u00e1te p\u0159i setk\u00e1n\u00ed do truhli\u010dky k tomu ur\u010den\u00e9.<\/p>\n\n\n\n<p>Bli\u017e\u0161\u00ed informace obdr\u017e\u00ed z\u00e1jemce v&nbsp;informa\u010dn\u00edm emailu, kter\u00fd mu bude po p\u0159ihl\u00e1\u0161en\u00ed se na setk\u00e1n\u00ed zasl\u00e1n.<\/p>\n\n\n\n<p>Jestli\u017ee se setk\u00e1n\u00ed kon\u00e1\nv&nbsp;m\u00edst\u011b vybran\u00e9m skupinou z\u00e1jemc\u016f (hrad\u00ed tito n\u00e1klady na cestu ve v\u00fd\u0161i\n5K\u010d\/km). P\u0159i del\u0161\u00edch vzd\u00e1lenostech (cesta del\u0161\u00ed ne\u017e jednu hodinu) je pot\u0159eba\npo\u010d\u00edtat s \u00fahradu \u010dasu str\u00e1ven\u00e9ho na cest\u011b.<\/p>\n\n\n\n<p class=\"has-text-color has-blue-color\">&nbsp;<strong>P\u0158IHL\u00c1\u0160EN\u00cd<\/strong><\/p>\n\n\n\n<p>Nahl\u00e1sit se m\u016f\u017eete i bez aktu\u00e1ln\u011b vypsan\u00e9ho term\u00ednu (akce se vypisuj\u00ed\npodle po\u010dtu z\u00e1jemc\u016f, tak\u017ee nev\u00e1hejte napsat). <\/p>\n\n\n\n<p><strong>Pokud m\u00e1te z\u00e1jem o \u00fa\u010dast na p\u0159edem vypsan\u00e9m term\u00ednu<\/strong>, je pot\u0159eba se p\u0159ihl\u00e1sit minim\u00e1ln\u011b t\u00fdden akc\u00ed na email:&nbsp;<a href=\"mailto:astragal@email.cz\">astragal@email.cz<\/a>. <\/p>\n\n\n\n<p>Do p\u0159edm\u011btu emailu pros\u00edm napi\u0161te n\u00e1zev a datum akce, nap\u0159. \u201eVztahy \u2013 21. 11. 2020\u201c. Do zpr\u00e1vy nezapome\u0148te pros\u00edm uv\u00e9st Va\u0161e jm\u00e9no a kontakt na V\u00e1s. D\u011bkujeme.<\/p>\n\n\n\n<p><strong>Pokud se p\u0159ihla\u0161ujete m\u00e9n\u011b ne\u017e 5 dn\u00ed p\u0159ed pl\u00e1novanou akc\u00ed<\/strong>, kontaktujte n\u00e1s pros\u00edm formou SMS na telefonu: +420 603 784 154  &#8211; na emailu neb\u00fdv\u00e1me pravideln\u011b, d\u011bkujeme.<\/p>\n\n\n\n<p>Do zpr\u00e1vy pros\u00edm napi\u0161te n\u00e1zev a datum akce, nap\u0159. \u201eVztahy \u2013 21. 11. 2020\u201c, Va\u0161e jm\u00e9no a kontakt na V\u00e1s. D\u011bkujeme.<\/p>\n","protected":false},"excerpt":{"rendered":"<p>Setk\u00e1n\u00ed jsou v\u017edy tematicky zam\u011b\u0159en\u00e1. Soust\u0159ed\u00edme se na nich na n\u011bjak\u00fd ur\u010dit\u00fd okruh probl\u00e9m\u016f nebo blok\u016f a v\u011bnujeme se jeho uzdraven\u00ed formou pr\u00e1ce s&nbsp;univerz\u00e1ln\u00ed energi\u00ed a na\u0161\u00ed schopnost\u00ed se sebe uzdravit. T\u011b\u0161it se m\u016f\u017eete nap\u0159\u00edklad na t\u00e9mata: &#8211;&nbsp;Vztahy (zde se soust\u0159ed\u00edme na vylad\u011bn\u00ed nebo uzdraven\u00ed t\u011bch Va\u0161ich vztah\u016f, kter\u00e9 jsou aktu\u00e1ln\u011b naru\u0161en\u00e9 \u010di v&nbsp;nerovnov\u00e1ze) &nbsp;&#8211;&nbsp;Pr\u00e1ce [&hellip;]<\/p>\n","protected":false},"author":1,"featured_media":0,"parent":0,"menu_order":0,"comment_status":"closed","ping_status":"closed","template":"","meta":{"_mc_calendar":[],"footnotes":""},"class_list":["post-1001","page","type-page","status-publish","hentry"],"_links":{"self":[{"href":"https:\/\/astragal.cz\/index.php\/wp-json\/wp\/v2\/pages\/1001","targetHints":{"allow":["GET"]}}],"collection":[{"href":"https:\/\/astragal.cz\/index.php\/wp-json\/wp\/v2\/pages"}],"about":[{"href":"https:\/\/astragal.cz\/index.php\/wp-json\/wp\/v2\/types\/page"}],"author":[{"embeddable":true,"href":"https:\/\/astragal.cz\/index.php\/wp-json\/wp\/v2\/users\/1"}],"replies":[{"embeddable":true,"href":"https:\/\/astragal.cz\/index.php\/wp-json\/wp\/v2\/comments?post=1001"}],"version-history":[{"count":15,"href":"https:\/\/astragal.cz\/index.php\/wp-json\/wp\/v2\/pages\/1001\/revisions"}],"predecessor-version":[{"id":2902,"href":"https:\/\/astragal.cz\/index.php\/wp-json\/wp\/v2\/pages\/1001\/revisions\/2902"}],"wp:attachment":[{"href":"https:\/\/astragal.cz\/index.php\/wp-json\/wp\/v2\/media?parent=1001"}],"curies":[{"name":"wp","href":"https:\/\/api.w.org\/{rel}","templated":true}]}}