{"id":10460,"date":"2025-03-25T06:03:10","date_gmt":"2025-03-25T05:03:10","guid":{"rendered":"https:\/\/astragal.cz\/?page_id=10460"},"modified":"2026-04-24T04:59:19","modified_gmt":"2026-04-24T03:59:19","slug":"prehled-akci","status":"publish","type":"page","link":"https:\/\/astragal.cz\/index.php\/prehled-akci\/","title":{"rendered":"P\u0159ehled akc\u00ed"},"content":{"rendered":"<div class=\"wp-block-image\">\n<figure class=\"aligncenter size-large is-resized\"><img loading=\"lazy\" decoding=\"async\" width=\"682\" height=\"1024\" src=\"https:\/\/astragal.cz\/wp-content\/uploads\/2026\/02\/hands-9345235_1280-682x1024.jpg\" alt=\"\" class=\"wp-image-11465\" style=\"width:239px;height:auto\" srcset=\"https:\/\/astragal.cz\/wp-content\/uploads\/2026\/02\/hands-9345235_1280-682x1024.jpg 682w, https:\/\/astragal.cz\/wp-content\/uploads\/2026\/02\/hands-9345235_1280-200x300.jpg 200w, https:\/\/astragal.cz\/wp-content\/uploads\/2026\/02\/hands-9345235_1280-768x1152.jpg 768w, https:\/\/astragal.cz\/wp-content\/uploads\/2026\/02\/hands-9345235_1280.jpg 853w\" sizes=\"auto, (max-width: 682px) 100vw, 682px\" \/><\/figure><\/div>\n\n\n<p><\/p>\n\n\n\n<p class=\"has-text-align-center has-blue-color has-text-color has-link-color has-medium-font-size wp-elements-a721a036118d2b21f5f7eec0e73586a4\"><strong>ROK<\/strong>  <strong>2026<\/strong><\/p>\n\n\n\n<p class=\"has-blue-color has-text-color has-link-color wp-elements-6067662f7fab0b8a8fd6acbc3ca57542\"><strong>\u010cERVEN 20. 6.<\/strong><\/p>\n\n\n\n<p class=\"has-blue-color has-text-color has-link-color wp-elements-922b2a8ac0e2fe1a9a517a08176d627d\"><a href=\"https:\/\/astragal.cz\/index.php\/den-s-lecitelem-martinou-astragal-5\/\"><strong>Den s l\u00e9\u010ditelem Martinou Astragal<\/strong> &#8211; pro st\u00e1vaj\u00edc\u00ed klienty <\/a>(PLN\u011a OBSAZEN)<\/p>\n\n\n\n<p class=\"has-blue-color has-text-color has-link-color wp-elements-e40f57fa2b72c6419b403daeb98b3b0f\"><strong>\u010cERVENEC 4. 7.<\/strong><\/p>\n\n\n\n<p class=\"has-blue-color has-text-color has-link-color wp-elements-30fbb3759e75cbcda8474ac9085b28bd\"><a href=\"https:\/\/astragal.cz\/index.php\/den-s-lecitelem-martinou-astragal-2\/\"><strong>Den s l\u00e9\u010ditelem Martinou Astragal<\/strong> &#8211; pro nov\u00e9 a st\u00e1vaj\u00edc\u00ed klienty <\/a> (PLN\u011a OBSAZEN)<\/p>\n\n\n\n<p class=\"has-blue-color has-text-color has-link-color wp-elements-3edccc9ed552a621cbd4bc0ab1e01840\"><strong>Z\u00c1\u0158\u00cd 12. 9. <\/strong><\/p>\n\n\n\n<p class=\"has-blue-color has-text-color has-link-color wp-elements-b9b75f22181aa19b8af51ed1befe1299\"><a href=\"https:\/\/astragal.cz\/index.php\/svetelne-setkani-uzdravujici-dusi-a-telo-2\/\"><strong>Sv\u011bteln\u00e9 setk\u00e1n\u00ed uzdravuj\u00edc\u00ed du\u0161i a t\u011blo<\/strong> &#8211; posledn\u00ed akce v roce 2026 <\/a>(dal\u0161\u00ed a\u017e v roce 2027)<\/p>\n\n\n\n<p class=\"has-blue-color has-text-color has-link-color wp-elements-45573d355b1c38f3413d33c91caeff0d\"><strong>\u0158\u00cdJEN 10. 10.<\/strong><\/p>\n\n\n\n<p class=\"has-blue-color has-text-color has-link-color wp-elements-cf1dea511a8eeb5c96ff84ac9c71d006\"><a href=\"https:\/\/astragal.cz\/index.php\/den-s-lecitelem-martinou-astragal-6\/\"><strong>Den s l\u00e9\u010ditelem Martinou Astragal<\/strong> &#8211; pro nov\u00e9 klienty<\/a><\/p>\n\n\n\n<p class=\"has-blue-color has-text-color has-link-color wp-elements-08b78d585efd5c244defacf9bb0cff48\"><strong>LISTOPAD 7. 11.<\/strong><\/p>\n\n\n\n<p class=\"has-blue-color has-text-color has-link-color wp-elements-8b71579ef5bf962367dd6a6e6c1636ba\"><a href=\"https:\/\/astragal.cz\/index.php\/den-s-lecitelem-martinou-astragal-3\/\"><strong>Den s l\u00e9\u010ditelem Martinou Astragal<\/strong> &#8211; pro st\u00e1vaj\u00edc\u00ed klienty<\/a><\/p>\n\n\n\n<p><\/p>\n\n\n\n<p class=\"has-text-align-center has-blue-color has-text-color has-link-color has-medium-font-size wp-elements-7d004d7a25b8324e70921838368a484f\"><strong>ROK  2027<\/strong><\/p>\n\n\n\n<p class=\"has-blue-color has-text-color has-link-color wp-elements-b14300d45a5cbd24084b4ec5ee13ad0a\"><strong>B\u0158EZEN 20. 3.<\/strong><\/p>\n\n\n\n<p class=\"has-blue-color has-text-color has-link-color wp-elements-477fb358d0574beb4bddeddb6fe0163f\"><a href=\"https:\/\/astragal.cz\/index.php\/den-s-lecitelem-martinou-astragal-brezen-2027\/\"><strong>Den s l\u00e9\u010ditelem Martinou Astragal<\/strong> &#8211; pro nov\u00e9 klienty<\/a><\/p>\n\n\n\n<p class=\"has-blue-color has-text-color has-link-color wp-elements-24d65c8962057951f04c9d032e2ce4ad\"><strong>KV\u011aTEN 22. 5.<\/strong><\/p>\n\n\n\n<p class=\"has-blue-color has-text-color has-link-color wp-elements-c4154454fdecf949b06f3aab370e8318\"><strong><a href=\"https:\/\/astragal.cz\/index.php\/svetelne-setkani-uzdravujici-dusi-a-telo-kveten-2027\/\">Sv\u011bteln\u00e9 setk\u00e1n\u00ed uzdravuj\u00edc\u00ed du\u0161i a t\u011blo<\/a><\/strong><\/p>\n\n\n\n<p class=\"has-blue-color has-text-color has-link-color wp-elements-9b751dbe88dba7bb94db797e199decf8\"><strong>\u010cERVEN 26. 6.<\/strong><\/p>\n\n\n\n<p class=\"has-blue-color has-text-color has-link-color wp-elements-7523db17c6701adee9de71f99d50e985\"><a href=\"https:\/\/astragal.cz\/index.php\/den-s-lecitelem-martinou-astragal-cerven-2027\/\"><strong>Den s l\u00e9\u010ditelem Martinou Astragal <\/strong>&#8211; pro st\u00e1vaj\u00edc\u00ed klienty<\/a><\/p>\n\n\n\n<p class=\"has-blue-color has-text-color has-link-color wp-elements-0ca27fbd3531a4ab654c135f31fd8ddd\"><strong>Z\u00c1\u0158\u00cd 11. 9.<\/strong><\/p>\n\n\n\n<p class=\"has-blue-color has-text-color has-link-color wp-elements-e910887ba3dbcbe9602b33780840208d\"><strong><a href=\"https:\/\/astragal.cz\/index.php\/svetelne-setkani-uzdravujici-dusi-a-telo-zari-2027\/\">Sv\u011bteln\u00e9 setk\u00e1n\u00ed uzdravuj\u00edc\u00ed du\u0161i a t\u011blo<\/a><\/strong><\/p>\n\n\n\n<p class=\"has-blue-color has-text-color has-link-color wp-elements-08b78d585efd5c244defacf9bb0cff48\"><strong>LISTOPAD 7. 11.<\/strong><\/p>\n\n\n\n<p class=\"has-blue-color has-text-color has-link-color wp-elements-81b5228d29a4a6711133f69774452389\"><a href=\"https:\/\/astragal.cz\/index.php\/den-s-lecitelem-martinou-astragal-listopad_2027\/\"><strong>Den s l\u00e9\u010ditelem Martinou Astragal<\/strong> &#8211; pro nov\u00e9 a st\u00e1vaj\u00edc\u00ed klienty<\/a><\/p>\n","protected":false},"excerpt":{"rendered":"<p>ROK 2026 \u010cERVEN 20. 6. Den s l\u00e9\u010ditelem Martinou Astragal &#8211; pro st\u00e1vaj\u00edc\u00ed klienty (PLN\u011a OBSAZEN) \u010cERVENEC 4. 7. Den s l\u00e9\u010ditelem Martinou Astragal &#8211; pro nov\u00e9 a st\u00e1vaj\u00edc\u00ed klienty (PLN\u011a OBSAZEN) Z\u00c1\u0158\u00cd 12. 9. Sv\u011bteln\u00e9 setk\u00e1n\u00ed uzdravuj\u00edc\u00ed du\u0161i a t\u011blo &#8211; posledn\u00ed akce v roce 2026 (dal\u0161\u00ed a\u017e v roce 2027) \u0158\u00cdJEN 10. 10. [&hellip;]<\/p>\n","protected":false},"author":1,"featured_media":0,"parent":0,"menu_order":0,"comment_status":"closed","ping_status":"closed","template":"","meta":{"_mc_calendar":[],"footnotes":""},"class_list":["post-10460","page","type-page","status-publish","hentry"],"_links":{"self":[{"href":"https:\/\/astragal.cz\/index.php\/wp-json\/wp\/v2\/pages\/10460","targetHints":{"allow":["GET"]}}],"collection":[{"href":"https:\/\/astragal.cz\/index.php\/wp-json\/wp\/v2\/pages"}],"about":[{"href":"https:\/\/astragal.cz\/index.php\/wp-json\/wp\/v2\/types\/page"}],"author":[{"embeddable":true,"href":"https:\/\/astragal.cz\/index.php\/wp-json\/wp\/v2\/users\/1"}],"replies":[{"embeddable":true,"href":"https:\/\/astragal.cz\/index.php\/wp-json\/wp\/v2\/comments?post=10460"}],"version-history":[{"count":131,"href":"https:\/\/astragal.cz\/index.php\/wp-json\/wp\/v2\/pages\/10460\/revisions"}],"predecessor-version":[{"id":11573,"href":"https:\/\/astragal.cz\/index.php\/wp-json\/wp\/v2\/pages\/10460\/revisions\/11573"}],"wp:attachment":[{"href":"https:\/\/astragal.cz\/index.php\/wp-json\/wp\/v2\/media?parent=10460"}],"curies":[{"name":"wp","href":"https:\/\/api.w.org\/{rel}","templated":true}]}}