{"id":10463,"date":"2025-03-25T06:06:18","date_gmt":"2025-03-25T05:06:18","guid":{"rendered":"https:\/\/astragal.cz\/?page_id=10463"},"modified":"2025-08-03T18:57:46","modified_gmt":"2025-08-03T17:57:46","slug":"o-vztazich-a-jejich-uzdraveni-cast-2","status":"publish","type":"page","link":"https:\/\/astragal.cz\/index.php\/o-vztazich-a-jejich-uzdraveni-cast-2\/","title":{"rendered":"O vztaz\u00edch a jejich uzdraven\u00ed, \u010d\u00e1st 2"},"content":{"rendered":"\n<p class=\"has-text-align-center has-medium-font-size\"><strong> 14. 3. od\u00a0<strong>10:30 do 16:30<\/strong><\/strong>\u00a0<strong>hodin<\/strong><\/p>\n\n\n\n<figure class=\"wp-block-image size-large is-style-rounded\"><img loading=\"lazy\" decoding=\"async\" width=\"1024\" height=\"673\" src=\"https:\/\/astragal.cz\/wp-content\/uploads\/2025\/04\/main-1024x673.jpg\" alt=\"\" class=\"wp-image-10490\" srcset=\"https:\/\/astragal.cz\/wp-content\/uploads\/2025\/04\/main-1024x673.jpg 1024w, https:\/\/astragal.cz\/wp-content\/uploads\/2025\/04\/main-300x197.jpg 300w, https:\/\/astragal.cz\/wp-content\/uploads\/2025\/04\/main-768x505.jpg 768w, https:\/\/astragal.cz\/wp-content\/uploads\/2025\/04\/main.jpg 1400w\" sizes=\"auto, (max-width: 1024px) 100vw, 1024px\" \/><\/figure>\n\n\n\n<p><\/p>\n\n\n\n<p>Z\u00e1\u017eitkov\u00fd semin\u00e1\u0159 bude orientov\u00e1n \u010d\u00e1ste\u010dn\u011b teoreticky (v podstat\u011b si \u0159ekneme jen to nutn\u00e9 nebo zlomov\u00e9 \u010di z\u00e1sadn\u00ed k t\u00e9matu), ale jeho hlavn\u00ed \u010d\u00e1st bude sm\u011b\u0159ovat k praktick\u00e9 str\u00e1nce. <\/p>\n\n\n\n<p>C\u00edlem je, um\u011bt se vyznat ve vztahu k sob\u011b nebo v na\u0161ich jin\u00fdch z\u00e1sadn\u00edch vztaz\u00edch, nau\u010dit se tvo\u0159it harmonick\u00e9 pole a p\u0159itom zachovat svoji integritu. Sou\u010dasn\u011b se budeme u\u010dit jak postupovat v p\u0159\u00edpad\u011b toxick\u00fdch vazeb. <\/p>\n\n\n\n<p>Semin\u00e1\u0159 mohou bez probl\u00e9mu nav\u0161t\u00edvit i ti, kte\u0159\u00ed neabsolvovali \u010d\u00e1st 1.<\/p>\n\n\n\n<p><strong>D\u00e9lka setk\u00e1n\u00ed je 6 hodin. Po\u010det \u00fa\u010dastn\u00edk\u016f je minim\u00e1ln\u011b 14 a maxim\u00e1ln\u011b 20. Cena setk\u00e1n\u00ed je 1500 K\u010d (pro \u00fa\u010dastn\u00edky z jedn\u00e9 rodiny poskytujeme slevu 30% na druh\u00e9ho a ka\u017ed\u00e9ho dal\u0161\u00edho \u010dlena rodiny).<\/strong>&nbsp;<\/p>\n\n\n\n<p><strong>M\u00edsto kon\u00e1n\u00ed akce:<\/strong> Zderaz 119, Prose\u010d u Skut\u010de,&nbsp;539 44<\/p>\n\n\n\n<p>Mo\u017enost ob\u011bda zaji\u0161t\u011bna na m\u00edst\u011b. V p\u0159\u00edpad\u011b z\u00e1jmu p\u0159ipojte tuto informaci do va\u0161eho emailu. M\u00edsto, na kter\u00e9m je k p\u0159edn\u00e1\u0161ka kon\u00e1na, bohu\u017eel nen\u00ed uzp\u016fsobeno na \u00fa\u010dast s d\u011btmi :-(. D\u011bkujeme za pochopen\u00ed.<\/p>\n\n\n\n<p><\/p>\n\n\n\n<p>PO\u010cET M\u00cdST JE OMEZEN, PROTO V P\u0158\u00cdPAD\u011a Z\u00c1JMU NEV\u00c1HEJTE S P\u0158IHL\u00c1\u0160EN\u00cdM SE DO 20.2. 2026.<\/p>\n\n\n\n<p>T\u011b\u0161\u00edme se na v\u00e1s, Martina a t\u00fdm Astragal<\/p>\n\n\n\n<p><strong>P\u0159ihl\u00e1sit se na akci m\u016f\u017eete n\u00ed\u017ee prost\u0159ednictv\u00edm formul\u00e1\u0159e nebo na emailu: astragal@email.cz<\/strong>.<\/p>\n\n\n\n<p><\/p>\n\n\n\n<p><strong>P\u0158IHL\u00c1\u0160KOV\u00dd FORMUL\u00c1\u0158 NA AKCI:<\/strong><\/p>\n\n\n\n<div class=\"wpforms-container wpforms-container-full\" id=\"wpforms-9405\"><form id=\"wpforms-form-9405\" class=\"wpforms-validate wpforms-form wpforms-ajax-form\" data-formid=\"9405\" method=\"post\" enctype=\"multipart\/form-data\" action=\"\/index.php\/wp-json\/wp\/v2\/pages\/10463\" data-token=\"310f65690caaea26730abb676fa9fc1e\" data-token-time=\"1777799410\"><noscript class=\"wpforms-error-noscript\">Chcete-li vyplnit tento formul\u00e1\u0159, pros\u00edm povolte v prohl\u00ed\u017ee\u010di JavaScript.<\/noscript><div class=\"wpforms-field-container\"><div id=\"wpforms-9405-field_10-container\" class=\"wpforms-field wpforms-field-text\" data-field-id=\"10\"><label class=\"wpforms-field-label\" for=\"wpforms-9405-field_10\">N\u00e1zev akce - Sv\u011bteln\u00e9 setk\u00e1n\u00ed  <span class=\"wpforms-required-label\">*<\/span><\/label><input type=\"text\" id=\"wpforms-9405-field_10\" class=\"wpforms-field-medium wpforms-field-required\" name=\"wpforms[fields][10]\" required><\/div><div id=\"wpforms-9405-field_0-container\" class=\"wpforms-field wpforms-field-name\" data-field-id=\"0\"><label class=\"wpforms-field-label\">Jm\u00e9no <span class=\"wpforms-required-label\">*<\/span><\/label><div class=\"wpforms-field-row wpforms-field-medium\"><div class=\"wpforms-field-row-block wpforms-first wpforms-one-half\"><input type=\"text\" id=\"wpforms-9405-field_0\" class=\"wpforms-field-name-first wpforms-field-required\" name=\"wpforms[fields][0][first]\" required><label for=\"wpforms-9405-field_0\" class=\"wpforms-field-sublabel after\">K\u0159estn\u00ed jm\u00e9no<\/label><\/div><div class=\"wpforms-field-row-block wpforms-one-half\"><input type=\"text\" id=\"wpforms-9405-field_0-last\" class=\"wpforms-field-name-last wpforms-field-required\" name=\"wpforms[fields][0][last]\" required><label for=\"wpforms-9405-field_0-last\" class=\"wpforms-field-sublabel after\">P\u0159\u00edjmen\u00ed<\/label><\/div><\/div><\/div><div id=\"wpforms-9405-field_1-container\" class=\"wpforms-field wpforms-field-email\" data-field-id=\"1\"><label class=\"wpforms-field-label\" for=\"wpforms-9405-field_1\">E-mail <span class=\"wpforms-required-label\">*<\/span><\/label><input type=\"email\" id=\"wpforms-9405-field_1\" class=\"wpforms-field-medium wpforms-field-required\" name=\"wpforms[fields][1]\" spellcheck=\"false\" required><\/div><div id=\"wpforms-9405-field_2-container\" class=\"wpforms-field wpforms-field-textarea\" data-field-id=\"2\"><label class=\"wpforms-field-label\" for=\"wpforms-9405-field_2\">Koment\u00e1\u0159 nebo zpr\u00e1va<\/label><textarea id=\"wpforms-9405-field_2\" class=\"wpforms-field-medium\" name=\"wpforms[fields][2]\" ><\/textarea><\/div><div id=\"wpforms-9405-field_6-container\" class=\"wpforms-field wpforms-field-select wpforms-field-select-style-classic\" data-field-id=\"6\"><label class=\"wpforms-field-label wpforms-label-hide\" for=\"wpforms-9405-field_6\">Nahl\u00e1\u0161en\u00ed ob\u011bda <span class=\"wpforms-required-label\">*<\/span><\/label><select id=\"wpforms-9405-field_6\" class=\"wpforms-field-medium wpforms-field-required\" name=\"wpforms[fields][6]\" required=\"required\"><option value=\"M\u00e1m z\u00e1jem o nahl\u00e1\u0161en\u00ed ob\u011bda\"  class=\"choice-1 depth-1\"  >M\u00e1m z\u00e1jem o nahl\u00e1\u0161en\u00ed ob\u011bda<\/option><option value=\"Nem\u00e1m z\u00e1jem o ob\u011bd\"  class=\"choice-2 depth-1\"  >Nem\u00e1m z\u00e1jem o ob\u011bd<\/option><\/select><\/div><div id=\"wpforms-9405-field_4-container\" class=\"wpforms-field wpforms-field-checkbox\" data-field-id=\"4\"><label class=\"wpforms-field-label wpforms-label-hide\">Souhlas se zpracov\u00e1n\u00edm osobn\u00edch \u00fadaj\u016f <span class=\"wpforms-required-label\">*<\/span><\/label><ul id=\"wpforms-9405-field_4\" class=\"wpforms-field-required\"><li class=\"choice-1 depth-1\"><input type=\"checkbox\" id=\"wpforms-9405-field_4_1\" name=\"wpforms[fields][4][]\" value=\"Souhlas\u00edm se zpracov\u00e1n\u00edm osobn\u00edch \u00fadaj\u016f v souladu s GDPR\" required ><label class=\"wpforms-field-label-inline\" for=\"wpforms-9405-field_4_1\">Souhlas\u00edm se zpracov\u00e1n\u00edm osobn\u00edch \u00fadaj\u016f v souladu s GDPR<\/label><\/li><\/ul><\/div><\/div><!-- .wpforms-field-container --><div class=\"wpforms-submit-container\" ><input type=\"hidden\" name=\"wpforms[id]\" value=\"9405\"><input type=\"hidden\" name=\"page_title\" value=\"\"><input type=\"hidden\" name=\"page_url\" value=\"https:\/\/astragal.cz\/index.php\/wp-json\/wp\/v2\/pages\/10463\"><input type=\"hidden\" name=\"url_referer\" value=\"\"><button type=\"submit\" name=\"wpforms[submit]\" id=\"wpforms-submit-9405\" class=\"wpforms-submit\" data-alt-text=\"Odes\u00edl\u00e1ni...\" data-submit-text=\"Odeslat\" aria-live=\"assertive\" value=\"wpforms-submit\">Odeslat<\/button><img loading=\"lazy\" decoding=\"async\" src=\"https:\/\/astragal.cz\/wp-content\/plugins\/wpforms-lite\/assets\/images\/submit-spin.svg\" class=\"wpforms-submit-spinner\" style=\"display: none;\" width=\"26\" height=\"26\" alt=\"Na\u010d\u00edt\u00e1n\u00ed\"><\/div><\/form><\/div>  <!-- .wpforms-container -->\n\n\n\n<p class=\"has-red-color has-text-color\">Pokud v\u00e1m od n\u00e1s nep\u0159ijde odpov\u011b\u010f do 5 dn\u00ed, znamen\u00e1 to, \u017ee p\u0159ihl\u00e1\u0161kov\u00fd formul\u00e1\u0159 k n\u00e1m z d\u016fvodu chyby syst\u00e9mu v\u016fbec nedorazil a o va\u0161\u00ed zpr\u00e1v\u011b bohu\u017eel nev\u00edme:-(.<\/p>\n\n\n\n<p class=\"has-red-color has-text-color\">V tom p\u0159\u00edpad\u011b pros\u00edme, napi\u0161te sms na toto \u010d\u00edslo: +420 603 784 154 a my se v\u00e1m co nejd\u0159\u00edve ozveme. D\u011bkujeme.<\/p>\n\n\n\n<p><\/p>\n","protected":false},"excerpt":{"rendered":"<p>14. 3. od\u00a010:30 do 16:30\u00a0hodin Z\u00e1\u017eitkov\u00fd semin\u00e1\u0159 bude orientov\u00e1n \u010d\u00e1ste\u010dn\u011b teoreticky (v podstat\u011b si \u0159ekneme jen to nutn\u00e9 nebo zlomov\u00e9 \u010di z\u00e1sadn\u00ed k t\u00e9matu), ale jeho hlavn\u00ed \u010d\u00e1st bude sm\u011b\u0159ovat k praktick\u00e9 str\u00e1nce. C\u00edlem je, um\u011bt se vyznat ve vztahu k sob\u011b nebo v na\u0161ich jin\u00fdch z\u00e1sadn\u00edch vztaz\u00edch, nau\u010dit se tvo\u0159it harmonick\u00e9 pole a p\u0159itom [&hellip;]<\/p>\n","protected":false},"author":1,"featured_media":0,"parent":0,"menu_order":0,"comment_status":"closed","ping_status":"closed","template":"","meta":{"_mc_calendar":[],"footnotes":""},"class_list":["post-10463","page","type-page","status-publish","hentry"],"_links":{"self":[{"href":"https:\/\/astragal.cz\/index.php\/wp-json\/wp\/v2\/pages\/10463","targetHints":{"allow":["GET"]}}],"collection":[{"href":"https:\/\/astragal.cz\/index.php\/wp-json\/wp\/v2\/pages"}],"about":[{"href":"https:\/\/astragal.cz\/index.php\/wp-json\/wp\/v2\/types\/page"}],"author":[{"embeddable":true,"href":"https:\/\/astragal.cz\/index.php\/wp-json\/wp\/v2\/users\/1"}],"replies":[{"embeddable":true,"href":"https:\/\/astragal.cz\/index.php\/wp-json\/wp\/v2\/comments?post=10463"}],"version-history":[{"count":8,"href":"https:\/\/astragal.cz\/index.php\/wp-json\/wp\/v2\/pages\/10463\/revisions"}],"predecessor-version":[{"id":10620,"href":"https:\/\/astragal.cz\/index.php\/wp-json\/wp\/v2\/pages\/10463\/revisions\/10620"}],"wp:attachment":[{"href":"https:\/\/astragal.cz\/index.php\/wp-json\/wp\/v2\/media?parent=10463"}],"curies":[{"name":"wp","href":"https:\/\/api.w.org\/{rel}","templated":true}]}}