{"id":11335,"date":"2025-12-27T15:44:26","date_gmt":"2025-12-27T14:44:26","guid":{"rendered":"https:\/\/astragal.cz\/?page_id=11335"},"modified":"2025-12-27T15:46:31","modified_gmt":"2025-12-27T14:46:31","slug":"proroctvi-panny-marie-pro-zachranu-sveta","status":"publish","type":"page","link":"https:\/\/astragal.cz\/index.php\/proroctvi-panny-marie-pro-zachranu-sveta\/","title":{"rendered":"Proroctv\u00ed Panny Marie pro z\u00e1chranu sv\u011bta"},"content":{"rendered":"\n<figure class=\"wp-block-embed is-type-video is-provider-youtube wp-block-embed-youtube wp-embed-aspect-16-9 wp-has-aspect-ratio\"><div class=\"wp-block-embed__wrapper\">\n<iframe loading=\"lazy\" title=\"Proroctv\u00ed pro z\u00e1chranu sv\u011btla \u2013 Panna Maria op\u011bt promlouv\u00e1\" width=\"760\" height=\"428\" src=\"https:\/\/www.youtube.com\/embed\/ldJVDXiOU0Q?feature=oembed\" frameborder=\"0\" allow=\"accelerometer; autoplay; clipboard-write; encrypted-media; gyroscope; picture-in-picture; web-share\" referrerpolicy=\"strict-origin-when-cross-origin\" allowfullscreen><\/iframe>\n<\/div><\/figure>\n","protected":false},"excerpt":{"rendered":"","protected":false},"author":1,"featured_media":0,"parent":0,"menu_order":0,"comment_status":"closed","ping_status":"closed","template":"","meta":{"_mc_calendar":[],"footnotes":""},"class_list":["post-11335","page","type-page","status-publish","hentry"],"_links":{"self":[{"href":"https:\/\/astragal.cz\/index.php\/wp-json\/wp\/v2\/pages\/11335","targetHints":{"allow":["GET"]}}],"collection":[{"href":"https:\/\/astragal.cz\/index.php\/wp-json\/wp\/v2\/pages"}],"about":[{"href":"https:\/\/astragal.cz\/index.php\/wp-json\/wp\/v2\/types\/page"}],"author":[{"embeddable":true,"href":"https:\/\/astragal.cz\/index.php\/wp-json\/wp\/v2\/users\/1"}],"replies":[{"embeddable":true,"href":"https:\/\/astragal.cz\/index.php\/wp-json\/wp\/v2\/comments?post=11335"}],"version-history":[{"count":2,"href":"https:\/\/astragal.cz\/index.php\/wp-json\/wp\/v2\/pages\/11335\/revisions"}],"predecessor-version":[{"id":11338,"href":"https:\/\/astragal.cz\/index.php\/wp-json\/wp\/v2\/pages\/11335\/revisions\/11338"}],"wp:attachment":[{"href":"https:\/\/astragal.cz\/index.php\/wp-json\/wp\/v2\/media?parent=11335"}],"curies":[{"name":"wp","href":"https:\/\/api.w.org\/{rel}","templated":true}]}}