{"id":11351,"date":"2026-01-04T20:33:42","date_gmt":"2026-01-04T19:33:42","guid":{"rendered":"https:\/\/astragal.cz\/?page_id=11351"},"modified":"2026-01-04T21:17:02","modified_gmt":"2026-01-04T20:17:02","slug":"duchovni-pruvodce-pro-vasi-cestu","status":"publish","type":"page","link":"https:\/\/astragal.cz\/index.php\/duchovni-pruvodce-pro-vasi-cestu\/","title":{"rendered":"Duchovn\u00ed pr\u016fvodce pro va\u0161i cestu"},"content":{"rendered":"\n<p class=\"has-blue-color has-text-color has-link-color has-medium-font-size wp-elements-e6a2fd9bd03b0d1111a9116e2a51b8eb\"><strong>Aktu\u00e1ln\u00ed p\u0159\u00edsp\u011bvky naleznete na m\u00e9m kan\u00e1le YouTube:<\/strong> <a href=\"https:\/\/www.youtube.com\/@AstragalMartina\">https:\/\/www.youtube.com\/@AstragalMartina<\/a>. Nezapome\u0148te d\u00e1t odb\u011br, a\u0165 V\u00e1m \u017e\u00e1dn\u00e9 dal\u0161\u00ed neute\u010dou :-). <\/p>\n\n\n\n<p class=\"has-blue-color has-text-color has-link-color has-medium-font-size wp-elements-b2d54ca759e0cf36788c6094eb292ad3\">Zde je n\u011bkolik uk\u00e1zek toho, co na v\u00e1s na YouTube kan\u00e1lu \u010dek\u00e1:<\/p>\n\n\n\n<p class=\"has-text-align-center has-blue-color has-text-color has-link-color has-medium-font-size wp-elements-90d5fabe1704ee079887cc11ef2dc7c2\"><strong>Jak se dostat z kruhu samoty a \u0161patn\u00fdch vztah\u016f<\/strong><\/p>\n\n\n\n<figure class=\"wp-block-embed is-type-video is-provider-youtube wp-block-embed-youtube wp-embed-aspect-16-9 wp-has-aspect-ratio\"><div class=\"wp-block-embed__wrapper\">\n<iframe loading=\"lazy\" title=\"Jak se dostat z kruhu samoty a \u0161patn\u00fdch vztah\u016f\" width=\"760\" height=\"428\" src=\"https:\/\/www.youtube.com\/embed\/qkZKKT0TArg?list=PL9fXNd3iqH5nVldBIBCbm5HfeL6IqF0sj\" frameborder=\"0\" allow=\"accelerometer; autoplay; clipboard-write; encrypted-media; gyroscope; picture-in-picture; web-share\" referrerpolicy=\"strict-origin-when-cross-origin\" allowfullscreen><\/iframe>\n<\/div><\/figure>\n\n\n\n<hr noshade=\"\" color=\"black\" align=\"center\">\n\n\n\n<p class=\"has-text-align-center has-blue-color has-text-color has-link-color has-medium-font-size wp-elements-cbd60ae5473b7e88c928600010d18fd7\"><strong>P\u0159edpov\u011b\u010f na rok 2026 &#8211; V\u00fdvoj du\u0161e<\/strong><\/p>\n\n\n\n<figure class=\"wp-block-embed is-type-video is-provider-youtube wp-block-embed-youtube wp-embed-aspect-16-9 wp-has-aspect-ratio\"><div class=\"wp-block-embed__wrapper\">\n<iframe loading=\"lazy\" title=\"P\u0159edpov\u011b\u010f na rok 2026 - V\u00fdvoj du\u0161e\" width=\"760\" height=\"428\" src=\"https:\/\/www.youtube.com\/embed\/hwzIojbcp0I?list=PL9fXNd3iqH5nVldBIBCbm5HfeL6IqF0sj\" frameborder=\"0\" allow=\"accelerometer; autoplay; clipboard-write; encrypted-media; gyroscope; picture-in-picture; web-share\" referrerpolicy=\"strict-origin-when-cross-origin\" allowfullscreen><\/iframe>\n<\/div><\/figure>\n\n\n\n<hr noshade=\"\" color=\"black\" align=\"center\">\n\n\n\n<p class=\"has-text-align-center has-blue-color has-text-color has-link-color has-medium-font-size wp-elements-91e1ff31e4ad6946db2e3d3a212f5354\"><strong>Un\u00e1\u0161et se proudem<\/strong><\/p>\n\n\n\n<figure class=\"wp-block-embed is-type-video is-provider-youtube wp-block-embed-youtube wp-embed-aspect-16-9 wp-has-aspect-ratio\"><div class=\"wp-block-embed__wrapper\">\n<iframe loading=\"lazy\" title=\"Un\u00e1\u0161et se proudem\" width=\"760\" height=\"428\" src=\"https:\/\/www.youtube.com\/embed\/UW4Mr5XZpeE?list=PL9fXNd3iqH5nVldBIBCbm5HfeL6IqF0sj\" frameborder=\"0\" allow=\"accelerometer; autoplay; clipboard-write; encrypted-media; gyroscope; picture-in-picture; web-share\" referrerpolicy=\"strict-origin-when-cross-origin\" allowfullscreen><\/iframe>\n<\/div><\/figure>\n\n\n\n<hr noshade=\"\" color=\"black\" align=\"center\">\n\n\n\n<p class=\"has-text-align-center has-blue-color has-text-color has-link-color has-medium-font-size wp-elements-f3f0d91d6fad40d6019096836cdf81de\"><strong>T\u011b\u017ek\u00e9 situace n\u00e1s posouvaj\u00ed d\u00e1l<\/strong><\/p>\n\n\n\n<figure class=\"wp-block-embed is-type-video is-provider-youtube wp-block-embed-youtube wp-embed-aspect-16-9 wp-has-aspect-ratio\"><div class=\"wp-block-embed__wrapper\">\n<iframe loading=\"lazy\" title=\"T\u011b\u017ek\u00e9 situace n\u00e1s posouvaj\u00ed d\u00e1l\" width=\"760\" height=\"428\" src=\"https:\/\/www.youtube.com\/embed\/clOMNwHgZoY?list=PL9fXNd3iqH5nVldBIBCbm5HfeL6IqF0sj\" frameborder=\"0\" allow=\"accelerometer; autoplay; clipboard-write; encrypted-media; gyroscope; picture-in-picture; web-share\" referrerpolicy=\"strict-origin-when-cross-origin\" allowfullscreen><\/iframe>\n<\/div><\/figure>\n\n\n\n<hr noshade=\"\" color=\"black\" align=\"center\">\n\n\n\n<p class=\"has-text-align-center has-blue-color has-text-color has-link-color has-medium-font-size wp-elements-5c6d846d35ed0c17de728350146ead9c\"><strong>Zv\u00edt\u011bzte nad temnotou<\/strong><\/p>\n\n\n\n<figure class=\"wp-block-embed is-type-video is-provider-youtube wp-block-embed-youtube wp-embed-aspect-4-3 wp-has-aspect-ratio\"><div class=\"wp-block-embed__wrapper\">\n<iframe loading=\"lazy\" title=\"Zv\u00edt\u011bzte nad temnotou\" width=\"760\" height=\"570\" src=\"https:\/\/www.youtube.com\/embed\/MQOqMbzxIwY?list=PL9fXNd3iqH5nVldBIBCbm5HfeL6IqF0sj\" frameborder=\"0\" allow=\"accelerometer; autoplay; clipboard-write; encrypted-media; gyroscope; picture-in-picture; web-share\" referrerpolicy=\"strict-origin-when-cross-origin\" allowfullscreen><\/iframe>\n<\/div><\/figure>\n\n\n\n<hr noshade=\"\" color=\"black\" align=\"center\">\n\n\n\n<p class=\"has-text-align-center has-blue-color has-text-color has-link-color has-medium-font-size wp-elements-efd317c7b72d4de3a6e112a3a44c58d0\"><strong>O l\u00e9\u010ditel\u00edch<\/strong><\/p>\n\n\n\n<figure class=\"wp-block-embed is-type-video is-provider-youtube wp-block-embed-youtube wp-embed-aspect-4-3 wp-has-aspect-ratio\"><div class=\"wp-block-embed__wrapper\">\n<iframe loading=\"lazy\" title=\"Existuj\u00ed skute\u010dn\u00ed l\u00e9\u010ditel\u00e9 a pot\u0159ebujeme je v\u016fbec?\" width=\"760\" height=\"570\" src=\"https:\/\/www.youtube.com\/embed\/hwT5upiUacE?start=6&#038;feature=oembed\" frameborder=\"0\" allow=\"accelerometer; autoplay; clipboard-write; encrypted-media; gyroscope; picture-in-picture; web-share\" referrerpolicy=\"strict-origin-when-cross-origin\" allowfullscreen><\/iframe>\n<\/div><\/figure>\n\n\n\n<hr noshade=\"\" color=\"black\" align=\"center\">\n\n\n\n<p class=\"has-text-align-center has-blue-color has-text-color has-link-color has-medium-font-size wp-elements-5819ad1bfcc5f532ba3f2bf9f89d32bf\"><strong>Kdy\u017e se v\u0161echno v na\u0161em \u017eivot\u011b hrout\u00ed jako dome\u010dek z karet<\/strong><\/p>\n\n\n\n<figure class=\"wp-block-image size-large\"><img loading=\"lazy\" decoding=\"async\" width=\"1024\" height=\"365\" src=\"https:\/\/astragal.cz\/wp-content\/uploads\/2022\/09\/citaty-o-zklamani-10-myslenek-ktere-ti-pomohou-prekonat-tezke-obdobi_f49d07cdcc43d506c8f9-1024x365.webp\" alt=\"\" class=\"wp-image-6924\" srcset=\"https:\/\/astragal.cz\/wp-content\/uploads\/2022\/09\/citaty-o-zklamani-10-myslenek-ktere-ti-pomohou-prekonat-tezke-obdobi_f49d07cdcc43d506c8f9-1024x365.webp 1024w, https:\/\/astragal.cz\/wp-content\/uploads\/2022\/09\/citaty-o-zklamani-10-myslenek-ktere-ti-pomohou-prekonat-tezke-obdobi_f49d07cdcc43d506c8f9-300x107.webp 300w, https:\/\/astragal.cz\/wp-content\/uploads\/2022\/09\/citaty-o-zklamani-10-myslenek-ktere-ti-pomohou-prekonat-tezke-obdobi_f49d07cdcc43d506c8f9-768x274.webp 768w, https:\/\/astragal.cz\/wp-content\/uploads\/2022\/09\/citaty-o-zklamani-10-myslenek-ktere-ti-pomohou-prekonat-tezke-obdobi_f49d07cdcc43d506c8f9.webp 1440w\" sizes=\"auto, (max-width: 1024px) 100vw, 1024px\" \/><\/figure>\n\n\n\n<p class=\"has-text-align-center has-blue-color has-text-color has-small-font-size\"><a href=\"https:\/\/refresher.cz\/118377-Citaty-o-zklamani-10-myslenek-ktere-ti-pomohou-prekonat-tezke-obdobi\">https:\/\/refresher.cz\/118377-Citaty-o-zklamani-10-myslenek-ktere-ti-pomohou-prekonat-tezke-obdobi<\/a><\/p>\n\n\n\n<p>NAHR\u00c1VKA: <\/p>\n\n\n\n<figure class=\"wp-block-audio\"><audio controls src=\"https:\/\/astragal.cz\/wp-content\/uploads\/2022\/09\/Rozhovor1.mp3\"><\/audio><\/figure>\n","protected":false},"excerpt":{"rendered":"<p>Aktu\u00e1ln\u00ed p\u0159\u00edsp\u011bvky naleznete na m\u00e9m kan\u00e1le YouTube: https:\/\/www.youtube.com\/@AstragalMartina. Nezapome\u0148te d\u00e1t odb\u011br, a\u0165 V\u00e1m \u017e\u00e1dn\u00e9 dal\u0161\u00ed neute\u010dou :-). Zde je n\u011bkolik uk\u00e1zek toho, co na v\u00e1s na YouTube kan\u00e1lu \u010dek\u00e1: Jak se dostat z kruhu samoty a \u0161patn\u00fdch vztah\u016f P\u0159edpov\u011b\u010f na rok 2026 &#8211; V\u00fdvoj du\u0161e Un\u00e1\u0161et se proudem T\u011b\u017ek\u00e9 situace n\u00e1s posouvaj\u00ed d\u00e1l Zv\u00edt\u011bzte nad [&hellip;]<\/p>\n","protected":false},"author":1,"featured_media":0,"parent":0,"menu_order":0,"comment_status":"closed","ping_status":"closed","template":"","meta":{"_mc_calendar":[],"footnotes":""},"class_list":["post-11351","page","type-page","status-publish","hentry"],"_links":{"self":[{"href":"https:\/\/astragal.cz\/index.php\/wp-json\/wp\/v2\/pages\/11351","targetHints":{"allow":["GET"]}}],"collection":[{"href":"https:\/\/astragal.cz\/index.php\/wp-json\/wp\/v2\/pages"}],"about":[{"href":"https:\/\/astragal.cz\/index.php\/wp-json\/wp\/v2\/types\/page"}],"author":[{"embeddable":true,"href":"https:\/\/astragal.cz\/index.php\/wp-json\/wp\/v2\/users\/1"}],"replies":[{"embeddable":true,"href":"https:\/\/astragal.cz\/index.php\/wp-json\/wp\/v2\/comments?post=11351"}],"version-history":[{"count":11,"href":"https:\/\/astragal.cz\/index.php\/wp-json\/wp\/v2\/pages\/11351\/revisions"}],"predecessor-version":[{"id":11367,"href":"https:\/\/astragal.cz\/index.php\/wp-json\/wp\/v2\/pages\/11351\/revisions\/11367"}],"wp:attachment":[{"href":"https:\/\/astragal.cz\/index.php\/wp-json\/wp\/v2\/media?parent=11351"}],"curies":[{"name":"wp","href":"https:\/\/api.w.org\/{rel}","templated":true}]}}