{"id":11505,"date":"2026-04-16T09:28:40","date_gmt":"2026-04-16T08:28:40","guid":{"rendered":"https:\/\/astragal.cz\/?page_id=11505"},"modified":"2026-04-16T10:13:57","modified_gmt":"2026-04-16T09:13:57","slug":"ukazka-z-akci","status":"publish","type":"page","link":"https:\/\/astragal.cz\/index.php\/ukazka-z-akci\/","title":{"rendered":"Uk\u00e1zka z akc\u00ed"},"content":{"rendered":"\n<p><\/p>\n\n\n\n<figure class=\"wp-block-embed is-type-video is-provider-youtube wp-block-embed-youtube wp-embed-aspect-16-9 wp-has-aspect-ratio\"><div class=\"wp-block-embed__wrapper\">\n<iframe loading=\"lazy\" title=\"Sv\u011bteln\u00e9 setk\u00e1n\u00ed - duben 2026\" width=\"760\" height=\"428\" src=\"https:\/\/www.youtube.com\/embed\/O7FUG0SYen8?feature=oembed\" frameborder=\"0\" allow=\"accelerometer; autoplay; clipboard-write; encrypted-media; gyroscope; picture-in-picture; web-share\" referrerpolicy=\"strict-origin-when-cross-origin\" allowfullscreen><\/iframe>\n<\/div><\/figure>\n","protected":false},"excerpt":{"rendered":"","protected":false},"author":1,"featured_media":0,"parent":0,"menu_order":0,"comment_status":"closed","ping_status":"closed","template":"","meta":{"_mc_calendar":[],"footnotes":""},"class_list":["post-11505","page","type-page","status-publish","hentry"],"_links":{"self":[{"href":"https:\/\/astragal.cz\/index.php\/wp-json\/wp\/v2\/pages\/11505","targetHints":{"allow":["GET"]}}],"collection":[{"href":"https:\/\/astragal.cz\/index.php\/wp-json\/wp\/v2\/pages"}],"about":[{"href":"https:\/\/astragal.cz\/index.php\/wp-json\/wp\/v2\/types\/page"}],"author":[{"embeddable":true,"href":"https:\/\/astragal.cz\/index.php\/wp-json\/wp\/v2\/users\/1"}],"replies":[{"embeddable":true,"href":"https:\/\/astragal.cz\/index.php\/wp-json\/wp\/v2\/comments?post=11505"}],"version-history":[{"count":5,"href":"https:\/\/astragal.cz\/index.php\/wp-json\/wp\/v2\/pages\/11505\/revisions"}],"predecessor-version":[{"id":11524,"href":"https:\/\/astragal.cz\/index.php\/wp-json\/wp\/v2\/pages\/11505\/revisions\/11524"}],"wp:attachment":[{"href":"https:\/\/astragal.cz\/index.php\/wp-json\/wp\/v2\/media?parent=11505"}],"curies":[{"name":"wp","href":"https:\/\/api.w.org\/{rel}","templated":true}]}}