{"id":11558,"date":"2026-04-23T09:24:57","date_gmt":"2026-04-23T08:24:57","guid":{"rendered":"https:\/\/astragal.cz\/?page_id=11558"},"modified":"2026-04-23T09:24:57","modified_gmt":"2026-04-23T08:24:57","slug":"svetelne-setkani-uzdravujici-dusi-a-telo-zari-2027","status":"publish","type":"page","link":"https:\/\/astragal.cz\/index.php\/svetelne-setkani-uzdravujici-dusi-a-telo-zari-2027\/","title":{"rendered":"Sv\u011bteln\u00e9 setk\u00e1n\u00ed uzdravuj\u00edc\u00ed du\u0161i a t\u011blo"},"content":{"rendered":"<div class=\"wp-block-image\">\n<figure class=\"aligncenter is-resized\" id=\"block-abf4c428-16dc-4350-836a-13dafe3d569b\"><img decoding=\"async\" src=\"https:\/\/astragal.cz\/wp-content\/uploads\/2024\/10\/galaxy-huge-1-1.jpg\" alt=\"Tento obr\u00e1zek nem\u00e1 vypln\u011bn\u00fd atribut alt; n\u00e1zev souboru je galaxy-huge-1-1.jpg.\" style=\"width:652px;height:auto\"\/><\/figure><\/div>\n\n\n<p class=\"has-text-align-center has-medium-font-size\" id=\"block-189bfd28-66bb-464b-9e03-f0fd0a722636\"><strong>Sobota 11. 9.<\/strong> <strong>2027<\/strong><\/p>\n\n\n\n<p class=\"has-text-align-center has-medium-font-size\" id=\"block-27dd76d7-2b28-452e-9f3b-4573c6402a18\"><strong>10:30 &#8211; 18:00<\/strong><\/p>\n\n\n\n<p class=\"has-blue-color has-text-color has-link-color wp-elements-192a7cf0a54addd4fcea14f2fe5c17da\" id=\"block-81cc7605-d534-4796-8601-9b9a13753659\"><strong>Podobn\u00e1 akce se kon\u00e1 jen 2 x do roka.<\/strong><\/p>\n\n\n\n<p id=\"block-7d2e6280-3e4c-4b78-b11a-5f1cbccd80e4\">V bezpe\u010dn\u00e9 a d\u016fv\u011brn\u00e9 atmosf\u00e9\u0159e, s pomoc\u00ed milosti bo\u017e\u00ed, budeme m\u00edt mo\u017enost otev\u0159\u00edt se p\u0159ijet\u00ed zm\u011bny v na\u0161em \u017eivot\u011b. D\u00edky tomu pak p\u0159ijmout harmonii, zdrav\u00ed, radost a uzdravit v\u0161e, co o sv\u00e9 uzdraven\u00ed vol\u00e1 a co bude ze shora dovoleno.<\/p>\n\n\n\n<p><strong>Setk\u00e1n\u00ed je rozd\u011bleno do dvou hlavn\u00edch \u010d\u00e1st\u00ed:<\/strong><\/p>\n\n\n\n<p><strong>V t\u00e9 prvn\u00ed <\/strong>si pov\u00edme n\u011bco k t\u00e9matu uzdraven\u00ed du\u0161e a t\u011bla, budeme c\u00edlen\u011b pracovat na uzdraven\u00ed srde\u010dn\u00ed \u010dakry, v meditaci rozpust\u00edme co je t\u0159eba a zpracujete si va\u0161e vybran\u00e9 t\u00e9ma. <\/p>\n\n\n\n<p><strong>V \u010d\u00e1sti druh\u00e9<\/strong> p\u0159istoup\u00edme k o\u010di\u0161t\u011bn\u00ed astr\u00e1ln\u00edch i bun\u011b\u010dn\u00fdch z\u00e1t\u011b\u017e\u00ed, opraven\u00ed naru\u0161en\u00fdch energetick\u00fdch syst\u00e9m\u016f, harmonizaci a aktivaci va\u0161\u00ed schopnosti uzdravovat se.<\/p>\n\n\n\n<p>Pracovat m\u016f\u017eete tak\u00e9 na uzdraven\u00ed va\u0161eho vztahu a to jak jednotliv\u011b, tak v p\u00e1rech (nap\u0159. man\u017eel\u00e9 \u010di partne\u0159i, rodi\u010d s d\u00edt\u011btem, kamar\u00e1dky apod.).<\/p>\n\n\n\n<p>M\u016f\u017eete si zakoupit posv\u011bcenou sv\u00edci s programem modlitby, ochranou medailku apod.&nbsp;Platba za tyto p\u0159edm\u011bty bude prob\u00edhat v hotovosti, a nebo p\u0159es QR k\u00f3d. <\/p>\n\n\n\n<p class=\"has-blue-color has-text-color has-link-color wp-elements-4cbd210ed1bf9c6359a5e776007722b8\" id=\"block-2b80280e-dba7-490c-86cb-59b5ab8a3ffe\"><strong>Organiza\u010dn\u00ed r\u00e1mec<\/strong><\/p>\n\n\n\n<p id=\"block-5e89c834-8f70-4db7-b692-ae386e30634f\"><strong>Maxim\u00e1ln\u00ed po\u010det m\u00edst: <\/strong>je pevn\u011b stanoven (20 \u00fa\u010dastn\u00edk\u016f), proto v p\u0159\u00edpad\u011b z\u00e1jmu o \u00fa\u010dast, nev\u00e1hejte s p\u0159ihl\u00e1\u0161en\u00edm. Mo\u017enost p\u0159ihl\u00e1\u0161en\u00ed plat\u00ed do napln\u011bn\u00ed kapacity.<\/p>\n\n\n\n<p id=\"block-c096d989-a56c-4b8a-95c2-1e8a16293bc8\"><strong>Vstupn\u00e9:<\/strong> 1500 K\u010d na osobu.<\/p>\n\n\n\n<p id=\"block-1d075081-b347-4f2f-839e-2899126026d6\"><strong>M\u00edsto kon\u00e1n\u00ed akce:<\/strong> O\u00e1za srdce, Vr\u0161ov 19, Horn\u00ed Bradlo.<\/p>\n\n\n\n<p><strong>Pokud budete cht\u00edt po tomto z\u00e1\u017eitku setrvat je\u0161t\u011b v rozj\u00edm\u00e1n\u00ed, je v m\u00edst\u011b kon\u00e1n\u00ed akce<\/strong> (O\u00e1ze srdce) <strong>mo\u017enost ubytov\u00e1n\u00ed<\/strong>. Z\u00e1jemci si jej zaji\u0161\u0165uj\u00ed sami. Kontakt naleznete v p\u0159ilo\u017een\u00e9m odkazu: <a href=\"https:\/\/oazasrdce.cz\/dom%C5%AF#kontakt\">https:\/\/oazasrdce.cz\/dom%C5%AF#kontakt<\/a>.<\/p>\n\n\n\n<p id=\"block-383c35ec-e897-4832-83b5-4b8bb73ad47d\"><strong>Mo\u017enost ob\u010derstven\u00ed: <\/strong>po cel\u00fd den je k dispozici kav\u00e1rna s ob\u010derstven\u00edm. <strong><em>Pozor, zde je mo\u017enost platit jen v hotovosti!<\/em><\/strong><\/p>\n\n\n\n<p id=\"block-383c35ec-e897-4832-83b5-4b8bb73ad47d\"><strong>Je zde tak\u00e9 mo\u017enost zaji\u0161t\u011bn\u00ed ob\u011bda \u2013 v p\u0159\u00edpad\u011b z\u00e1jmu o n\u011bj, pros\u00edm za\u0161krtn\u011bte tuto mo\u017enost v p\u0159ihl\u00e1\u0161kov\u00e9m formul\u00e1\u0159i, d\u011bkujeme.<\/strong><\/p>\n\n\n\n<p id=\"block-5e4689f3-df81-40f2-bb93-077e7f853214\">M\u00edsto, na kter\u00e9m je akce kon\u00e1na, bohu\u017eel nen\u00ed uzp\u016fsobeno na \u00fa\u010dast s d\u011btmi :-(. D\u011bkujeme za pochopen\u00ed.<\/p>\n\n\n\n<p id=\"block-41117ded-7eac-4403-9e27-c0b60f527897\">T\u011b\u0161\u00edme se na v\u00e1s, Martina a t\u00fdm Astragal<\/p>\n\n\n\n<p id=\"block-1c0ba15c-dde0-4758-8668-4b7229b9a4ca\"><strong>P\u0159ihl\u00e1sit se na akci m\u016f\u017eete n\u00ed\u017ee prost\u0159ednictv\u00edm formul\u00e1\u0159e nebo na emailu: astragal@email.cz<\/strong>.<\/p>\n\n\n\n<p class=\"has-blue-color has-text-color has-link-color wp-elements-537fad1eeadc24118a84a396906dae05\" id=\"block-96dc6b99-18f0-4f58-bfbd-e33c68283087\"><strong>P\u0158IHL\u00c1\u0160KOV\u00dd FORMUL\u00c1\u0158 NA AKCI:<\/strong><\/p>\n\n\n\n<p class=\"has-light-red-color has-text-color has-link-color wp-elements-be5e641e83739a77a4eac4e16594d46d\">DO \u201eN\u00c1ZEV AKCE\u201c NAPI\u0160TE PROS\u00cdM DATUM, NA KTER\u00c9 SE HL\u00c1S\u00cdTE. D\u011aKUJI.<\/p>\n\n\n\n<p id=\"block-4c206ef7-3371-46b9-8ece-730f641fdb17\"><div class=\"wpforms-container wpforms-container-full\" id=\"wpforms-9405\"><form id=\"wpforms-form-9405\" class=\"wpforms-validate wpforms-form wpforms-ajax-form\" data-formid=\"9405\" method=\"post\" enctype=\"multipart\/form-data\" action=\"\/index.php\/wp-json\/wp\/v2\/pages\/11558\" data-token=\"f552ea3d64f8d676233efac31f82881c\" data-token-time=\"1777375727\"><noscript class=\"wpforms-error-noscript\">Chcete-li vyplnit tento formul\u00e1\u0159, pros\u00edm povolte v prohl\u00ed\u017ee\u010di JavaScript.<\/noscript><div class=\"wpforms-field-container\"><div id=\"wpforms-9405-field_10-container\" class=\"wpforms-field wpforms-field-text\" data-field-id=\"10\"><label class=\"wpforms-field-label\" for=\"wpforms-9405-field_10\">N\u00e1zev akce - Sv\u011bteln\u00e9 setk\u00e1n\u00ed  <span class=\"wpforms-required-label\">*<\/span><\/label><input type=\"text\" id=\"wpforms-9405-field_10\" class=\"wpforms-field-medium wpforms-field-required\" name=\"wpforms[fields][10]\" required><\/div><div id=\"wpforms-9405-field_0-container\" class=\"wpforms-field wpforms-field-name\" data-field-id=\"0\"><label class=\"wpforms-field-label\">Jm\u00e9no <span class=\"wpforms-required-label\">*<\/span><\/label><div class=\"wpforms-field-row wpforms-field-medium\"><div class=\"wpforms-field-row-block wpforms-first wpforms-one-half\"><input type=\"text\" id=\"wpforms-9405-field_0\" class=\"wpforms-field-name-first wpforms-field-required\" name=\"wpforms[fields][0][first]\" required><label for=\"wpforms-9405-field_0\" class=\"wpforms-field-sublabel after\">K\u0159estn\u00ed jm\u00e9no<\/label><\/div><div class=\"wpforms-field-row-block wpforms-one-half\"><input type=\"text\" id=\"wpforms-9405-field_0-last\" class=\"wpforms-field-name-last wpforms-field-required\" name=\"wpforms[fields][0][last]\" required><label for=\"wpforms-9405-field_0-last\" class=\"wpforms-field-sublabel after\">P\u0159\u00edjmen\u00ed<\/label><\/div><\/div><\/div><div id=\"wpforms-9405-field_1-container\" class=\"wpforms-field wpforms-field-email\" data-field-id=\"1\"><label class=\"wpforms-field-label\" for=\"wpforms-9405-field_1\">E-mail <span class=\"wpforms-required-label\">*<\/span><\/label><input type=\"email\" id=\"wpforms-9405-field_1\" class=\"wpforms-field-medium wpforms-field-required\" name=\"wpforms[fields][1]\" spellcheck=\"false\" required><\/div><div id=\"wpforms-9405-field_2-container\" class=\"wpforms-field wpforms-field-textarea\" data-field-id=\"2\"><label class=\"wpforms-field-label\" for=\"wpforms-9405-field_2\">Koment\u00e1\u0159 nebo zpr\u00e1va<\/label><textarea id=\"wpforms-9405-field_2\" class=\"wpforms-field-medium\" name=\"wpforms[fields][2]\" ><\/textarea><\/div><div id=\"wpforms-9405-field_6-container\" class=\"wpforms-field wpforms-field-select wpforms-field-select-style-classic\" data-field-id=\"6\"><label class=\"wpforms-field-label wpforms-label-hide\" for=\"wpforms-9405-field_6\">Nahl\u00e1\u0161en\u00ed ob\u011bda <span class=\"wpforms-required-label\">*<\/span><\/label><select id=\"wpforms-9405-field_6\" class=\"wpforms-field-medium wpforms-field-required\" name=\"wpforms[fields][6]\" required=\"required\"><option value=\"M\u00e1m z\u00e1jem o nahl\u00e1\u0161en\u00ed ob\u011bda\"  class=\"choice-1 depth-1\"  >M\u00e1m z\u00e1jem o nahl\u00e1\u0161en\u00ed ob\u011bda<\/option><option value=\"Nem\u00e1m z\u00e1jem o ob\u011bd\"  class=\"choice-2 depth-1\"  >Nem\u00e1m z\u00e1jem o ob\u011bd<\/option><\/select><\/div><div id=\"wpforms-9405-field_4-container\" class=\"wpforms-field wpforms-field-checkbox\" data-field-id=\"4\"><label class=\"wpforms-field-label wpforms-label-hide\">Souhlas se zpracov\u00e1n\u00edm osobn\u00edch \u00fadaj\u016f <span class=\"wpforms-required-label\">*<\/span><\/label><ul id=\"wpforms-9405-field_4\" class=\"wpforms-field-required\"><li class=\"choice-1 depth-1\"><input type=\"checkbox\" id=\"wpforms-9405-field_4_1\" name=\"wpforms[fields][4][]\" value=\"Souhlas\u00edm se zpracov\u00e1n\u00edm osobn\u00edch \u00fadaj\u016f v souladu s GDPR\" required ><label class=\"wpforms-field-label-inline\" for=\"wpforms-9405-field_4_1\">Souhlas\u00edm se zpracov\u00e1n\u00edm osobn\u00edch \u00fadaj\u016f v souladu s GDPR<\/label><\/li><\/ul><\/div><\/div><!-- .wpforms-field-container --><div class=\"wpforms-submit-container\" ><input type=\"hidden\" name=\"wpforms[id]\" value=\"9405\"><input type=\"hidden\" name=\"page_title\" value=\"\"><input type=\"hidden\" name=\"page_url\" value=\"https:\/\/astragal.cz\/index.php\/wp-json\/wp\/v2\/pages\/11558\"><input type=\"hidden\" name=\"url_referer\" value=\"\"><button type=\"submit\" name=\"wpforms[submit]\" id=\"wpforms-submit-9405\" class=\"wpforms-submit\" data-alt-text=\"Odes\u00edl\u00e1ni...\" data-submit-text=\"Odeslat\" aria-live=\"assertive\" value=\"wpforms-submit\">Odeslat<\/button><img loading=\"lazy\" decoding=\"async\" src=\"https:\/\/astragal.cz\/wp-content\/plugins\/wpforms-lite\/assets\/images\/submit-spin.svg\" class=\"wpforms-submit-spinner\" style=\"display: none;\" width=\"26\" height=\"26\" alt=\"Na\u010d\u00edt\u00e1n\u00ed\"><\/div><\/form><\/div>  <!-- .wpforms-container --><\/p>\n\n\n\n<p class=\"has-blue-color has-text-color has-link-color wp-elements-c3fb3bb06c522200d035d571f27af2e1\" id=\"block-0cb2e097-7925-458b-b1b8-949212c4fe93\">Pokud v\u00e1m od n\u00e1s nep\u0159ijde odpov\u011b\u010f do 5 dn\u00ed, znamen\u00e1 to, \u017ee p\u0159ihl\u00e1\u0161kov\u00fd formul\u00e1\u0159 k n\u00e1m z d\u016fvodu chyby syst\u00e9mu v\u016fbec nedorazil a o va\u0161\u00ed zpr\u00e1v\u011b bohu\u017eel nev\u00edme:-(.<\/p>\n\n\n\n<p class=\"has-blue-color has-text-color has-link-color wp-elements-9cc97de916ece3511c319de78e4f6051\" id=\"block-53aed0ee-2cc7-45b9-a0bc-884b65e9bda2\">V tom p\u0159\u00edpad\u011b pros\u00edme, napi\u0161te sms na toto \u010d\u00edslo: +420 603 784 154 a my se v\u00e1m co nejd\u0159\u00edve ozveme. D\u011bkujeme.<\/p>\n\n\n\n<p><\/p>\n","protected":false},"excerpt":{"rendered":"<p>Sobota 11. 9. 2027 10:30 &#8211; 18:00 Podobn\u00e1 akce se kon\u00e1 jen 2 x do roka. V bezpe\u010dn\u00e9 a d\u016fv\u011brn\u00e9 atmosf\u00e9\u0159e, s pomoc\u00ed milosti bo\u017e\u00ed, budeme m\u00edt mo\u017enost otev\u0159\u00edt se p\u0159ijet\u00ed zm\u011bny v na\u0161em \u017eivot\u011b. D\u00edky tomu pak p\u0159ijmout harmonii, zdrav\u00ed, radost a uzdravit v\u0161e, co o sv\u00e9 uzdraven\u00ed vol\u00e1 a co bude ze shora [&hellip;]<\/p>\n","protected":false},"author":1,"featured_media":0,"parent":0,"menu_order":0,"comment_status":"closed","ping_status":"closed","template":"","meta":{"_mc_calendar":[],"footnotes":""},"class_list":["post-11558","page","type-page","status-publish","hentry"],"_links":{"self":[{"href":"https:\/\/astragal.cz\/index.php\/wp-json\/wp\/v2\/pages\/11558","targetHints":{"allow":["GET"]}}],"collection":[{"href":"https:\/\/astragal.cz\/index.php\/wp-json\/wp\/v2\/pages"}],"about":[{"href":"https:\/\/astragal.cz\/index.php\/wp-json\/wp\/v2\/types\/page"}],"author":[{"embeddable":true,"href":"https:\/\/astragal.cz\/index.php\/wp-json\/wp\/v2\/users\/1"}],"replies":[{"embeddable":true,"href":"https:\/\/astragal.cz\/index.php\/wp-json\/wp\/v2\/comments?post=11558"}],"version-history":[{"count":1,"href":"https:\/\/astragal.cz\/index.php\/wp-json\/wp\/v2\/pages\/11558\/revisions"}],"predecessor-version":[{"id":11559,"href":"https:\/\/astragal.cz\/index.php\/wp-json\/wp\/v2\/pages\/11558\/revisions\/11559"}],"wp:attachment":[{"href":"https:\/\/astragal.cz\/index.php\/wp-json\/wp\/v2\/media?parent=11558"}],"curies":[{"name":"wp","href":"https:\/\/api.w.org\/{rel}","templated":true}]}}