{"id":11561,"date":"2026-04-23T09:53:53","date_gmt":"2026-04-23T08:53:53","guid":{"rendered":"https:\/\/astragal.cz\/?page_id=11561"},"modified":"2026-04-23T09:53:53","modified_gmt":"2026-04-23T08:53:53","slug":"den-s-lecitelem-martinou-astragal-listopad_2027","status":"publish","type":"page","link":"https:\/\/astragal.cz\/index.php\/den-s-lecitelem-martinou-astragal-listopad_2027\/","title":{"rendered":"Den s l\u00e9\u010ditelem Martinou Astragal"},"content":{"rendered":"<div class=\"wp-block-image\">\n<figure class=\"aligncenter size-full is-resized\"><img loading=\"lazy\" decoding=\"async\" width=\"633\" height=\"938\" src=\"https:\/\/astragal.cz\/wp-content\/uploads\/2025\/09\/20220408_155920.jpg\" alt=\"\" class=\"wp-image-10822\" style=\"width:224px;height:auto\" srcset=\"https:\/\/astragal.cz\/wp-content\/uploads\/2025\/09\/20220408_155920.jpg 633w, https:\/\/astragal.cz\/wp-content\/uploads\/2025\/09\/20220408_155920-202x300.jpg 202w\" sizes=\"auto, (max-width: 633px) 100vw, 633px\" \/><\/figure><\/div>\n\n\n<p class=\"has-text-align-center has-medium-font-size\"><strong>Sobota<\/strong> <strong>6. 11. 2027<\/strong><\/p>\n\n\n\n<p class=\"has-blue-color has-text-color has-link-color wp-elements-2eff9006c835388ec68910fb1319a38c\">Je zde jedine\u010dn\u00e1 mo\u017enost se osobn\u011b setkat s Martinou Astragal &#8211; poznat jej\u00ed osobnost i styl pr\u00e1ce a pro\u017e\u00edt mil\u00e9 setk\u00e1n\u00ed pln\u00e9 dobr\u00e9 energie a informac\u00ed.<\/p>\n\n\n\n<p class=\"has-blue-color has-text-color has-link-color wp-elements-0f953c0cba242f8d20e3298257363957\">Smyslem t\u00e9to akce je d\u00e1t v\u00e1m prostor se individu\u00e1ln\u011b poradit s Martinou v t\u00e9matu, kter\u00e9 v\u00e1s aktu\u00e1ln\u011b tr\u00e1p\u00ed a tak\u00e9 tuto situaci, pokud bude ze shora dovoleno, energeticky o\u0161et\u0159it. Pro ka\u017ed\u00e9ho \u00fa\u010dastn\u00edka je vyhrazen\u00fd \u010das 30 minut.<\/p>\n\n\n\n<p class=\"has-blue-color has-text-color has-link-color wp-elements-1495e4f8507e1027b196201636a31245\"><strong><em>Mimo tyto akce se Martina v\u011bnuje sv\u00e9 praxi, kde nyn\u00ed, z d\u016fvodu rekonstrukce m\u00edsta p\u016fsoben\u00ed, bohu\u017eel nen\u00ed mo\u017enost osobn\u00edho setk\u00e1n\u00ed.<\/em><\/strong><\/p>\n\n\n\n<p>M\u016f\u017eete si zakoupit posv\u011bcenou sv\u00edci s programem modlitby, ochranou medailku apod.\u00a0Platba za tyto p\u0159edm\u011bty bude prob\u00edhat v hotovosti, a nebo p\u0159es QR k\u00f3d.<\/p>\n\n\n\n<p>Na akci je mo\u017eno p\u0159ijet s d\u00edt\u011btem\/d\u011btmi.<\/p>\n\n\n\n<p class=\"has-blue-color has-text-color has-link-color wp-elements-bef6763a9fe52934c613fc069b25ac14\"><strong>Organiza\u010dn\u00ed r\u00e1mec:<\/strong><\/p>\n\n\n\n<p><strong>P\u0159i p\u0159ihl\u00e1\u0161en\u00ed na akci<\/strong> budete za\u0159azen\/a do dopoledn\u00ed nebo odpoledn\u00ed skupiny. V informa\u010dn\u00edm emailu, kter\u00fd v\u00e1m po p\u0159ihl\u00e1\u0161en\u00ed po\u0161leme, dostanete sv\u016fj \u010das, kdy jdete na \u0159adu.<\/p>\n\n\n\n<p><strong>Maxim\u00e1ln\u00ed po\u010det m\u00edst <\/strong>je pevn\u011b stanoven (10 \u00fa\u010dastn\u00edk\u016f), proto v p\u0159\u00edpad\u011b z\u00e1jmu o \u00fa\u010dast, nev\u00e1hejte s p\u0159ihl\u00e1\u0161en\u00edm. Mo\u017enost p\u0159ihl\u00e1\u0161en\u00ed plat\u00ed do napln\u011bn\u00ed kapacity.<\/p>\n\n\n\n<p><strong>Vstupn\u00e9 <\/strong>je \u0159e\u0161eno na m\u00edst\u011b formou p\u0159\u00edsp\u011bvku jeho\u017e v\u00fd\u0161e je ponech\u00e1na na v\u00e1s.<\/p>\n\n\n\n<p><strong>M\u00edsto kon\u00e1n\u00ed akce:<\/strong> O\u00e1za srdce, Vr\u0161ov 19, Horn\u00ed Bradlo.<\/p>\n\n\n\n<p><strong>Mo\u017enost ob\u010derstven\u00ed &#8211; <\/strong>po cel\u00fd den je k dispozici kav\u00e1rna s ob\u010derstven\u00edm. <strong><em>Pozor, zde je mo\u017enost platit jen v hotovosti!<\/em><\/strong><\/p>\n\n\n\n<p>T\u011b\u0161\u00edme se na v\u00e1s, Martina a t\u00fdm Astragal <\/p>\n\n\n\n<p><strong>P\u0159ihl\u00e1sit se na akci m\u016f\u017eete n\u00ed\u017ee prost\u0159ednictv\u00edm formul\u00e1\u0159e nebo na emailu: astragal@email.cz<\/strong>.<\/p>\n\n\n\n<p><\/p>\n\n\n\n<p class=\"has-blue-color has-text-color has-link-color wp-elements-3086c3fb8bf3ea8e06483c06baf3b97f\"><strong>P\u0158IHL\u00c1\u0160KOV\u00dd FORMUL\u00c1\u0158 NA AKCI:<\/strong><\/p>\n\n\n\n<p class=\"has-red-color has-text-color has-link-color wp-elements-cf7411397ad211aa8478b184d2131160\">DO \u201eN\u00c1ZEV AKCE\u201c NAPI\u0160TE PROS\u00cdM DATUM, NA KTER\u00c9 SE HL\u00c1S\u00cdTE. D\u011aKUJI.<\/p>\n\n\n\n<div class=\"wpforms-container wpforms-container-full\" id=\"wpforms-10901\"><form id=\"wpforms-form-10901\" class=\"wpforms-validate wpforms-form wpforms-ajax-form\" data-formid=\"10901\" method=\"post\" enctype=\"multipart\/form-data\" action=\"\/index.php\/wp-json\/wp\/v2\/pages\/11561\" data-token=\"be4564016a648ba4486b40554b631c3a\" data-token-time=\"1777376081\"><noscript class=\"wpforms-error-noscript\">Chcete-li vyplnit tento formul\u00e1\u0159, pros\u00edm povolte v prohl\u00ed\u017ee\u010di JavaScript.<\/noscript><div class=\"wpforms-field-container\"><div id=\"wpforms-10901-field_10-container\" class=\"wpforms-field wpforms-field-text\" data-field-id=\"10\"><label class=\"wpforms-field-label\" for=\"wpforms-10901-field_10\">N\u00e1zev akce - Den s l\u00e9\u010ditelem <span class=\"wpforms-required-label\">*<\/span><\/label><input type=\"text\" id=\"wpforms-10901-field_10\" class=\"wpforms-field-medium wpforms-field-required\" name=\"wpforms[fields][10]\" required><\/div><div id=\"wpforms-10901-field_0-container\" class=\"wpforms-field wpforms-field-name\" data-field-id=\"0\"><label class=\"wpforms-field-label\">Jm\u00e9no <span class=\"wpforms-required-label\">*<\/span><\/label><div class=\"wpforms-field-row wpforms-field-medium\"><div class=\"wpforms-field-row-block wpforms-first wpforms-one-half\"><input type=\"text\" id=\"wpforms-10901-field_0\" class=\"wpforms-field-name-first wpforms-field-required\" name=\"wpforms[fields][0][first]\" required><label for=\"wpforms-10901-field_0\" class=\"wpforms-field-sublabel after\">K\u0159estn\u00ed jm\u00e9no<\/label><\/div><div class=\"wpforms-field-row-block wpforms-one-half\"><input type=\"text\" id=\"wpforms-10901-field_0-last\" class=\"wpforms-field-name-last wpforms-field-required\" name=\"wpforms[fields][0][last]\" required><label for=\"wpforms-10901-field_0-last\" class=\"wpforms-field-sublabel after\">P\u0159\u00edjmen\u00ed<\/label><\/div><\/div><\/div><div id=\"wpforms-10901-field_1-container\" class=\"wpforms-field wpforms-field-email\" data-field-id=\"1\"><label class=\"wpforms-field-label\" for=\"wpforms-10901-field_1\">E-mail <span class=\"wpforms-required-label\">*<\/span><\/label><input type=\"email\" id=\"wpforms-10901-field_1\" class=\"wpforms-field-medium wpforms-field-required\" name=\"wpforms[fields][1]\" spellcheck=\"false\" required><\/div><div id=\"wpforms-10901-field_2-container\" class=\"wpforms-field wpforms-field-textarea\" data-field-id=\"2\"><label class=\"wpforms-field-label\" for=\"wpforms-10901-field_2\">Koment\u00e1\u0159 nebo zpr\u00e1va<\/label><textarea id=\"wpforms-10901-field_2\" class=\"wpforms-field-medium\" name=\"wpforms[fields][2]\" ><\/textarea><\/div><div id=\"wpforms-10901-field_4-container\" class=\"wpforms-field wpforms-field-checkbox\" data-field-id=\"4\"><label class=\"wpforms-field-label wpforms-label-hide\">Souhlas se zpracov\u00e1n\u00edm osobn\u00edch \u00fadaj\u016f <span class=\"wpforms-required-label\">*<\/span><\/label><ul id=\"wpforms-10901-field_4\" class=\"wpforms-field-required\"><li class=\"choice-1 depth-1\"><input type=\"checkbox\" id=\"wpforms-10901-field_4_1\" name=\"wpforms[fields][4][]\" value=\"Souhlas\u00edm se zpracov\u00e1n\u00edm osobn\u00edch \u00fadaj\u016f v souladu s GDPR\" required ><label class=\"wpforms-field-label-inline\" for=\"wpforms-10901-field_4_1\">Souhlas\u00edm se zpracov\u00e1n\u00edm osobn\u00edch \u00fadaj\u016f v souladu s GDPR<\/label><\/li><\/ul><\/div><\/div><!-- .wpforms-field-container --><div class=\"wpforms-submit-container\" ><input type=\"hidden\" name=\"wpforms[id]\" value=\"10901\"><input type=\"hidden\" name=\"page_title\" value=\"\"><input type=\"hidden\" name=\"page_url\" value=\"https:\/\/astragal.cz\/index.php\/wp-json\/wp\/v2\/pages\/11561\"><input type=\"hidden\" name=\"url_referer\" value=\"\"><button type=\"submit\" name=\"wpforms[submit]\" id=\"wpforms-submit-10901\" class=\"wpforms-submit\" data-alt-text=\"Odes\u00edl\u00e1ni...\" data-submit-text=\"Odeslat\" aria-live=\"assertive\" value=\"wpforms-submit\">Odeslat<\/button><img loading=\"lazy\" decoding=\"async\" src=\"https:\/\/astragal.cz\/wp-content\/plugins\/wpforms-lite\/assets\/images\/submit-spin.svg\" class=\"wpforms-submit-spinner\" style=\"display: none;\" width=\"26\" height=\"26\" alt=\"Na\u010d\u00edt\u00e1n\u00ed\"><\/div><\/form><\/div>  <!-- .wpforms-container -->\n\n\n\n<p class=\"has-blue-color has-text-color\">Pokud v\u00e1m od n\u00e1s nep\u0159ijde odpov\u011b\u010f do 5 dn\u00ed, znamen\u00e1 to, \u017ee p\u0159ihl\u00e1\u0161kov\u00fd formul\u00e1\u0159 k n\u00e1m z d\u016fvodu chyby syst\u00e9mu v\u016fbec nedorazil a o va\u0161\u00ed zpr\u00e1v\u011b bohu\u017eel nev\u00edme:-(.<\/p>\n\n\n\n<p class=\"has-blue-color has-text-color\">V tom p\u0159\u00edpad\u011b pros\u00edme, napi\u0161te sms na toto \u010d\u00edslo: +420 603 784 154 a my se v\u00e1m co nejd\u0159\u00edve ozveme. D\u011bkujeme.<\/p>\n","protected":false},"excerpt":{"rendered":"<p>Sobota 6. 11. 2027 Je zde jedine\u010dn\u00e1 mo\u017enost se osobn\u011b setkat s Martinou Astragal &#8211; poznat jej\u00ed osobnost i styl pr\u00e1ce a pro\u017e\u00edt mil\u00e9 setk\u00e1n\u00ed pln\u00e9 dobr\u00e9 energie a informac\u00ed. Smyslem t\u00e9to akce je d\u00e1t v\u00e1m prostor se individu\u00e1ln\u011b poradit s Martinou v t\u00e9matu, kter\u00e9 v\u00e1s aktu\u00e1ln\u011b tr\u00e1p\u00ed a tak\u00e9 tuto situaci, pokud bude ze [&hellip;]<\/p>\n","protected":false},"author":1,"featured_media":0,"parent":0,"menu_order":0,"comment_status":"closed","ping_status":"closed","template":"","meta":{"_mc_calendar":[],"footnotes":""},"class_list":["post-11561","page","type-page","status-publish","hentry"],"_links":{"self":[{"href":"https:\/\/astragal.cz\/index.php\/wp-json\/wp\/v2\/pages\/11561","targetHints":{"allow":["GET"]}}],"collection":[{"href":"https:\/\/astragal.cz\/index.php\/wp-json\/wp\/v2\/pages"}],"about":[{"href":"https:\/\/astragal.cz\/index.php\/wp-json\/wp\/v2\/types\/page"}],"author":[{"embeddable":true,"href":"https:\/\/astragal.cz\/index.php\/wp-json\/wp\/v2\/users\/1"}],"replies":[{"embeddable":true,"href":"https:\/\/astragal.cz\/index.php\/wp-json\/wp\/v2\/comments?post=11561"}],"version-history":[{"count":1,"href":"https:\/\/astragal.cz\/index.php\/wp-json\/wp\/v2\/pages\/11561\/revisions"}],"predecessor-version":[{"id":11567,"href":"https:\/\/astragal.cz\/index.php\/wp-json\/wp\/v2\/pages\/11561\/revisions\/11567"}],"wp:attachment":[{"href":"https:\/\/astragal.cz\/index.php\/wp-json\/wp\/v2\/media?parent=11561"}],"curies":[{"name":"wp","href":"https:\/\/api.w.org\/{rel}","templated":true}]}}