{"id":1174,"date":"2020-05-28T17:32:57","date_gmt":"2020-05-28T16:32:57","guid":{"rendered":"http:\/\/astragal.cz\/?page_id=1174"},"modified":"2024-10-04T05:28:47","modified_gmt":"2024-10-04T04:28:47","slug":"kategorie-clanku","status":"publish","type":"page","link":"https:\/\/astragal.cz\/index.php\/kategorie-clanku\/","title":{"rendered":"Kategorie \u010dl\u00e1nk\u016f"},"content":{"rendered":"\n<p class=\"has-light-blue-color has-text-color\"><a href=\"https:\/\/astragal.cz\/index.php\/astralni-svet\/\">Astr\u00e1ln\u00ed sv\u011bt<\/a><\/p>\n\n\n\n<p class=\"has-light-blue-color has-text-color\"><a href=\"https:\/\/astragal.cz\/index.php\/cesta-k-uzdraveni\/\">Cesta k uzdraven\u00ed<\/a><\/p>\n\n\n\n<p class=\"has-light-blue-color has-text-color\"><a href=\"https:\/\/astragal.cz\/index.php\/osobni-rozvoj\/\">Osobn\u00ed rozvoj<\/a><\/p>\n\n\n\n<p class=\"has-light-blue-color has-text-color\"><a href=\"https:\/\/astragal.cz\/index.php\/pro-vasi-duchovni-cestu\/\">Pro Va\u0161i duchovn\u00ed cestu<\/a><\/p>\n\n\n\n<p class=\"has-light-blue-color has-text-color\"><a href=\"https:\/\/astragal.cz\/index.php\/prakticke-rady-a-navody\/\">Praktick\u00e9 rady a n\u00e1vody<\/a><\/p>\n\n\n\n<p class=\"has-light-blue-color has-text-color\"><a href=\"https:\/\/astragal.cz\/index.php\/dalsi-temata\/\">Dal\u0161\u00ed t\u00e9mata<\/a><\/p>\n\n\n\n<p class=\"has-light-blue-color has-text-color\"><a href=\"https:\/\/astragal.cz\/index.php\/vlastni-vize-a-predtuchy-2006-2020\/\">Vlastn\u00ed vize a p\u0159edtuchy 2006 &#8211; 2020<\/a><\/p>\n","protected":false},"excerpt":{"rendered":"<p>Astr\u00e1ln\u00ed sv\u011bt Cesta k uzdraven\u00ed Osobn\u00ed rozvoj Pro Va\u0161i duchovn\u00ed cestu Praktick\u00e9 rady a n\u00e1vody Dal\u0161\u00ed t\u00e9mata Vlastn\u00ed vize a p\u0159edtuchy 2006 &#8211; 2020<\/p>\n","protected":false},"author":1,"featured_media":0,"parent":0,"menu_order":0,"comment_status":"closed","ping_status":"closed","template":"","meta":{"_mc_calendar":[],"footnotes":""},"class_list":["post-1174","page","type-page","status-publish","hentry"],"_links":{"self":[{"href":"https:\/\/astragal.cz\/index.php\/wp-json\/wp\/v2\/pages\/1174","targetHints":{"allow":["GET"]}}],"collection":[{"href":"https:\/\/astragal.cz\/index.php\/wp-json\/wp\/v2\/pages"}],"about":[{"href":"https:\/\/astragal.cz\/index.php\/wp-json\/wp\/v2\/types\/page"}],"author":[{"embeddable":true,"href":"https:\/\/astragal.cz\/index.php\/wp-json\/wp\/v2\/users\/1"}],"replies":[{"embeddable":true,"href":"https:\/\/astragal.cz\/index.php\/wp-json\/wp\/v2\/comments?post=1174"}],"version-history":[{"count":8,"href":"https:\/\/astragal.cz\/index.php\/wp-json\/wp\/v2\/pages\/1174\/revisions"}],"predecessor-version":[{"id":9838,"href":"https:\/\/astragal.cz\/index.php\/wp-json\/wp\/v2\/pages\/1174\/revisions\/9838"}],"wp:attachment":[{"href":"https:\/\/astragal.cz\/index.php\/wp-json\/wp\/v2\/media?parent=1174"}],"curies":[{"name":"wp","href":"https:\/\/api.w.org\/{rel}","templated":true}]}}