{"id":133,"date":"2020-05-02T20:53:47","date_gmt":"2020-05-02T19:53:47","guid":{"rendered":"http:\/\/astragal.cz\/?page_id=133"},"modified":"2022-09-09T09:30:40","modified_gmt":"2022-09-09T08:30:40","slug":"jak-jsem-se-k-teto-cinnosti-martina-dostala","status":"publish","type":"page","link":"https:\/\/astragal.cz\/index.php\/o-mne\/jak-jsem-se-k-teto-cinnosti-martina-dostala\/","title":{"rendered":"Jak se k t\u00e9to \u010dinnosti Martina dostala?"},"content":{"rendered":"\n<p>To, \u017ee se jednou ve sv\u00e9m \u017eivot\u011b budu v\u011bnovat pomoci druh\u00fdm, bylo zd\u00e1 se p\u0159edur\u010deno ji\u017e od m\u00e9ho narozen\u00ed. U\u017e jako malou hol\u010di\u010dku m\u011b na ulici jen tak zastavovali ciz\u00ed lid\u00e9 a sv\u011b\u0159ovali se mi se sv\u00fdmi nejosobn\u011bj\u0161\u00edmi probl\u00e9my. Ani\u017e bych v\u011bd\u011bla pro\u010d a jak, v\u017edy jsem jim dok\u00e1zala \u0159\u00edct v pravou chv\u00edli to, co pot\u0159ebovali pro jejich dal\u0161\u00ed cestu \u017eivotem.<\/p>\n\n\n\n<p>To mne \u010dasem zavedlo k touze se vzd\u011bl\u00e1vat v oblasti mezilidsk\u00fdch vztah\u016f, a proto jsem n\u00e1sledn\u011b z\u00edskala vzd\u011bl\u00e1n\u00ed v oblasti psychologie, soci\u00e1ln\u00ed pedagogiky a soci\u00e1ln\u00ed pr\u00e1ce.<\/p>\n\n\n\n<p>Krom\u011b toho, \u017ee se mi lid\u00e9 na potk\u00e1n\u00ed sv\u011b\u0159ovali se sv\u00fdmi probl\u00e9my a \u017e\u00e1dali mne o pomoc, m\u011bla jsem ji\u017e od ran\u00e9ho d\u011btstv\u00ed r\u016fzn\u00e1 zvl\u00e1\u0161tn\u00ed tu\u0161en\u00ed. Takov\u00e9 intuitivn\u00ed vhledy do situac\u00ed, u kter\u00fdch jsem dok\u00e1zala p\u0159edv\u00eddat jak dopadnou. Rovn\u011b\u017e jsem u n\u011bkoho samovoln\u011b poznala, \u017ee je nemocn\u00fd \u010di m\u00e1 n\u011bjak\u00fd jin\u00fd blok. Byla jsem schopna vid\u011bt v\u011bci, kter\u00e9 jin\u00ed nevid\u011bli, \u010di si je neum\u011bli v prostoru \u201ena\u010d\u00edst\u201c (nemoci, ztr\u00e1tu bl\u00edzk\u00e9ho, negativn\u00ed n\u00e1nosy energi\u00ed, du\u0161e zem\u0159el\u00fdch, energetick\u00e9 poz\u016fstatky prob\u011bhl\u00fdch situac\u00ed apod.).<\/p>\n\n\n\n<p>Tato tu\u0161en\u00ed m\u011b v pr\u016fb\u011bhu \u010dasu donutila s touto svoji str\u00e1nkou osobnosti c\u00edlen\u011b pracovat, abych ji dok\u00e1zala pochopit a porozum\u011bt tomu, pro\u010d se mi takov\u00e9 v\u011bci d\u011bj\u00ed a jak\u00fd to m\u00e1 \u00fa\u010del. L\u00e9ta jsem studovala knihy s r\u016fznorodou alternativn\u00ed t\u00e9matikou, intenzivn\u011b jsem na sob\u011b pracovala pod veden\u00edm zku\u0161en\u011bj\u0161\u00edch a cvi\u010dila se ve schopnostech intuitivn\u00edho porozum\u011bn\u00ed stavu \u010dlov\u011bka \u010di situace.<\/p>\n\n\n\n<p>Postupem \u010dasu jsem za\u010dala p\u0159i sv\u00e9 pr\u00e1ci ve st\u00e1tn\u00ed sf\u00e9\u0159e pom\u00e1hat lidem v m\u00e9m okol\u00ed, kte\u0159\u00ed mne o pomoc c\u00edlen\u011b po\u017e\u00e1dali. M\u00e1 \u010dinnost se postupn\u011b roz\u0161i\u0159ovala, a\u017e jsem se v roce 2009 za\u010dala sv\u00e9mu posl\u00e1n\u00ed v\u011bnovat naplno. <\/p>\n\n\n\n<p>Pochopila a p\u0159ijala jsem, \u017ee mi byl d\u00e1n dar schopnosti pomoci druh\u00fdm tam, kde to pot\u0159ebuj\u00ed a kde mnoz\u00ed jin\u00ed pomoci nemohou.<\/p>\n\n\n\n<p>Osud mi dop\u0159\u00e1l tu mo\u017enost potkat s l\u00e9\u010diteli a diagnostiky ze star\u00e9 gardy a jin\u00fdmi odborn\u00edky (Ing. Ale\u0161 Rumler, Franti\u0161ek Bejd\u00e1k, Bohumil Jukl, PhDr. Marie \u0158\u00edhov\u00e1, Dr. Jana Brzobohat\u00e1), z nich\u017e n\u011bkte\u0159\u00ed dlouhodob\u011b spolupracovali s legend\u00e1rn\u00edmi l\u00e9\u010diteli jako byli p\u00e1ter Franti\u0161ek Ferda, Jind\u0159ich Paseka, Ing. Ji\u0159\u00ed Jan\u010da, J. A. Zentrich nebo Karel Ko\u017e\u00ed\u0161ek. <\/p>\n\n\n\n<p>V cest\u011b m\u00fdm posl\u00e1n\u00edm mne tak\u00e9 v mnoh\u00e9m posunulo u\u010den\u00ed Karla Ko\u017e\u00ed\u0161ka, MVDr. Josefa Sta\u0148ka a v neposledn\u00ed \u0159ad\u011b Josefa Zezulky. <\/p>\n\n\n\n<p class=\"has-blue-color has-text-color\">Zcela z\u00e1sadn\u00edm setk\u00e1n\u00edm pro mne bylo osudov\u00e9 setk\u00e1n\u00ed s l\u00e9\u010ditelem Franti\u0161kem Patlokou a spolupr\u00e1ce s l\u00e9\u010ditelem Janem \u0160vehl\u00e1kem. Oba jsou jedni z posledn\u00edch \u017eij\u00edc\u00edch \u017e\u00e1k\u016f l\u00e9\u010ditele Paseky, kter\u00e9 si pan Paseka pro p\u0159edan\u00ed l\u00e9\u010ditelsk\u00e9ho um\u011bn\u00ed p\u0159ed mnoha lety s\u00e1m vybral. <\/p>\n\n\n\n<p class=\"has-blue-color has-text-color\">Tito obdivuhodn\u00ed lid\u00e9 se \u010dasem stali m\u00fdmi bl\u00edzk\u00fdmi p\u0159\u00e1teli a po ov\u011b\u0159en\u00ed m\u00fdch schopnost\u00ed, m\u011b p\u0159edali mnoh\u00e1 moudra a znalosti, kter\u00e1 z\u00edskali p\u0159i jejich nelehk\u00e9 cest\u011b a za kter\u00e9 jim neskute\u010dn\u011b d\u011bkuji. Bez setk\u00e1n\u00ed s nimi by m\u016fj dal\u0161\u00ed duchovn\u00ed i l\u00e9\u010ditelsk\u00fd posun nebyl mo\u017en\u00fd.<\/p>\n\n\n\n<p>Do dne\u0161n\u00edho dne se m\u00e9 studium nezastavilo a nezastav\u00ed z\u0159ejm\u011b nikdy, nebo\u0165 je st\u00e1le kam ve v\u00fdvoji sv\u00e9 du\u0161e postupovat :-). <\/p>\n\n\n\n<p>B\u011bhem sv\u00e9 dosavadn\u00ed cesty jsem pochopila spoustu v\u011bc\u00ed, odnau\u010dila se m\u00edt strach a rozhodla se zasv\u011btit sv\u016fj \u017eivot pomoci t\u011bm, kte\u0159\u00ed uv\u00edzli nebo se ztratili v prostoru, v sob\u011b, ve sv\u011bt\u011b a pot\u0159ebuj\u00ed naj\u00edt cestu k sob\u011b nebo ke smyslu sv\u00e9ho byt\u00ed. <\/p>\n","protected":false},"excerpt":{"rendered":"<p>To, \u017ee se jednou ve sv\u00e9m \u017eivot\u011b budu v\u011bnovat pomoci druh\u00fdm, bylo zd\u00e1 se p\u0159edur\u010deno ji\u017e od m\u00e9ho narozen\u00ed. U\u017e jako malou hol\u010di\u010dku m\u011b na ulici jen tak zastavovali ciz\u00ed lid\u00e9 a sv\u011b\u0159ovali se mi se sv\u00fdmi nejosobn\u011bj\u0161\u00edmi probl\u00e9my. Ani\u017e bych v\u011bd\u011bla pro\u010d a jak, v\u017edy jsem jim dok\u00e1zala \u0159\u00edct v pravou chv\u00edli to, co [&hellip;]<\/p>\n","protected":false},"author":1,"featured_media":0,"parent":39,"menu_order":0,"comment_status":"closed","ping_status":"closed","template":"","meta":{"_mc_calendar":[],"footnotes":""},"class_list":["post-133","page","type-page","status-publish","hentry"],"_links":{"self":[{"href":"https:\/\/astragal.cz\/index.php\/wp-json\/wp\/v2\/pages\/133","targetHints":{"allow":["GET"]}}],"collection":[{"href":"https:\/\/astragal.cz\/index.php\/wp-json\/wp\/v2\/pages"}],"about":[{"href":"https:\/\/astragal.cz\/index.php\/wp-json\/wp\/v2\/types\/page"}],"author":[{"embeddable":true,"href":"https:\/\/astragal.cz\/index.php\/wp-json\/wp\/v2\/users\/1"}],"replies":[{"embeddable":true,"href":"https:\/\/astragal.cz\/index.php\/wp-json\/wp\/v2\/comments?post=133"}],"version-history":[{"count":58,"href":"https:\/\/astragal.cz\/index.php\/wp-json\/wp\/v2\/pages\/133\/revisions"}],"predecessor-version":[{"id":6629,"href":"https:\/\/astragal.cz\/index.php\/wp-json\/wp\/v2\/pages\/133\/revisions\/6629"}],"up":[{"embeddable":true,"href":"https:\/\/astragal.cz\/index.php\/wp-json\/wp\/v2\/pages\/39"}],"wp:attachment":[{"href":"https:\/\/astragal.cz\/index.php\/wp-json\/wp\/v2\/media?parent=133"}],"curies":[{"name":"wp","href":"https:\/\/api.w.org\/{rel}","templated":true}]}}