{"id":148,"date":"2020-05-02T20:59:04","date_gmt":"2020-05-02T19:59:04","guid":{"rendered":"http:\/\/astragal.cz\/?page_id=148"},"modified":"2026-01-31T19:36:08","modified_gmt":"2026-01-31T18:36:08","slug":"poselstvi-pro-vas","status":"publish","type":"page","link":"https:\/\/astragal.cz\/index.php\/poselstvi-pro-vas\/","title":{"rendered":"Poselstv\u00ed pro v\u00e1s"},"content":{"rendered":"\n<figure class=\"wp-block-image size-large\"><img loading=\"lazy\" decoding=\"async\" width=\"1024\" height=\"573\" src=\"https:\/\/astragal.cz\/wp-content\/uploads\/2026\/01\/ai-generated-9181026_1280-1024x573.png\" alt=\"\" class=\"wp-image-11428\" srcset=\"https:\/\/astragal.cz\/wp-content\/uploads\/2026\/01\/ai-generated-9181026_1280-1024x573.png 1024w, https:\/\/astragal.cz\/wp-content\/uploads\/2026\/01\/ai-generated-9181026_1280-300x168.png 300w, https:\/\/astragal.cz\/wp-content\/uploads\/2026\/01\/ai-generated-9181026_1280-768x430.png 768w, https:\/\/astragal.cz\/wp-content\/uploads\/2026\/01\/ai-generated-9181026_1280.png 1280w\" sizes=\"auto, (max-width: 1024px) 100vw, 1024px\" \/><\/figure>\n\n\n\n<p class=\"has-light-blue-color has-text-color\"><a href=\"https:\/\/astragal.cz\/index.php\/o-poselstvi\/\">O poselstv\u00ed<\/a><\/p>\n\n\n\n<p class=\"has-light-blue-color has-text-color\"><a href=\"https:\/\/astragal.cz\/index.php\/prehled-zasadnich-poselstvi\/\">D\u016fle\u017eit\u00e1 poselstv\u00ed z vy\u0161\u0161\u00edch sf\u00e9r<\/a><\/p>\n\n\n\n<p class=\"has-light-blue-color has-text-color\"><a href=\"https:\/\/astragal.cz\/index.php\/poselstvi-panny-marie\/\">Poselstv\u00ed Panny Marie<\/a><\/p>\n","protected":false},"excerpt":{"rendered":"<p>O poselstv\u00ed D\u016fle\u017eit\u00e1 poselstv\u00ed z vy\u0161\u0161\u00edch sf\u00e9r Poselstv\u00ed Panny Marie<\/p>\n","protected":false},"author":1,"featured_media":0,"parent":0,"menu_order":0,"comment_status":"closed","ping_status":"closed","template":"","meta":{"_mc_calendar":[],"footnotes":""},"class_list":["post-148","page","type-page","status-publish","hentry"],"_links":{"self":[{"href":"https:\/\/astragal.cz\/index.php\/wp-json\/wp\/v2\/pages\/148","targetHints":{"allow":["GET"]}}],"collection":[{"href":"https:\/\/astragal.cz\/index.php\/wp-json\/wp\/v2\/pages"}],"about":[{"href":"https:\/\/astragal.cz\/index.php\/wp-json\/wp\/v2\/types\/page"}],"author":[{"embeddable":true,"href":"https:\/\/astragal.cz\/index.php\/wp-json\/wp\/v2\/users\/1"}],"replies":[{"embeddable":true,"href":"https:\/\/astragal.cz\/index.php\/wp-json\/wp\/v2\/comments?post=148"}],"version-history":[{"count":41,"href":"https:\/\/astragal.cz\/index.php\/wp-json\/wp\/v2\/pages\/148\/revisions"}],"predecessor-version":[{"id":11429,"href":"https:\/\/astragal.cz\/index.php\/wp-json\/wp\/v2\/pages\/148\/revisions\/11429"}],"wp:attachment":[{"href":"https:\/\/astragal.cz\/index.php\/wp-json\/wp\/v2\/media?parent=148"}],"curies":[{"name":"wp","href":"https:\/\/api.w.org\/{rel}","templated":true}]}}