{"id":158,"date":"2020-05-02T21:02:54","date_gmt":"2020-05-02T20:02:54","guid":{"rendered":"http:\/\/astragal.cz\/?page_id=158"},"modified":"2022-04-01T08:43:07","modified_gmt":"2022-04-01T07:43:07","slug":"astralni-svet","status":"publish","type":"page","link":"https:\/\/astragal.cz\/index.php\/astralni-svet\/","title":{"rendered":"Astr\u00e1ln\u00ed sv\u011bt"},"content":{"rendered":"\n<p class=\"has-light-blue-color has-text-color\"><a href=\"https:\/\/astragal.cz\/index.php\/auricke-pole-cloveka-a-rizika-jeho-naruseni\/\">Aurick\u00e9 pole \u010dlov\u011bka a rizika jeho naru\u0161en\u00ed<\/a><\/p>\n\n\n\n<p class=\"has-light-blue-color has-text-color\"><a href=\"https:\/\/astragal.cz\/index.php\/duse-a-jejicho-odvod\/\">Du\u0161e a jejich odvod<\/a><\/p>\n\n\n\n<p class=\"has-light-blue-color has-text-color\"><a href=\"https:\/\/astragal.cz\/index.php\/negativni-energie-a-moznosti-ochrany-pred-ni\/\">Negativn\u00ed energie a mo\u017enosti ochrany p\u0159ed n\u00ed<\/a><\/p>\n\n\n\n<p class=\"has-light-blue-color has-text-color\"><a href=\"https:\/\/astragal.cz\/index.php\/temne-zle-sily-entity-astralni-bytosti-a-jejich-odvod\/\">Temn\u00e9 (zl\u00e9) s\u00edly, entity, astr\u00e1ln\u00ed bytosti a jejich odvod<\/a><\/p>\n\n\n\n<p class=\"has-light-blue-color has-text-color\"><a href=\"https:\/\/astragal.cz\/index.php\/demoni-jine-demonske-sily-a-jejich-odvod\/\">D\u00e9moni, jin\u00e9 d\u00e9monsk\u00e9 s\u00edly a jejich odvod<\/a><\/p>\n\n\n\n<p class=\"has-light-blue-color has-text-color\"><a href=\"https:\/\/astragal.cz\/index.php\/svetelne-bytosti-andele-a-bozsky-zdroj\/\">Sv\u011bteln\u00e9 bytosti, and\u011bl\u00e9 a Bo\u017esk\u00fd zdroj<\/a><\/p>\n\n\n\n<p class=\"has-light-blue-color has-text-color\"><a href=\"https:\/\/astragal.cz\/index.php\/svecena-voda\/\">Sv\u011bcen\u00e1 voda<\/a><\/p>\n\n\n\n<p class=\"has-light-blue-color has-text-color\"><a href=\"https:\/\/astragal.cz\/index.php\/karma-a-jeji-vyznam-v-nasem-zivote\/\">Karma a jej\u00ed v\u00fdznam v na\u0161em \u017eivot\u011b<\/a><\/p>\n\n\n\n<p class=\"has-light-blue-color has-text-color\"><a href=\"https:\/\/astragal.cz\/index.php\/kletby-prokleti-urknuti\/\">Kletby, proklet\u00ed, u\u0159knut\u00ed<\/a><\/p>\n\n\n\n<p class=\"has-light-blue-color has-text-color\"><a href=\"https:\/\/astragal.cz\/index.php\/o-magii\/\">O magii<\/a><\/p>\n","protected":false},"excerpt":{"rendered":"<p>Aurick\u00e9 pole \u010dlov\u011bka a rizika jeho naru\u0161en\u00ed Du\u0161e a jejich odvod Negativn\u00ed energie a mo\u017enosti ochrany p\u0159ed n\u00ed Temn\u00e9 (zl\u00e9) s\u00edly, entity, astr\u00e1ln\u00ed bytosti a jejich odvod D\u00e9moni, jin\u00e9 d\u00e9monsk\u00e9 s\u00edly a jejich odvod Sv\u011bteln\u00e9 bytosti, and\u011bl\u00e9 a Bo\u017esk\u00fd zdroj Sv\u011bcen\u00e1 voda Karma a jej\u00ed v\u00fdznam v na\u0161em \u017eivot\u011b Kletby, proklet\u00ed, u\u0159knut\u00ed O magii<\/p>\n","protected":false},"author":1,"featured_media":0,"parent":0,"menu_order":0,"comment_status":"closed","ping_status":"closed","template":"","meta":{"_mc_calendar":[],"footnotes":""},"class_list":["post-158","page","type-page","status-publish","hentry"],"_links":{"self":[{"href":"https:\/\/astragal.cz\/index.php\/wp-json\/wp\/v2\/pages\/158","targetHints":{"allow":["GET"]}}],"collection":[{"href":"https:\/\/astragal.cz\/index.php\/wp-json\/wp\/v2\/pages"}],"about":[{"href":"https:\/\/astragal.cz\/index.php\/wp-json\/wp\/v2\/types\/page"}],"author":[{"embeddable":true,"href":"https:\/\/astragal.cz\/index.php\/wp-json\/wp\/v2\/users\/1"}],"replies":[{"embeddable":true,"href":"https:\/\/astragal.cz\/index.php\/wp-json\/wp\/v2\/comments?post=158"}],"version-history":[{"count":15,"href":"https:\/\/astragal.cz\/index.php\/wp-json\/wp\/v2\/pages\/158\/revisions"}],"predecessor-version":[{"id":4027,"href":"https:\/\/astragal.cz\/index.php\/wp-json\/wp\/v2\/pages\/158\/revisions\/4027"}],"wp:attachment":[{"href":"https:\/\/astragal.cz\/index.php\/wp-json\/wp\/v2\/media?parent=158"}],"curies":[{"name":"wp","href":"https:\/\/api.w.org\/{rel}","templated":true}]}}