{"id":160,"date":"2020-05-02T21:03:15","date_gmt":"2020-05-02T20:03:15","guid":{"rendered":"http:\/\/astragal.cz\/?page_id=160"},"modified":"2024-05-02T07:42:03","modified_gmt":"2024-05-02T06:42:03","slug":"archiv-poselstvi","status":"publish","type":"page","link":"https:\/\/astragal.cz\/index.php\/archiv-poselstvi\/","title":{"rendered":"Archiv poselstv\u00ed"},"content":{"rendered":"\n<p class=\"has-light-blue-color has-text-color\"><a href=\"https:\/\/astragal.cz\/index.php\/prehled-poselstvi-2023\/\">Poselstv\u00ed pro rok 2023<\/a><\/p>\n\n\n\n<p class=\"has-light-blue-color has-text-color\"><a href=\"https:\/\/astragal.cz\/index.php\/poselstvi-na-rok-2022\/\">Poselstv\u00ed pro rok 2022<\/a><\/p>\n\n\n\n<p class=\"has-light-blue-color has-text-color\"><a href=\"https:\/\/astragal.cz\/index.php\/poselstvi-na-rok-2021\/\" data-type=\"URL\">Poselstv\u00ed na rok 2021<\/a><\/p>\n\n\n\n<p class=\"has-light-blue-color has-text-color\"><a href=\"https:\/\/astragal.cz\/index.php\/poselstvi-pro-rok-2020\/\">Poselstv\u00ed na rok 2020<\/a><\/p>\n\n\n\n<p class=\"has-light-blue-color has-text-color\"><a href=\"https:\/\/astragal.cz\/index.php\/poselstvi-na-rok-2019\/\">Poselstv\u00ed na rok 2019<\/a><\/p>\n\n\n\n<p class=\"has-light-blue-color has-text-color\"><a href=\"https:\/\/astragal.cz\/index.php\/poselstvi-na-rok-2018\/\">Poselstv\u00ed na rok 2018<\/a><\/p>\n\n\n\n<p class=\"has-light-blue-color has-text-color\"><a href=\"https:\/\/astragal.cz\/index.php\/poselstvi-na-rok-2017\/\">Poselstv\u00ed na rok 2017<\/a><\/p>\n\n\n\n<p class=\"has-light-blue-color has-text-color\"><a href=\"https:\/\/astragal.cz\/index.php\/poselstvi-na-rok-2016\/\">Poselstv\u00ed na rok 2016<\/a><\/p>\n\n\n\n<p class=\"has-light-blue-color has-text-color\"><a href=\"https:\/\/astragal.cz\/index.php\/poselstvi-na-rok-2014\/\">Poselstv\u00ed na rok 2014<\/a><\/p>\n\n\n\n<p class=\"has-light-blue-color has-text-color\"><a href=\"https:\/\/astragal.cz\/index.php\/poselstvi-na-rok-2013\/\">Poselstv\u00ed na rok 2013<\/a><\/p>\n\n\n\n<p class=\"has-light-blue-color has-text-color\"><a href=\"https:\/\/astragal.cz\/index.php\/poselstvi-na-rok-2012\/\">Poselstv\u00ed na rok 2012<\/a><\/p>\n\n\n\n<p class=\"has-light-blue-color has-text-color\"><\/p>\n\n\n\n<p class=\"has-light-blue-color has-text-color\"><\/p>\n\n\n\n<p class=\"has-light-blue-color has-text-color\"><\/p>\n\n\n\n<p class=\"has-light-blue-color has-text-color\"><\/p>\n\n\n\n<p class=\"has-light-blue-color has-text-color\"><\/p>\n\n\n\n<p class=\"has-light-blue-color has-text-color\"><\/p>\n\n\n\n<p class=\"has-light-blue-color has-text-color\"><\/p>\n","protected":false},"excerpt":{"rendered":"<p>Poselstv\u00ed pro rok 2023 Poselstv\u00ed pro rok 2022 Poselstv\u00ed na rok 2021 Poselstv\u00ed na rok 2020 Poselstv\u00ed na rok 2019 Poselstv\u00ed na rok 2018 Poselstv\u00ed na rok 2017 Poselstv\u00ed na rok 2016 Poselstv\u00ed na rok 2014 Poselstv\u00ed na rok 2013 Poselstv\u00ed na rok 2012<\/p>\n","protected":false},"author":1,"featured_media":0,"parent":0,"menu_order":0,"comment_status":"closed","ping_status":"closed","template":"","meta":{"_mc_calendar":[],"footnotes":""},"class_list":["post-160","page","type-page","status-publish","hentry"],"_links":{"self":[{"href":"https:\/\/astragal.cz\/index.php\/wp-json\/wp\/v2\/pages\/160","targetHints":{"allow":["GET"]}}],"collection":[{"href":"https:\/\/astragal.cz\/index.php\/wp-json\/wp\/v2\/pages"}],"about":[{"href":"https:\/\/astragal.cz\/index.php\/wp-json\/wp\/v2\/types\/page"}],"author":[{"embeddable":true,"href":"https:\/\/astragal.cz\/index.php\/wp-json\/wp\/v2\/users\/1"}],"replies":[{"embeddable":true,"href":"https:\/\/astragal.cz\/index.php\/wp-json\/wp\/v2\/comments?post=160"}],"version-history":[{"count":18,"href":"https:\/\/astragal.cz\/index.php\/wp-json\/wp\/v2\/pages\/160\/revisions"}],"predecessor-version":[{"id":9191,"href":"https:\/\/astragal.cz\/index.php\/wp-json\/wp\/v2\/pages\/160\/revisions\/9191"}],"wp:attachment":[{"href":"https:\/\/astragal.cz\/index.php\/wp-json\/wp\/v2\/media?parent=160"}],"curies":[{"name":"wp","href":"https:\/\/api.w.org\/{rel}","templated":true}]}}