{"id":199,"date":"2020-05-03T14:41:25","date_gmt":"2020-05-03T13:41:25","guid":{"rendered":"http:\/\/astragal.cz\/?page_id=199"},"modified":"2023-03-29T08:36:44","modified_gmt":"2023-03-29T07:36:44","slug":"astragal-pomaha","status":"publish","type":"page","link":"https:\/\/astragal.cz\/index.php\/astragal-pomaha\/","title":{"rendered":"ASTRAGAL pom\u00e1h\u00e1"},"content":{"rendered":"\n<p class=\"has-text-align-left has-blue-color has-text-color\"><a href=\"https:\/\/astragal.cz\/index.php\/projekty-ktere-podporujeme\/\">Projekty, kter\u00e9 podporujeme<\/a><\/p>\n\n\n\n<p><a href=\"https:\/\/astragal.cz\/index.php\/modlitebni-a-meditacni-skupinka-astragal\/\">Modlitebn\u00ed a medita\u010dn\u00ed skupinka ASTRAGAL<\/a><\/p>\n","protected":false},"excerpt":{"rendered":"<p>Projekty, kter\u00e9 podporujeme Modlitebn\u00ed a medita\u010dn\u00ed skupinka ASTRAGAL<\/p>\n","protected":false},"author":1,"featured_media":0,"parent":0,"menu_order":0,"comment_status":"closed","ping_status":"closed","template":"","meta":{"_mc_calendar":[],"footnotes":""},"class_list":["post-199","page","type-page","status-publish","hentry"],"_links":{"self":[{"href":"https:\/\/astragal.cz\/index.php\/wp-json\/wp\/v2\/pages\/199","targetHints":{"allow":["GET"]}}],"collection":[{"href":"https:\/\/astragal.cz\/index.php\/wp-json\/wp\/v2\/pages"}],"about":[{"href":"https:\/\/astragal.cz\/index.php\/wp-json\/wp\/v2\/types\/page"}],"author":[{"embeddable":true,"href":"https:\/\/astragal.cz\/index.php\/wp-json\/wp\/v2\/users\/1"}],"replies":[{"embeddable":true,"href":"https:\/\/astragal.cz\/index.php\/wp-json\/wp\/v2\/comments?post=199"}],"version-history":[{"count":28,"href":"https:\/\/astragal.cz\/index.php\/wp-json\/wp\/v2\/pages\/199\/revisions"}],"predecessor-version":[{"id":7865,"href":"https:\/\/astragal.cz\/index.php\/wp-json\/wp\/v2\/pages\/199\/revisions\/7865"}],"wp:attachment":[{"href":"https:\/\/astragal.cz\/index.php\/wp-json\/wp\/v2\/media?parent=199"}],"curies":[{"name":"wp","href":"https:\/\/api.w.org\/{rel}","templated":true}]}}