{"id":2,"date":"2020-01-27T14:55:10","date_gmt":"2020-01-27T13:55:10","guid":{"rendered":"http:\/\/astragal.cz\/?page_id=2"},"modified":"2026-01-31T19:40:14","modified_gmt":"2026-01-31T18:40:14","slug":"cim-se-martina-zabyva","status":"publish","type":"page","link":"https:\/\/astragal.cz\/index.php\/cim-se-martina-zabyva\/","title":{"rendered":"\u010c\u00edm se Martina zab\u00fdv\u00e1"},"content":{"rendered":"<div class=\"wp-block-image\">\n<figure class=\"aligncenter size-large\"><img loading=\"lazy\" decoding=\"async\" width=\"1024\" height=\"512\" src=\"https:\/\/astragal.cz\/wp-content\/uploads\/2026\/01\/1231-1024x512.jpg\" alt=\"\" class=\"wp-image-11433\" srcset=\"https:\/\/astragal.cz\/wp-content\/uploads\/2026\/01\/1231-1024x512.jpg 1024w, https:\/\/astragal.cz\/wp-content\/uploads\/2026\/01\/1231-300x150.jpg 300w, https:\/\/astragal.cz\/wp-content\/uploads\/2026\/01\/1231-768x384.jpg 768w, https:\/\/astragal.cz\/wp-content\/uploads\/2026\/01\/1231-1536x768.jpg 1536w, https:\/\/astragal.cz\/wp-content\/uploads\/2026\/01\/1231-2048x1024.jpg 2048w\" sizes=\"auto, (max-width: 1024px) 100vw, 1024px\" \/><\/figure><\/div>\n\n\n<p class=\"has-blue-color has-text-color has-link-color wp-elements-36d9577f739d58bcb0608e9e70cc645f\"><a href=\"https:\/\/astragal.cz\/index.php\/kdo-jsem\/\">Kdo jsem <\/a><\/p>\n\n\n\n<p class=\"has-blue-color has-text-color has-link-color wp-elements-01047ae82cdd930adf51a16c2004d169\"><a href=\"https:\/\/astragal.cz\/index.php\/diagnostika-a-leceni\/\">Diagnostika a l\u00e9\u010den\u00ed<\/a><\/p>\n\n\n\n<p class=\"has-blue-color has-text-color has-link-color wp-elements-e4a59e31739d35531c8be9420755872d\"><a href=\"https:\/\/astragal.cz\/index.php\/prace-s-energetickym-polem-cloveka\/\">Pr\u00e1ce s energetick\u00fdm polem \u010dlov\u011bka<\/a><\/p>\n\n\n\n<p class=\"has-blue-color has-text-color has-link-color wp-elements-3906400d3deafadc40db9076ea0c3580\"><a href=\"https:\/\/astragal.cz\/index.php\/prace-s-kartami\/\">Pr\u00e1ce s kartami<\/a><\/p>\n\n\n\n<p class=\"has-blue-color has-text-color has-link-color wp-elements-e0fb465ced08d1df8e6ba2b382a81744\"><a href=\"https:\/\/astragal.cz\/index.php\/kombinace-ukonu-aneb-program-na-miru\/\">Kombinace \u00fakon\u016f aneb Program na m\u00edru<\/a><\/p>\n\n\n\n<p class=\"has-blue-color has-text-color has-link-color wp-elements-cfd29e4bcc12c3172a8a5f1d3df99eb7\"><a href=\"https:\/\/astragal.cz\/index.php\/poukaz-astragal\/\">Poukaz ASTRAGAL<\/a><\/p>\n\n\n\n<p class=\"has-light-blue-color has-text-color\"><\/p>\n","protected":false},"excerpt":{"rendered":"<p>Kdo jsem Diagnostika a l\u00e9\u010den\u00ed Pr\u00e1ce s energetick\u00fdm polem \u010dlov\u011bka Pr\u00e1ce s kartami Kombinace \u00fakon\u016f aneb Program na m\u00edru Poukaz ASTRAGAL<\/p>\n","protected":false},"author":1,"featured_media":0,"parent":0,"menu_order":0,"comment_status":"closed","ping_status":"closed","template":"","meta":{"_mc_calendar":[],"footnotes":""},"class_list":["post-2","page","type-page","status-publish","hentry"],"_links":{"self":[{"href":"https:\/\/astragal.cz\/index.php\/wp-json\/wp\/v2\/pages\/2","targetHints":{"allow":["GET"]}}],"collection":[{"href":"https:\/\/astragal.cz\/index.php\/wp-json\/wp\/v2\/pages"}],"about":[{"href":"https:\/\/astragal.cz\/index.php\/wp-json\/wp\/v2\/types\/page"}],"author":[{"embeddable":true,"href":"https:\/\/astragal.cz\/index.php\/wp-json\/wp\/v2\/users\/1"}],"replies":[{"embeddable":true,"href":"https:\/\/astragal.cz\/index.php\/wp-json\/wp\/v2\/comments?post=2"}],"version-history":[{"count":127,"href":"https:\/\/astragal.cz\/index.php\/wp-json\/wp\/v2\/pages\/2\/revisions"}],"predecessor-version":[{"id":11434,"href":"https:\/\/astragal.cz\/index.php\/wp-json\/wp\/v2\/pages\/2\/revisions\/11434"}],"wp:attachment":[{"href":"https:\/\/astragal.cz\/index.php\/wp-json\/wp\/v2\/media?parent=2"}],"curies":[{"name":"wp","href":"https:\/\/api.w.org\/{rel}","templated":true}]}}