{"id":219,"date":"2020-05-03T15:46:00","date_gmt":"2020-05-03T14:46:00","guid":{"rendered":"http:\/\/astragal.cz\/?page_id=219"},"modified":"2025-03-23T13:06:09","modified_gmt":"2025-03-23T12:06:09","slug":"osobni-rozvoj","status":"publish","type":"page","link":"https:\/\/astragal.cz\/index.php\/osobni-rozvoj\/","title":{"rendered":"Osobn\u00ed rozvoj"},"content":{"rendered":"\n<p class=\"has-light-blue-color has-text-color\"><a href=\"https:\/\/astragal.cz\/index.php\/boj-o-moc-a-energetickou-prevahu\/\">Boj o moc a energetickou p\u0159evahu<\/a><\/p>\n\n\n\n<p class=\"has-light-blue-color has-text-color\"><a href=\"https:\/\/astragal.cz\/index.php\/o-pozitivnim-mysleni-afirmace-a-zmena-mysleni\/\">O pozitivn\u00edm my\u0161len\u00ed: afirmace a zm\u011bna my\u0161len\u00ed<\/a><\/p>\n\n\n\n<p class=\"has-light-blue-color has-text-color\"><a href=\"https:\/\/astragal.cz\/index.php\/prace-s-intuici\/\">Pr\u00e1ce s intuic\u00ed<\/a><\/p>\n\n\n\n<p class=\"has-light-blue-color has-text-color\"><a href=\"https:\/\/astragal.cz\/index.php\/focusing\/\">Focusing<\/a><\/p>\n\n\n\n<p class=\"has-light-blue-color has-text-color\"><a href=\"https:\/\/astragal.cz\/index.php\/o-regresni-terapii\/\">O regresn\u00ed terapii<\/a><\/p>\n\n\n\n<p class=\"has-light-blue-color has-text-color\"><a href=\"https:\/\/astragal.cz\/index.php\/zvysovani-vibraci-a-energie-v-nas\/\">Zvy\u0161ov\u00e1n\u00ed vibrac\u00ed a energie v n\u00e1s<\/a><\/p>\n","protected":false},"excerpt":{"rendered":"<p>Boj o moc a energetickou p\u0159evahu O pozitivn\u00edm my\u0161len\u00ed: afirmace a zm\u011bna my\u0161len\u00ed Pr\u00e1ce s intuic\u00ed Focusing O regresn\u00ed terapii Zvy\u0161ov\u00e1n\u00ed vibrac\u00ed a energie v n\u00e1s<\/p>\n","protected":false},"author":1,"featured_media":0,"parent":0,"menu_order":0,"comment_status":"closed","ping_status":"closed","template":"","meta":{"_mc_calendar":[],"footnotes":""},"class_list":["post-219","page","type-page","status-publish","hentry"],"_links":{"self":[{"href":"https:\/\/astragal.cz\/index.php\/wp-json\/wp\/v2\/pages\/219","targetHints":{"allow":["GET"]}}],"collection":[{"href":"https:\/\/astragal.cz\/index.php\/wp-json\/wp\/v2\/pages"}],"about":[{"href":"https:\/\/astragal.cz\/index.php\/wp-json\/wp\/v2\/types\/page"}],"author":[{"embeddable":true,"href":"https:\/\/astragal.cz\/index.php\/wp-json\/wp\/v2\/users\/1"}],"replies":[{"embeddable":true,"href":"https:\/\/astragal.cz\/index.php\/wp-json\/wp\/v2\/comments?post=219"}],"version-history":[{"count":8,"href":"https:\/\/astragal.cz\/index.php\/wp-json\/wp\/v2\/pages\/219\/revisions"}],"predecessor-version":[{"id":10448,"href":"https:\/\/astragal.cz\/index.php\/wp-json\/wp\/v2\/pages\/219\/revisions\/10448"}],"wp:attachment":[{"href":"https:\/\/astragal.cz\/index.php\/wp-json\/wp\/v2\/media?parent=219"}],"curies":[{"name":"wp","href":"https:\/\/api.w.org\/{rel}","templated":true}]}}