{"id":221,"date":"2020-05-03T15:46:23","date_gmt":"2020-05-03T14:46:23","guid":{"rendered":"http:\/\/astragal.cz\/?page_id=221"},"modified":"2021-10-25T08:38:45","modified_gmt":"2021-10-25T07:38:45","slug":"pro-vasi-duchovni-cestu","status":"publish","type":"page","link":"https:\/\/astragal.cz\/index.php\/pro-vasi-duchovni-cestu\/","title":{"rendered":"Pro Va\u0161i duchovn\u00ed cestu"},"content":{"rendered":"\n<p class=\"has-light-blue-color has-text-color\"><a href=\"https:\/\/astragal.cz\/index.php\/zakony-zivota-vesmirne-zakony\/\">Z\u00e1kony \u017eivota &#8211; vesm\u00edrn\u00e9 z\u00e1kony<\/a><\/p>\n\n\n\n<p class=\"has-light-blue-color has-text-color\"><a href=\"https:\/\/astragal.cz\/index.php\/pravidla-duchovni-rovnovahy\/\">Pravidla duchovn\u00ed rovnov\u00e1hy<\/a><\/p>\n\n\n\n<p class=\"has-light-blue-color has-text-color\"><a href=\"https:\/\/astragal.cz\/index.php\/faze-duchovniho-vyvoje\/\">F\u00e1ze duchovn\u00edho v\u00fdvoje<\/a><\/p>\n\n\n\n<p class=\"has-light-blue-color has-text-color\"><a href=\"https:\/\/astragal.cz\/index.php\/podstata-naseho-byti\/\">Podstata na\u0161eho byt\u00ed<\/a><\/p>\n\n\n\n<p class=\"has-light-blue-color has-text-color\"><a href=\"https:\/\/astragal.cz\/index.php\/cesta-k-sobe\/\">Cesta k sob\u011b<\/a><\/p>\n\n\n\n<p class=\"has-light-blue-color has-text-color\"><a href=\"https:\/\/astragal.cz\/index.php\/nabozenske-smery-kde-je-pravda\/\">N\u00e1bo\u017eensk\u00e9 sm\u011bry &#8211; kde je pravda<\/a><\/p>\n\n\n\n<p class=\"has-light-blue-color has-text-color\"><a href=\"https:\/\/astragal.cz\/index.php\/jak-poznat-kvalitni-informace\/\">Jak poznat kvalitn\u00ed informace<\/a><\/p>\n\n\n\n<p class=\"has-light-blue-color has-text-color\"><a href=\"https:\/\/astragal.cz\/index.php\/jak-se-orientovat-na-duchovni-ceste-a-jake-jsou-jeji-faze\/\">Jak se orientovat na duchovn\u00ed cest\u011b a jak\u00e9 jsou jej\u00ed f\u00e1ze<\/a><\/p>\n\n\n\n<p class=\"has-light-blue-color has-text-color\"><a href=\"https:\/\/astragal.cz\/index.php\/otazka-daru-schopnosti-duchovni-prace\/\">Ot\u00e1zka daru schopnost\u00ed duchovn\u00ed pr\u00e1ce<\/a><\/p>\n\n\n\n<p class=\"has-light-blue-color has-text-color\"><a href=\"https:\/\/astragal.cz\/index.php\/zneuziti-daru\/\">Zneu\u017eit\u00ed daru<\/a><\/p>\n\n\n\n<p class=\"has-light-blue-color has-text-color\"><a href=\"https:\/\/astragal.cz\/index.php\/metody-duchovni-prace\/\">Metody duchovn\u00ed pr\u00e1ce<\/a><\/p>\n\n\n\n<p class=\"has-light-blue-color has-text-color\"><a href=\"https:\/\/astragal.cz\/index.php\/uzemneni-tela-a-duse\/\">Uzemn\u011bn\u00ed t\u011bla a du\u0161e<\/a><\/p>\n\n\n\n<p class=\"has-light-blue-color has-text-color\"><a href=\"https:\/\/astragal.cz\/index.php\/prace-s-energii\/\">Pr\u00e1ce s energi\u00ed<\/a><\/p>\n\n\n\n<p class=\"has-light-blue-color has-text-color\"><a href=\"https:\/\/astragal.cz\/index.php\/cisteni-prostoru\/\">\u010ci\u0161t\u011bn\u00ed prostoru<\/a><\/p>\n\n\n\n<p class=\"has-light-blue-color has-text-color\"><a href=\"https:\/\/astragal.cz\/index.php\/rizika-prace-s-energiemi-v-astralni-rovine\/\">Rizika pr\u00e1ce s energiemi v astr\u00e1ln\u00ed rovin\u011b<\/a><\/p>\n\n\n\n<p class=\"has-light-blue-color has-text-color\"><a href=\"https:\/\/astragal.cz\/index.php\/duchovni-rovina-ucitele-a-zaci\/\">Duchovn\u00ed rovina &#8211; u\u010ditel\u00e9 a \u017e\u00e1ci<\/a><\/p>\n\n\n\n<p class=\"has-light-blue-color has-text-color\"><a href=\"https:\/\/astragal.cz\/index.php\/light-workers-pracovnici-svetla\/\">Light workers &#8211; pracovn\u00edci sv\u011btla<\/a><\/p>\n\n\n\n<p class=\"has-light-blue-color has-text-color\"><a href=\"https:\/\/astragal.cz\/index.php\/co-se-s-nami-nyni-deje-a-proc\/\">Co se s n\u00e1mi nyn\u00ed d\u011bje a pro\u010d<\/a><\/p>\n\n\n\n<p class=\"has-light-blue-color has-text-color\"><a href=\"https:\/\/astragal.cz\/index.php\/k-transformaci-vibraci\/\">K transformaci vibrac\u00ed<\/a><\/p>\n","protected":false},"excerpt":{"rendered":"<p>Z\u00e1kony \u017eivota &#8211; vesm\u00edrn\u00e9 z\u00e1kony Pravidla duchovn\u00ed rovnov\u00e1hy F\u00e1ze duchovn\u00edho v\u00fdvoje Podstata na\u0161eho byt\u00ed Cesta k sob\u011b N\u00e1bo\u017eensk\u00e9 sm\u011bry &#8211; kde je pravda Jak poznat kvalitn\u00ed informace Jak se orientovat na duchovn\u00ed cest\u011b a jak\u00e9 jsou jej\u00ed f\u00e1ze Ot\u00e1zka daru schopnost\u00ed duchovn\u00ed pr\u00e1ce Zneu\u017eit\u00ed daru Metody duchovn\u00ed pr\u00e1ce Uzemn\u011bn\u00ed t\u011bla a du\u0161e Pr\u00e1ce s energi\u00ed [&hellip;]<\/p>\n","protected":false},"author":1,"featured_media":0,"parent":0,"menu_order":0,"comment_status":"closed","ping_status":"closed","template":"","meta":{"_mc_calendar":[],"footnotes":""},"class_list":["post-221","page","type-page","status-publish","hentry"],"_links":{"self":[{"href":"https:\/\/astragal.cz\/index.php\/wp-json\/wp\/v2\/pages\/221","targetHints":{"allow":["GET"]}}],"collection":[{"href":"https:\/\/astragal.cz\/index.php\/wp-json\/wp\/v2\/pages"}],"about":[{"href":"https:\/\/astragal.cz\/index.php\/wp-json\/wp\/v2\/types\/page"}],"author":[{"embeddable":true,"href":"https:\/\/astragal.cz\/index.php\/wp-json\/wp\/v2\/users\/1"}],"replies":[{"embeddable":true,"href":"https:\/\/astragal.cz\/index.php\/wp-json\/wp\/v2\/comments?post=221"}],"version-history":[{"count":25,"href":"https:\/\/astragal.cz\/index.php\/wp-json\/wp\/v2\/pages\/221\/revisions"}],"predecessor-version":[{"id":5014,"href":"https:\/\/astragal.cz\/index.php\/wp-json\/wp\/v2\/pages\/221\/revisions\/5014"}],"wp:attachment":[{"href":"https:\/\/astragal.cz\/index.php\/wp-json\/wp\/v2\/media?parent=221"}],"curies":[{"name":"wp","href":"https:\/\/api.w.org\/{rel}","templated":true}]}}