{"id":223,"date":"2020-05-03T15:46:46","date_gmt":"2020-05-03T14:46:46","guid":{"rendered":"http:\/\/astragal.cz\/?page_id=223"},"modified":"2023-07-07T18:26:44","modified_gmt":"2023-07-07T17:26:44","slug":"svecena-voda","status":"publish","type":"page","link":"https:\/\/astragal.cz\/index.php\/svecena-voda\/","title":{"rendered":"Sv\u011bcen\u00e1 voda"},"content":{"rendered":"<div class=\"wp-block-image\">\n<figure class=\"aligncenter size-large is-resized\"><img loading=\"lazy\" decoding=\"async\" src=\"https:\/\/astragal.cz\/wp-content\/uploads\/2020\/05\/voda.jpg\" alt=\"\" class=\"wp-image-420\" width=\"408\" height=\"262\" srcset=\"https:\/\/astragal.cz\/wp-content\/uploads\/2020\/05\/voda.jpg 512w, https:\/\/astragal.cz\/wp-content\/uploads\/2020\/05\/voda-300x193.jpg 300w\" sizes=\"auto, (max-width: 408px) 100vw, 408px\" \/><\/figure><\/div>\n\n\n<p class=\"has-text-align-center has-blue-color has-text-color has-small-font-size\"><a href=\"http:\/\/www.christnet.eu\/zpravy\/29811\/rusti_knezi_bojuji_proti_alkoholismu_litim_svecene_vody_z_letadla.url\" target=\"_blank\" rel=\"noreferrer noopener\" aria-label=\" (otev\u0159e se na nov\u00e9 z\u00e1lo\u017ece)\">http:\/\/www.christnet.eu\/zpravy\/29811\/rusti_knezi_bojuji_proti_alkoholismu_litim_svecene_vody_z_letadla.url<\/a><\/p>\n\n\n\n<p>Na internetu m\u016f\u017eete naj\u00edt n\u00e1vod(y), jak vyrobit sv\u011bcenou vodu, co\u017e pro mnoh\u00e9 je velk\u00fdm l\u00e1kadlem. D\u016eRAZN\u011a P\u0158ED T\u00cdMTO VARUJI A UPOZOR\u0147UJI, \u017dE POSV\u00c1TN\u00c1 VODA JE JEN JEDNA A TO TA, KTER\u00c1 BYLA \u0158\u00c1DN\u011a POSV\u011aCENA V KOSTELE.<\/p>\n\n\n\n<p>O tom, \u017ee voda je schopna do sebe p\u0159ij\u00edmat a udr\u017eovat vlo\u017een\u00e9 informace ji\u017e v dne\u0161n\u00ed dob\u011b nen\u00ed sporu. Asi nejv\u00edce tento fakt na ve\u0159ejnosti osv\u011btlil celosv\u011btov\u011b zn\u00e1m\u00fd autor Dr. Masaru Emoto, kter\u00fd vedl dlouholet\u00fd v\u00fdzkum vody a kter\u00fd ov\u011b\u0159iteln\u011b prok\u00e1zal, \u017ee voda m\u016f\u017ee b\u00fdt nositelem jak\u00e9koli informace, kterou do ni  vlo\u017e\u00edte. <\/p>\n\n\n\n<p><strong>Bli\u017e\u0161\u00ed informace o n\u011bm se m\u016f\u017eete do\u010d\u00edst zde:<\/strong><\/p>\n\n\n\n<p class=\"has-blue-color has-text-color\"><a href=\"https:\/\/www.epochtimes.cz\/2019\/07\/06\/vyzkum-tvary-krystalu-vody-se-meni-podle-toho-jak-k-ni-lide-mluvi\/.\" target=\"_blank\" rel=\"noreferrer noopener\" aria-label=\" (otev\u0159e se na nov\u00e9 z\u00e1lo\u017ece)\">https:\/\/www.epochtimes.cz\/2019\/07\/06\/vyzkum-tvary-krystalu-vody-se-meni-podle-toho-jak-k-ni-lide-mluvi\/.<\/a><\/p>\n\n\n\n<p>Vzhledem k tomu, \u017ee s\u00e1m \u010dlov\u011bk je ze 70% z vody, bychom si m\u011bli d\u00e1vat dobr\u00fd pozor, jak\u00e9 my\u0161lenky a pocit na\u0161i mysl\u00ed proch\u00e1z\u00ed. Ale vra\u0165me se zp\u011bt k t\u00e9matu sv\u011bcen\u00e9 vody.<\/p>\n\n\n\n<p><strong>Jak u\u017e jsme si \u0159ekli &#8211; Nen\u00ed sv\u011bcen\u00e1 voda, jako sv\u011bcen\u00e1 voda.<\/strong><\/p>\n\n\n\n<p>Pokud p\u0159ijmete sv\u011bcenou vodu z \u201epofid\u00e9rn\u00edho zdroje\u201c, m\u016f\u017ee se V\u00e1m tak\u00e9 st\u00e1t, \u017ee m\u00edsto aby V\u00e1m pomohla, dojede k prav\u00e9mu opaku. V\u017edy toti\u017e z\u00e1le\u017e\u00ed na \u010distot\u011b \u010dlov\u011bka, kter\u00fd iniciaci vody provedl a na zp\u016fsobu, jak\u00fdm to vykonal.<\/p>\n\n\n\n<p class=\"has-blue-color has-text-color\">Sv\u011bcen\u00e1 voda m\u00e1 neskute\u010dnou moc a s\u00edlu, ale mus\u00ed s n\u00ed b\u00fdt nakl\u00e1d\u00e1no s n\u00e1le\u017eit\u00fdm uv\u011bdom\u011bn\u00edm a \u00factou. Sou\u010dasn\u011b je tak\u00e9 nutno zm\u00ednit (jak \u0159ekl jeden zn\u00e1m\u00fd exorcista) &#8211; v\u0161echny prost\u0159edky, kter\u00e9 pou\u017eijeme (relikvie, sv\u011bcena voda, k\u0159\u00ed\u017e, modlitba apod.) nefunguj\u00ed sami o sob\u011b, ale jsou aktivov\u00e1ny na\u0161\u00ed v\u00edrou v n\u011b.<\/p>\n\n\n\n<p>Sv\u011bcen\u00e1 voda je vytvo\u0159ena na z\u00e1klad\u011b speci\u00e1ln\u011b pronesen\u00e9 a se\u0159azen\u00e9 modlitby, kter\u00e1 m\u00e1 sv\u016fj hlubok\u00fd smysl a ned\u00e1 se ni\u010d\u00edm nahradit. <\/p>\n\n\n\n<p class=\"has-blue-color has-text-color\"><strong>Bezpe\u010dn\u00e9 uchov\u00e1v\u00e1n\u00ed sv\u011bcen\u00e9 vody<\/strong><\/p>\n\n\n\n<p>Dobr\u00e9 je vz\u00edt si sebou speci\u00e1ln\u011b k tomu ur\u010denou n\u00e1dobku, do kter\u00e9 V\u00e1m bude sv\u011bcen\u00e1 voda v kostele panem spr\u00e1vcem \u010di far\u00e1\u0159em odlita.<\/p>\n\n\n\n<p>Ide\u00e1ln\u00ed je skladovat sv\u011bcenou vodu na temn\u00e9m m\u00edst\u011b bez slunce a ve vzd\u00e1lenosti od mobiln\u00edch telefon\u016f, po\u010d\u00edta\u010d\u016f, ledni\u010dek apod. (zkr\u00e1tka vyhnout se p\u0159\u00edm\u00e9mu elektromagnetick\u00e9mu z\u00e1\u0159en\u00ed).<\/p>\n\n\n\n<p>M\u016fj nejobl\u00edb\u011bn\u011bj\u0161\u00ed je kostel svat\u00e9ho Petra a Pavla na Petrov\u011b v Brn\u011b :-).<\/p>\n\n\n\n<p class=\"has-blue-color has-text-color\"><strong>Sv\u011bcenou vodu m\u016f\u017eete pou\u017e\u00edt, jak p\u0159i ochran\u011b a po\u017eehn\u00e1n\u00ed rodiny, sv\u00e9ho domova a sama sebe \u010di p\u0159ed negativn\u00edmi vlivy nebo ne\u017e\u00e1douc\u00edmi du\u0161emi.  <\/strong><\/p>\n","protected":false},"excerpt":{"rendered":"<p>http:\/\/www.christnet.eu\/zpravy\/29811\/rusti_knezi_bojuji_proti_alkoholismu_litim_svecene_vody_z_letadla.url Na internetu m\u016f\u017eete naj\u00edt n\u00e1vod(y), jak vyrobit sv\u011bcenou vodu, co\u017e pro mnoh\u00e9 je velk\u00fdm l\u00e1kadlem. D\u016eRAZN\u011a P\u0158ED T\u00cdMTO VARUJI A UPOZOR\u0147UJI, \u017dE POSV\u00c1TN\u00c1 VODA JE JEN JEDNA A TO TA, KTER\u00c1 BYLA \u0158\u00c1DN\u011a POSV\u011aCENA V KOSTELE. O tom, \u017ee voda je schopna do sebe p\u0159ij\u00edmat a udr\u017eovat vlo\u017een\u00e9 informace ji\u017e v dne\u0161n\u00ed dob\u011b nen\u00ed [&hellip;]<\/p>\n","protected":false},"author":1,"featured_media":0,"parent":0,"menu_order":0,"comment_status":"closed","ping_status":"closed","template":"","meta":{"_mc_calendar":[],"footnotes":""},"class_list":["post-223","page","type-page","status-publish","hentry"],"_links":{"self":[{"href":"https:\/\/astragal.cz\/index.php\/wp-json\/wp\/v2\/pages\/223","targetHints":{"allow":["GET"]}}],"collection":[{"href":"https:\/\/astragal.cz\/index.php\/wp-json\/wp\/v2\/pages"}],"about":[{"href":"https:\/\/astragal.cz\/index.php\/wp-json\/wp\/v2\/types\/page"}],"author":[{"embeddable":true,"href":"https:\/\/astragal.cz\/index.php\/wp-json\/wp\/v2\/users\/1"}],"replies":[{"embeddable":true,"href":"https:\/\/astragal.cz\/index.php\/wp-json\/wp\/v2\/comments?post=223"}],"version-history":[{"count":28,"href":"https:\/\/astragal.cz\/index.php\/wp-json\/wp\/v2\/pages\/223\/revisions"}],"predecessor-version":[{"id":8089,"href":"https:\/\/astragal.cz\/index.php\/wp-json\/wp\/v2\/pages\/223\/revisions\/8089"}],"wp:attachment":[{"href":"https:\/\/astragal.cz\/index.php\/wp-json\/wp\/v2\/media?parent=223"}],"curies":[{"name":"wp","href":"https:\/\/api.w.org\/{rel}","templated":true}]}}