{"id":238,"date":"2020-05-03T16:06:43","date_gmt":"2020-05-03T15:06:43","guid":{"rendered":"http:\/\/astragal.cz\/?page_id=238"},"modified":"2023-07-07T18:40:20","modified_gmt":"2023-07-07T17:40:20","slug":"kletby-prokleti-urknuti","status":"publish","type":"page","link":"https:\/\/astragal.cz\/index.php\/kletby-prokleti-urknuti\/","title":{"rendered":"Kletby, proklet\u00ed, u\u0159knut\u00ed"},"content":{"rendered":"\n<figure class=\"wp-block-image size-full\"><img loading=\"lazy\" decoding=\"async\" width=\"926\" height=\"478\" src=\"https:\/\/astragal.cz\/wp-content\/uploads\/2023\/07\/medaglia_fronte_retro.jpg\" alt=\"\" class=\"wp-image-8091\" srcset=\"https:\/\/astragal.cz\/wp-content\/uploads\/2023\/07\/medaglia_fronte_retro.jpg 926w, https:\/\/astragal.cz\/wp-content\/uploads\/2023\/07\/medaglia_fronte_retro-300x155.jpg 300w, https:\/\/astragal.cz\/wp-content\/uploads\/2023\/07\/medaglia_fronte_retro-768x396.jpg 768w\" sizes=\"auto, (max-width: 926px) 100vw, 926px\" \/><\/figure>\n\n\n\n<p class=\"has-text-align-center has-blue-color has-text-color has-small-font-size\"><a href=\"https:\/\/www.obnovy.sk\/medaila-sv-benedikta\/\">https:\/\/www.obnovy.sk\/medaila-sv-benedikta\/<\/a><\/p>\n\n\n\n<p>P\u0159edem je nutno upozornit, \u017ee toto t\u00e9ma je velmi \u0161irok\u00e9 a slo\u017eit\u00e9. Zde se zm\u00edn\u00edm o pouh\u00e9m z\u00e1kladu, kter\u00fd m\u00e1 slou\u017eit pro orientaci v problematice.<\/p>\n\n\n\n<p>P\u0159i diagnostice, zda prob\u00edh\u00e1 kletba, proklet\u00ed \u010di u\u0159knut\u00ed zejm\u00e9na z\u00e1le\u017e\u00ed na tom, s jakou kletbu, proklet\u00edm, u\u0159knut\u00edm \u010di o\u010darov\u00e1n\u00edm &#8222;m\u00e1te tu \u010dest&#8220;! Nejd\u0159\u00edve je nutn\u00e9 zjistit, zda je V\u00e1\u0161 pocit opodstatn\u011bn\u00fd a zp\u016fsoben\u00fd skute\u010dn\u011b prob\u00edhaj\u00edc\u00edm proklet\u00edm nebo zda se jedn\u00e1 jen o V\u00e1\u0161 subjektivn\u00ed pocit (tj. neda\u0159\u00ed se mi v \u017eivot\u011b nic, na\u0161\u00ed rodin\u011b se neda\u0159\u00ed, my snad mus\u00edme b\u00fdt proklet\u00ed\u2026).<\/p>\n\n\n\n<p>Kletby mohou b\u00fdt vysl\u00e1ny cvi\u010den\u00fdm m\u00e1gem \u010di pouze jedincem, kter\u00fd o jejich vysloven\u00ed a n\u00e1sledn\u00e9m p\u016fsoben\u00ed nem\u00e1 ani pon\u011bt\u00ed (nap\u0159. doty\u010dn\u00fd si pomysl\u00ed \u010di se v jeho mysli \u010dasto opakuje my\u0161lenka typu: k\u00e9\u017e by tu a tu osobu vzal \u010dert, a\u0165 si zlom\u00ed nohu, v\u0161ak oni o to pen\u00edze p\u0159ijdou aj.). <\/p>\n\n\n\n<p>Pozor na fakt, \u017ee ur\u010ditou formu kletby si m\u016f\u017eeme zp\u016fsobit i my sami, vysloven\u00ed negativn\u00edch verdikt\u016f o sv\u00e9 osob\u011b, na\u0161\u00ed budoucnosti \u010di o na\u0161ich bl\u00edzk\u00fdch nebo majetku. <\/p>\n\n\n\n<p class=\"has-blue-color has-text-color\"><strong>Je d\u016fle\u017eit\u00e9 si uv\u011bdomit a rozli\u0161ovat, \u017ee v glob\u00e1lu existuj\u00ed dva typy kleteb:<\/strong><\/p>\n\n\n\n<p><strong>KLETBA P\u0158\u00cdM\u00c1<\/strong><br> se vztahuje p\u0159\u00edmo a jedin\u011b na doty\u010dn\u00e9ho proklet\u00e9ho jedince na v\u0161echny jeho \u017eivoty (zp\u011bt i vp\u0159ed), ale tak\u00e9 na v\u011bc nebo m\u00edsto.<\/p>\n\n\n\n<p><strong>KLETBA RODOV\u00c1<\/strong><br> se vztahuje na v\u0161echny \u017eij\u00edc\u00ed a budouc\u00ed narozen\u00e9 \u010dleny onoho rodu (zp\u011bt i vp\u0159ed).<\/p>\n\n\n\n<p>D\u016fle\u017eit\u00e9 je tak\u00e9 rozli\u0161it, zda se jedn\u00e1 o z\u00e1t\u011b\u017e v rodov\u00e9 linii mu\u017esk\u00e9 nebo \u017eensk\u00e9.<\/p>\n\n\n\n<p>Velmi detailn\u011b se diagnostikou a \u0159e\u0161en\u00edm t\u011bchto kleteb a dal\u0161\u00edch paraleln\u011b s t\u00edmto souvisej\u00edc\u00edch zab\u00fdv\u00e1 velmi uzn\u00e1van\u00fd a v\u00e1\u017een\u00fd psychiatr a znalec energetick\u00fdch substanc\u00ed, pan MUDr. Teodor Rosinsk\u00fd, ve sv\u00e9 knize: Choroby z nen\u00e1visti, u\u0159knut\u00ed, o\u010darov\u00e1n\u00ed, proklet\u00ed.<\/p>\n\n\n\n<p>Tuto knihu si m\u016f\u017eete p\u0159ibl\u00ed\u017eit na t\u011bchto str\u00e1nk\u00e1ch:<\/p>\n\n\n\n<p class=\"has-blue-color has-text-color\"><a href=\"http:\/\/knihy.abz.cz\/prodej\/energoinformacni-system-cloveka-ve-zdravi-a-v-nemoci\" target=\"_blank\" rel=\"noreferrer noopener\" aria-label=\" (otev\u0159e se na nov\u00e9 z\u00e1lo\u017ece)\">http:\/\/knihy.abz.cz\/prodej\/energoinformacni-system-cloveka-ve-zdravi-a-v-nemoci<\/a><\/p>\n\n\n\n<p><strong>Je v z\u00e1sad\u011b jedno, zda se jedn\u00e1 o:<\/strong><\/p>\n\n\n\n<p>\u2022<strong><em> <\/em>proklet\u00ed <\/strong>(systematick\u00fd ritu\u00e1l maj\u00edc\u00ed za \u00fakol po\u0161kodit dan\u00e9ho jedince, v\u011bc \u010di m\u00edsto),<\/p>\n\n\n\n<p>\u2022 <strong>u\u0159knut\u00ed <\/strong>(c\u00edlen\u011b \u010di nev\u011bdom\u011b pronesen\u00fd verdikt toho, co chceme, aby se druh\u00e9mu stalo), <\/p>\n\n\n\n<p>\u2022 \u010di <strong>uhranut\u00ed<\/strong> (c\u00edlen\u011b zam\u011b\u0159en\u00e9 energetick\u00e9 ovl\u00e1dan\u00ed druh\u00e9ho jedince za pou\u017eit\u00ed sv\u00e9 v\u016fle a s\u00edly o\u010dn\u00edho kontaktu, d\u00edky kter\u00e9mu se dostaneme do du\u0161e p\u0159\u00edtomn\u00e9ho a n\u00e1siln\u011b ovlivn\u00edme jeho v\u016fli).<\/p>\n\n\n\n<p><strong>V\u00fdsledek je v\u017edy v\u00edce m\u00e9n\u011b stejn\u00fd. <\/strong><br>Energie vyslan\u00e9ho sv\u00e9mu p\u0159\u00edjemci systematicky ni\u010d\u00ed \u017eivot a znemo\u017e\u0148uje mu fungovat lehce a b\u00fdt \u0161\u0165astn\u00fd. V\u011bci se komplikuj\u00ed, nic se neda\u0159\u00ed, zdrav\u00ed se hrout\u00ed, vztahy jsou v trosk\u00e1ch apod. <\/p>\n\n\n\n<p>Podstatn\u00e9 je v glob\u00e1lu v\u011bd\u011bt to, \u017ee cht\u00edt vracet kletbu a tomu podobn\u00e9 zp\u011bt v prostoru a \u010dase by bylo hrubou chybou, kter\u00e1 by se V\u00e1m mnohon\u00e1sobn\u011b ve \u0161patn\u00e9m vr\u00e1tit.<\/p>\n\n\n\n<p>Tak\u00e9 je d\u016fle\u017eit\u00e9 si uv\u011bdomit, \u017ee cht\u00edt \u010dinit tento \u00fakon s\u00e1m bez znalosti souvislost\u00ed, technik a p\u0159\u00edslu\u0161n\u00fdch postup\u016f by bylo mnohdy i \u017eivotu nebezpe\u010dn\u00e9 (a\u0165 ji\u017e ve smyslu fyzick\u00e9ho nebo psychick\u00e9ho ohro\u017een\u00ed).<\/p>\n\n\n\n<p>Ka\u017ed\u00e1 kletba \u010di jin\u00fd tomu obdobn\u00fd \u00fakon, kter\u00fd byl v minulosti m\u00e1gem, \u010darod\u011bjem nebo velekn\u011bzem \u010di velekn\u011b\u017ekou proveden, m\u011bl sv\u016fj hlubok\u00fd a nevyvratiteln\u00fd smysl, m\u011bl n\u011b\u010demu proklet\u00e9 \u010di u\u0159knut\u00e9 nau\u010dit, proto byl vznesen a zrealizov\u00e1n.<\/p>\n\n\n\n<p>A\u017e p\u0159ijde ten prav\u00fd \u010das, je mo\u017en\u00e9 kletbu, proklet\u00ed \u010di u\u0159knut\u00ed zru\u0161it (zastavit) a v tento \u010das najdou doty\u010dn\u00ed sv\u00e9ho zachr\u00e1nce tak, jak to m\u00e1 b\u00fdt, a toho, koho na tento \u00fakon maj\u00ed oslovit.<\/p>\n\n\n\n<p><\/p>\n\n\n\n<p class=\"has-text-align-center has-blue-color has-text-color has-small-font-size\"><\/p>\n\n\n\n<p><\/p>\n","protected":false},"excerpt":{"rendered":"<p>https:\/\/www.obnovy.sk\/medaila-sv-benedikta\/ P\u0159edem je nutno upozornit, \u017ee toto t\u00e9ma je velmi \u0161irok\u00e9 a slo\u017eit\u00e9. Zde se zm\u00edn\u00edm o pouh\u00e9m z\u00e1kladu, kter\u00fd m\u00e1 slou\u017eit pro orientaci v problematice. P\u0159i diagnostice, zda prob\u00edh\u00e1 kletba, proklet\u00ed \u010di u\u0159knut\u00ed zejm\u00e9na z\u00e1le\u017e\u00ed na tom, s jakou kletbu, proklet\u00edm, u\u0159knut\u00edm \u010di o\u010darov\u00e1n\u00edm &#8222;m\u00e1te tu \u010dest&#8220;! Nejd\u0159\u00edve je nutn\u00e9 zjistit, zda je V\u00e1\u0161 [&hellip;]<\/p>\n","protected":false},"author":1,"featured_media":0,"parent":0,"menu_order":0,"comment_status":"closed","ping_status":"closed","template":"","meta":{"_mc_calendar":[],"footnotes":""},"class_list":["post-238","page","type-page","status-publish","hentry"],"_links":{"self":[{"href":"https:\/\/astragal.cz\/index.php\/wp-json\/wp\/v2\/pages\/238","targetHints":{"allow":["GET"]}}],"collection":[{"href":"https:\/\/astragal.cz\/index.php\/wp-json\/wp\/v2\/pages"}],"about":[{"href":"https:\/\/astragal.cz\/index.php\/wp-json\/wp\/v2\/types\/page"}],"author":[{"embeddable":true,"href":"https:\/\/astragal.cz\/index.php\/wp-json\/wp\/v2\/users\/1"}],"replies":[{"embeddable":true,"href":"https:\/\/astragal.cz\/index.php\/wp-json\/wp\/v2\/comments?post=238"}],"version-history":[{"count":11,"href":"https:\/\/astragal.cz\/index.php\/wp-json\/wp\/v2\/pages\/238\/revisions"}],"predecessor-version":[{"id":8092,"href":"https:\/\/astragal.cz\/index.php\/wp-json\/wp\/v2\/pages\/238\/revisions\/8092"}],"wp:attachment":[{"href":"https:\/\/astragal.cz\/index.php\/wp-json\/wp\/v2\/media?parent=238"}],"curies":[{"name":"wp","href":"https:\/\/api.w.org\/{rel}","templated":true}]}}