{"id":240,"date":"2020-05-03T16:07:39","date_gmt":"2020-05-03T15:07:39","guid":{"rendered":"http:\/\/astragal.cz\/?page_id=240"},"modified":"2023-07-05T10:22:53","modified_gmt":"2023-07-05T09:22:53","slug":"negativni-energie-a-moznosti-ochrany-pred-ni","status":"publish","type":"page","link":"https:\/\/astragal.cz\/index.php\/negativni-energie-a-moznosti-ochrany-pred-ni\/","title":{"rendered":"Negativn\u00ed energie a mo\u017enosti ochrany p\u0159ed n\u00ed"},"content":{"rendered":"<div class=\"wp-block-image\">\n<figure class=\"aligncenter size-large\"><img loading=\"lazy\" decoding=\"async\" width=\"938\" height=\"625\" src=\"https:\/\/astragal.cz\/wp-content\/uploads\/2021\/09\/pexels-cottonbro-4270152.jpg\" alt=\"\" class=\"wp-image-3494\" srcset=\"https:\/\/astragal.cz\/wp-content\/uploads\/2021\/09\/pexels-cottonbro-4270152.jpg 938w, https:\/\/astragal.cz\/wp-content\/uploads\/2021\/09\/pexels-cottonbro-4270152-300x200.jpg 300w, https:\/\/astragal.cz\/wp-content\/uploads\/2021\/09\/pexels-cottonbro-4270152-768x512.jpg 768w\" sizes=\"auto, (max-width: 938px) 100vw, 938px\" \/><\/figure><\/div>\n\n\n<p class=\"has-text-align-center has-blue-color has-text-color has-small-font-size\"><a href=\"https:\/\/www.svetzeny.cz\/psychologie\/tajemno\/naucte-se-pracovat-s-negativni-energii-druhych-lidi-staci-znat-techto-5\">https:\/\/www.svetzeny.cz\/psychologie\/tajemno\/naucte-se-pracovat-s-negativni-energii-druhych-lidi-staci-znat-techto-5<\/a><\/p>\n\n\n\n<p><strong>Negativn\u00edch energi\u00ed existuje v\u00edce druh\u016f:<\/strong><\/p>\n\n\n\n<ol class=\"wp-block-list\"><li>Negativn\u00ed energie vys\u00edlan\u00e9 zl\u00fdm \u010dlov\u011bkem.<\/li><li>Negativn\u00ed energie vys\u00edlan\u00e9 m\u00e1gem.<\/li><li>Pole negativn\u00edch energi\u00ed vznikaj\u00edc\u00ed d\u016fsledkem dlouhodob\u00e9 nemoci.<\/li><li>Negativn\u00ed energie dr\u017e\u00edc\u00ed se na ur\u010dit\u00e9m m\u00edst\u011b v d\u016fsledku n\u00e1siln\u00fdch \u010din\u016f, h\u00e1dek, proklet\u00ed aj.<\/li><li>Negativn\u00ed energie zp\u016fsoben\u00e9 p\u0159\u00edtomnost\u00ed podzemn\u00edch vod.<\/li><li>Negativn\u00ed energie vznikaj\u00edc\u00ed k\u0159\u00ed\u017een\u00edm proud\u00edc\u00edch energi\u00ed \u010di \u0161patn\u011b konstruovanou stavbou domu.<\/li><li>Negativn\u00ed energie v d\u016fsledku p\u0159\u00edtomnosti r\u016fzn\u00fdch entit, du\u0161\u00ed.<\/li><li>Negativn\u00ed energie vznikaj\u00edc\u00ed z aktivn\u00edch elektrick\u00fdch p\u0159\u00edstroj\u016f (po\u010d\u00edta\u010de, mobily, televize, tablety apod.).<\/li><\/ol>\n\n\n\n<p>Pro pr\u00e1ci s t\u011bmito energiemi existuj\u00ed specifick\u00e9 postupy a techniky, kter\u00e9 umo\u017e\u0148uj\u00ed d\u00e1t naru\u0161en\u00fd stav do rovnov\u00e1hy \u010di se ochr\u00e1nit p\u0159ed jej\u00edm p\u016fsoben\u00edm. A pochopiteln\u011b ne ka\u017ed\u00e1 technika bude vyhovovat ka\u017ed\u00e9mu. Proto je dobr\u00e9 se bu\u010f spojit s n\u011bk\u00fdm, kdo se dan\u00fdm t\u00e9matem dlouhodob\u011b zab\u00fdv\u00e1 a zkonzultovat s n\u00edm mo\u017en\u00e9 zp\u016fsoby ochrany nebo si samostudiem vyhledat takov\u00e9 zp\u016fsoby pr\u00e1ce, kter\u00e9 by v\u00e1m vyhovovaly.<\/p>\n\n\n\n<p>Pokud V\u00e1s bude toto t\u00e9ma zaj\u00edmat v\u00edce, ur\u010dit\u011b stoj\u00ed za to prostudovat si publikace v\u011bnovan\u00e9 geopatogenn\u00edm z\u00f3n\u00e1m, elektrosmogu, techniku feng shui, techniku energetick\u00e9 o\u010disty prostoru \u010di odvodu du\u0161\u00ed.<\/p>\n\n\n\n<p>J\u00e1 sama p\u016fsob\u00edm d\u00e1 se \u0159\u00edci jako pr\u016fvodce, kter\u00fd je vol\u00e1n nejen k p\u0159\u00edpad\u016fm odvodu zbloudil\u00fdch nebo uv\u011bzn\u011bn\u00fdch du\u0161\u00ed, ale i k p\u0159\u00edpad\u016fm slo\u017eit\u011bj\u0161\u00edm (\u00fatoky m\u00e1g\u016f, p\u016fsoben\u00ed kleteb, proklet\u00ed, u\u0159knut\u00ed nebo \u010di\u0161t\u011bn\u00ed prostor\u016f od negativn\u00edch energi\u00ed). \u010casto pracuji se silami ne\u010dist\u00fdmi, z\u00e1ke\u0159n\u00fdmi a zl\u00fdmi. <\/p>\n\n\n\n<p>Osobn\u011b jsem po dlouholet\u00fdch zku\u0161enostech dosp\u011bla k tomu, \u017ee jedin\u00fdm opravdov\u00fdm a \u00fa\u010dinn\u00fdm prost\u0159edkem (jakkoliv to m\u016f\u017ee zn\u00edt jako kli\u0161\u00e9) je l\u00e1ska ve smyslu dobra v n\u00e1s.<\/p>\n\n\n\n<p>Touha ztracen\u00fdm du\u0161\u00edm \u2013 \u017eij\u00edc\u00edm i zesnul\u00fdm skute\u010dn\u011b pomoci, pochopen\u00ed, soucit a up\u0159\u00edmnost. Ide\u00e1ln\u011b spolu s pou\u017eit\u00edm sv\u011bcen\u00e9 vody, jako z\u00e1kladu pro Va\u0161i ochranu a ukotven\u00ed v bezpe\u010d\u00ed vesm\u00edrn\u00e9 \u010dist\u00e9 energie.<\/p>\n\n\n\n<p class=\"has-blue-color has-text-color\"><strong>Bezpe\u010dn\u00e9 z\u00e1kladn\u00ed prost\u0159edky pro Va\u0161i ochranu:<\/strong><\/p>\n\n\n\n<ul class=\"wp-block-list\"><li><strong>B\u00edl\u00e1 sv\u00ed\u010dka<\/strong> (ide\u00e1ln\u011b ne \u010dajov\u00e1 &#8211; ta nem\u00e1 takovou s\u00edlu, ale klasick\u00e1 siln\u011bj\u0161\u00ed voskov\u00e1, nap\u0159. v\u00e1lcov\u00e1). Tuto sv\u00ed\u010dku doporu\u010duji ozna\u010dit k\u0159\u00ed\u017ekem sv\u011bcenou vodou s prosbou o pomoc a ochranu. V t\u011b\u017ek\u00fdch p\u0159\u00edpadech se nech\u00e1v\u00e1, bezpe\u010dn\u011b zaji\u0161t\u011bna (postavena v nerezov\u00e9m kastrolu nebo velk\u00e9 siln\u00e9 tlustost\u011bnn\u00e9 sklenici), ho\u0159et celou noc.<\/li><\/ul>\n\n\n\n<ul class=\"wp-block-list\"><li><strong>Sv\u011bcen\u00e1 voda<\/strong> (z\u00edsk\u00e1te ji v kostele, kde po\u017e\u00e1d\u00e1te p\u0159\u00edtomn\u00e9ho spr\u00e1vce o vodu do krop\u00e9nky. M\u011bli byste m\u00edt sebou p\u0159ipravenou sklen\u011bnou \u010distou sklenici s v\u00ed\u010dkem nebo pet lahev, do kter\u00e9 v\u00e1m bude voda d\u00e1na). Posv\u011btit m\u016f\u017eete sebe i p\u0159edm\u011bty ve va\u0161em okol\u00ed, nap\u0159. postel, kde sp\u00edte. <\/li><\/ul>\n\n\n\n<p class=\"has-blue-color has-text-color\">Ide\u00e1ln\u011b poprosit nejbli\u017e\u0161\u00edho pana far\u00e1\u0159e o vysv\u011bcen\u00ed domu nebo bytu, ve kter\u00e9m \u017eijete (ka\u017ed\u00fd kostel spad\u00e1 pod ur\u010ditou farnost, kterou spravuje far\u00e1\u0159 &#8211; tam ho najdete). Obvykle toto vysv\u011bcen\u00ed vydr\u017e\u00ed tak rok (prostor se zanese nap\u0159. h\u00e1dkami, energetick\u00fdmi n\u00e1nosy ud\u00e1lost\u00ed, kter\u00e9 se v n\u011bm odehr\u00e1ly apod.), pak je t\u0159eba proces opakovat. Bohu\u017eel v t\u011b\u017e\u0161\u00edch p\u0159\u00edpadech se ob\u010das st\u00e1v\u00e1, \u017ee proces vydr\u017e\u00ed jen p\u00e1r dn\u00ed \u010di nezabere v\u016fbec.  <\/p>\n\n\n\n<ul class=\"wp-block-list\"><li><strong>Svat\u00fd p\u0159edm\u011bt<\/strong> (medailka sv. Benedikta, posv\u011bcen\u00fd k\u0159\u00ed\u017eek, and\u011bl\u00ed\u010dek, r\u016f\u017eenec, so\u0161ka patrona nebo and\u011bla, kter\u00e9 v\u011b\u0159\u00edte a m\u00e1te k&nbsp;n\u00ed vztah apod.).  Tento p\u0159edm\u011bt noste st\u00e1le u sebe, nemus\u00edte se b\u00e1t s n\u00edm i koupat, posv\u011bcen\u00ed se z n\u011bj nesmyje &#8211; zanechalo na p\u0159edm\u011btu nesmazateln\u00fd energetick\u00fd otisk. <\/li><\/ul>\n\n\n\n<ul class=\"wp-block-list\"><li><strong>Kadidlo<\/strong>, kovovou nebo keramickou misku, kam\u00ednky nebo p\u00edsek (kter\u00e9 d\u00e1te na dno misky, aby se nerozpalovala), uhl\u00edky (daj\u00ed se koupit \u010dern\u00e9 uhl\u00edky do vodn\u00edch d\u00fdmek), kovovou pinzetu na manipulaci se \u017ehav\u00fdm uhl\u00edkem a kadidlem.<\/li><\/ul>\n\n\n\n<ul class=\"wp-block-list\"><li><strong>N\u011bco pro uzemn\u011bn\u00ed<\/strong>, co byste mohli m\u00edt v&nbsp;ruce v&nbsp;p\u0159\u00edpad\u011b, \u017ee by bylo pot\u0159eba (drah\u00fd k\u00e1men &#8211; \u010dern\u00fd turmal\u00edn a k\u0159i\u0161\u0165\u00e1l, tyg\u0159\u00ed oko, karneol, ametyst nebo kov &#8211; so\u0161ka, siln\u011bj\u0161\u00ed \u0159et\u00edzek \u010di n\u00e1ramek; d\u0159evo &#8211; valounek, vy\u0159ezan\u00e9 srdce apod.).<\/li><\/ul>\n\n\n\n<ul class=\"wp-block-list\"><li><strong>Vyti\u0161t\u011bn\u00e9 modlitby<\/strong> &#8211; ot\u010den\u00e1\u0161, zdr\u00e1vas Maria, modlitba svat\u00e9ho Benedikta (ide\u00e1ln\u011b i v latin\u011b). Tyto modlitby si pros\u00edm pro\u010d\u00edtejte kdykoli se budete b\u00e1t nebo c\u00edtit, \u017ee se n\u011bco d\u011bje &#8211; pokud bude hodn\u011b zle, \u010dt\u011bte je v latin\u011b (tento jazyk m\u00e1 neskute\u010dnou s\u00edlu). <\/li><\/ul>\n\n\n\n<ul class=\"wp-block-list\"><li><strong>V p\u0159\u00edpad\u011b geopatogenn\u00edch z\u00f3n m\u016f\u017eete pou\u017e\u00edt kvalitn\u011b zpracovan\u00fd orgonit<\/strong>, ale zde plat\u00ed, \u017ee je pot\u0159eba pozvat na m\u00edsto odborn\u00edka, kter\u00fd ur\u010d\u00ed \u0161patn\u00e9 z\u00f3ny a doporu\u010d\u00ed v\u00e1m bezpe\u010dnou z\u00f3nu pro span\u00ed a tak\u00e9 porad\u00ed co a jak d\u00e1l.<\/li><\/ul>\n\n\n\n<ul class=\"wp-block-list\"><li><strong>Z\u00e1\u0159en\u00ed z mobiln\u00edch telefon\u016f m\u016f\u017eete odstranit t\u00edm, \u017ee na noc budete d\u00e1vat v\u00e1\u0161 mobiln\u00ed telefon bu\u010f zcela z lo\u017enice nebo na n\u011bm nastav\u00edte re\u017eim &#8222;letadlo&#8220;, kter\u00fd eliminuje p\u0159\u00edstup k wifi. <\/strong>U ostatn\u00edch p\u0159\u00edstroj\u016f plat\u00ed, pokud je nepou\u017e\u00edv\u00e1te, vyp\u00ednejte je do off-line re\u017eimu.<\/li><\/ul>\n\n\n\n<p>Toto jsou bezpe\u010dn\u00e9 prost\u0159edky prvn\u00ed pomoci, kter\u00e9 m\u016f\u017eete bez obav pou\u017e\u00edt a kter\u00e9 va\u0161i situaci jednozna\u010dn\u011b zm\u00edrn\u00ed, n\u011bkdy zcela vy\u0159e\u0161\u00ed.<\/p>\n\n\n\n<p>K tomu, abyste mohli p\u0159\u00edmo pracovat s energiemi a v\u011bnovat se jejich odstra\u0148ov\u00e1n\u00ed, je zapot\u0159eb\u00ed mnoha let zku\u0161enosti, siln\u00e9 v\u00edry a psychick\u00e9 i fyzick\u00e9 odolnosti. Proto zde neuv\u00e1d\u00edm postup, jak s t\u011bmito energiemi pracovat. Komu je tento dar d\u00e1n, dostanou se k n\u011bmu v\u010das i pot\u0159ebn\u00e9 informace.<\/p>\n\n\n\n<p>B\u011bhem odvod\u016f, \u010di\u0161t\u011bn\u00ed a p\u0159i odstra\u0148ov\u00e1n\u00ed negativn\u00edch energi\u00ed jsem vedena ze shora, p\u0159esn\u011b v\u00edm, co m\u00e1m v tom konkr\u00e9tn\u00edm p\u0159\u00edpad\u011b d\u011blat, jak\u00e9 prost\u0159edky vyu\u017e\u00edt, je mi to v\u017edy sd\u011bleno. A p\u0159esn\u011b proto V\u00e1m doporu\u010duji, nebojovat s t\u011bmito silami sami, bez znalost\u00ed a zku\u0161enost\u00ed, ale v\u017edy se obr\u00e1tit na kompetentn\u00ed osobu, kter\u00e1 V\u00e1m nejen pom\u016f\u017ee probl\u00e9m vy\u0159e\u0161it, ale sou\u010dasn\u011b V\u00e1s tak\u00e9 nau\u010d\u00ed z\u00e1kladn\u00ed techniky ochrany pro Va\u0161e b\u011b\u017en\u00e9 p\u016fsoben\u00ed a \u017eivot.<\/p>\n\n\n\n<p>Jako z\u00e1sadn\u00ed pova\u017euji za nutn\u00e9 zm\u00ednit, \u017ee sebev\u00edc se budete b\u00e1t, NIKDY nesm\u00edte zapomenout, \u017ee strach uv\u00e1d\u00ed do chodu negativn\u00ed energie a zn\u00e1sobuje jejich s\u00edlu. Proto ned\u00e1vejte energii strachu, ale modlitb\u011b.<\/p>\n\n\n\n<p>Kdy\u017e se boj\u00edm (a v\u011b\u0159te, \u017ee kolikr\u00e1t jsou i takov\u00e9 situace, kdy se po letech t\u00e9to pr\u00e1ce m\u016f\u017eete je\u0161t\u011b c\u00edtit n\u011b\u010d\u00edm vyd\u011b\u0161eni), vol\u00e1m na pomoc and\u011bly, duchovn\u00ed pr\u016fvodce \u010di jin\u00e9 vesm\u00edrn\u00e9 s\u00edly, kter\u00e9 jsou mi bl\u00edzk\u00e9 a ve kter\u00e9 v\u011b\u0159\u00edm, s \u017e\u00e1dost\u00ed o ochranu, veden\u00ed, pomoc i s\u00edlu &#8211; nikdy m\u011b, ani nikoho z v\u00e1s neopust\u00ed ani neodm\u00edtnou.<br>\n                                                             Martina<\/p>\n","protected":false},"excerpt":{"rendered":"<p>https:\/\/www.svetzeny.cz\/psychologie\/tajemno\/naucte-se-pracovat-s-negativni-energii-druhych-lidi-staci-znat-techto-5 Negativn\u00edch energi\u00ed existuje v\u00edce druh\u016f: Negativn\u00ed energie vys\u00edlan\u00e9 zl\u00fdm \u010dlov\u011bkem. Negativn\u00ed energie vys\u00edlan\u00e9 m\u00e1gem. Pole negativn\u00edch energi\u00ed vznikaj\u00edc\u00ed d\u016fsledkem dlouhodob\u00e9 nemoci. Negativn\u00ed energie dr\u017e\u00edc\u00ed se na ur\u010dit\u00e9m m\u00edst\u011b v d\u016fsledku n\u00e1siln\u00fdch \u010din\u016f, h\u00e1dek, proklet\u00ed aj. Negativn\u00ed energie zp\u016fsoben\u00e9 p\u0159\u00edtomnost\u00ed podzemn\u00edch vod. Negativn\u00ed energie vznikaj\u00edc\u00ed k\u0159\u00ed\u017een\u00edm proud\u00edc\u00edch energi\u00ed \u010di \u0161patn\u011b konstruovanou stavbou domu. Negativn\u00ed energie [&hellip;]<\/p>\n","protected":false},"author":1,"featured_media":0,"parent":0,"menu_order":0,"comment_status":"closed","ping_status":"closed","template":"","meta":{"_mc_calendar":[],"footnotes":""},"class_list":["post-240","page","type-page","status-publish","hentry"],"_links":{"self":[{"href":"https:\/\/astragal.cz\/index.php\/wp-json\/wp\/v2\/pages\/240","targetHints":{"allow":["GET"]}}],"collection":[{"href":"https:\/\/astragal.cz\/index.php\/wp-json\/wp\/v2\/pages"}],"about":[{"href":"https:\/\/astragal.cz\/index.php\/wp-json\/wp\/v2\/types\/page"}],"author":[{"embeddable":true,"href":"https:\/\/astragal.cz\/index.php\/wp-json\/wp\/v2\/users\/1"}],"replies":[{"embeddable":true,"href":"https:\/\/astragal.cz\/index.php\/wp-json\/wp\/v2\/comments?post=240"}],"version-history":[{"count":21,"href":"https:\/\/astragal.cz\/index.php\/wp-json\/wp\/v2\/pages\/240\/revisions"}],"predecessor-version":[{"id":8049,"href":"https:\/\/astragal.cz\/index.php\/wp-json\/wp\/v2\/pages\/240\/revisions\/8049"}],"wp:attachment":[{"href":"https:\/\/astragal.cz\/index.php\/wp-json\/wp\/v2\/media?parent=240"}],"curies":[{"name":"wp","href":"https:\/\/api.w.org\/{rel}","templated":true}]}}