{"id":242,"date":"2020-05-03T16:08:27","date_gmt":"2020-05-03T15:08:27","guid":{"rendered":"http:\/\/astragal.cz\/?page_id=242"},"modified":"2023-07-07T18:57:36","modified_gmt":"2023-07-07T17:57:36","slug":"o-magii","status":"publish","type":"page","link":"https:\/\/astragal.cz\/index.php\/o-magii\/","title":{"rendered":"O magii"},"content":{"rendered":"<div class=\"wp-block-image\">\n<figure class=\"aligncenter size-large is-resized\"><img loading=\"lazy\" decoding=\"async\" src=\"https:\/\/astragal.cz\/wp-content\/uploads\/2020\/05\/494_bg.jpg\" alt=\"\" class=\"wp-image-681\" width=\"218\" height=\"321\" srcset=\"https:\/\/astragal.cz\/wp-content\/uploads\/2020\/05\/494_bg.jpg 295w, https:\/\/astragal.cz\/wp-content\/uploads\/2020\/05\/494_bg-204x300.jpg 204w\" sizes=\"auto, (max-width: 218px) 100vw, 218px\" \/><\/figure><\/div>\n\n\n<p class=\"has-text-align-center has-blue-color has-text-color has-small-font-size\"><a href=\"https:\/\/www.kosmas.cz\/knihy\/103494\/magie\/\" target=\"_blank\" rel=\"noreferrer noopener\" aria-label=\" (otev\u0159e se na nov\u00e9 z\u00e1lo\u017ece)\">https:\/\/www.kosmas.cz\/knihy\/103494\/magie\/<\/a><\/p>\n\n\n\n<p>Dovolte mi, abych hned v \u00favodu zopakovala zn\u00e1m\u00fd fakt, \u017ee \u017e\u00e1dn\u00e1 \u010dern\u00e1 a b\u00edl\u00e1 magie neexistuje. <\/p>\n\n\n\n<p>Je jedno, zda praktikujete magii s dobr\u00fdm nebo se zl\u00fdm \u00famyslem &#8211; v\u017edy p\u016fjde o magii a rizika s n\u00ed spojen\u00e1.<\/p>\n\n\n\n<p>Jak\u00e1koli magie je ve sv\u00e9 podstat\u011b nebezpe\u010dn\u00e1 &#8211; otv\u00edr\u00e1me se sil\u00e1m, kter\u00e9 jsou pro n\u00e1s nepoznan\u00e9 a trouf\u00e1m si \u0159\u00edci, \u017ee ve skute\u010dnosti a hloubce nepoznateln\u00e9. <\/p>\n\n\n\n<p>Magie je zalo\u017eena na vyu\u017eit\u00ed s\u00edly vlastn\u00ed mysli v kombinaci se schopnost\u00ed dobr\u00e9 koncentrace, teoretick\u00e9 znalosti a v neposledn\u00ed \u0159ad\u011b v\u00ed\u0159e v to, co d\u011bl\u00e1me.<\/p>\n\n\n\n<p>Kvalitn\u00ed publikace na toto t\u00e9ma naleznete v knihovn\u00e1ch, knihkupectv\u00edch \u2013 nejzn\u00e1m\u011bj\u0161\u00ed autor zab\u00fdvaj\u00edc\u00ed se touto problematikou je Franti\u0161ek Bardon.<\/p>\n\n\n\n<p><strong>\u010cinnosti, kter\u00e9 se zahrnuj\u00ed do oblasti magie v dne\u0161n\u00ed dob\u011b jsou opravdu \u0161irokospektr\u00e9, uve\u010fme si ty hlavn\u00ed:<\/strong><br>  \u2022    za\u0159\u00edk\u00e1vadla a ritu\u00e1ly,<\/p>\n\n\n\n<p>  \u2022    pou\u017e\u00edv\u00e1n\u00ed pentagramu, spiritistick\u00e9 tabulky, Spirit box\u016f apod.<br>  \u2022     tvorba \u0161kapul\u00ed\u0159\u016f,<\/p>\n\n\n\n<p>  \u2022     Voodoo aj.<\/p>\n\n\n\n<p>Prap\u016fvodn\u011b v\u0161ak byla magie velmi n\u00e1ro\u010dn\u00fdm oborem, kter\u00fd doty\u010dn\u00fd studoval po mnoho let a proch\u00e1zel mnoh\u00fdmi t\u011b\u017ek\u00fdmi zkou\u0161kami a zasv\u011bcen\u00edmi. O tomto se m\u016f\u017eete do\u010d\u00edst ve spoust\u011b jin\u00fdch \u010dl\u00e1nk\u016f, proto se tomuto zde nebudeme v\u011bnovat \u0161\u00ed\u0159eji.<\/p>\n\n\n\n<p><strong>M\u00fdm c\u00edlem je p\u0159edev\u0161\u00edm p\u0159ibl\u00ed\u017eit V\u00e1m fakt, \u017ee magie m\u016f\u017ee b\u00fdt v nepovolan\u00fdch rukou velmi nebezpe\u010dn\u00e1 a\u017e \u017eivot ohro\u017euj\u00edc\u00ed a \u017ee nen\u00ed dobr\u00e9 zkou\u0161et si prov\u00e1d\u011bt ritu\u00e1ly jen tak pro z\u00e1bavu.<\/strong> Ve sv\u00e9 praxi jsem za\u017eila pom\u011brn\u011b hodn\u011b lid\u00ed, kte\u0159\u00ed d\u00edky n\u00e1v\u0161t\u011bv\u011b nepovolan\u00e9ho \u0161amana nebo vlastn\u00edch pokus\u016f, maj\u00ed do\u017eivotn\u00ed psychick\u00e9 i fyzick\u00e9 n\u00e1sledky (ve smyslu nemoc\u00ed).<\/p>\n\n\n\n<p class=\"has-blue-color has-text-color\">V magii jde hlavn\u011b o to, jak svoji s\u00edlu pou\u017eijete &#8211; zda ji d\u00e1v\u00e1te dobru nebo zlu, zda v\u011bdom\u011b nebo nev\u011bdom\u011b a zda jsou Va\u0161e \u00famysly a c\u00edle \u010dist\u00e9 (chcete nezi\u0161tn\u011b pomoci), nebo zda jsou temn\u00e9 (chcete ubl\u00ed\u017eit &#8211; pozor, n\u011bkdy i nev\u011bdom\u011b). A v neposledn\u00ed \u0159ad\u011b, tak\u00e9 o to, zda m\u00e1te dostate\u010dn\u00e9 znalosti.<\/p>\n\n\n\n<p>Mnoho lid\u00ed se sna\u017e\u00ed p\u0159esko\u010dit z\u00e1klady a pou\u0161t\u00ed se neuv\u00e1\u017een\u011b hned do samotn\u00e9ho praktikov\u00e1n\u00ed pr\u00e1ce s energi\u00ed, ale to je hrub\u00e1 chyba, kter\u00e1 jim bohu\u017eel pozd\u011bji z\u00e1konit\u011b zlom\u00ed vaz.<\/p>\n\n\n\n<p>N\u011bkte\u0159\u00ed s praktikuj\u00edc\u00edch si zase neuv\u011bdomuj\u00ed, \u017ee za ne\u010distou magii se pokl\u00e1d\u00e1 tak\u00e9 ta \u010dinnost, v jej\u00edm\u017e podtextu je touha prosp\u011bt sob\u011b (z\u00edskat pro sebe apod.). <\/p>\n\n\n\n<p>Je v po\u0159\u00e1dku \u017e\u00e1dat pro sebe jen dobr\u00e9, ale nikdy na \u00fakor n\u011bkoho jin\u00e9ho. Nap\u0159. nem\u016f\u017eeme si p\u0159i\u010darovat l\u00e1sku (no m\u016f\u017eeme, ale je to \u0161patn\u011b, proto\u017ee jedn\u00e1me proti v\u016fli druh\u00e9ho, s jeho nev\u011bdom\u00edm nebo proti jeho souhlasu).<\/p>\n\n\n\n<p>Pokud se chcete skute\u010dn\u011b v\u011bnovat magii doporu\u010duji si prostudovat, co to obn\u00e1\u0161\u00ed a opravdu dob\u0159e si rozmyslet, zda do toho chcete j\u00edt a zda v\u00e1m to za to stoj\u00ed.<\/p>\n","protected":false},"excerpt":{"rendered":"<p>https:\/\/www.kosmas.cz\/knihy\/103494\/magie\/ Dovolte mi, abych hned v \u00favodu zopakovala zn\u00e1m\u00fd fakt, \u017ee \u017e\u00e1dn\u00e1 \u010dern\u00e1 a b\u00edl\u00e1 magie neexistuje. Je jedno, zda praktikujete magii s dobr\u00fdm nebo se zl\u00fdm \u00famyslem &#8211; v\u017edy p\u016fjde o magii a rizika s n\u00ed spojen\u00e1. Jak\u00e1koli magie je ve sv\u00e9 podstat\u011b nebezpe\u010dn\u00e1 &#8211; otv\u00edr\u00e1me se sil\u00e1m, kter\u00e9 jsou pro n\u00e1s nepoznan\u00e9 a [&hellip;]<\/p>\n","protected":false},"author":1,"featured_media":0,"parent":0,"menu_order":0,"comment_status":"closed","ping_status":"closed","template":"","meta":{"_mc_calendar":[],"footnotes":""},"class_list":["post-242","page","type-page","status-publish","hentry"],"_links":{"self":[{"href":"https:\/\/astragal.cz\/index.php\/wp-json\/wp\/v2\/pages\/242","targetHints":{"allow":["GET"]}}],"collection":[{"href":"https:\/\/astragal.cz\/index.php\/wp-json\/wp\/v2\/pages"}],"about":[{"href":"https:\/\/astragal.cz\/index.php\/wp-json\/wp\/v2\/types\/page"}],"author":[{"embeddable":true,"href":"https:\/\/astragal.cz\/index.php\/wp-json\/wp\/v2\/users\/1"}],"replies":[{"embeddable":true,"href":"https:\/\/astragal.cz\/index.php\/wp-json\/wp\/v2\/comments?post=242"}],"version-history":[{"count":23,"href":"https:\/\/astragal.cz\/index.php\/wp-json\/wp\/v2\/pages\/242\/revisions"}],"predecessor-version":[{"id":8106,"href":"https:\/\/astragal.cz\/index.php\/wp-json\/wp\/v2\/pages\/242\/revisions\/8106"}],"wp:attachment":[{"href":"https:\/\/astragal.cz\/index.php\/wp-json\/wp\/v2\/media?parent=242"}],"curies":[{"name":"wp","href":"https:\/\/api.w.org\/{rel}","templated":true}]}}