{"id":2742,"date":"2021-06-17T17:18:34","date_gmt":"2021-06-17T16:18:34","guid":{"rendered":"http:\/\/astragal.cz\/?page_id=2742"},"modified":"2025-09-18T11:34:09","modified_gmt":"2025-09-18T10:34:09","slug":"diagnosticka-kresba-energetickeho-zatizeni-domu-nebo-predmetu","status":"publish","type":"page","link":"https:\/\/astragal.cz\/index.php\/diagnosticka-kresba-energetickeho-zatizeni-domu-nebo-predmetu\/","title":{"rendered":"Diagnostick\u00e1 kresba energetick\u00e9ho zat\u00ed\u017een\u00ed domu nebo p\u0159edm\u011btu"},"content":{"rendered":"\n<p class=\"has-blue-color has-text-color\">Diagnostick\u00e1 kresba tohoto typu slou\u017e\u00ed k zobrazen\u00ed aktu\u00e1ln\u00edho energetick\u00e9ho stavu vybran\u00e9ho m\u00edsta nebo p\u0159edm\u011btu. Z\u00e1m\u011brem diagnostiky je zachytit, zda se v m\u00edst\u011b \u010di na p\u0159edm\u011btu nenach\u00e1zej\u00ed nap\u0159. du\u0161e zesnul\u00fdch, entity, z\u00e1t\u011b\u017eov\u00e9 energetick\u00e9 poz\u016fstatky z h\u00e1dek nebo negativn\u00edch situac\u00ed, kter\u00e9 se v m\u00edst\u011b odehr\u00e1ly, \u010di jin\u00e9 energeticky negativn\u011b p\u016fsob\u00edc\u00ed jevy. <\/p>\n\n\n\n<p class=\"has-blue-color has-text-color\">Ned\u00edlnou sou\u010d\u00e1st\u00ed diagnostiky je tak\u00e9 n\u00e1sledn\u00e9 o\u0161et\u0159en\u00ed m\u00edsta nebo p\u0159edm\u011btu tak, aby byl o\u010di\u0161t\u011bn od z\u00e1t\u011b\u017eov\u00fdch energi\u00ed.<\/p>\n\n\n\n<p><strong>Sou\u010dasn\u011b s t\u00edmto m\u016f\u017ee pan\u00ed Martina prov\u00e9st kontroln\u00ed diagnostiku va\u0161eho astr\u00e1ln\u00edho obrazu \u010di astr\u00e1ln\u00edho obraz\u016f \u010dlen\u016f va\u0161\u00ed rodiny a pokud by se ve va\u0161em aurick\u00e9m poli nach\u00e1zely n\u011bjak\u00e9 ne\u017e\u00e1douc\u00ed bytosti, odvede je a auru vy\u010dist\u00ed a zacel\u00ed.<\/strong><\/p>\n\n\n\n<p>V p\u0159\u00edpad\u011b va\u0161\u00ed \u017e\u00e1dosti se kresba m\u016f\u017ee zam\u011b\u0159it i na detekci patologicky p\u016fsob\u00edc\u00edch z\u00f3n v prostoru. V\u00edce o zm\u00edn\u011bn\u00e9m t\u00e9matu naleznete v n\u00e1sleduj\u00edc\u00edm \u010dl\u00e1nku:<\/p>\n\n\n\n<p class=\"has-blue-color has-text-color\"><a href=\"https:\/\/astragal.cz\/index.php\/o-geopatogennich-zonach-a-jejich-vlivu-na-nase-zdravi\/\">https:\/\/astragal.cz\/index.php\/o-geopatogennich-zonach-a-jejich-vlivu-na-nase-zdravi\/<\/a>.<\/p>\n\n\n\n<p>Je tak\u00e9 mo\u017en\u00e9 orientovat se na zji\u0161t\u011bn\u00ed, zda m\u00edsto nebylo v minulosti \u010di sou\u010dasnosti prokleto p\u0159\u00edpadn\u011b jinak zablokov\u00e1no (nap\u0159. ritu\u00e1lem). <\/p>\n\n\n\n<p class=\"has-blue-color has-text-color\"><strong>Z\u00c1SAH NA D\u00c1LKU<\/strong><\/p>\n\n\n\n<p>Energii nez\u00e1le\u017e\u00ed na tom, jestli stoj\u00edte 2 metry od zdroje jej\u00edho p\u016fsoben\u00ed nebo se nach\u00e1z\u00edte 1000 km daleko. Energie nezn\u00e1 hmotn\u00e9 p\u0159ek\u00e1\u017eky zd\u00ed, prostoru ani \u010dasu (jeliko\u017e \u010das, jak jej zn\u00e1me, v podstat\u011b neexistuje a v\u0161e se odehr\u00e1v\u00e1 ve stejn\u00fd okam\u017eik = minulost, p\u0159\u00edtomnost i budoucnost). Proto je mo\u017en\u00e9 m\u011bnit zane\u0161en\u00e9 \u010di zablokovan\u00e9 energie z dob d\u00e1vno minul\u00fdch nebo prov\u00e1d\u011bt diagnostiku sou\u010dasn\u00e9ho, minul\u00e9ho \u010di budouc\u00edho stavu.<\/p>\n\n\n\n<p class=\"has-blue-color has-text-color has-link-color wp-elements-e5f4f3e1caac7e3d0de91066630baf15\">Standardn\u00ed \u00fakon se skl\u00e1d\u00e1 z diagnostick\u00e9 kresby, n\u00e1sledn\u00e9ho rozboru zji\u0161t\u011bn\u00e9ho stavu dan\u00e9ho m\u00edsta. Pot\u00e9 n\u00e1sleduje energetick\u00fd z\u00e1sah, kter\u00fd vy\u010dist\u00ed (tam, kde je to mo\u017en\u00e9) zji\u0161t\u011bn\u00e9 patologie a zajist\u00ed energetickou ochranu p\u0159ed podobn\u00fdmi nep\u0159\u00edjemnostmi.<\/p>\n\n\n\n<p>Spolu s v\u00fd\u0161e uveden\u00fdmi \u00fakony v\u017edy zkontroluji tak\u00e9 va\u0161e aurick\u00e9 pole, zda se v n\u011bm nenach\u00e1z\u00ed n\u011bjak\u00e9 ne\u017e\u00e1douc\u00ed jevy a pokud jsou zji\u0161t\u011bny, odvedu je a auru vy\u010dist\u00edm.<\/p>\n\n\n\n<p class=\"has-blue-color has-text-color\">Je t\u0159eba upozornit, \u017ee se z\u00e1sah nemus\u00ed poda\u0159it na poprv\u00e9 a je mo\u017en\u00e9, \u017ee bude muset b\u00fdt z n\u011bjak\u00e9ho d\u016fvodu opakov\u00e1n. Stejn\u011b tak plat\u00ed, \u017ee v p\u0159\u00edpad\u011b poslan\u00e9 energetick\u00e9 ochrany m\u00edsta se po ur\u010dit\u00e9 dob\u011b m\u00edsto op\u011bt zanese (jedn\u00e1 se o p\u0159irozen\u00fd proces, kter\u00fd z\u00e1konit\u011b prob\u00edh\u00e1 a kter\u00e9mu se d\u00e1 pom\u011brn\u011b snadno p\u0159edch\u00e1zet).  Doporu\u010duji po m\u00e9m z\u00e1sahu m\u00edsto pr\u016fb\u011b\u017en\u011b energeticky \u010distit a pe\u010dovat o n\u011bj, pak by m\u011blo b\u00fdt v budoucnu v\u0161echno v po\u0159\u00e1dku.<\/p>\n\n\n\n<p class=\"has-blue-color has-text-color\">P\u0159ed dan\u00fdm term\u00ednem je nutno zaslat na e mail: astragal@email.cz fotografii vybran\u00e9ho p\u0159edm\u011btu \u010di jednoduch\u00fd pl\u00e1nek domu &#8211; v\u010detn\u011b \u010d\u00edsla popisn\u00e9ho (podrobn\u00e9 informace budeme zas\u00edlat e mailovou zpr\u00e1vou p\u0159i domluv\u011b na konkr\u00e9tn\u00ed term\u00edn). Zpr\u00e1vu m\u016f\u017eete tak\u00e9 doplnit o informaci, na co se chcete v energetick\u00e9m procesu je\u0161t\u011b zam\u011b\u0159it. Vzhledem k tomu, \u017ee do na\u0161\u00ed aury mohou vstupovat negativn\u00ed energie, bytosti apod., kter\u00e9 pot\u00e9 ovliv\u0148uj\u00ed nejen n\u00e1s, ale i na\u0161e okol\u00ed, je vhodn\u00e9 p\u0159ed zah\u00e1jen\u00edm \u010di\u0161t\u011bn\u00ed domu vy\u010distit i aurick\u00e1 pole v\u0161ech \u010dlen\u016f dom\u00e1cnosti. Pokud budete s na\u0161\u00edm doporu\u010den\u00edm souhlasit, pro \u00fasp\u011b\u0161n\u00fd z\u00e1sah pot\u0159ebujeme uv\u00e9st jm\u00e9na a p\u0159\u00edjmen\u00ed lid\u00ed, kte\u0159\u00ed bydl\u00ed dan\u00e9m dom\u011b, v\u010detn\u011b zasl\u00e1n\u00ed jejich fotografii pro kontrolu aury (to v\u0161e samoz\u0159ejm\u011b s jejich souhlasem). D\u011bkujeme.<\/p>\n\n\n\n<p><strong>Objednat se m\u016f\u017eete na:<\/strong><\/p>\n\n\n\n<ul class=\"wp-block-list\">\n<li><strong><strong>Diagnostika a \u010dist\u011bn\u00ed m\u00edsta \/ p\u0159edm\u011btu v\u010detn\u011b diagnostiky astr\u00e1ln\u00edch obraz\u016f \u010dlen\u016f rodiny<\/strong><\/strong><\/li>\n<\/ul>\n\n\n\n<p><strong>\u010cekac\u00ed doba<\/strong> se pohybuje okolo 3 m\u011bs\u00edc\u016f.<\/p>\n\n\n\n<ul class=\"wp-block-list\">\n<li><strong><strong style=\"font-size: revert;\">Diagnostika a \u010dist\u011bn\u00ed m\u00edsta \/ p\u0159edm\u011btu s diagnostikou astr\u00e1ln\u00edho obrazu klienta<\/strong><\/strong><\/li>\n<\/ul>\n\n\n\n<p><strong>\u010cekac\u00ed doba<\/strong> se pohybuje okolo 2 &#8211; 3 m\u011bs\u00edc\u016f.<\/p>\n\n\n\n<ul class=\"wp-block-list\">\n<li><strong>Akutn\u00ed diagnostika<\/strong>&nbsp;(je vhodn\u00e1 v situaci, kdy m\u00e1te pocit, \u017ee se ve va\u0161em byt\u011b\/dom\u011b vyskytuje p\u0159\u00edtomnost du\u0161\u00ed nebo jin\u00fdch astr. bytost\u00ed) prob\u00edh\u00e1 bez telefonick\u00e9ho spojen\u00ed.<\/li>\n<\/ul>\n\n\n\n<p><strong>\u010cekac\u00ed doba<\/strong>&nbsp;se pohybuje okolo 3 t\u00fddn\u016f. <strong>Tato nab\u00eddka se t\u00fdk\u00e1 se pouze klient\u016f, kter\u00e9 m\u00e1me ji\u017e v p\u00e9\u010di.&nbsp;<\/strong><\/p>\n\n\n\n<p><strong>Je mo\u017en\u00e9 vyu\u017e\u00edt aplikaci Viber, kde vol\u00e1te zdarma.<\/strong><\/p>\n\n\n\n<p class=\"has-blue-color has-text-color\"><strong><u>Informace k vyrovn\u00e1n\u00ed se s Martinou:<\/u><\/strong><\/p>\n\n\n\n<p>Ocenit \u010das a energii, kter\u00e9 Martina vkl\u00e1d\u00e1 do ka\u017ed\u00e9ho proveden\u00e9ho \u00fakonu m\u016f\u017eete jak\u00fdmkoli darem. T\u00edmto podpo\u0159\u00edte jej\u00ed existenci a \u010dinnost.&nbsp;<\/p>\n\n\n\n<p>Ka\u017ed\u00e9ho Va\u0161eho p\u0159\u00edsp\u011bvku si velmi v\u00e1\u017e\u00ed a d\u011bkuje za n\u011bj.&nbsp;<\/p>\n\n\n\n<p><\/p>\n","protected":false},"excerpt":{"rendered":"<p>Diagnostick\u00e1 kresba tohoto typu slou\u017e\u00ed k zobrazen\u00ed aktu\u00e1ln\u00edho energetick\u00e9ho stavu vybran\u00e9ho m\u00edsta nebo p\u0159edm\u011btu. Z\u00e1m\u011brem diagnostiky je zachytit, zda se v m\u00edst\u011b \u010di na p\u0159edm\u011btu nenach\u00e1zej\u00ed nap\u0159. du\u0161e zesnul\u00fdch, entity, z\u00e1t\u011b\u017eov\u00e9 energetick\u00e9 poz\u016fstatky z h\u00e1dek nebo negativn\u00edch situac\u00ed, kter\u00e9 se v m\u00edst\u011b odehr\u00e1ly, \u010di jin\u00e9 energeticky negativn\u011b p\u016fsob\u00edc\u00ed jevy. Ned\u00edlnou sou\u010d\u00e1st\u00ed diagnostiky je tak\u00e9 n\u00e1sledn\u00e9 [&hellip;]<\/p>\n","protected":false},"author":1,"featured_media":0,"parent":0,"menu_order":0,"comment_status":"closed","ping_status":"closed","template":"","meta":{"_mc_calendar":[],"footnotes":""},"class_list":["post-2742","page","type-page","status-publish","hentry"],"_links":{"self":[{"href":"https:\/\/astragal.cz\/index.php\/wp-json\/wp\/v2\/pages\/2742","targetHints":{"allow":["GET"]}}],"collection":[{"href":"https:\/\/astragal.cz\/index.php\/wp-json\/wp\/v2\/pages"}],"about":[{"href":"https:\/\/astragal.cz\/index.php\/wp-json\/wp\/v2\/types\/page"}],"author":[{"embeddable":true,"href":"https:\/\/astragal.cz\/index.php\/wp-json\/wp\/v2\/users\/1"}],"replies":[{"embeddable":true,"href":"https:\/\/astragal.cz\/index.php\/wp-json\/wp\/v2\/comments?post=2742"}],"version-history":[{"count":107,"href":"https:\/\/astragal.cz\/index.php\/wp-json\/wp\/v2\/pages\/2742\/revisions"}],"predecessor-version":[{"id":10963,"href":"https:\/\/astragal.cz\/index.php\/wp-json\/wp\/v2\/pages\/2742\/revisions\/10963"}],"wp:attachment":[{"href":"https:\/\/astragal.cz\/index.php\/wp-json\/wp\/v2\/media?parent=2742"}],"curies":[{"name":"wp","href":"https:\/\/api.w.org\/{rel}","templated":true}]}}