{"id":287,"date":"2020-05-03T17:08:12","date_gmt":"2020-05-03T16:08:12","guid":{"rendered":"http:\/\/astragal.cz\/?page_id=287"},"modified":"2022-10-07T05:11:13","modified_gmt":"2022-10-07T04:11:13","slug":"seminare-a-jine-akce","status":"publish","type":"page","link":"https:\/\/astragal.cz\/index.php\/seminare-a-jine-akce\/","title":{"rendered":"Semin\u00e1\u0159e a jin\u00e9 akce"},"content":{"rendered":"\n<p class=\"has-light-blue-color has-text-color\"><a href=\"https:\/\/astragal.cz\/index.php\/zazitkove-seminare\/\">Z\u00e1\u017eitkov\u00e9 semin\u00e1\u0159e<\/a><\/p>\n\n\n\n<p class=\"has-light-blue-color has-text-color\"><a href=\"https:\/\/astragal.cz\/index.php\/leciva-setkani\/\">L\u00e9\u010div\u00e1 setk\u00e1n\u00ed<\/a><\/p>\n","protected":false},"excerpt":{"rendered":"<p>Z\u00e1\u017eitkov\u00e9 semin\u00e1\u0159e L\u00e9\u010div\u00e1 setk\u00e1n\u00ed<\/p>\n","protected":false},"author":1,"featured_media":0,"parent":0,"menu_order":0,"comment_status":"closed","ping_status":"closed","template":"","meta":{"_mc_calendar":[],"footnotes":""},"class_list":["post-287","page","type-page","status-publish","hentry"],"_links":{"self":[{"href":"https:\/\/astragal.cz\/index.php\/wp-json\/wp\/v2\/pages\/287","targetHints":{"allow":["GET"]}}],"collection":[{"href":"https:\/\/astragal.cz\/index.php\/wp-json\/wp\/v2\/pages"}],"about":[{"href":"https:\/\/astragal.cz\/index.php\/wp-json\/wp\/v2\/types\/page"}],"author":[{"embeddable":true,"href":"https:\/\/astragal.cz\/index.php\/wp-json\/wp\/v2\/users\/1"}],"replies":[{"embeddable":true,"href":"https:\/\/astragal.cz\/index.php\/wp-json\/wp\/v2\/comments?post=287"}],"version-history":[{"count":5,"href":"https:\/\/astragal.cz\/index.php\/wp-json\/wp\/v2\/pages\/287\/revisions"}],"predecessor-version":[{"id":7139,"href":"https:\/\/astragal.cz\/index.php\/wp-json\/wp\/v2\/pages\/287\/revisions\/7139"}],"wp:attachment":[{"href":"https:\/\/astragal.cz\/index.php\/wp-json\/wp\/v2\/media?parent=287"}],"curies":[{"name":"wp","href":"https:\/\/api.w.org\/{rel}","templated":true}]}}