{"id":299,"date":"2020-05-03T17:25:15","date_gmt":"2020-05-03T16:25:15","guid":{"rendered":"http:\/\/astragal.cz\/?page_id=299"},"modified":"2020-05-09T19:50:47","modified_gmt":"2020-05-09T18:50:47","slug":"kamen-uzasny-lecitel-a-pomocnik","status":"publish","type":"page","link":"https:\/\/astragal.cz\/index.php\/kamen-uzasny-lecitel-a-pomocnik\/","title":{"rendered":"K\u00e1men: \u00fa\u017easn\u00fd l\u00e9\u010ditel a pomocn\u00edk"},"content":{"rendered":"\n<p>\u010cl\u00e1nek publikovan\u00fd v \u010dasopise Rytmus \u017eivota, \u010d. 14\/2016<\/p>\n\n\n\n<div class=\"wp-block-file\"><a href=\"https:\/\/astragal.cz\/wp-content\/uploads\/2020\/05\/Clanek_1.pdf\">K\u00e1men: \u00fa\u017easn\u00fd l\u00e9\u010ditel a pomocn\u00edk<\/a><a href=\"https:\/\/astragal.cz\/wp-content\/uploads\/2020\/05\/Clanek_1.pdf\" class=\"wp-block-file__button\" download>St\u00e1hnout<\/a><\/div>\n","protected":false},"excerpt":{"rendered":"<p>\u010cl\u00e1nek publikovan\u00fd v \u010dasopise Rytmus \u017eivota, \u010d. 14\/2016<\/p>\n","protected":false},"author":1,"featured_media":0,"parent":0,"menu_order":0,"comment_status":"closed","ping_status":"closed","template":"","meta":{"_mc_calendar":[],"footnotes":""},"class_list":["post-299","page","type-page","status-publish","hentry"],"_links":{"self":[{"href":"https:\/\/astragal.cz\/index.php\/wp-json\/wp\/v2\/pages\/299","targetHints":{"allow":["GET"]}}],"collection":[{"href":"https:\/\/astragal.cz\/index.php\/wp-json\/wp\/v2\/pages"}],"about":[{"href":"https:\/\/astragal.cz\/index.php\/wp-json\/wp\/v2\/types\/page"}],"author":[{"embeddable":true,"href":"https:\/\/astragal.cz\/index.php\/wp-json\/wp\/v2\/users\/1"}],"replies":[{"embeddable":true,"href":"https:\/\/astragal.cz\/index.php\/wp-json\/wp\/v2\/comments?post=299"}],"version-history":[{"count":3,"href":"https:\/\/astragal.cz\/index.php\/wp-json\/wp\/v2\/pages\/299\/revisions"}],"predecessor-version":[{"id":834,"href":"https:\/\/astragal.cz\/index.php\/wp-json\/wp\/v2\/pages\/299\/revisions\/834"}],"wp:attachment":[{"href":"https:\/\/astragal.cz\/index.php\/wp-json\/wp\/v2\/media?parent=299"}],"curies":[{"name":"wp","href":"https:\/\/api.w.org\/{rel}","templated":true}]}}