{"id":301,"date":"2020-05-03T17:25:30","date_gmt":"2020-05-03T16:25:30","guid":{"rendered":"http:\/\/astragal.cz\/?page_id=301"},"modified":"2020-05-09T19:54:08","modified_gmt":"2020-05-09T18:54:08","slug":"magicka-sila-tarotu","status":"publish","type":"page","link":"https:\/\/astragal.cz\/index.php\/magicka-sila-tarotu\/","title":{"rendered":"Magick\u00e1 s\u00edla tarot\u016f"},"content":{"rendered":"\n<p>\u010cl\u00e1nek vy\u0161el v \u010dasopise Rytmus \u017eivota \u010d. 17 dne 25.4.2016.<\/p>\n\n\n\n<div class=\"wp-block-file\"><a href=\"https:\/\/astragal.cz\/wp-content\/uploads\/2020\/05\/Tarot_s1.pdf\">Magick\u00e1 s\u00edla tarot\u016f<\/a><a href=\"https:\/\/astragal.cz\/wp-content\/uploads\/2020\/05\/Tarot_s1.pdf\" class=\"wp-block-file__button\" download>St\u00e1hnout<\/a><\/div>\n","protected":false},"excerpt":{"rendered":"<p>\u010cl\u00e1nek vy\u0161el v \u010dasopise Rytmus \u017eivota \u010d. 17 dne 25.4.2016.<\/p>\n","protected":false},"author":1,"featured_media":0,"parent":0,"menu_order":0,"comment_status":"closed","ping_status":"closed","template":"","meta":{"_mc_calendar":[],"footnotes":""},"class_list":["post-301","page","type-page","status-publish","hentry"],"_links":{"self":[{"href":"https:\/\/astragal.cz\/index.php\/wp-json\/wp\/v2\/pages\/301","targetHints":{"allow":["GET"]}}],"collection":[{"href":"https:\/\/astragal.cz\/index.php\/wp-json\/wp\/v2\/pages"}],"about":[{"href":"https:\/\/astragal.cz\/index.php\/wp-json\/wp\/v2\/types\/page"}],"author":[{"embeddable":true,"href":"https:\/\/astragal.cz\/index.php\/wp-json\/wp\/v2\/users\/1"}],"replies":[{"embeddable":true,"href":"https:\/\/astragal.cz\/index.php\/wp-json\/wp\/v2\/comments?post=301"}],"version-history":[{"count":3,"href":"https:\/\/astragal.cz\/index.php\/wp-json\/wp\/v2\/pages\/301\/revisions"}],"predecessor-version":[{"id":838,"href":"https:\/\/astragal.cz\/index.php\/wp-json\/wp\/v2\/pages\/301\/revisions\/838"}],"wp:attachment":[{"href":"https:\/\/astragal.cz\/index.php\/wp-json\/wp\/v2\/media?parent=301"}],"curies":[{"name":"wp","href":"https:\/\/api.w.org\/{rel}","templated":true}]}}