{"id":316,"date":"2020-05-03T17:31:28","date_gmt":"2020-05-03T16:31:28","guid":{"rendered":"http:\/\/astragal.cz\/?page_id=316"},"modified":"2025-03-23T13:05:35","modified_gmt":"2025-03-23T12:05:35","slug":"zvysovani-vibraci-a-energie-v-nas","status":"publish","type":"page","link":"https:\/\/astragal.cz\/index.php\/zvysovani-vibraci-a-energie-v-nas\/","title":{"rendered":"Zvy\u0161ov\u00e1n\u00ed vibrac\u00ed a energie v n\u00e1s"},"content":{"rendered":"<div class=\"wp-block-image\">\n<figure class=\"aligncenter size-large\"><img loading=\"lazy\" decoding=\"async\" width=\"1024\" height=\"673\" src=\"https:\/\/astragal.cz\/wp-content\/uploads\/2021\/09\/main-1024x673.jpg\" alt=\"\" class=\"wp-image-3506\" srcset=\"https:\/\/astragal.cz\/wp-content\/uploads\/2021\/09\/main-1024x673.jpg 1024w, https:\/\/astragal.cz\/wp-content\/uploads\/2021\/09\/main-300x197.jpg 300w, https:\/\/astragal.cz\/wp-content\/uploads\/2021\/09\/main-768x505.jpg 768w, https:\/\/astragal.cz\/wp-content\/uploads\/2021\/09\/main.jpg 1400w\" sizes=\"auto, (max-width: 1024px) 100vw, 1024px\" \/><\/figure><\/div>\n\n\n<p class=\"has-text-align-center has-blue-color has-text-color has-small-font-size\"><a href=\"https:\/\/www.zenysro.cz\/blogy\/osobni-rozvoj\/meditace-a-zdravy-zivotni-styl\">https:\/\/www.zenysro.cz\/blogy\/osobni-rozvoj\/meditace-a-zdravy-zivotni-styl<\/a><\/p>\n\n\n\n<p class=\"has-blue-color has-text-color\"><strong>N\u011bkolik dobr\u00fdch rad pro V\u00e1s, jak si zvy\u0161ovat energii ka\u017ed\u00fd den:<\/strong><\/p>\n\n\n\n<p><strong>1.<\/strong>&nbsp;Myslete na to, \u017ee ka\u017ed\u00fd koho potk\u00e1v\u00e1te a s n\u00edm\u017e p\u0159ijdete do kontaktu\nm\u00e1 pro V\u00e1s informaci (mo\u017en\u00e1 se m\u016f\u017ee jednat o odpov\u011b\u010f na Va\u0161i ot\u00e1zku, nebo jen o\nnasm\u011brov\u00e1n\u00ed p\u0159i \u0159e\u0161en\u00ed n\u011bjak\u00e9 situace)<\/p>\n\n\n\n<p><strong>2.<\/strong>&nbsp;Pokud si nev\u00edte rady v ur\u010dit\u00e9 situaci, p\u0159ed span\u00edm si polo\u017ete ot\u00e1zku,\nna kterou pot\u0159ebujete zn\u00e1t odpov\u011b\u010f (nejpozd\u011bji do 72 hodin zaru\u010den\u011b p\u0159ijde, u\nm\u011b to funguje do cca 42 hodin)<\/p>\n\n\n\n<p><strong>3.<\/strong>&nbsp;V pr\u016fb\u011bhu dne se sami sebe pr\u016fb\u011b\u017en\u011b ptejte, o \u010dem pr\u00e1v\u011b p\u0159em\u00fd\u0161l\u00edm, co\nse pr\u00e1v\u011b d\u011bje v m\u00e9m \u017eivot\u011b v tomto okam\u017eiku? Co chci v\u011bd\u011bt, d\u011blat? Pro\u010d m\u00e1m z\ntohoto \u010dlov\u011bka takov\u00fd a takov\u00fd pocit? A nechte mysl voln\u011b odpov\u011bd\u011bt\n(nep\u0159em\u00fd\u0161lejte nad t\u00edm, odpov\u011b\u010f p\u0159ijde naprosto lehce, jakoby sama).<\/p>\n\n\n\n<p><strong>4.<\/strong>&nbsp;Vn\u00edmejte a v\u0161\u00edmejte si, jak komunikujete s&nbsp;druh\u00fdmi, na z\u00e1klad\u011b\njak\u00e9ho vzorce?<\/p>\n\n\n\n<p>&nbsp;Abyste dok\u00e1zali na tu to ot\u00e1zku dob\u0159e odpov\u011bd\u011bt, je nutno si\nnastudovat \u0161est\u00fd vhled pojedn\u00e1vaj\u00edc\u00ed o na\u0161\u00ed rodinn\u00e9 historii a ovl\u00e1dac\u00edch\ndramatech, kter\u00e1 si z&nbsp;n\u00ed odn\u00e1\u0161\u00edme, z&nbsp;knihy Celestinsk\u00e9 proroctv\u00ed od\nJamese Redfielda.&nbsp;<\/p>\n\n\n\n<p><strong>5.<\/strong>&nbsp;P\u0159i dialoz\u00edch s&nbsp;druh\u00fdmi si v\u0161\u00edmejte, zda nebojujete s&nbsp;t\u00edm\ndruh\u00fdm o moc (energii), zda se nesna\u017e\u00edte v&nbsp;dialogu na \u00fakor druh\u00e9ho\nzv\u00edt\u011bzit.<\/p>\n\n\n\n<p>Pro spr\u00e1vn\u00e9 a hlubok\u00e9 pochopen\u00ed teorie boje o moc, op\u011bt doporu\u010duji\nnastudovat si \u010dtvrt\u00fd vhled z&nbsp;knihy Celestinsk\u00e9 proroctv\u00ed od Jamese\nRedfielda (viz. v\u00fd\u0161e), pojedn\u00e1vaj\u00edc\u00ed o vz\u00e1jemn\u00e9m sout\u011b\u017een\u00ed o energii.<\/p>\n\n\n\n<p><strong>6.<\/strong>&nbsp;Meditujte (sta\u010d\u00ed i na chv\u00edli, cca 5 minut denn\u011b), budete tak udr\u017eovat\nenergii Va\u0161\u00ed mysli i t\u011bla v&nbsp;neust\u00e1l\u00e9 harmonii.<\/p>\n\n\n\n<p><strong>7.<\/strong>&nbsp;Nezahlcujte zbyte\u010dn\u011b sv\u00e9 v\u011bdom\u00ed informacemi a dob\u0159e zva\u017eujte, kter\u00fdm\ninformac\u00edm (knih\u00e1m, \u010dl\u00e1nk\u016fm apod.) budete z&nbsp;hlediska jejich kvality\nv\u011bnovat svoji pozornost. Kapacita na\u0161eho mozku je omezen\u00e1 a pro n\u00e1\u0161 duchovn\u00ed\nr\u016fst pot\u0159ebujeme m\u00edt v&nbsp;mysli \u201e\u010disto\u201c.<\/p>\n\n\n\n<p><strong>8.<\/strong>&nbsp;Alespo\u0148 1x za den \u201espo\u010di\u0148te\u201c na chv\u00edli v&nbsp;p\u0159\u00edtomn\u00e9m okam\u017eiku (tj.\nv\u0161echno ostatn\u00ed se V\u00e1m rozplyne a jste jen Vy te\u010f a tady).<\/p>\n\n\n\n<p class=\"has-blue-color has-text-color\"><strong>Jak to ud\u011blat, jak j\u00edt do sv\u00e9ho st\u0159edu?<\/strong><\/p>\n\n\n\n<p>Zastavte se na chv\u00edli v denn\u00edm b\u011bhu, zhluboka se nadechn\u011bte a jen vn\u00edmejte\np\u0159\u00edtomnost.<\/p>\n\n\n\n<p>S\u00edlu p\u0159\u00edtomn\u00e9ho okam\u017eiku, postaven\u00ed mrak\u016f na obloze, vn\u00edmejte let\u00edc\u00ed pt\u00e1ky,\nposlouchejte v\u00edtr, uv\u011bdomujte si v\u016fni vzduchu, kter\u00fd d\u00fdch\u00e1te, propojte se s\nt\u00edm, co je kolem V\u00e1s.<\/p>\n\n\n\n<p>V ten moment poc\u00edt\u00edte, jakoby se v\u0161echen b\u011bh zastavil a budete existovat\njen vy a prostor okolo V\u00e1s.<\/p>\n\n\n\n<p>Po chv\u00edli najednou zjist\u00edte, \u017ee ji\u017e nevn\u00edm\u00e1te ani to, co je kolem V\u00e1s jako\nsp\u00ed\u0161e Va\u0161i samotnou existenci, rytmus Va\u0161eho dechu, obraz na kter\u00fd se d\u00edv\u00e1te.<\/p>\n\n\n\n<p>Budete c\u00edtit neskute\u010dn\u00fd klid a vyrovnanost (nez\u00e1visle na tom, co se ve\nVa\u0161em \u017eivot\u011b v sou\u010dasn\u00e9 chv\u00edli d\u011bje). To je propojen\u00ed s celkem (universem) v\npraktick\u00e9m \u017eivot\u011b.<\/p>\n\n\n\n<p>V t\u00e9 chv\u00edli a\u017e se V\u00e1m to stane, pochop\u00edte, \u017ee je n\u011bco za t\u00edm v\u0161\u00edm, co\n\u017eijete, poc\u00edt\u00edte nepopsateln\u00fd vjem, kter\u00fd v\u00e1s utvrd\u00ed v podstat\u011b Va\u0161eho byt\u00ed.<\/p>\n\n\n\n<p>Je to velmi t\u011b\u017ek\u00e9 slovy popsat, nebo\u0165 \u017e\u00e1dn\u00e1 slova na sv\u011bt\u011b a\u010d sebel\u00e9pe\nvolen\u00e1 nedok\u00e1\u017eou vystihnout s\u00edlu a kr\u00e1su tohoto pro\u017eitku.<\/p>\n\n\n\n<p>Kdy\u017e se vr\u00e1t\u00edte do pln\u00e9ho v\u011bdom\u00ed, budete zcela pos\u00edleni a tak n\u011bjak jin\u00ed\n(p\u0159\u00edjemn\u011b jin\u00ed \u2013 ve smyslu c\u00edt\u011bn\u00ed, vn\u00edm\u00e1n\u00ed i uva\u017eov\u00e1n\u00ed).<\/p>\n\n\n\n<p><strong>9.<\/strong>&nbsp;Sledujte ostatn\u00ed lidi a zam\u011b\u0159ujte se na to, co je v&nbsp;nich\ndobr\u00e9ho, pro co byste je mohli nap\u0159. obdivovat, co se V\u00e1m na nich l\u00edb\u00ed apod.\n(aktivujete t\u00edmto l\u00e1sku v&nbsp;sob\u011b i v\u016f\u010di universu a zv\u00fd\u0161\u00edte tak vz\u00e1jemn\u011b\nvibrace).<\/p>\n\n\n\n<p><strong>10.<\/strong>&nbsp;Pokud se chyst\u00e1te n\u011bco ud\u011blat (nap\u0159. chcete n\u011bkomu zavolat), na\nchv\u00edli se zastavte a v\u011bnujte \u010das tomu, abyste zjistili, jak\u00fd z&nbsp;toho m\u00e1te\npocit. Kdy\u017e ta p\u0159edstava vyvol\u00e1 tepl\u00e9 a dobr\u00e9 pocity, ud\u011blejte to. Pokud c\u00edt\u00edte\nnegativn\u00ed vjem, ned\u011blejte to. T\u00edmto eliminujete mnoh\u00e9 nep\u0159\u00edjemn\u00e9 situace, ve\nkter\u00fdch zbyte\u010dn\u011b ztr\u00e1c\u00edme energii a nec\u00edt\u00edme se dob\u0159e.<\/p>\n\n\n\n<p><strong>11.<\/strong>&nbsp;Duchovn\u00ed r\u016fst m\u00e1 sv\u00e9 z\u00e1konitosti, jejich bli\u017e\u0161\u00ed popis naleznete zde: <\/p>\n\n\n\n<p class=\"has-blue-color has-text-color\"><a href=\"https:\/\/astragal.cz\/index.php\/jak-se-orientovat-na-duchovni-ceste-a-jake-jsou-jeji-faze\/\">https:\/\/astragal.cz\/index.php\/jak-se-orientovat-na-duchovni-ceste-a-jake-jsou-jeji-faze\/. <\/a><\/p>\n\n\n\n<p>Je proto pot\u0159eba po\u010d\u00edtat i se stavy \u201epropadu\u201c. Tyto stavy, by\u0165 nep\u0159\u00edjemn\u00e9,\njsou ned\u00edlnou sou\u010d\u00e1st\u00ed na\u0161\u00ed duchovn\u00ed cesty a pr\u00e1v\u011b ony prov\u011b\u0159uj\u00ed n\u00e1\u0161 posun a\nm\u00edru na\u0161eho v\u00fdvoje.<\/p>\n\n\n\n<p>P\u0159i Va\u0161\u00ed duchovn\u00ed pr\u00e1ci V\u00e1m p\u0159eji hodn\u011b sil, trp\u011blivosti a \u00fasp\u011bchu.<\/p>\n\n\n\n<p>Martina<\/p>\n","protected":false},"excerpt":{"rendered":"<p>https:\/\/www.zenysro.cz\/blogy\/osobni-rozvoj\/meditace-a-zdravy-zivotni-styl N\u011bkolik dobr\u00fdch rad pro V\u00e1s, jak si zvy\u0161ovat energii ka\u017ed\u00fd den: 1.&nbsp;Myslete na to, \u017ee ka\u017ed\u00fd koho potk\u00e1v\u00e1te a s n\u00edm\u017e p\u0159ijdete do kontaktu m\u00e1 pro V\u00e1s informaci (mo\u017en\u00e1 se m\u016f\u017ee jednat o odpov\u011b\u010f na Va\u0161i ot\u00e1zku, nebo jen o nasm\u011brov\u00e1n\u00ed p\u0159i \u0159e\u0161en\u00ed n\u011bjak\u00e9 situace) 2.&nbsp;Pokud si nev\u00edte rady v ur\u010dit\u00e9 situaci, p\u0159ed span\u00edm [&hellip;]<\/p>\n","protected":false},"author":1,"featured_media":0,"parent":0,"menu_order":0,"comment_status":"closed","ping_status":"closed","template":"","meta":{"_mc_calendar":[],"footnotes":""},"class_list":["post-316","page","type-page","status-publish","hentry"],"_links":{"self":[{"href":"https:\/\/astragal.cz\/index.php\/wp-json\/wp\/v2\/pages\/316","targetHints":{"allow":["GET"]}}],"collection":[{"href":"https:\/\/astragal.cz\/index.php\/wp-json\/wp\/v2\/pages"}],"about":[{"href":"https:\/\/astragal.cz\/index.php\/wp-json\/wp\/v2\/types\/page"}],"author":[{"embeddable":true,"href":"https:\/\/astragal.cz\/index.php\/wp-json\/wp\/v2\/users\/1"}],"replies":[{"embeddable":true,"href":"https:\/\/astragal.cz\/index.php\/wp-json\/wp\/v2\/comments?post=316"}],"version-history":[{"count":10,"href":"https:\/\/astragal.cz\/index.php\/wp-json\/wp\/v2\/pages\/316\/revisions"}],"predecessor-version":[{"id":10449,"href":"https:\/\/astragal.cz\/index.php\/wp-json\/wp\/v2\/pages\/316\/revisions\/10449"}],"wp:attachment":[{"href":"https:\/\/astragal.cz\/index.php\/wp-json\/wp\/v2\/media?parent=316"}],"curies":[{"name":"wp","href":"https:\/\/api.w.org\/{rel}","templated":true}]}}