{"id":325,"date":"2020-05-03T17:36:30","date_gmt":"2020-05-03T16:36:30","guid":{"rendered":"http:\/\/astragal.cz\/?page_id=325"},"modified":"2021-09-22T16:38:43","modified_gmt":"2021-09-22T15:38:43","slug":"aktualni-poselstvi-2020","status":"publish","type":"page","link":"https:\/\/astragal.cz\/index.php\/aktualni-poselstvi-2020\/","title":{"rendered":"Aktu\u00e1ln\u00ed poselstv\u00ed 2020"},"content":{"rendered":"\n<p>V\u0161echno je jinak\u2026<br>Energie, ve kter\u00fdch jsme fungovaly d\u0159\u00edve ji\u017e zanikly nav\u017edy a nov\u00e9 jakoby se nejevily dost jasn\u011b nebo v&nbsp;nich zat\u00edm neum\u00edme \u010d\u00edst.<\/p>\n\n\n\n<p>V\u011bt\u0161ina z&nbsp;n\u00e1s se ut\u00e1p\u00ed v temnot\u00e1ch sv\u00fdch sv\u011bt\u016f a pt\u00e1 se, kde jsou ty slibovan\u00e9 lep\u0161\u00ed z\u00edt\u0159ky?  Pracujeme na sob\u011b tvrd\u011b, ale st\u00e1le se propad\u00e1me. Pro\u010d? Vy\u010derpanost, zrychlen\u00ed v\u0161ech po\u017eadavk\u016f na n\u00e1s a \u017eivot samotn\u00fd n\u00e1s \u017eene a\u017e na pomyslnou hranu \u00fanosnosti. Nevysv\u011btliteln\u00e9 zdravotn\u00ed komplikace a probl\u00e9my, kter\u00e9 se n\u00e1hle objevuj\u00ed i miz\u00ed n\u00e1s d\u011bs\u00ed a l\u00e9ka\u0159i pro n\u011b nemaj\u00ed vhodn\u00e9 postupy l\u00e9\u010dby. Lid\u00e9 z&nbsp;ni\u010deho nic ztr\u00e1c\u00ed kontrolu nad sv\u00fdm chov\u00e1n\u00edm a jednaj\u00ed nelogicky, agresivn\u011b, nep\u0159edv\u00eddateln\u011b.<br>Zpr\u00e1vy ze sv\u011bta jasn\u011b potvrzuj\u00ed v\u00e1\u017enost sou\u010dasn\u00e9 situace a siln\u00fd n\u00e1stup energi\u00ed, kter\u00e9 jsou nekompromisn\u00ed ke v\u0161emu a ke v\u0161em. <\/p>\n\n\n\n<p>Ano, to v\u0161e se d\u011bje a bude h\u016f\u0159. Mnoz\u00ed z&nbsp;n\u00e1s, kte\u0159\u00ed nebudou p\u0159esto v\u0161echno ochotni otev\u0159\u00edt o\u010di a porozum\u011bt tomu, co se skute\u010dn\u011b d\u011bje budou trp\u011bt st\u00e1le v\u00edc.<br> Ale v\u017edy je \u0161ance zm\u011bnit sv\u016fj \u017eivot, sv\u00e9 chov\u00e1n\u00ed, sv\u00e9 zvyky, sv\u00e9 hranice, sv\u00e9 hodnoty.<br> M\u00e9 heslo pro rok 2020 je: Nikdy, nikdy se nevzd\u00e1vej.<\/p>\n\n\n\n<p>Rok 2020 sice p\u0159inese p\u0159evratn\u00e9 zm\u011bny ve sv\u011bt\u011b, mnoho konflikt\u016f mezi n\u00e1rody a katastrofy na  mnoha kontinentech \u2013 ale up\u0159\u00edmn\u011b, to nen\u00ed nic nov\u00e9ho.<br>Mnoho z&nbsp;t\u011bch, kte\u0159\u00ed je\u0161t\u011b nepro\u0161li \u017e\u00e1dnou osobn\u00ed kriz\u00ed a doufali, \u017ee ji v nejbli\u017e\u0161\u00ed dob\u011b ani nepro\u017eij\u00ed, budou zklaman\u00ed.  Nyn\u00ed nade\u0161el \u010das, kdy v\u0161ichni budeme skl\u00e1dat \u00fa\u010dty a budeme muset na sob\u011b tvrd\u011b pracovat.<\/p>\n\n\n\n<p>V&nbsp;sou\u010dasn\u00e9m roce se uk\u00e1\u017ee, zda byly rozhodnut\u00ed na\u0161ich p\u0159ede\u0161l\u00fdch let, m\u011bs\u00edc\u016f a dn\u00ed spr\u00e1vn\u00e9 \u010di nikoli. N\u00e1sledky na\u0161ich rozhodnut\u00ed a \u010din\u016f se nyn\u00ed projev\u00ed v&nbsp;realit\u011b.<\/p>\n\n\n\n<p>Energie prostoru, ve kter\u00e9m \u017eijeme n\u00e1s bude nutit pod\u00edvat se pravd\u011b do o\u010d\u00ed a jednat v&nbsp;souladu s\u00e1m se sebou. Ji\u017e nebude mo\u017en\u00e9 p\u0159e\u0161lapov\u00e1n\u00ed, maskov\u00e1n\u00ed, obch\u00e1zen\u00ed probl\u00e9m\u016f nebo t\u0159ec\u00edch ploch ve vztaz\u00edch mezi lidmi. Setk\u00e1me se s&nbsp;reakcemi, kter\u00e9 jsme dosud neznaly, a to a\u0165 ji\u017e od na\u0161ich bl\u00edzk\u00fdch, tak od okol\u00ed.<br>Pochop\u00edme, \u017ee d\u016fle\u017eit\u00e9 je p\u0159edev\u0161\u00edm nalezen\u00ed vy\u0161\u0161\u00edho smyslu byt\u00ed, nejen byt\u00ed samo, jak n\u00e1s mnoh\u00e9 sm\u011bry doposud u\u010dily. <\/p>\n\n\n\n<p>Podstatn\u00e9 pro tento rok a pro na\u0161i dal\u0161\u00ed budoucnost, je to, \u017ee \u017eivoty n\u00e1s jednotlivc\u016f by se m\u011bly za\u010d\u00edt postupn\u011b zlep\u0161ovat \u2013 tedy za p\u0159edpokladu, \u017ee si uv\u011bdom\u00edme, \u017ee chceme \u017e\u00edt ve sv\u011btle a \u017ee to sv\u011btlo utv\u00e1\u0159\u00edme my sami.<\/p>\n\n\n\n<p>V\u0161echny v\u011bci by m\u011bly j\u00edt snadn\u011bji a to, co se dlouhodob\u011b blokovalo, se uvoln\u00ed. Bude mo\u017en\u00e9 si splnit d\u00e1vn\u00e1 p\u0159\u00e1n\u00ed. Otev\u0159ou se nov\u00e9, netu\u0161en\u00e9 mo\u017enosti. Finance by se m\u011bly u v\u011bt\u0161iny z&nbsp;n\u00e1s zlep\u0161it. Bude snadn\u011bj\u0161\u00ed je z\u00edskat i roz\u0161\u00ed\u0159it. O\u010dek\u00e1v\u00e1m v\u0161ak mnoh\u00e9 zdravotn\u00ed komplikace, krize osobnostn\u00ed i vztahov\u00e9. Zde p\u016fjde o to, zda se p\u00e1ry posouvaj\u00ed v&nbsp;osobnostn\u00edm v\u00fdvoji stejn\u00fdm sm\u011brem a m\u00edrou. U mnoh\u00fdch jedinc\u016f se dostav\u00ed n\u00e1hl\u00e9 zrekapitulov\u00e1n\u00ed dosavadn\u00edho \u017eivota a zji\u0161t\u011bn\u00ed jeho pr\u00e1zdnoty nebo pocit ztr\u00e1ty smyslu dosavadn\u00ed cesty.<\/p>\n\n\n\n<p>Boje v&nbsp;osobn\u00edch rovin\u00e1ch by m\u011bly ustat a dosavadn\u00ed velk\u00e1 pot\u0159eba tvorby hranic a vymezen\u00ed osobn\u00edho prostoru by se m\u011bla p\u0159eklenout k&nbsp;pochopen\u00ed, spolupr\u00e1ci, radosti z&nbsp;vz\u00e1jemn\u00e9 p\u0159\u00edtomnosti a touze harmonizovat v\u0161e dosud rozvr\u00e1cen\u00e9 a nemocn\u00e9.<\/p>\n\n\n\n<p>Tento rok by m\u011bl b\u00fdt ve znamen\u00ed n\u00e1vratu k&nbsp;sob\u011b sam\u00e9mu, do nej\u010dist\u0161\u00ed podoby du\u0161e.<br>Pokud v\u0161ak budeme i nad\u00e1le setrv\u00e1vat v&nbsp;energii kritiky, z\u00e1visti, nespokojenosti, zlosti, neskromnosti, lenosti, pohodlnosti, p\u0159edsudk\u016f a mamonu nebo se jimi nech\u00e1me strh\u00e1vat, temnota na\u0161\u00ed du\u0161e se bude postupn\u011b prohlubovat, a\u017e n\u00e1s pohlt\u00ed zcela a nav\u017edy. N\u00e1vrat v&nbsp;nov\u00fdch energi\u00edch dal\u0161\u00edch let je v podstat\u011b ji\u017e nemo\u017en\u00fd. Proto je tak moc d\u016fle\u017eit\u00e9, co se sv\u00fdm \u017eivotem letos ud\u011bl\u00e1te.<\/p>\n\n\n\n<p>\u010casto sl\u00fdch\u00e1v\u00e1m: &#8222;Oni maj\u00ed v\u0161echno, ubli\u017euj\u00ed druh\u00fdm a p\u0159esto se jim da\u0159\u00ed. \u017dij\u00ed na \u00fakor druh\u00fdch a nic se jim ned\u011bje. Jak je to mo\u017en\u00e9? Je to snad spravedliv\u00e9? A pro\u010d se tedy sna\u017eit?&#8220;<\/p>\n\n\n\n<p>V\u0161echno m\u00e1 sv\u016fj \u010das a ka\u017ed\u00e9mu bude nam\u011b\u0159eno podle jeho z\u00e1sluh a v prav\u00fd okam\u017eik. T\u00edm si m\u016f\u017eeme b\u00fdt zcela jist\u00ed. Jsou to z\u00e1kony vesm\u00edru \u2013 zne\u010di\u0161\u0165uj vodu, bude\u0161 ji pak p\u00edt zne\u010di\u0161t\u011bnou. V\u0161e, co vy\u0161leme se n\u00e1m vr\u00e1t\u00ed \u2013 kde je v\u0161ak ps\u00e1no, \u017ee to bude hned?<br>Dej a bude ti d\u00e1no \u2013 plat\u00ed a bude platit v\u017edy. Tento efekt v\u0161ak p\u016fsob\u00ed dv\u011bma sm\u011bry (pozitivn\u011b i destruktivn\u011b). Pro kter\u00fd se nyn\u00ed rozhodnete? V\u011b\u0159\u00edm, \u017ee pro ten spr\u00e1vn\u00fd. <\/p>\n\n\n\n<p>Je jedno, jestli n\u011bkomu podr\u017e\u00edte dve\u0159e, p\u0159isp\u011bjete do sb\u00edrky \u010di v\u011bnujete sv\u016fj \u010das n\u011bkomu, kdo to v&nbsp;tu chv\u00edli velmi pot\u0159ebuje. Energie, se kterou to v\u0161e u\u010din\u00edte zap\u016fsob\u00ed v&nbsp;prostoru kam jste ji vyslali a v&nbsp;n\u011bjak\u00e9 pozm\u011bn\u011bn\u00e9 form\u011b se k v\u00e1m vr\u00e1t\u00ed zp\u011bt, a\u017e to budete nejm\u00e9n\u011b \u010dekat. <\/p>\n\n\n\n<p>Nejde o to, d\u011blat v\u011bci s vidinou vlastn\u00edho&nbsp;prosp\u011bchu \u2013 j\u00e1 ti te\u010f pom\u016f\u017eu a ty na opl\u00e1tku pom\u016f\u017ee\u0161 mn\u011b. Myslet si, \u017ee m\u00e1m t\u00edmto spln\u011bno a ji\u017e se nemus\u00edm v\u00edce sna\u017eit druh\u00fdm pom\u00e1hat, ani se o n\u011b zaj\u00edmat. Takto to nefunguje.<br>Je to o hlubok\u00e9m uv\u011bdom\u011bn\u00ed si, \u017ee t\u00edm, \u017ee n\u011bkomu zm\u011bn\u00edm \u201e\u017eivot\u201c faktem, \u017ee do n\u011bj n\u011bjak zas\u00e1hnu \u010di vstoup\u00edm (nap\u0159. usm\u011bji se na n\u011bkoho, i p\u0159esto, \u017ee jsem vy\u010derpan\u00fd a m\u00e1m starosti, nebo n\u011bkomu vynad\u00e1m), nezm\u011bn\u00edm jen \u017eivot toho doty\u010dn\u00e9ho, ale tato energie pozm\u011bn\u00ed i mnoho jin\u00fdch \u017eivot\u016f. <br>Ten, na koho jsem se usm\u00e1l, se pak usm\u011bje na n\u011bkoho dal\u0161\u00edho apod. M\u016f\u017ee se i st\u00e1t, \u017ee \u010dlov\u011bk, kter\u00fd byl rozhodnut ukon\u010dit sv\u016fj \u017eivot, d\u00edky setk\u00e1n\u00ed s V\u00e1mi sv\u00e9 rozhodnut\u00ed zm\u011bn\u00ed.<\/p>\n\n\n\n<p>Toto se skute\u010dn\u011b stalo. Za\u017eila jsem to j\u00e1 sama. <\/p>\n\n\n\n<p>Jeden mu\u017e ji\u017e nemohl d\u00e1l a tak se ten den rozhodl, \u017ee z&nbsp;tohoto sv\u011bta odejde. \u010cirou n\u00e1hodou (z\u00e1sahem osudu) jsme spolu jeli v\u00fdtahem. C\u00edtila jsem, \u017ee n\u011bco nen\u00ed v&nbsp;po\u0159\u00e1dku a tak jsem ho z\u00e1m\u011brn\u011b oslovila. Vymyslela jsem si probl\u00e9m, se kter\u00fdm od n\u011bj pot\u0159ebuji pomoci &#8211; zeptala jsem se ho na cestu. A\u010dkoli se se mnou p\u00e1n necht\u011bl p\u016fvodn\u011b v\u016fbec bavit, situace se vyvinula v&nbsp;dlouh\u00fd rozhovor a zm\u011bnu jeho cesty.<\/p>\n\n\n\n<p>I mali\u010dkost rozhoduje. <\/p>\n\n\n\n<p>Ka\u017ed\u00e1 drobnost m\u00e1 sv\u016fj velk\u00fd glob\u00e1ln\u00ed v\u00fdznam. A tak to je. A tak to funguje. To je to, \u010d\u00edm je my\u0161leno, \u017ee v\u0161ichni jsme jedn\u00edm a sou\u010d\u00e1st\u00ed v\u0161eho. Ka\u017ed\u00e1 mali\u010dkost v&nbsp;pr\u016fb\u011bhu dne rozhoduje, jak\u00e9 budou na\u0161e dal\u0161\u00ed kroky a rozhodnut\u00ed. Ka\u017ed\u00e1 na\u0161e u\u010din\u011bn\u00e1 volba dopad\u00e1 v&nbsp;d\u016fsledku na v\u0161echny.<\/p>\n\n\n\n<p>\u010c\u00edm d\u0159\u00edve tento prost\u00fd fakt pochop\u00edme, t\u00edm l\u00e9pe se n\u00e1m bude \u017e\u00edt.<br>Proto m\u00e1m do dal\u0161\u00edch let jedin\u00e9 p\u0159\u00e1n\u00ed \u2013 abychom si toto dok\u00e1zali uv\u011bdomit a m\u00edt poka\u017ed\u00e9 na pam\u011bti, d\u0159\u00edve ne\u017e-li se n\u011bjak rozhodneme nebo zachov\u00e1me.<\/p>\n\n\n\n<p>Jsem v&nbsp;mysli a srdci s&nbsp;v\u00e1mi v\u0161emi.<br>\nMartina<\/p>\n","protected":false},"excerpt":{"rendered":"<p>V\u0161echno je jinak\u2026Energie, ve kter\u00fdch jsme fungovaly d\u0159\u00edve ji\u017e zanikly nav\u017edy a nov\u00e9 jakoby se nejevily dost jasn\u011b nebo v&nbsp;nich zat\u00edm neum\u00edme \u010d\u00edst. V\u011bt\u0161ina z&nbsp;n\u00e1s se ut\u00e1p\u00ed v temnot\u00e1ch sv\u00fdch sv\u011bt\u016f a pt\u00e1 se, kde jsou ty slibovan\u00e9 lep\u0161\u00ed z\u00edt\u0159ky? Pracujeme na sob\u011b tvrd\u011b, ale st\u00e1le se propad\u00e1me. Pro\u010d? Vy\u010derpanost, zrychlen\u00ed v\u0161ech po\u017eadavk\u016f na n\u00e1s [&hellip;]<\/p>\n","protected":false},"author":1,"featured_media":0,"parent":0,"menu_order":0,"comment_status":"closed","ping_status":"closed","template":"","meta":{"_mc_calendar":[],"footnotes":""},"class_list":["post-325","page","type-page","status-publish","hentry"],"_links":{"self":[{"href":"https:\/\/astragal.cz\/index.php\/wp-json\/wp\/v2\/pages\/325","targetHints":{"allow":["GET"]}}],"collection":[{"href":"https:\/\/astragal.cz\/index.php\/wp-json\/wp\/v2\/pages"}],"about":[{"href":"https:\/\/astragal.cz\/index.php\/wp-json\/wp\/v2\/types\/page"}],"author":[{"embeddable":true,"href":"https:\/\/astragal.cz\/index.php\/wp-json\/wp\/v2\/users\/1"}],"replies":[{"embeddable":true,"href":"https:\/\/astragal.cz\/index.php\/wp-json\/wp\/v2\/comments?post=325"}],"version-history":[{"count":78,"href":"https:\/\/astragal.cz\/index.php\/wp-json\/wp\/v2\/pages\/325\/revisions"}],"predecessor-version":[{"id":10210,"href":"https:\/\/astragal.cz\/index.php\/wp-json\/wp\/v2\/pages\/325\/revisions\/10210"}],"wp:attachment":[{"href":"https:\/\/astragal.cz\/index.php\/wp-json\/wp\/v2\/media?parent=325"}],"curies":[{"name":"wp","href":"https:\/\/api.w.org\/{rel}","templated":true}]}}