{"id":3611,"date":"2021-09-15T14:19:45","date_gmt":"2021-09-15T13:19:45","guid":{"rendered":"http:\/\/astragal.cz\/?page_id=3611"},"modified":"2023-07-07T19:37:27","modified_gmt":"2023-07-07T18:37:27","slug":"rizika-prace-s-energiemi-v-astralni-rovine","status":"publish","type":"page","link":"https:\/\/astragal.cz\/index.php\/rizika-prace-s-energiemi-v-astralni-rovine\/","title":{"rendered":"Rizika pr\u00e1ce s energiemi v astr\u00e1ln\u00ed rovin\u011b"},"content":{"rendered":"\n<figure class=\"wp-block-image size-full\"><img loading=\"lazy\" decoding=\"async\" width=\"600\" height=\"409\" src=\"https:\/\/astragal.cz\/wp-content\/uploads\/2023\/07\/scale_1200.webp\" alt=\"\" class=\"wp-image-8115\" srcset=\"https:\/\/astragal.cz\/wp-content\/uploads\/2023\/07\/scale_1200.webp 600w, https:\/\/astragal.cz\/wp-content\/uploads\/2023\/07\/scale_1200-300x205.webp 300w\" sizes=\"auto, (max-width: 600px) 100vw, 600px\" \/><\/figure>\n\n\n\n<p class=\"has-text-align-center has-blue-color has-text-color has-small-font-size\"><\/p>\n\n\n\n<p class=\"has-text-align-center has-blue-color has-text-color has-small-font-size\"><a href=\"https:\/\/dzen.ru\/a\/W3QsEyk6rgCsc69o\">https:\/\/dzen.ru\/a\/W3QsEyk6rgCsc69o<\/a><\/p>\n\n\n\n<p><\/p>\n\n\n\n<p class=\"has-blue-color has-text-color\">Ne\u017e-li za\u010dne \u010dlov\u011bk skute\u010dn\u011b duchovn\u011b a energeticky pracovat na vysok\u00e9 sv\u011bteln\u00e9 \u00farovni, mus\u00ed dosp\u011bt ur\u010dit\u00e9ho stupn\u011b pozn\u00e1n\u00ed, v\u011bdom\u00ed, pokory a p\u0159ipravenosti.<\/p>\n\n\n\n<p class=\"has-blue-color has-text-color\">Teprve pot\u00e9 je mu rozvinut dar pr\u00e1ce s energiemi sv\u011btla a bo\u017esk\u00fd zdroj skrze n\u011bj m\u016f\u017ee konat velik\u00e9 v\u011bci. Nejsiln\u011bj\u0161\u00ed prost\u0159edkem je modlitba, kter\u00e1 je uv\u00e1d\u011bna do chodu na\u0161i pevnou v\u00edrou.<\/p>\n\n\n\n<p class=\"has-blue-color has-text-color\">Kdo nen\u00ed na tuto cestu dostate\u010dn\u011b p\u0159ipraven, nedok\u00e1\u017ee ji \u00fasp\u011b\u0161n\u011b dokon\u010dit a je ve sv\u00e9m kon\u00e1n\u00ed d\u0159\u00edve nebo pozd\u011bji zastaven.<\/p>\n\n\n\n<p class=\"has-blue-color has-text-color\">Takto &#8222;sesazen\u00fd&#8220; jedinec pracuje pot\u00e9 s n\u00edzk\u00fdmi energiemi pat\u0159\u00edc\u00edmi temn\u00e9 sf\u00e9\u0159e a i kdy\u017e dok\u00e1\u017ee zd\u00e1nliv\u011b d\u011blat velk\u00e9 v\u011bci, tyto jsou ne\u010dist\u00e9 a netrval\u00e9 hodnoty. <\/p>\n\n\n\n<p class=\"has-blue-color has-text-color\"><strong>Hlavn\u00edm znakem je, \u017ee takto pracuj\u00edc\u00ed \u010dlov\u011bk nikdy nedok\u00e1\u017ee porazit s\u00edly temna, nebo\u0165 je pod jejich nadvl\u00e1dou.<\/strong><\/p>\n\n\n\n<p>Zdroj\u016f, ze kter\u00fdch k n\u00e1m p\u0159ich\u00e1z\u00ed r\u016fzn\u00e9 energie je a\u017e neuv\u011b\u0159iteln\u011b mnoho:<\/p>\n\n\n\n<ul class=\"wp-block-list\"><li>p\u0159\u00edrodn\u00ed \u017eiveln\u00e1 energie (voda, zem\u011b, ohe\u0148, vzduch, \u00e9ter),<\/li><li>vesm\u00edrn\u00e1 energie (energie univerza, kosmick\u00e1 energie),<\/li><li>energie vytvo\u0159en\u00e1 z vlastn\u00edho zdroje (vyu\u017eit\u00ed vlastn\u00ed \u017eivotn\u00ed s\u00edly &#8211; bio energie),<\/li><li>energie z drah\u00fdch kamen\u016f,<\/li><li>energie z ritu\u00e1ln\u00edch p\u0159edm\u011bt\u016f, amulet\u016f apod.,<\/li><li>energie proklet\u00fdch p\u0159edm\u011bt\u016f,<\/li><li>energie v\u00fdrazn\u011b &#8222;nabit\u00e9ho&#8220; m\u00edsta,<\/li><li>energie z aurick\u00e9ho pole druh\u00e9ho \u010dlov\u011bka,<\/li><li>energie z bylin a jin\u00fdch l\u00e9\u010div\u00fdch rostlin,<\/li><li>energie vytvo\u0159en\u00e9 pozitivn\u00edmi my\u0161lenkov\u00fdmi formami (afirmace),<\/li><li>energie vytvo\u0159en\u00e9 za ur\u010dit\u00fdm \u00fa\u010delem (bytost svo\u0159en\u00e1 m\u00e1gem),<\/li><li>energie ze za\u0159\u00edkavadel a ritu\u00e1l\u016f,<\/li><li>energie prop\u016fj\u010dena t\u0159et\u00ed stranou (temn\u00e9 s\u00edly nebo sv\u011bteln\u00e9 bytosti).<\/li><\/ul>\n\n\n\n<p>Uveden\u00e9 p\u0159\u00edklady jsou p\u0159ehledem d\u00edl\u010d\u00edch zdroj\u016f, ze kter\u00fdch si ten, kter\u00fd s energi\u00ed pracuje, tuto energii &#8222;vyp\u016fj\u010duje&#8220; a dle uveden\u00e9ho si sami m\u016f\u017eete ud\u011blat obr\u00e1zek, jak nebezpe\u010dn\u00e1 dan\u00e1 v\u011bc m\u016f\u017ee b\u00fdt.<\/p>\n\n\n\n<p class=\"has-blue-color has-text-color\"><strong>P\u0159i pr\u00e1ci s energiemi (a tou je modlitba) obecn\u011b plat\u00ed, \u017ee z\u00e1sadn\u00ed je vnit\u0159n\u00ed \u010distota dan\u00e9ho \u010dlov\u011bka, z\u00e1m\u011br a \u00fa\u010del, kter\u00e9mu doty\u010dn\u00fd &#8222;slou\u017e\u00ed&#8220; a jeho m\u00edra schopnost\u00ed a znalost\u00ed nakl\u00e1d\u00e1n\u00ed se silou, se kterou pracuje.<\/strong><\/p>\n\n\n\n<p>Je nesm\u00edrn\u011b d\u016fle\u017eit\u00e9, jak\u00fdm zp\u016fsobem pracuj\u00edc\u00ed energii vyu\u017e\u00edv\u00e1. I ten sebeu\u0161lechtilej\u0161\u00ed z\u00e1m\u011br m\u016f\u017ee za ur\u010dit\u00fdch okolnost\u00ed a v ur\u010dit\u00e9 situaci skon\u010dit katastrofou.<\/p>\n\n\n\n<p class=\"has-light-black-color has-text-color\"><strong>Jak je to mo\u017en\u00e9?<\/strong><\/p>\n\n\n\n<p>Ji\u017e v historii byla spousta l\u00e9\u010ditel\u016f a &#8222;pracovn\u00edk\u016f sv\u011btla&#8220;, kte\u0159\u00ed se domn\u00edvali, \u017ee pracuj\u00ed pro sv\u011btlou stranu, ale bohu\u017eel nebylo tomu tak. Zcela nev\u011bdom\u011b vyu\u017e\u00edvali energie z temn\u00e9ho zdroje a t\u00edm propadli t\u011bmto sil\u00e1m, ani\u017e by cht\u011bli \u010di to v\u011bd\u011bli. Tento fakt mnoz\u00ed odhalili a\u017e na konci sv\u00e9 cesty a to u\u017e bylo bohu\u017eel pozd\u011b.<\/p>\n\n\n\n<p>Pokud dlouhodob\u011b duchovn\u011b pracujete, pak se pr\u00e1ci s ur\u010dit\u00fdm druhem energie nevyhnete. A pr\u00e1v\u011b v t\u00e9to f\u00e1zi vy\u0161\u0161\u00ed cesty je nesm\u00edrn\u011b obt\u00ed\u017en\u00e9 uchr\u00e1nit vlivu temn\u00fdch sil a temn\u00e9 strany, kter\u00e1 se neust\u00e1le sna\u017e\u00ed o to, aby v\u00e1s z\u00edskala. <\/p>\n\n\n\n<p><strong>\u010c\u00edm v\u00fd\u0161e jste ve sv\u00e9m v\u00fdvoji, t\u00edm v\u011bt\u0161\u00ed m\u00e1me pro n\u011b cenu.<\/strong><\/p>\n\n\n\n<p>Temnota dok\u00e1\u017ee maskovat svoji s\u00edlu za s\u00edlu dobra naprosto obratn\u011b a nen\u00e1padn\u011b. Mezi ob\u011bma p\u00f3ly je toti\u017e velice tenk\u00e1, skoro neviditeln\u00e1 hranice. Nen\u00ed divu, v\u017edy ob\u011b strany jsou sou\u010d\u00e1st\u00ed jednoho celku a jsou pouze sv\u00fdm p\u00f3lem vydefinov\u00e1ny ur\u010dit\u00fdm sm\u011brem.<\/p>\n\n\n\n<p><strong>Pokud ov\u0161em dob\u0159e naslouch\u00e1te sv\u00e9mu nitru, srdci a intuici, budete zav\u010das varov\u00e1ni a zastaveni.<\/strong><\/p>\n\n\n\n<p class=\"has-blue-color has-text-color\"><strong>Jak tedy postupovat, abych za v\u0161ech okolnost\u00ed pracoval\/a s energi\u00ed \u010dist\u00e9ho sv\u011bteln\u00e9ho zdroje?<\/strong><\/p>\n\n\n\n<ul class=\"wp-block-list\"><li>Nikdy nevyu\u017e\u00edvejte pro l\u00e9\u010den\u00ed svoji vlastn\u00ed energii (i kdy\u017e m\u00e1te pocit, \u017ee jste ji nabit\u00ed a m\u00e1te ji na rozd\u00e1v\u00e1n\u00ed). Toto je \u0161patn\u00fd postup &#8211; l\u00e9\u010dba mus\u00ed vych\u00e1zet z energie univerza, z v\u016fle stvo\u0159itele a z \u017e\u00e1dn\u00e9 jin\u00e9.<\/li><\/ul>\n\n\n\n<ul class=\"wp-block-list\"><li>Pokud pracujete s kyvadlem, pru\u017einou apod. &#8211; plat\u00ed jedno z\u00e1sadn\u00ed a velice d\u016fle\u017eit\u00e9 pravidlo. NIKDY, NIKDY se p\u0159edm\u011btu, se kter\u00fdm pracujete na nic neptejte. <\/li><\/ul>\n\n\n\n<p class=\"has-blue-color has-text-color\">B\u016fh nebo kosmick\u00fd zdroj s v\u00e1mi nebude komunikovat formou odpov\u011bd\u00ed ano\/ne nebo podobn\u00fdm zp\u016fsobem. Bude k v\u00e1m mluvit v\u017edy skrze va\u0161i intuici, vnit\u0159n\u00ed hlas a v\u011bdom\u00ed (n\u00e1hle danu informaci v\u00edte, jste si jisti, c\u00edt\u00edte, jak v\u0161e do sebe zapadlo).  <\/p>\n\n\n\n<p class=\"has-blue-color has-text-color\"><strong>Ten, kdo odpov\u00edd\u00e1, je t\u0159et\u00ed temn\u00e1 strana. <\/strong><\/p>\n\n\n\n<p class=\"has-blue-color has-text-color\">Ano, m\u016f\u017eete mi oponovat, \u017ee to va\u0161e vnit\u0159n\u00ed vy\u0161\u0161\u00ed j\u00e1 odpov\u00edd\u00e1 na dan\u00e9 ot\u00e1zky, ale pr\u00e1v\u011b to m\u016f\u017ee b\u00fdt snadno touto t\u0159et\u00ed stranou ovlivn\u011bno a ovl\u00e1d\u00e1no, a to v\u010detn\u011b ovl\u00e1d\u00e1n\u00ed n\u00e1stroje samotn\u00e9ho.<\/p>\n\n\n\n<ul class=\"wp-block-list\"><li>Nepou\u017e\u00edvejte prost\u0159edky a p\u0159edm\u011bty z neov\u011b\u0159en\u00e9ho zdroje, pokud je sami neum\u00edte energeticky p\u0159eprogramovat, o\u010distit.<\/li><\/ul>\n\n\n\n<ul class=\"wp-block-list\"><li>Nepou\u017e\u00edvejte n\u00e1vody k energetick\u00e9 pr\u00e1ci, kter\u00e9 nejsou z ov\u011b\u0159en\u00e9ho a d\u016fv\u011bryhodn\u00e9ho zdroje.<\/li><\/ul>\n\n\n\n<p>V\u017edy nad texty, kter\u00e9 \u010dtete kriticky p\u0159em\u00fd\u0161lejte a nechte se v\u00e9st sv\u00fdm vnit\u0159n\u00edm pocitem. Pokud  byste m\u011bli jen sebemen\u0161\u00ed malou jisk\u0159i\u010dku nejistoty \u010di divn\u00e9ho pocitu, text nepou\u017e\u00edvejte.<\/p>\n\n\n\n<ul class=\"wp-block-list\"><li>V\u0161echny p\u0159edm\u011bty, se kter\u00fdmi pracujete pravideln\u011b o\u010di\u0161\u0165ujte &#8211; v pr\u016fb\u011bhu energetick\u00e9 pr\u00e1ce na sebe nachyt\u00e1vaj\u00ed energetick\u00e9 otisky pro\u017eit\u00fdch situac\u00ed a ty potom zp\u011btn\u011b mohou zp\u016fsobit probl\u00e9my.<\/li><\/ul>\n\n\n\n<ul class=\"wp-block-list\"><li>Nikdy se nesna\u017ete ovlivnit svobodnou v\u016fli druh\u00e9ho jedince. Nepracujte na nikom bez jeho souhlasu.<\/li><\/ul>\n\n\n\n<ul class=\"wp-block-list\"><li>Pokud se v\u00e1m stane, \u017ee budete m\u00edt p\u0159i energetick\u00e9 pr\u00e1ci (ale toto se m\u016f\u017ee st\u00e1t i p\u0159i meditaci), najednou pocity strachu, \u00fazkosti, znejist\u011bn\u00ed toho, co d\u011bl\u00e1te a jak p\u0159i tom postupujete nebo budete vnit\u0159n\u011b sly\u0161et n\u011bjak\u00fd hlas, kter\u00fd v\u00e1s bude zastra\u0161ovat, vyhro\u017eovat nebo vysm\u00edvat se v\u00e1m &#8211; okam\u017eit\u011b se odpojte. <\/li><\/ul>\n\n\n\n<p>Znamen\u00e1 to, \u017ee jste pod vlivem druh\u00e9 strany. Pot\u00e9 hned za\u010dn\u011bte s modlitbou a ide\u00e1ln\u011b pou\u017eijte sv\u011bcenou vodu (ud\u011blejte si k\u0159\u00ed\u017eek na \u010delo s prosbou o pomoc s osvobozen\u00ed z vlivu t\u00e9to energie).<\/p>\n\n\n\n<ul class=\"wp-block-list\"><li>Svoji energetickou pr\u00e1ci v\u017edy za\u010d\u00ednejte s prosbou o pomoc a veden\u00ed z bo\u017esk\u00e9ho zdroje. M\u016f\u017eete pou\u017e\u00edt jako pe\u010de\u0165 toho, \u017ee pracujete ve sv\u011btle a pro sv\u011btlo jm\u00e9no Je\u017e\u00ed\u0161e Krista, kter\u00fd p\u0159edstavuje potvrzen\u00ed \u0159e\u010den\u00e9ho a tak\u00e9 v\u00e1\u0161 \u0161t\u00edt p\u0159ed silami zla.<\/li><\/ul>\n\n\n\n<ul class=\"wp-block-list\"><li>P\u0159edm\u011bty, kter\u00e9 pou\u017e\u00edv\u00e1te by m\u011bly b\u00fdt ide\u00e1ln\u011b posv\u011bceny, aby byly ochr\u00e1n\u011bny p\u0159ed silami temna. Toto opat\u0159en\u00ed by se m\u011blo v pr\u016fb\u011bhu \u010dasu opakovat, nebo\u0165 zane\u0161en\u00ed energiemi se postupn\u011b projev\u00ed i na sv\u011bcen\u00fdch v\u011bcech.<\/li><\/ul>\n\n\n\n<ul class=\"wp-block-list\"><li>V\u0161e, co pou\u017e\u00edv\u00e1te p\u0159i sv\u00e9 pr\u00e1ci, byste m\u011bli skladovat na posv\u00e1tn\u00e9m m\u00edst\u011b a m\u00edt p\u0159i nepou\u017e\u00edv\u00e1n\u00ed zakryto. <\/li><\/ul>\n\n\n\n<ul class=\"wp-block-list\"><li>P\u0159i duchovn\u00ed pr\u00e1ci byste m\u011bli v\u017edy pou\u017e\u00edvat b\u00edlou sv\u00edci, kter\u00e1 p\u0159edstavuje bo\u017e\u00ed sv\u011btlo a ochranu. Na tuto sv\u00edci byste m\u011bli sv\u011bcenou vodu prsty namalovat k\u0159\u00ed\u017eek, kter\u00fd p\u0159edstavuje va\u0161e ukotven\u00ed v obou sf\u00e9r\u00e1ch a ochranu bo\u017e\u00ed.<\/li><\/ul>\n\n\n\n<p>P\u0159eji v\u00e1m napojen\u00ed na prav\u00fd zdroj bo\u017esk\u00e9 s\u00edly a milosti a hodn\u011b sil ve va\u0161\u00ed duchovn\u00ed pr\u00e1ci.<\/p>\n\n\n\n<p>Martina<\/p>\n","protected":false},"excerpt":{"rendered":"<p>https:\/\/dzen.ru\/a\/W3QsEyk6rgCsc69o Ne\u017e-li za\u010dne \u010dlov\u011bk skute\u010dn\u011b duchovn\u011b a energeticky pracovat na vysok\u00e9 sv\u011bteln\u00e9 \u00farovni, mus\u00ed dosp\u011bt ur\u010dit\u00e9ho stupn\u011b pozn\u00e1n\u00ed, v\u011bdom\u00ed, pokory a p\u0159ipravenosti. Teprve pot\u00e9 je mu rozvinut dar pr\u00e1ce s energiemi sv\u011btla a bo\u017esk\u00fd zdroj skrze n\u011bj m\u016f\u017ee konat velik\u00e9 v\u011bci. Nejsiln\u011bj\u0161\u00ed prost\u0159edkem je modlitba, kter\u00e1 je uv\u00e1d\u011bna do chodu na\u0161i pevnou v\u00edrou. Kdo nen\u00ed [&hellip;]<\/p>\n","protected":false},"author":1,"featured_media":0,"parent":0,"menu_order":0,"comment_status":"closed","ping_status":"closed","template":"","meta":{"_mc_calendar":[],"footnotes":""},"class_list":["post-3611","page","type-page","status-publish","hentry"],"_links":{"self":[{"href":"https:\/\/astragal.cz\/index.php\/wp-json\/wp\/v2\/pages\/3611","targetHints":{"allow":["GET"]}}],"collection":[{"href":"https:\/\/astragal.cz\/index.php\/wp-json\/wp\/v2\/pages"}],"about":[{"href":"https:\/\/astragal.cz\/index.php\/wp-json\/wp\/v2\/types\/page"}],"author":[{"embeddable":true,"href":"https:\/\/astragal.cz\/index.php\/wp-json\/wp\/v2\/users\/1"}],"replies":[{"embeddable":true,"href":"https:\/\/astragal.cz\/index.php\/wp-json\/wp\/v2\/comments?post=3611"}],"version-history":[{"count":25,"href":"https:\/\/astragal.cz\/index.php\/wp-json\/wp\/v2\/pages\/3611\/revisions"}],"predecessor-version":[{"id":8117,"href":"https:\/\/astragal.cz\/index.php\/wp-json\/wp\/v2\/pages\/3611\/revisions\/8117"}],"wp:attachment":[{"href":"https:\/\/astragal.cz\/index.php\/wp-json\/wp\/v2\/media?parent=3611"}],"curies":[{"name":"wp","href":"https:\/\/api.w.org\/{rel}","templated":true}]}}