{"id":3644,"date":"2021-09-15T15:54:51","date_gmt":"2021-09-15T14:54:51","guid":{"rendered":"http:\/\/astragal.cz\/?page_id=3644"},"modified":"2021-09-22T10:14:03","modified_gmt":"2021-09-22T09:14:03","slug":"svetelne-bytosti-andele-a-bozsky-zdroj","status":"publish","type":"page","link":"https:\/\/astragal.cz\/index.php\/svetelne-bytosti-andele-a-bozsky-zdroj\/","title":{"rendered":"Sv\u011bteln\u00e9 bytosti, and\u011bl\u00e9 a Bo\u017esk\u00fd zdroj"},"content":{"rendered":"\n<div class=\"wp-block-image\"><figure class=\"aligncenter size-large\"><img loading=\"lazy\" decoding=\"async\" width=\"232\" height=\"300\" src=\"https:\/\/astragal.cz\/wp-content\/uploads\/2021\/09\/328512_clanok_foto_677.jpg\" alt=\"\" class=\"wp-image-3645\"\/><\/figure><\/div>\n\n\n\n<p class=\"has-text-color has-text-align-center has-small-font-size has-blue-color\"><a href=\"https:\/\/pliskova.blog.idnes.cz\/blog.aspx?c=328512\">https:\/\/pliskova.blog.idnes.cz\/blog.aspx?c=328512<\/a><\/p>\n\n\n\n<p>Ji\u017e jsme se sezn\u00e1mili kompletn\u011b s obsahem temn\u00e9 strany. Nyn\u00ed je na \u010dase pod\u00edvat se, kdo stoj\u00ed na druh\u00e9 stran\u011b b\u0159ehu.<\/p>\n\n\n\n<p class=\"has-text-color has-blue-color\">Bo\u017esk\u00e1 podstata vych\u00e1z\u00ed z toho, \u017ee bez temnoty nem\u016f\u017eeme poznat sv\u011btlo a \u017ee sou\u010d\u00e1st\u00ed sv\u011btla je tma. M\u00e1me tedy jistotu, \u017ee pokud existuje tma, z\u00e1konit\u011b mus\u00ed existovat sv\u011btlo a naopak.<\/p>\n\n\n\n<p>Temnota se v posledn\u00edch letech v na\u0161em prostoru velmi rozp\u00edn\u00e1 a ud\u00e1losti sou\u010dasn\u00fdch let (2019 &#8211; 2021) p\u016fsoben\u00ed temn\u00fdch sil opravdu nahr\u00e1vaj\u00ed. V\u011bt\u0161ina lid\u00ed propad\u00e1 agresi, frustraci, jsou otr\u00e1ven\u00ed, sobe\u010dt\u00ed a arogantn\u00ed. Toto d\u011bn\u00ed je bohu\u017eel \u017eivnou p\u016fdou pro v\u0161echny s\u00edly temn\u00e9 strany.<\/p>\n\n\n\n<p><strong>Co je ale nutn\u00e9 v\u011bd\u011bt a co je rozhoduj\u00edc\u00ed, je to \u017ee:<\/strong><\/p>\n\n\n\n<p class=\"has-text-color has-blue-color\"><strong>Nen\u00ed d\u016fle\u017eit\u00e9, jak moc temna se kolem n\u00e1s nach\u00e1z\u00ed a jak moc na n\u00e1s \u00fato\u010d\u00ed. D\u016fle\u017eit\u00e9 je v\u011bdom\u00ed, \u017ee zlo nem\u016f\u017ee nikdy a za \u017e\u00e1dn\u00fdch okolnost\u00ed fin\u00e1ln\u011b vyhr\u00e1t. <\/strong><\/p>\n\n\n\n<p class=\"has-text-color has-blue-color\"><strong>M\u016f\u017ee m\u00edt dobr\u00e9 sk\u00f3re a m\u016f\u017ee se zd\u00e1t, \u017ee vyhr\u00e1v\u00e1, ale je to jen zd\u00e1n\u00ed. P\u0159echodn\u00e1 pozice moci, kter\u00e1 byla zlu umo\u017en\u011bna. <\/strong><\/p>\n\n\n\n<p class=\"has-text-color has-blue-color\"><strong>Ano, \u010dtete dob\u0159e &#8211; dobro umo\u017enilo zlu, aby p\u016fsobilo v na\u0161\u00ed sf\u00e9\u0159e, aby zkou\u0161elo a ubli\u017eovalo, jak nejv\u00edce dok\u00e1\u017ee, nebo\u0165 to je sou\u010d\u00e1st\u00ed velk\u00e9ho bo\u017e\u00edho pl\u00e1nu na kone\u010dn\u00e9 v\u00edt\u011bzstv\u00ed. <\/strong><\/p>\n\n\n\n<p class=\"has-text-color has-blue-color\"><strong>Jsou to jen zkou\u0161ky a v\u00fdzvy pro n\u00e1s, pro n\u00e1\u0161 duchovn\u00ed posun. Nemohou na n\u00e1s &#8211; pokud budeme v\u011b\u0159it v s\u00edlu a v\u00edt\u011bzstv\u00ed dobra, nemohou na n\u00e1s.<\/strong><\/p>\n\n\n\n<p>Neust\u00e1le se po va\u0161em boku nach\u00e1z\u00ed tis\u00edce sv\u011bteln\u00fdch bytost\u00ed, va\u0161ich and\u011bl\u016f str\u00e1\u017en\u00fdch, pr\u016fvodc\u016f a sama Bo\u017esk\u00e1 podstata stvo\u0159en\u00ed a dohl\u00ed\u017e\u00ed na v\u00e1s. <\/p>\n\n\n\n<p>Chr\u00e1n\u00ed v\u00e1s, vedou, sna\u017e\u00ed se v\u00e1m pomoci nepropadnout vlivu druh\u00e9 strany. Jsou neust\u00e1le p\u0159ipraveni a \u010dekaj\u00ed na va\u0161e prosby o pomoc. <\/p>\n\n\n\n<p class=\"has-text-color has-blue-color\"><strong>Plat\u00ed toti\u017e jeden z\u00e1kon &#8211; nemohou v\u00e1m pomoci, pokud je o to sami nepo\u017e\u00e1d\u00e1te. Pozor, toto plat\u00ed tak\u00e9 pro druhou stranu. Nedostane se na v\u00e1s, pokud ji k sob\u011b nepozvete, neotev\u0159ete ji dve\u0159e a nedovol\u00edte ji u v\u00e1s z\u016fstat.<\/strong><\/p>\n\n\n\n<p>Strana sv\u011btla m\u00e1 k dispozici mnoho a mnoho sv\u00fdch pracovn\u00edk\u016f &#8211; archand\u011bly, and\u011bly, and\u011bly str\u00e1\u017en\u00e9, svat\u00e9 patrony, ni\u017e\u0161\u00ed bytosti sv\u011btla, pr\u016fvodce, mistry a dal\u0161\u00ed bytosti sv\u011btla, kte\u0159\u00ed jsou p\u0159ipraveni tu pro v\u00e1s b\u00fdt, pokud je budete pot\u0159ebovat a pokud je zavol\u00e1te.<\/p>\n\n\n\n<p><strong>N\u011bkdy se stane, \u017ee m\u016f\u017eete m\u00edt pocit, \u017ee pomoc sv\u011btla nec\u00edt\u00edte, \u017ee je slab\u00e1 nebo u v\u00e1s v\u016fbec nen\u00ed. <\/strong><\/p>\n\n\n\n<p>Toto se nem\u016f\u017ee st\u00e1t &#8211; kdo vol\u00e1, je vysly\u0161en a je mu v\u017edy za v\u0161ech okolnost\u00ed pomo\u017eeno tak, jak mu v dan\u00e9 chv\u00edli pomo\u017eeno m\u00e1 b\u00fdt a m\u016f\u017ee. <\/p>\n\n\n\n<p><strong>I kdy\u017e je nec\u00edt\u00edte jsou u v\u00e1s a m\u016f\u017eete se o toto v\u011bdom\u00ed op\u0159\u00edt.<\/strong><\/p>\n\n\n\n<p class=\"has-text-color has-blue-color\"><strong>Bytosti sv\u011btla, kter\u00e9 n\u00e1m pom\u00e1haj\u00ed, projevuj\u00ed svoji p\u0159\u00edtomnost r\u016fzn\u00fdmi kr\u00e1sn\u00fdmi zp\u016fsoby:<\/strong><\/p>\n\n\n\n<ul class=\"wp-block-list\"><li>pocit n\u00e1hl\u00e9 neod\u016fvodn\u011bn\u00e9 radosti a l\u00e1sky<\/li><li>p\u0159\u00edjemn\u00e1 v\u016fn\u011b \u010di vnit\u0159n\u00ed sly\u0161en\u00ed ur\u010dit\u00e9 hudby<\/li><li>n\u00e1hl\u00e1 sv\u011bteln\u00e1 vlna oza\u0159uj\u00edc\u00ed jist\u00e9 m\u00edsto<\/li><li>n\u00e1hl\u00fd klid, pocit bezpe\u010d\u00ed a zpomalen\u00ed \u010dasu<\/li><li>p\u0159\u00edm\u00e1 vyobrazen\u00ed podoby sv\u011bteln\u00e9 bytosti, kter\u00e9 n\u00e1hle uz\u0159\u00edte<\/li><li>siln\u00e9 vnit\u0159n\u00ed veden\u00ed a uji\u0161t\u011bn\u00ed, \u017ee v\u0161echno je a bude v po\u0159\u00e1dku, \u017ee jste milov\u00e1ni a v bezpe\u010d\u00ed<\/li><\/ul>\n\n\n\n<p class=\"has-text-color has-blue-color\"><strong>Jak\u00fd je rozd\u00edl v p\u016fsoben\u00ed sv\u011bteln\u00fdch a temn\u00fdch bytost\u00ed?<\/strong><\/p>\n\n\n\n<p><strong>Sv\u011bteln\u00e9 bytosti:<\/strong><\/p>\n\n\n\n<ul class=\"wp-block-list\"><li>V\u017edy vystupuj\u00ed s l\u00e1skou, p\u00e9\u010d\u00ed, uji\u0161\u0165ov\u00e1n\u00edm, \u017ee je v\u0161e v po\u0159\u00e1dku a \u017ee se nemus\u00edme b\u00e1t.<\/li><li>Maj\u00ed pozitivn\u00ed energetick\u00fd n\u00e1boj (m\u016f\u017eeme v jejich p\u0159\u00edtomnosti c\u00edtit p\u0159\u00edjemn\u00e9 teplo).<\/li><li>V\u017edy n\u00e1s radou vedou k nejlep\u0161\u00edmu c\u00edli nebo n\u00e1m ukazuj\u00ed vhodnou cestu.<\/li><li>Pos\u00edlaj\u00ed n\u00e1m na pomoc do cesty ur\u010dit\u00e9ho \u010dlov\u011bka (knihu nebo p\u0159edm\u011bt), kter\u00fd bu\u010f \u0159ekne v danou chv\u00edli n\u011bco \u00fa\u017easn\u00e9ho, co n\u00e1s povzbud\u00ed a povznese nebo n\u00e1m porad\u00ed a pom\u016f\u017ee.<\/li><li>Projevuj\u00ed se sv\u011btlem, z\u00e1\u0159\u00ed nebo kr\u00e1sn\u00fdmi barvami.<\/li><\/ul>\n\n\n\n<p><strong>Temn\u00e9 bytosti:<\/strong><\/p>\n\n\n\n<ul class=\"wp-block-list\"><li>Jejich p\u0159\u00edtomnost je charakterizov\u00e1na pocity bezv\u00fdchodnosti, zmaru, vlastn\u00ed nulov\u00e9 sebehodnoty apod.<\/li><li>M\u016f\u017eeme poci\u0165ovat n\u00e1hl\u00fdch chlad, nep\u0159\u00edjemn\u00fd pach a sly\u0161et r\u016fzn\u00e9 podivn\u00e9 zvuky<\/li><li>vedou n\u00e1s zp\u016fsobem vysm\u00edv\u00e1n\u00ed se, poni\u017eov\u00e1n\u00ed, zpochyb\u0148ov\u00e1n\u00ed vlastn\u00ed cesty i hodnoty, zastra\u0161ov\u00e1n\u00ed aj.<\/li><li>M\u016f\u017eeme zaznamenat v na\u0161\u00ed bl\u00edzkosti temn\u00fd pohybuj\u00edc\u00ed se st\u00edn, r\u016fzn\u00e9 \u0161kleb\u00edc\u00ed se tv\u00e1\u0159e, \u0161ed\u00e9 nebo hn\u011bd\u00e9 \u00fatvary r\u016fzn\u00fdch proveden\u00ed.<\/li><li>Poci\u0165ujeme \u00fazkost, strach, ohro\u017een\u00ed.<\/li><\/ul>\n\n\n\n<p class=\"has-text-color has-blue-color\"><strong>Jak\u00e9 bytosti sv\u011btla, pro jakou pomoc, mohu zavolat?<\/strong><\/p>\n\n\n\n<p>Obecn\u011b se m\u016f\u017eeme \u0159\u00eddit t\u011bmito pravidly:<\/p>\n\n\n\n<ul class=\"wp-block-list\"><li>P\u00e1na Boha (univerz\u00e1ln\u011b v\u017edy a za v\u0161ech okolnost\u00ed),<\/li><li>Je\u017e\u00ed\u0161e Krista (tak\u00e9 univerz\u00e1ln\u011b ve v\u0161ech p\u0159\u00edpadech &#8211; zvl\u00e1\u0161t\u011b p\u0159i odpou\u0161t\u011bn\u00ed, utrpen\u00ed, p\u0159ipomenut\u00ed sv\u00e9ho posl\u00e1n\u00ed, aktivace vnit\u0159n\u00ed l\u00e1sky v\u016f\u010di ka\u017ed\u00e9 bytosti, sv\u011btlo ve tm\u011b), <\/li><li>Pannu Marii (uklidn\u011bn\u00ed, l\u00e1ska a laskavost, zm\u00edrn\u011bn\u00ed zloby nebo pocitu marnosti, po\u010det\u00ed a porod, probl\u00e9my v mate\u0159sk\u00e9 a partnersk\u00e9 roli), <\/li><li>Archand\u011bla Michaela (p\u0159eseknut\u00ed spojen\u00ed zl\u00fdch a temn\u00fdch sil, jejich oslaben\u00ed a odveden\u00ed, ochrana p\u0159ed nejsiln\u011bj\u0161\u00edmi zl\u00fdmi silami),<\/li><li>Archand\u011bla Gabriela (poskytnut\u00ed sv\u011btla du\u0161\u00edm, kter\u00e9 jsou zmaten\u00e9 nebo zbloudil\u00e9, pomoc p\u0159i pochopen\u00ed znamen\u00ed a zpr\u00e1v se zhora, smrt a jej\u00ed proces), <\/li><li>Archand\u011bla Rafaela (uzdraven\u00ed ve v\u0161ech oblastech va\u0161eho \u017eivota), <\/li><li>Svat\u00e9ho Benedikta (pomoc p\u0159i p\u0159ekon\u00e1n\u00ed p\u016fsoben\u00ed d\u00e9monsk\u00e9 s\u00edly),<\/li><li>And\u011bla str\u00e1\u017en\u00e9ho (ve\u0161ker\u00e9 osobn\u00ed z\u00e1le\u017eitosti a probl\u00e9my),<\/li><li>Sv\u011bteln\u00e9ho pr\u016fvodce nebo mistra (rada a pomoc v duchovn\u00ed cest\u011b, p\u0159i d\u016fle\u017eit\u00e9m rozhodnut\u00ed apod.),<\/li><li>Svat\u00e9ho patrona (ka\u017ed\u00fd z patron\u016f, je ur\u010den pro konkr\u00e9tn\u00ed \u00fa\u010del &#8211; v\u00edce o nich se m\u016f\u017eete dozv\u011bd\u011bt zde: <a href=\"http:\/\/catholica.cz\/index.php?a=20\">http:\/\/catholica.cz\/index.php?a=20<\/a>.<\/li><\/ul>\n\n\n\n<p class=\"has-text-color has-blue-color\"><strong>D\u016eLE\u017dIT\u00c9 UPOZORN\u011aN\u00cd:<\/strong><\/p>\n\n\n\n<p class=\"has-text-color has-blue-color\"><strong>P\u00e1na Boha<\/strong> si nesm\u00edme nikdy nijak zobrazovat nebo zhmot\u0148ovat (nap\u0159. so\u0161ka, obr\u00e1zek apod.) &#8211; je to z toho d\u016fvodu, \u017ee je v\u0161ep\u0159\u00edtomn\u00fd, v\u0161ep\u016fsob\u00edc\u00ed a nen\u00ed mo\u017en\u00e9 jej lidsk\u00fdm v\u011bdom\u00edm pochopit, nato\u017e si jej jakkoli dob\u0159e zobrazit.<\/p>\n\n\n\n<p class=\"has-text-color has-blue-color\"><strong>So\u0161ky and\u011bl\u016f<\/strong> <strong>a patron\u016f <\/strong>je mo\u017en\u00e9 vlastnit i m\u00edt je vystaven\u00e9. Je pot\u0159eba s nimi zach\u00e1zet s n\u00e1le\u017eitou \u00factou, m\u00edt je posv\u011bcen\u00e9 a ukl\u00e1dat je, pokud nejsou vystaveny, na speci\u00e1ln\u00ed m\u00edsto.<\/p>\n\n\n\n<p class=\"has-text-color has-blue-color\"><strong>Z\u00e1sadn\u00ed je nepropadnout slep\u00e9mu zbo\u017e\u0148ov\u00e1n\u00ed artefaktu, nebo\u0165 je to jen prost\u0159edek, kter\u00fd v\u00e1m m\u00e1 slou\u017eit pro lep\u0161\u00ed napojen\u00ed se na danou bytost &#8211; nem\u00e1te tomuto prost\u0159edku slou\u017eit<\/strong> (to byste se zase dost\u00e1vali na druhou stranu b\u0159ehu)<strong>.<\/strong><\/p>\n\n\n\n<p><\/p>\n","protected":false},"excerpt":{"rendered":"<p>https:\/\/pliskova.blog.idnes.cz\/blog.aspx?c=328512 Ji\u017e jsme se sezn\u00e1mili kompletn\u011b s obsahem temn\u00e9 strany. Nyn\u00ed je na \u010dase pod\u00edvat se, kdo stoj\u00ed na druh\u00e9 stran\u011b b\u0159ehu. Bo\u017esk\u00e1 podstata vych\u00e1z\u00ed z toho, \u017ee bez temnoty nem\u016f\u017eeme poznat sv\u011btlo a \u017ee sou\u010d\u00e1st\u00ed sv\u011btla je tma. M\u00e1me tedy jistotu, \u017ee pokud existuje tma, z\u00e1konit\u011b mus\u00ed existovat sv\u011btlo a naopak. Temnota se v [&hellip;]<\/p>\n","protected":false},"author":1,"featured_media":0,"parent":0,"menu_order":0,"comment_status":"closed","ping_status":"closed","template":"","meta":{"_mc_calendar":[],"footnotes":""},"class_list":["post-3644","page","type-page","status-publish","hentry"],"_links":{"self":[{"href":"https:\/\/astragal.cz\/index.php\/wp-json\/wp\/v2\/pages\/3644","targetHints":{"allow":["GET"]}}],"collection":[{"href":"https:\/\/astragal.cz\/index.php\/wp-json\/wp\/v2\/pages"}],"about":[{"href":"https:\/\/astragal.cz\/index.php\/wp-json\/wp\/v2\/types\/page"}],"author":[{"embeddable":true,"href":"https:\/\/astragal.cz\/index.php\/wp-json\/wp\/v2\/users\/1"}],"replies":[{"embeddable":true,"href":"https:\/\/astragal.cz\/index.php\/wp-json\/wp\/v2\/comments?post=3644"}],"version-history":[{"count":19,"href":"https:\/\/astragal.cz\/index.php\/wp-json\/wp\/v2\/pages\/3644\/revisions"}],"predecessor-version":[{"id":3712,"href":"https:\/\/astragal.cz\/index.php\/wp-json\/wp\/v2\/pages\/3644\/revisions\/3712"}],"wp:attachment":[{"href":"https:\/\/astragal.cz\/index.php\/wp-json\/wp\/v2\/media?parent=3644"}],"curies":[{"name":"wp","href":"https:\/\/api.w.org\/{rel}","templated":true}]}}