{"id":3729,"date":"2021-09-22T16:14:20","date_gmt":"2021-09-22T15:14:20","guid":{"rendered":"http:\/\/astragal.cz\/?page_id=3729"},"modified":"2025-01-05T18:36:17","modified_gmt":"2025-01-05T17:36:17","slug":"o-poselstvi","status":"publish","type":"page","link":"https:\/\/astragal.cz\/index.php\/o-poselstvi\/","title":{"rendered":"O poselstv\u00ed"},"content":{"rendered":"\n<figure class=\"wp-block-image\" id=\"block-d98857b7-beba-4971-8b28-6058787c9b99\"><img decoding=\"async\" src=\"https:\/\/astragal.cz\/wp-content\/uploads\/2023\/09\/cropped-lighthouse-pictures-17-1024x768.jpg\" alt=\"Tento obr\u00e1zek nem\u00e1 vypln\u011bn\u00fd atribut alt; n\u00e1zev souboru je cropped-lighthouse-pictures-17-1024x768.jpg.\"\/><\/figure>\n\n\n\n<p id=\"block-79d15b76-a8b2-4a7b-870a-f5e2f3bb7b14\"><a href=\"http:\/\/vesvetlebible.blogspot.com\/2018\/06\/poznate-pravdu-pravda-vas-vysvobodi.html\">http:\/\/vesvetlebible.blogspot.com\/2018\/06\/poznate-pravdu-pravda-vas-vysvobodi.html<\/a><\/p>\n\n\n\n<p class=\"has-text-align-left has-blue-color has-text-color\"><\/p>\n\n\n\n<p id=\"block-d6490699-14e4-4fd1-b65a-33eb7159f508\">Poselstv\u00ed, kter\u00e1 zde budete nach\u00e1zet ke m\u011b p\u0159ich\u00e1zej\u00ed tak, jak je t\u0159eba a v takov\u00e9 dob\u011b, kdy ze shora rozhodnou, \u017ee je ten spr\u00e1vn\u00fd \u010das n\u00e1m op\u011bt trochu roz\u0161\u00ed\u0159it v\u011bdom\u00ed a posunout n\u00e1s v na\u0161em v\u00fdvoji.<\/p>\n\n\n\n<p>N\u011bkdy v\u00e1m zde sd\u011bl\u00edm i poselstv\u00ed, kter\u00e9 bych v\u00e1m r\u00e1da p\u0159edala j\u00e1 sama &#8211; tato poselstv\u00ed budou v\u017edy ozna\u010deno tak, abyste v\u011bd\u011bli, \u017ee nepoch\u00e1z\u00ed od zdroje, ale od \u010dlov\u011bka :-).<\/p>\n\n\n\n<p>P\u0159eji v\u00e1m klidnou duchovn\u00ed cestu, st\u00e1lou pomoc va\u0161ich ochr\u00e1nc\u016f i pr\u016fvodc\u016f a bo\u017e\u00ed po\u017eehn\u00e1n\u00ed pro v\u0161echno dobro, kter\u00e9 budete konat.<\/p>\n\n\n\n<p>Martina<\/p>\n\n\n\n<p class=\"has-text-align-center has-blue-color has-text-color has-small-font-size\"><\/p>\n","protected":false},"excerpt":{"rendered":"<p>http:\/\/vesvetlebible.blogspot.com\/2018\/06\/poznate-pravdu-pravda-vas-vysvobodi.html Poselstv\u00ed, kter\u00e1 zde budete nach\u00e1zet ke m\u011b p\u0159ich\u00e1zej\u00ed tak, jak je t\u0159eba a v takov\u00e9 dob\u011b, kdy ze shora rozhodnou, \u017ee je ten spr\u00e1vn\u00fd \u010das n\u00e1m op\u011bt trochu roz\u0161\u00ed\u0159it v\u011bdom\u00ed a posunout n\u00e1s v na\u0161em v\u00fdvoji. N\u011bkdy v\u00e1m zde sd\u011bl\u00edm i poselstv\u00ed, kter\u00e9 bych v\u00e1m r\u00e1da p\u0159edala j\u00e1 sama &#8211; tato poselstv\u00ed budou v\u017edy [&hellip;]<\/p>\n","protected":false},"author":1,"featured_media":0,"parent":0,"menu_order":0,"comment_status":"closed","ping_status":"closed","template":"","meta":{"_mc_calendar":[],"footnotes":""},"class_list":["post-3729","page","type-page","status-publish","hentry"],"_links":{"self":[{"href":"https:\/\/astragal.cz\/index.php\/wp-json\/wp\/v2\/pages\/3729","targetHints":{"allow":["GET"]}}],"collection":[{"href":"https:\/\/astragal.cz\/index.php\/wp-json\/wp\/v2\/pages"}],"about":[{"href":"https:\/\/astragal.cz\/index.php\/wp-json\/wp\/v2\/types\/page"}],"author":[{"embeddable":true,"href":"https:\/\/astragal.cz\/index.php\/wp-json\/wp\/v2\/users\/1"}],"replies":[{"embeddable":true,"href":"https:\/\/astragal.cz\/index.php\/wp-json\/wp\/v2\/comments?post=3729"}],"version-history":[{"count":12,"href":"https:\/\/astragal.cz\/index.php\/wp-json\/wp\/v2\/pages\/3729\/revisions"}],"predecessor-version":[{"id":10226,"href":"https:\/\/astragal.cz\/index.php\/wp-json\/wp\/v2\/pages\/3729\/revisions\/10226"}],"wp:attachment":[{"href":"https:\/\/astragal.cz\/index.php\/wp-json\/wp\/v2\/media?parent=3729"}],"curies":[{"name":"wp","href":"https:\/\/api.w.org\/{rel}","templated":true}]}}