{"id":38,"date":"2020-05-02T12:58:59","date_gmt":"2020-05-02T11:58:59","guid":{"rendered":"http:\/\/astragal.cz\/?page_id=38"},"modified":"2022-10-06T16:48:25","modified_gmt":"2022-10-06T15:48:25","slug":"domu","status":"publish","type":"page","link":"https:\/\/astragal.cz\/","title":{"rendered":"V\u00edt\u00e1m V\u00e1s"},"content":{"rendered":"\n<p>Zvolen\u00fd n\u00e1zev symbolizuje most, kter\u00fd pom\u00e1h\u00e1m vystav\u011bt pro v\u0161echny, kte\u0159\u00ed uv\u00edzli nebo se ztratili v\u00a0prostoru, v\u00a0sob\u011b, ve sv\u011bt\u011b a pot\u0159ebuj\u00ed naj\u00edt cestu zp\u011bt k\u00a0sob\u011b nebo ke smyslu sv\u00e9ho byt\u00ed.<\/p>\n\n\n\n<p>Posl\u00e1n\u00edm m\u00e9 \u010dinnosti jako takov\u00e9 je poskytnout pochopen\u00ed, podporu a p\u0159edev\u0161\u00edm pomoc tam, kde se j\u00ed nedost\u00e1v\u00e1, a sou\u010dasn\u011b d\u00e1l p\u0159ed\u00e1vat l\u00e9ty nasb\u00edran\u00e9 informace, rady a zku\u0161enosti.<\/p>\n\n\n\n<div class=\"wp-block-group alignfull\"><div class=\"wp-block-group__inner-container is-layout-flow wp-block-group-is-layout-flow\"><div class=\"wp-block-image\">\n<figure class=\"aligncenter size-large is-resized\"><img loading=\"lazy\" decoding=\"async\" src=\"https:\/\/astragal.cz\/wp-content\/uploads\/2020\/05\/5bcfc1d6e4113a49f5b023cded9b7bb8.jpg\" alt=\"\" class=\"wp-image-195\" width=\"629\" height=\"353\" srcset=\"https:\/\/astragal.cz\/wp-content\/uploads\/2020\/05\/5bcfc1d6e4113a49f5b023cded9b7bb8.jpg 1024w, https:\/\/astragal.cz\/wp-content\/uploads\/2020\/05\/5bcfc1d6e4113a49f5b023cded9b7bb8-300x168.jpg 300w, https:\/\/astragal.cz\/wp-content\/uploads\/2020\/05\/5bcfc1d6e4113a49f5b023cded9b7bb8-768x431.jpg 768w\" sizes=\"auto, (max-width: 629px) 100vw, 629px\" \/><\/figure><\/div><\/div><\/div>\n\n\n\n<p>            <\/p>\n\n\n\n<div class=\"wp-block-group\"><div class=\"wp-block-group__inner-container is-layout-flow wp-block-group-is-layout-flow\">\n<p class=\"has-normal-font-size\">Podstatu m\u00e9ho posl\u00e1n\u00ed asi nejl\u00e9pe vystihuje n\u00e1sleduj\u00edc\u00ed p\u0159\u00edb\u011bh: <\/p>\n\n\n\n<p class=\"has-normal-font-size\">Star\u0161\u00ed mu\u017e se za rann\u00edho rozb\u0159esku proch\u00e1zel po pl\u00e1\u017ei. V d\u00e1lce p\u0159ed sebou spat\u0159il mlad\u00edka, jak sb\u00edr\u00e1 hv\u011bzdice a h\u00e1z\u00ed je zp\u011bt do mo\u0159e.&nbsp;Kdy\u017e se p\u0159ibl\u00ed\u017eil a\u017e k n\u011bmu, zeptal se ho, pro\u010d to d\u011bl\u00e1. Dozv\u011bd\u011bl se, \u017ee mo\u0159em vyvrhnut\u00e9 hv\u011bzdice na rann\u00edm slunci uschnou. &nbsp;\u201eAle pl\u00e1\u017e je mnoho kilometr\u016f dlouh\u00e1 a jsou na n\u00ed miliony hv\u011bzdic,\u201c nam\u00edtal sta\u0159ec.&nbsp; \u201eMysl\u00ed\u0161, \u017ee sv\u00fdm po\u010d\u00edn\u00e1n\u00edm n\u011bco zm\u011bn\u00ed\u0161?\u201c Mlad\u00edk se pod\u00edval na hv\u011bzdici, kterou dr\u017eel v ruce, a hodil ji do bezpe\u010d\u00ed vln.&nbsp; \u201eZm\u011bn\u00edm t\u00edm osud t\u00e9to hv\u011bzdice.\u201c <br> <\/p>\n\n\n\n<p class=\"has-normal-font-size\">(Z knihy Mal\u00e9 p\u0159\u00edb\u011bhy, Brian Cavanaugh,&nbsp;vydalo Karmelit\u00e1nsk\u00e9 nakladatelstv\u00ed)<\/p>\n<\/div><\/div>\n\n\n\n<p><\/p>\n","protected":false},"excerpt":{"rendered":"<p>Zvolen\u00fd n\u00e1zev symbolizuje most, kter\u00fd pom\u00e1h\u00e1m vystav\u011bt pro v\u0161echny, kte\u0159\u00ed uv\u00edzli nebo se ztratili v\u00a0prostoru, v\u00a0sob\u011b, ve sv\u011bt\u011b a pot\u0159ebuj\u00ed naj\u00edt cestu zp\u011bt k\u00a0sob\u011b nebo ke smyslu sv\u00e9ho byt\u00ed. Posl\u00e1n\u00edm m\u00e9 \u010dinnosti jako takov\u00e9 je poskytnout pochopen\u00ed, podporu a p\u0159edev\u0161\u00edm pomoc tam, kde se j\u00ed nedost\u00e1v\u00e1, a sou\u010dasn\u011b d\u00e1l p\u0159ed\u00e1vat l\u00e9ty nasb\u00edran\u00e9 informace, rady a [&hellip;]<\/p>\n","protected":false},"author":1,"featured_media":0,"parent":0,"menu_order":0,"comment_status":"closed","ping_status":"closed","template":"","meta":{"_mc_calendar":[],"footnotes":""},"class_list":["post-38","page","type-page","status-publish","hentry"],"_links":{"self":[{"href":"https:\/\/astragal.cz\/index.php\/wp-json\/wp\/v2\/pages\/38","targetHints":{"allow":["GET"]}}],"collection":[{"href":"https:\/\/astragal.cz\/index.php\/wp-json\/wp\/v2\/pages"}],"about":[{"href":"https:\/\/astragal.cz\/index.php\/wp-json\/wp\/v2\/types\/page"}],"author":[{"embeddable":true,"href":"https:\/\/astragal.cz\/index.php\/wp-json\/wp\/v2\/users\/1"}],"replies":[{"embeddable":true,"href":"https:\/\/astragal.cz\/index.php\/wp-json\/wp\/v2\/comments?post=38"}],"version-history":[{"count":30,"href":"https:\/\/astragal.cz\/index.php\/wp-json\/wp\/v2\/pages\/38\/revisions"}],"predecessor-version":[{"id":7134,"href":"https:\/\/astragal.cz\/index.php\/wp-json\/wp\/v2\/pages\/38\/revisions\/7134"}],"wp:attachment":[{"href":"https:\/\/astragal.cz\/index.php\/wp-json\/wp\/v2\/media?parent=38"}],"curies":[{"name":"wp","href":"https:\/\/api.w.org\/{rel}","templated":true}]}}