{"id":4304,"date":"2021-10-16T15:00:59","date_gmt":"2021-10-16T14:00:59","guid":{"rendered":"http:\/\/astragal.cz\/?page_id=4304"},"modified":"2023-07-07T21:22:23","modified_gmt":"2023-07-07T20:22:23","slug":"ocisteni-predmetu-od-negativnich-energii","status":"publish","type":"page","link":"https:\/\/astragal.cz\/index.php\/ocisteni-predmetu-od-negativnich-energii\/","title":{"rendered":"O\u010di\u0161t\u011bn\u00ed p\u0159edm\u011btu od negativn\u00edch energi\u00ed"},"content":{"rendered":"\n<p class=\"has-blue-color has-text-color\">Je t\u0159eba si uv\u011bdomit, \u017ee v\u0161echny v\u011bci, kter\u00e9 pou\u017e\u00edv\u00e1me se postupem \u010dasu zan\u00e1\u0161\u00ed r\u016fzn\u00fdmi energiemi, kter\u00fdm jsou vystaveny. Tomuto se \u0159\u00edk\u00e1 tzv. energetick\u00e9 otisky a tyto se ve vrstv\u00e1ch nabaluj\u00ed jak na \u010dlov\u011bka, tak na p\u0159edm\u011bty.<\/p>\n\n\n\n<p class=\"has-blue-color has-text-color\">Proto je nutn\u00e9 v\u011bci okolo n\u00e1s \u010das od \u010dasu energeticky vy\u010distit, abychom kolem sebe i na sob\u011b nekumulovali z\u00e1t\u011b\u017eovou energii.<\/p>\n\n\n\n<p>Nejlep\u0161\u00ed je nechat si posv\u011btit dan\u00fd p\u0159edm\u011bt far\u00e1\u0159em, ale pokud takovou mo\u017enost nap\u0159. nem\u00e1te, m\u016f\u017eete vyu\u017e\u00edt n\u00e1sleduj\u00edc\u00ed zp\u016fsob.<\/p>\n\n\n\n<p class=\"has-text-align-left has-blue-color has-text-color\"><strong>Postup:<\/strong><\/p>\n\n\n\n<p>Vyhra\u010fte si dostatek prostoru a klidu, kdy v\u00e1s nebude nikdo ru\u0161it.<\/p>\n\n\n\n<ol class=\"wp-block-list\"><li>Zapalte sv\u00ed\u010dku, b\u00edlou voskovou (ne \u010dajovou), na kterou p\u0159edt\u00edm ud\u011bl\u00e1te k\u0159\u00ed\u017eek sv\u011bcenou vodou.&nbsp;<\/li><\/ol>\n\n\n\n<ol class=\"wp-block-list\" start=\"2\"><li>Po\u017e\u00e1dejte P\u00e1na Boha o veden\u00ed, ochranu a pomoc p\u0159i o\u010di\u0161t\u011bn\u00ed v\u011bc\u00ed pro &#8230;.\u2026&#8230; (jm\u00e9no osoby, o kterou jde), jej\u00ed\u017e p\u0159edm\u011bt chcete o\u010distit nebo po\u017eehnat.\u00a0<\/li><\/ol>\n\n\n\n<ol class=\"wp-block-list\" start=\"3\"><li>Vezm\u011bte sv\u011bcenou vodu a postupn\u011b pot\u00edrejte nebo lehce kropte jednotliv\u00e9 p\u0159edm\u011bty, kter\u00e9 chcete o\u010distit a ochr\u00e1nit od zl\u00e9ho.&nbsp;<\/li><\/ol>\n\n\n\n<ol class=\"wp-block-list\" start=\"4\"><li>P\u0159itom se soust\u0159e\u010fte na to, co d\u011bl\u00e1te a v duchu od\u0159\u00edk\u00e1vejte &#8211; &#8222;\u017e\u00e1d\u00e1m t\u011b Pane o o\u010di\u0161t\u011bn\u00ed t\u00e9to v\u011bci od v\u0161eho zl\u00e9ho a ne\u010dist\u00e9ho nebo po\u017eehn\u00e1n\u00ed tohoto p\u0159edm\u011btu, aby ochra\u0148oval a p\u0159in\u00e1\u0161el v\u0161e dobr\u00e9\u2026\u2026.. (jm\u00e9no) &#8222;.<\/li><li>Pot\u00e9 pod\u011bkujte Bohu za po\u017eehn\u00e1n\u00ed a ochranu.\u00a0<\/li><\/ol>\n\n\n\n<p>Sv\u00ed\u010dku m\u016f\u017eete nechat doho\u0159et nebo ji zhasit, bude z\u00e1le\u017eet na va\u0161em pocitu.<\/p>\n\n\n\n<p><\/p>\n","protected":false},"excerpt":{"rendered":"<p>Je t\u0159eba si uv\u011bdomit, \u017ee v\u0161echny v\u011bci, kter\u00e9 pou\u017e\u00edv\u00e1me se postupem \u010dasu zan\u00e1\u0161\u00ed r\u016fzn\u00fdmi energiemi, kter\u00fdm jsou vystaveny. Tomuto se \u0159\u00edk\u00e1 tzv. energetick\u00e9 otisky a tyto se ve vrstv\u00e1ch nabaluj\u00ed jak na \u010dlov\u011bka, tak na p\u0159edm\u011bty. Proto je nutn\u00e9 v\u011bci okolo n\u00e1s \u010das od \u010dasu energeticky vy\u010distit, abychom kolem sebe i na sob\u011b nekumulovali z\u00e1t\u011b\u017eovou [&hellip;]<\/p>\n","protected":false},"author":1,"featured_media":0,"parent":0,"menu_order":0,"comment_status":"closed","ping_status":"closed","template":"","meta":{"_mc_calendar":[],"footnotes":""},"class_list":["post-4304","page","type-page","status-publish","hentry"],"_links":{"self":[{"href":"https:\/\/astragal.cz\/index.php\/wp-json\/wp\/v2\/pages\/4304","targetHints":{"allow":["GET"]}}],"collection":[{"href":"https:\/\/astragal.cz\/index.php\/wp-json\/wp\/v2\/pages"}],"about":[{"href":"https:\/\/astragal.cz\/index.php\/wp-json\/wp\/v2\/types\/page"}],"author":[{"embeddable":true,"href":"https:\/\/astragal.cz\/index.php\/wp-json\/wp\/v2\/users\/1"}],"replies":[{"embeddable":true,"href":"https:\/\/astragal.cz\/index.php\/wp-json\/wp\/v2\/comments?post=4304"}],"version-history":[{"count":5,"href":"https:\/\/astragal.cz\/index.php\/wp-json\/wp\/v2\/pages\/4304\/revisions"}],"predecessor-version":[{"id":9158,"href":"https:\/\/astragal.cz\/index.php\/wp-json\/wp\/v2\/pages\/4304\/revisions\/9158"}],"wp:attachment":[{"href":"https:\/\/astragal.cz\/index.php\/wp-json\/wp\/v2\/media?parent=4304"}],"curies":[{"name":"wp","href":"https:\/\/api.w.org\/{rel}","templated":true}]}}