{"id":4327,"date":"2021-10-16T16:18:05","date_gmt":"2021-10-16T15:18:05","guid":{"rendered":"http:\/\/astragal.cz\/?page_id=4327"},"modified":"2021-10-16T19:29:06","modified_gmt":"2021-10-16T18:29:06","slug":"vraceni-vyrceneho-a-vykonaneho-zpet-v-prostoru-a-case","status":"publish","type":"page","link":"https:\/\/astragal.cz\/index.php\/vraceni-vyrceneho-a-vykonaneho-zpet-v-prostoru-a-case\/","title":{"rendered":"Vr\u00e1cen\u00ed vy\u0159\u010den\u00e9ho a vykonan\u00e9ho zp\u011bt v prostoru a \u010dase"},"content":{"rendered":"\n<p>Ka\u017ed\u00e9mu z n\u00e1s se ji\u017e v \u017eivot\u011b jist\u011b stalo, \u017ee \u0159ekl nebo ud\u011blal v\u011bci, kter\u00fdch pozd\u011bji mnohokr\u00e1t litoval a cht\u011bl je vr\u00e1tit zp\u011bt nebo je\u0161t\u011b l\u00e9pe, p\u0159\u00e1l si, aby se nikdy nestaly.<\/p>\n\n\n\n<p class=\"has-blue-color has-text-color\">Kolikr\u00e1t si to ani neuv\u011bdom\u00edme, ale ka\u017ed\u00e1 na\u0161e \u0161patn\u00e1 my\u0161lenka m\u016f\u017ee zp\u016fsobit velk\u00e9 \u0161kody. Pokud si neust\u00e1le dokola opakujeme, \u017ee za nic nestoj\u00edme, \u017ee jsme \u0161kared\u00ed, tlust\u00ed, nemo\u017en\u00ed, tak pr\u00e1v\u011b takovou realitu pro sebe tvo\u0159\u00edme a zhmot\u0148ujeme. P\u0159esn\u011b takov\u00e9 energie posilujeme a nech\u00e1v\u00e1me je, aby na n\u00e1s p\u016fsobili a ubli\u017eovaly n\u00e1m.<\/p>\n\n\n\n<p class=\"has-blue-color has-text-color\">Jestli\u017ee \u0161patn\u011b sm\u00fd\u0161l\u00edme o na\u0161ich bl\u00edzk\u00fdch nebo sousedech, spolupracovn\u00edc\u00edch, zn\u00e1m\u00fdch \u2013 tak p\u0159esn\u011b takov\u00e9 jak\u00e9 jsou na\u0161e slova, my\u0161lenky a emoce, tak p\u0159esn\u011b takov\u00e9 energie k nimi vys\u00edl\u00e1me a takovou jim d\u00e1v\u00e1me. A to ani nemluv\u00edm o z\u00e1konu, \u017ee v\u0161echno vyslan\u00e9 se n\u00e1m vr\u00e1t\u00ed zp\u011bt.<\/p>\n\n\n\n<p>D\u011bsiv\u00e9, \u017ee?<\/p>\n\n\n\n<p>Vzhledem k tomu, \u017ee \u010das ve sv\u00e9 podstat\u011b neexistuje a v\u0161e se odehr\u00e1v\u00e1 pr\u00e1v\u011b te\u010f (minulost, p\u0159\u00edtomnost i budoucnost), je mo\u017en\u00e9 vr\u00e1tit zp\u011bt v prostoru a \u010dase v\u0161e, co jsme kdy vy\u0159kli, pomysleli si nebo ud\u011blali.<\/p>\n\n\n\n<p>Nen\u00ed to \u00fa\u017easn\u00e9?<\/p>\n\n\n\n<p>Je pravdou, \u017ee ne v\u017edy tento proces zap\u016fsob\u00ed v pln\u00e9 m\u00ed\u0159e &#8211; z\u00e1le\u017e\u00ed na \u010dase a okolnostech, ale i kdyby se m\u011bly zm\u00edrnit jen \u010d\u00e1ste\u010dn\u011b v\u0161echny dopady, tak to nepochybn\u011b stoj\u00ed.<\/p>\n\n\n\n<p class=\"has-blue-color has-text-color\"><strong>Svou v\u016fl\u00ed m\u016f\u017eete ovlivnit a m\u011bnit mnoh\u00e9. M\u016f\u017eete napravit, co jste zp\u016fsobili.<\/strong><\/p>\n\n\n\n<p><strong>Tak jdeme na to?<\/strong><\/p>\n\n\n\n<p><strong>Kdo bude cht\u00edt, tak si m\u016f\u017ee pro lep\u0161\u00ed nalad\u011bn\u00ed p\u0159ipravit <\/strong>(ale toto nen\u00ed v\u016fbec nutn\u00e9)<strong>:<\/strong><\/p>\n\n\n\n<ul class=\"wp-block-list\"><li>b\u00edlou sv\u00edci<\/li><li>vonnou ty\u010dinku dra\u010d\u00ed krev (pom\u00e1h\u00e1 \u010distit energie hodn\u011b do hloubky)<\/li><li>misti\u010dku pod ty\u010dinku<\/li><\/ul>\n\n\n\n<p><strong>Proces:<\/strong><\/p>\n\n\n\n<ol class=\"wp-block-list\"><li>S prosbou o po\u017eehn\u00e1n\u00ed a pomoc and\u011bl\u016f \u010di jin\u00fdch sv\u011bteln\u00fdch bytost\u00ed, kter\u00e9 jsou V\u00e1m bl\u00edzk\u00e9 zapalte sv\u00edci a pot\u00e9 ty\u010dinku.<\/li><\/ol>\n\n\n\n<ol class=\"wp-block-list\" start=\"2\"><li>Chv\u00edli rozj\u00edmejte nad Va\u0161\u00edm t\u00e9matem, na\u010derpejte s\u00edlu o\u010distn\u00e9ho ohn\u011b z plamene sv\u00ed\u010dky, nechte voln\u011b proudit my\u0161lenky i emoce.<\/li><\/ol>\n\n\n\n<ol class=\"wp-block-list\" start=\"3\"><li>Nyn\u00ed pomalu a s pln\u00fdm v\u011bdom\u00edm vyslovte tento text:<\/li><\/ol>\n\n\n\n<p>J\u00e1 (Va\u0161e jm\u00e9no) v\u011bdom\u011b a hluboce lituji toho, co jsem ud\u011blal\/a\/\u0159ekl\/a\/zp\u016fsobil\/a a pros\u00edm, aby m\u00e1 slova\/\u010diny byly vzaty zp\u011bt v&nbsp;prostoru a \u010dase.<\/p>\n\n\n\n<p>T\u00edmto okam\u017eikem z&nbsp;hloubi cel\u00e9ho sv\u00e9ho srdce up\u0159\u00edmn\u011b navrac\u00edm (jm\u00e9no \u010dlov\u011bka, o kter\u00e9ho jde):<\/p>\n\n\n\n<ul class=\"wp-block-list\"><li>svobodnou v\u016fli, kterou jsem up\u0159el\/a,<\/li><li>vrac\u00edm \u0161t\u011bst\u00ed, kter\u00e9 jsem nep\u0159\u00e1l\/a,<\/li><li>vrac\u00edm zdrav\u00ed, kter\u00e9 jsem pro doty\u010dn\u00e9ho necht\u011bl\/a,<\/li><li>vrac\u00edm l\u00e1sku, kterou jsem ukradl\/a,<\/li><li>vrac\u00edm finan\u010dn\u00ed hojnost, kterou jsem z\u00e1vid\u011bl\/a.<\/li><\/ul>\n\n\n\n<p>Pros\u00edm za odpu\u0161t\u011bn\u00ed tak\u00e9 v\u0161echny du\u0161e (v\u010detn\u011b sebe sama), kter\u00fdm jsem sv\u00fdm p\u0159edchoz\u00edm \u010dinem jakkoli ubl\u00ed\u017eil\/a.<\/p>\n\n\n\n<p>D\u011bkuji vesm\u00edrn\u00e9 moudrosti za tuto mo\u017enost napravit m\u00e9 nespr\u00e1vn\u00e9 kroky a pokra\u010dovat d\u00e1l s&nbsp;\u010dist\u00fdm \u0161t\u00edtem.<\/p>\n\n\n\n<p>Zbavuji se t\u00edmto v\u0161ech negativn\u00edch hluboko ulo\u017een\u00fdch emoc\u00ed a vstupuji celou svou bytost\u00ed do sv\u011btla a l\u00e1sky.<\/p>\n\n\n\n<p>M\u00e1 du\u0161e je nyn\u00ed svobodn\u00e1 a \u0161\u0165astn\u00e1. Jsem v souladu s vesm\u00edrn\u00fdm \u0159\u00e1dem a b\u011bhem.<\/p>\n\n\n\n<p>A tak se sta\u0148.<\/p>\n\n\n\n<p>4. Pod\u011bkujete pomocn\u00edk\u016fm za jejich pomoc a ochranu.&nbsp;<\/p>\n\n\n\n<p>Sv\u00edci nechte za dozoru doho\u0159et, ty\u010dinku tak\u00e9.<\/p>\n\n\n\n<p>Jsem r\u00e1da, \u017ee jste se rozhodli spr\u00e1vn\u011b a napravili v\u0161echny \u0161patn\u00e9 energie, kter\u00e9 jste kdy v\u016f\u010di sob\u011b nebo druh\u00fdm vyslaly. Cht\u011blo to velkou odvahu u\u017e jen si to p\u0159iznat, nato\u017e do toho j\u00edt.<\/p>\n\n\n\n<p>M.<\/p>\n","protected":false},"excerpt":{"rendered":"<p>Ka\u017ed\u00e9mu z n\u00e1s se ji\u017e v \u017eivot\u011b jist\u011b stalo, \u017ee \u0159ekl nebo ud\u011blal v\u011bci, kter\u00fdch pozd\u011bji mnohokr\u00e1t litoval a cht\u011bl je vr\u00e1tit zp\u011bt nebo je\u0161t\u011b l\u00e9pe, p\u0159\u00e1l si, aby se nikdy nestaly. Kolikr\u00e1t si to ani neuv\u011bdom\u00edme, ale ka\u017ed\u00e1 na\u0161e \u0161patn\u00e1 my\u0161lenka m\u016f\u017ee zp\u016fsobit velk\u00e9 \u0161kody. Pokud si neust\u00e1le dokola opakujeme, \u017ee za nic nestoj\u00edme, [&hellip;]<\/p>\n","protected":false},"author":1,"featured_media":0,"parent":0,"menu_order":0,"comment_status":"closed","ping_status":"closed","template":"","meta":{"_mc_calendar":[],"footnotes":""},"class_list":["post-4327","page","type-page","status-publish","hentry"],"_links":{"self":[{"href":"https:\/\/astragal.cz\/index.php\/wp-json\/wp\/v2\/pages\/4327","targetHints":{"allow":["GET"]}}],"collection":[{"href":"https:\/\/astragal.cz\/index.php\/wp-json\/wp\/v2\/pages"}],"about":[{"href":"https:\/\/astragal.cz\/index.php\/wp-json\/wp\/v2\/types\/page"}],"author":[{"embeddable":true,"href":"https:\/\/astragal.cz\/index.php\/wp-json\/wp\/v2\/users\/1"}],"replies":[{"embeddable":true,"href":"https:\/\/astragal.cz\/index.php\/wp-json\/wp\/v2\/comments?post=4327"}],"version-history":[{"count":5,"href":"https:\/\/astragal.cz\/index.php\/wp-json\/wp\/v2\/pages\/4327\/revisions"}],"predecessor-version":[{"id":4379,"href":"https:\/\/astragal.cz\/index.php\/wp-json\/wp\/v2\/pages\/4327\/revisions\/4379"}],"wp:attachment":[{"href":"https:\/\/astragal.cz\/index.php\/wp-json\/wp\/v2\/media?parent=4327"}],"curies":[{"name":"wp","href":"https:\/\/api.w.org\/{rel}","templated":true}]}}