{"id":4344,"date":"2021-10-16T17:15:34","date_gmt":"2021-10-16T16:15:34","guid":{"rendered":"http:\/\/astragal.cz\/?page_id=4344"},"modified":"2023-07-07T21:32:27","modified_gmt":"2023-07-07T20:32:27","slug":"cisteni-prostoru-od-negativnich-energii","status":"publish","type":"page","link":"https:\/\/astragal.cz\/index.php\/cisteni-prostoru-od-negativnich-energii\/","title":{"rendered":"\u010ci\u0161t\u011bn\u00ed prostoru od negativn\u00edch energi\u00ed"},"content":{"rendered":"\n<p class=\"has-blue-color has-text-color\">JE NUTN\u00c9 SI UV\u011aDOMIT, \u017dE P\u0158I \u010cI\u0160T\u011aN\u00cd PROSTORU PRACUJEME S ENERGIEMI (tato pr\u00e1ce m\u00e1 sv\u00e9 p\u0159esn\u011b dan\u00e9 z\u00e1konitosti a postupy), A \u017dE V P\u0158\u00cdPAD\u011a NESPR\u00c1VN\u00c9HO POSTUPU \u010cI\u0160T\u011aN\u00cd, MOHOU ROZV\u00cd\u0158EN\u00c9 ENERGIE SITUACI NAOPAK JE\u0160T\u011a ZHOR\u0160IT.<\/p>\n\n\n\n<p><\/p>\n\n\n\n<p class=\"has-blue-color has-text-color\"><strong>Doporu\u010duji nechat si prostor bu\u010f vysv\u011btit kn\u011bzem nebo poprosit n\u011bkoho zku\u0161en\u00e9ho, kdo se t\u00edmto zab\u00fdv\u00e1.<\/strong><\/p>\n\n\n\n<p><strong>V p<\/strong><strong>\u0159\u00edpad\u011b nouze je mo\u017en\u00e9 vysv\u011btit si prostor sv\u011bcenou vodou i sami (jednozna\u010dn\u011b to pom\u016f\u017ee, i kdy\u017e to nen\u00ed tak efektivn\u00ed).<\/strong><\/p>\n\n\n\n<p>Jestli\u017ee jste se pro \u010dist\u011bn\u00ed rozhodli, jdeme na to.<\/p>\n\n\n\n<p class=\"has-blue-color has-text-color\"><strong>BUDETE POT\u0158EBOVAT:<\/strong><\/p>\n\n\n\n<ul class=\"wp-block-list\"><li>B\u00edl\u00e1 sv\u00edce z\u00a0vosku (velikost vol\u00edte podle po\u010dtu m\u00edstnost\u00ed, kter\u00e9 budete \u010distit tak, aby V\u00e1m sv\u00edce vydr\u017eela ho\u0159et po celou dobu \u010di\u0161t\u011bn\u00ed).<\/li><li>Z\u00e1palky <\/li><li>Kadidlo nebo myrhu \u010di jalovec<\/li><li>Uhl\u00edky do vodn\u00ed d\u00fdmky (dostanete ho v tab\u00e1ku).<\/li><li>Hlin\u011bn\u00e1 nebo kovov\u00e1 misti\u010dka.<\/li><li>P\u00edsek nebo akvarijn\u00ed \u010di jin\u00e9 kam\u00ednky (ne sklen\u011bn\u00e9).<\/li><li>Zvone\u010dek kovov\u00fd, sklen\u011bn\u00fd nebo hlin\u011bn\u00fd (jeho zvuk by m\u011bl b\u00fdt v\u00fdrazn\u00fd).<\/li><\/ul>\n\n\n\n<p class=\"has-blue-color has-text-color\"><strong>Z\u00c1SADY:<\/strong><\/p>\n\n\n\n<ul class=\"wp-block-list\"><li>Na \u010di\u0161t\u011bn\u00ed si vyhra\u010fte dostatek \u010dasu, nap\u0159. cel\u00e9 odpoledne.<\/li><li>B\u011bhem \u010di\u0161t\u011bn\u00ed by tam nem\u011bl b\u00fdt krom\u011b V\u00e1s p\u0159\u00edtomen nikdo jin\u00fd.<\/li><li>Vypn\u011bte v\u0161echny telefony, televizi, r\u00e1dio.<\/li><li>Zajist\u011bte, aby V\u00e1s nikdo neru\u0161il.<\/li><li>V pr\u016fb\u011bhu cel\u00e9ho procesu mus\u00ed b\u00fdt v m\u00edstnosti pootev\u0159en\u00e1 okna, aby negativn\u00ed energie mohla proudit ven.<\/li><li>Dve\u0159e \u010di\u0161t\u011bn\u00e9 m\u00edstnosti mus\u00ed b\u00fdt zav\u0159en\u00e9, aby negativn\u00ed energie ne\u0161la d\u00e1l do domu.<\/li><li>P\u0159ed zah\u00e1jen\u00edm \u010di\u0161t\u011bn\u00ed se sami o\u010dist\u011bte od nasb\u00edran\u00fdch z\u00e1t\u011b\u017eov\u00fdch energi\u00ed (pomodlete se, pok\u0159i\u017eujte se sv\u011bcenou vodou).<\/li><\/ul>\n\n\n\n<p class=\"has-blue-color has-text-color\"><strong>POSTUP:<\/strong><\/p>\n\n\n\n<ol class=\"wp-block-list\"><li>Za\u010d\u00edn\u00e1te t\u00edm, \u017ee zap\u00e1l\u00edte b\u00edlou sv\u00edci (p\u0159edstavuje bo\u017e\u00ed sv\u011btlo a ochranu). Po\u017e\u00e1d\u00e1me o Bo\u017e\u00ed pomoc, ochranu a veden\u00ed. Poprosit m\u016f\u017eeme tak\u00e9 Panu Marii, sv\u011bteln\u00e9ho pomocn\u00edka, archand\u011bla nebo toho, na koho se ve sv\u00fdch modlitb\u00e1ch \u010dasto obrac\u00edte a po\u017e\u00e1d\u00e1te ho, aby dohl\u00e9dl na \u00fasp\u011b\u0161nost cel\u00e9ho procesu.<\/li><\/ol>\n\n\n\n<ol class=\"wp-block-list\" start=\"2\"><li>Postupn\u011b budete vyku\u0159ovat m\u00edstnost po m\u00edstnosti a pou\u017eijeme tak\u00e9 zvone\u010dek.<\/li><\/ol>\n\n\n\n<ol class=\"wp-block-list\" start=\"3\"><li>Chod\u00edte po cel\u00e9m prostoru (za\u010d\u00edn\u00e1te v\u017edy u dve\u0159\u00ed a jdete dokola m\u00edstnost\u00ed, v\u010detn\u011b jej\u00edho st\u0159edu), na t\u00e1cku m\u00e1te misku (nejl\u00e9pe kovov\u00e1 nebo hlin\u011bn\u00e1, vystlan\u00e1 p\u00edskem nebo kam\u00ednky), na n\u00ed ho\u0159\u00ed z\u00e1paln\u00fd uhl\u00edk do vodn\u00edch d\u00fdmek, na n\u011bm je nasypan\u00e9 p\u0159\u00edslu\u0161n\u00e9 vyku\u0159ovadlo \u010di pou\u017eijete klasickou kadielnici (d\u016fle\u017eit\u00e9 je, \u017ee esence mus\u00ed ho\u0159et celou dobu, m\u016f\u017ee b\u00fdt pot\u0159eba ji pr\u016fb\u011b\u017en\u011b dosyp\u00e1vat).<\/li><\/ol>\n\n\n\n<ol class=\"wp-block-list\" start=\"4\"><li>Setrv\u00e1vejte v modlitb\u011b o o\u010di\u0161\u0165ujete tohoto prostoru od v\u0161eho negativn\u00edho, od v\u0161ech \u0161patn\u00fdch energi\u00ed &#8211; energi\u00ed nemoci, bolesti, strachu, h\u00e1dek\u2026 postupn\u011b takto proch\u00e1z\u00edte cel\u00fd prostor.<\/li><\/ol>\n\n\n\n<p>Spolu s t\u00edmto v\u017edy n\u011bkolikr\u00e1t cinknete na zvone\u010dek (t\u00edm rozb\u00edj\u00edte starou energii) &#8211; zvl\u00e1\u0161tn\u00ed pozornost v\u011bnujte roh\u016fm, tam se dr\u017e\u00ed nejv\u00edce stagnuj\u00edc\u00ed star\u00e9 energie.<\/p>\n\n\n\n<ol class=\"wp-block-list\" start=\"5\"><li>Zvonek by m\u011bl zn\u00edt \u010dist\u011b, pokud je t\u00f3n fale\u0161n\u00fd nebo jinak podivn\u00fd, je v m\u00edst\u011b zablokovan\u00e1 energie a je pot\u0159eba procink\u00e1vat a vyku\u0159ovat tak dlouho, dokud se t\u00f3n neuprav\u00ed.<\/li><\/ol>\n\n\n\n<ol class=\"wp-block-list\" start=\"6\"><li>Na konci pod\u011bkujte Bohu za milost o\u010di\u0161t\u011bn\u00ed a ochrany va\u0161eho prostoru, kter\u00e9 se v\u00e1m dostalo.<\/li><\/ol>\n\n\n\n<ol class=\"wp-block-list\" start=\"8\"><li>Sv\u00edci po ukon\u010den\u00ed \u010di\u0161t\u011bn\u00ed m\u016f\u017eete nechat bu\u010f zcela doho\u0159et nebo ji zhasit.<\/li><\/ol>\n\n\n\n<ol class=\"wp-block-list\" start=\"9\"><li>Okna m\u016f\u017eete po ukon\u010den\u00ed \u010di\u0161t\u011bn\u00ed hned zav\u0159\u00edt.<\/li><\/ol>\n\n\n\n<p>P\u0159eji V\u00e1m hodn\u011b \u0161t\u011bst\u00ed a bo\u017e\u00edho po\u017eehn\u00e1n\u00ed.<\/p>\n\n\n\n<p>Martina<\/p>\n","protected":false},"excerpt":{"rendered":"<p>JE NUTN\u00c9 SI UV\u011aDOMIT, \u017dE P\u0158I \u010cI\u0160T\u011aN\u00cd PROSTORU PRACUJEME S ENERGIEMI (tato pr\u00e1ce m\u00e1 sv\u00e9 p\u0159esn\u011b dan\u00e9 z\u00e1konitosti a postupy), A \u017dE V P\u0158\u00cdPAD\u011a NESPR\u00c1VN\u00c9HO POSTUPU \u010cI\u0160T\u011aN\u00cd, MOHOU ROZV\u00cd\u0158EN\u00c9 ENERGIE SITUACI NAOPAK JE\u0160T\u011a ZHOR\u0160IT. Doporu\u010duji nechat si prostor bu\u010f vysv\u011btit kn\u011bzem nebo poprosit n\u011bkoho zku\u0161en\u00e9ho, kdo se t\u00edmto zab\u00fdv\u00e1. V p\u0159\u00edpad\u011b nouze je mo\u017en\u00e9 vysv\u011btit [&hellip;]<\/p>\n","protected":false},"author":1,"featured_media":0,"parent":0,"menu_order":0,"comment_status":"closed","ping_status":"closed","template":"","meta":{"_mc_calendar":[],"footnotes":""},"class_list":["post-4344","page","type-page","status-publish","hentry"],"_links":{"self":[{"href":"https:\/\/astragal.cz\/index.php\/wp-json\/wp\/v2\/pages\/4344","targetHints":{"allow":["GET"]}}],"collection":[{"href":"https:\/\/astragal.cz\/index.php\/wp-json\/wp\/v2\/pages"}],"about":[{"href":"https:\/\/astragal.cz\/index.php\/wp-json\/wp\/v2\/types\/page"}],"author":[{"embeddable":true,"href":"https:\/\/astragal.cz\/index.php\/wp-json\/wp\/v2\/users\/1"}],"replies":[{"embeddable":true,"href":"https:\/\/astragal.cz\/index.php\/wp-json\/wp\/v2\/comments?post=4344"}],"version-history":[{"count":6,"href":"https:\/\/astragal.cz\/index.php\/wp-json\/wp\/v2\/pages\/4344\/revisions"}],"predecessor-version":[{"id":8134,"href":"https:\/\/astragal.cz\/index.php\/wp-json\/wp\/v2\/pages\/4344\/revisions\/8134"}],"wp:attachment":[{"href":"https:\/\/astragal.cz\/index.php\/wp-json\/wp\/v2\/media?parent=4344"}],"curies":[{"name":"wp","href":"https:\/\/api.w.org\/{rel}","templated":true}]}}