{"id":4408,"date":"2021-10-18T08:20:26","date_gmt":"2021-10-18T07:20:26","guid":{"rendered":"http:\/\/astragal.cz\/?page_id=4408"},"modified":"2021-10-19T12:01:09","modified_gmt":"2021-10-19T11:01:09","slug":"sars-cov-2","status":"publish","type":"page","link":"https:\/\/astragal.cz\/index.php\/sars-cov-2\/","title":{"rendered":"SARS-CoV-2"},"content":{"rendered":"\n<p>Za posledn\u00ed dva roky (2019 &#8211; 2021) byla, d\u00edky vznikl\u00e9 situaci, neust\u00e1le prov\u011b\u0159ov\u00e1na na\u0161e v\u00edra, trp\u011blivost, duchovn\u00ed vysp\u011blost, schopnost respektu v\u016f\u010di druh\u00e9mu a tak\u00e9 na\u0161e m\u00edra tolerance.<\/p>\n\n\n\n<p>To, \u017ee se nach\u00e1z\u00edme ve slo\u017eit\u00e9 a nep\u0159\u00edjemn\u00e9 situaci je v\u00edce ne\u017e jasn\u00e9. Mus\u00ed si ov\u0161em uv\u011bdomit, \u017ee to, jak moc nep\u0159\u00edjemn\u00e1 vznikl\u00e1 situace pro n\u00e1s bude, z\u00e1le\u017e\u00ed do jist\u00e9 m\u00edry na n\u00e1s. Vytv\u00e1\u0159\u00edme si ji sami sv\u00fdmi postoji, my\u0161lenkami chov\u00e1n\u00edm a n\u00e1zory.<\/p>\n\n\n\n<p>Je neoddiskutovateln\u00e9, \u017ee p\u0159\u00edtomnost t\u00e9to nemoci je velk\u00fdm probl\u00e9mem a ovliv\u0148uje zdrav\u00ed a pohodu n\u00e1s v\u0161ech. Rozhodn\u011b se nejedn\u00e1 o nemoc, kterou bychom si mohli dovolit podcenit, ani u n\u00ed\u017e je nutn\u00e9 propadnout hysterii a hromadn\u00e9 panice.<\/p>\n\n\n\n<p>Je t\u0159eba vz\u00edt rozum do hrsti, uv\u011bdomit si fakta o t\u00e9to nemoci a podle toho se za\u0159\u00eddit tak, abychom respektovali zdrav\u00ed sv\u00e9, i zdrav\u00ed druh\u00fdch.<\/p>\n\n\n\n<p>V\u0161ichni jsme sou\u010d\u00e1st\u00ed jednoho celku a m\u011bli bychom podle toho i jednat. <\/p>\n\n\n\n<p>Pokud si mysl\u00edte, \u017ee druh\u00fd \u010dlov\u011bk d\u011bl\u00e1 chybu nebo vyjad\u0159uje sv\u016fj n\u00e1zor agresivn\u011b \u010di arogantn\u011b, m\u011bli byste nejd\u0159\u00edve za\u010d\u00edt u sebe a jeho pr\u00e1vo na chyby s pochopen\u00edm respektovat. Jestli\u017ee jej chcete upozornit na to, \u017ee mo\u017en\u00e1 p\u0159ehl\u00e9dl z\u00e1sadn\u00ed informace \u010di fakta, m\u011bli byste tak u\u010dinit se snahou roz\u0161\u00ed\u0159it jeho obraz a ne na n\u011bj uto\u010dit a cht\u00edt ho zadupat do zem\u011b. <\/p>\n\n\n\n<p>Takov\u00fd postoj je nespr\u00e1vn\u00fd, nehodn\u00fd vyzr\u00e1l\u00e9ho \u010dlov\u011bka a u\u017e v\u016fbec ne mo\u017en\u00fd pro duchovn\u011b pracuj\u00edc\u00edho jedince. T\u00edmto celou svou pr\u00e1ci na sob\u011b zahod\u00edte do propasti ega a temnoty a vyd\u00e1v\u00e1te na cestu zcela jinou, ne\u017e jste cht\u011bli, a po kter\u00e9 jste dosud \u0161li.<\/p>\n\n\n\n<p>A\u0165 ji\u017e je to s&nbsp;Covidem 19 jakkoli (zda je nebo nen\u00ed um\u011ble vytvo\u0159en, zda o\u010dkov\u00e1n\u00ed obsahuje jin\u00e9 l\u00e1tky ne\u017e m\u00e1, zda jsme byli nebo nebyli dostate\u010dn\u011b informov\u00e1ni apod.), nic z&nbsp;toho nen\u00ed v&nbsp;podstat\u011b tak d\u016fle\u017eit\u00e9, jako to, pod\u00edvat se na to, co se z&nbsp;n\u00e1s d\u00edky dan\u00e9 situaci stalo.<\/p>\n\n\n\n<p>M\u00edsto toho abychom jeden druh\u00e9mu pom\u00e1hali, respektovali pr\u00e1vo na svobodnou volbu ka\u017ed\u00e9ho nalo\u017eit se sv\u00fdm zdrav\u00edm, jak uzn\u00e1 za vhodn\u00e9 (a\u0165 ji\u017e si zvol\u00ed pro ochranu sv\u00e9ho zdrav\u00ed se o\u010dkovat nebo neo\u010dkovat), na sebe \u00fato\u010d\u00edme jako zv\u00ed\u0159ata, ur\u00e1\u017e\u00edme se navz\u00e1jem, podporujeme vz\u00e1jemnou nen\u00e1vist a zlobu.<\/p>\n\n\n\n<p>V\u0161echna slova o duchovn\u00edm posunu a r\u016fstu z\u016fstala n\u011bkde daleko za n\u00e1mi a my stoj\u00edme hrd\u011b v&nbsp;temnot\u011b naprosto nev\u011bdomi si sv\u00e9 chyby a velk\u00e9ho ohro\u017een\u00ed. Pohybujeme se zcela na hran\u011b a sta\u010d\u00ed opravdu m\u00e1lo a ji\u017e nebude pro nikoho z&nbsp;n\u00e1s cesty zp\u011bt.<\/p>\n\n\n\n<p>Transformace, o kter\u00e9 se tolik psalo a na kterou v\u0161ichni \u010dekali jako na sp\u00e1su z&nbsp;nebe, p\u0159edstavuje naprosto opa\u010dn\u00fd postoj a chov\u00e1n\u00ed, ne\u017e jak\u00e9 nyn\u00ed p\u0159edv\u00e1d\u00edme v&nbsp;hromadn\u00e9 m\u00ed\u0159e my.<\/p>\n\n\n\n<p>Slova jsou jedna v\u011bc a \u010diny druh\u00e1. V&nbsp;duchovn\u00edm sv\u011bt\u011b se bohu\u017eel po\u010d\u00edtaj\u00ed na\u0161e my\u0161lenky, slova i \u010diny a toto v\u0161e se n\u00e1m n\u00e1sledn\u011b zn\u00e1soben\u00e9 vr\u00e1t\u00ed zp\u011bt.<\/p>\n\n\n\n<p>Ka\u017ed\u00fd z&nbsp;n\u00e1s by se te\u010f m\u011bl oprostit od vyn\u00e1\u0161en\u00ed soud\u016f nad ostatn\u00edmi a pono\u0159it se s\u00e1m do sebe. Pracovat intenzivn\u011b na tom, aby z\u016fstal za v\u0161ech okolnost\u00ed ve sv\u00e9m st\u0159edu, v&nbsp;harmonii a l\u00e1sce. Aby si nenechal sni\u017eovat m\u00edru sv\u00fdch vibrac\u00ed (energie, ve kter\u00e9 se nach\u00e1z\u00edme, kterou vyza\u0159ujeme a vytv\u00e1\u0159\u00edme) ni\u010d\u00edm z&nbsp;toho, co se okolo n\u011bj d\u011bje, ale naopak p\u0159ed\u00e1val svoji vyrovnanost a nezaujat\u00fd postoj d\u00e1l.<\/p>\n\n\n\n<p>Tento neutr\u00e1ln\u00ed postoj vych\u00e1z\u00ed z&nbsp;na\u0161eho hlubok\u00e9ho v\u011bdom\u00ed, \u017ee pravda je v\u017edy n\u011bkde uprost\u0159ed a \u017ee nic nen\u00ed \u010dern\u00e9 ani b\u00edl\u00e9.<\/p>\n\n\n\n<p>Za\u010dn\u0115me se tedy, rad\u011bji ne\u017e na \u00fatoky, soust\u0159edit na tichou prosbu za ty, kte\u0159\u00ed nyn\u00ed trp\u00ed a za jejich rodiny. Za l\u00e9ka\u0159e, kte\u0159\u00ed j\u00ed\u017e t\u00e9m\u011b\u0159 2 roky ne\u00fanavn\u011b pe\u010duj\u00ed o tis\u00edce pacient\u016f. Za v\u0161echny ty, kte\u0159\u00ed po cest\u011b ztratili v\u00edru v to, \u017ee zase bude l\u00edp. Za sebe samotn\u00e9, abychom se mohli st\u00e1t lep\u0161\u00edmi, uv\u0115dom\u0115lej\u0161\u00edmi a l\u00e1skypln\u0115j\u0161\u00edmi.<\/p>\n\n\n\n<p><\/p>\n\n\n\n<p>Nezb\u00fdv\u00e1 n\u00e1m nic jin\u00e9ho, ne\u017e d\u00e1l v\u011b\u0159it v&nbsp;n\u00e1s jako lidstvo, v&nbsp;na\u0161i bo\u017eskou podstatu a modlit se za jej\u00ed probuzen\u00ed.<\/p>\n\n\n\n<p>Jsem s&nbsp;v\u00e1mi v\u0161emi.<\/p>\n\n\n\n<p>Martina<\/p>\n","protected":false},"excerpt":{"rendered":"<p>Za posledn\u00ed dva roky (2019 &#8211; 2021) byla, d\u00edky vznikl\u00e9 situaci, neust\u00e1le prov\u011b\u0159ov\u00e1na na\u0161e v\u00edra, trp\u011blivost, duchovn\u00ed vysp\u011blost, schopnost respektu v\u016f\u010di druh\u00e9mu a tak\u00e9 na\u0161e m\u00edra tolerance. To, \u017ee se nach\u00e1z\u00edme ve slo\u017eit\u00e9 a nep\u0159\u00edjemn\u00e9 situaci je v\u00edce ne\u017e jasn\u00e9. Mus\u00ed si ov\u0161em uv\u011bdomit, \u017ee to, jak moc nep\u0159\u00edjemn\u00e1 vznikl\u00e1 situace pro n\u00e1s bude, z\u00e1le\u017e\u00ed [&hellip;]<\/p>\n","protected":false},"author":1,"featured_media":0,"parent":0,"menu_order":0,"comment_status":"closed","ping_status":"closed","template":"","meta":{"_mc_calendar":[],"footnotes":""},"class_list":["post-4408","page","type-page","status-publish","hentry"],"_links":{"self":[{"href":"https:\/\/astragal.cz\/index.php\/wp-json\/wp\/v2\/pages\/4408","targetHints":{"allow":["GET"]}}],"collection":[{"href":"https:\/\/astragal.cz\/index.php\/wp-json\/wp\/v2\/pages"}],"about":[{"href":"https:\/\/astragal.cz\/index.php\/wp-json\/wp\/v2\/types\/page"}],"author":[{"embeddable":true,"href":"https:\/\/astragal.cz\/index.php\/wp-json\/wp\/v2\/users\/1"}],"replies":[{"embeddable":true,"href":"https:\/\/astragal.cz\/index.php\/wp-json\/wp\/v2\/comments?post=4408"}],"version-history":[{"count":21,"href":"https:\/\/astragal.cz\/index.php\/wp-json\/wp\/v2\/pages\/4408\/revisions"}],"predecessor-version":[{"id":4532,"href":"https:\/\/astragal.cz\/index.php\/wp-json\/wp\/v2\/pages\/4408\/revisions\/4532"}],"wp:attachment":[{"href":"https:\/\/astragal.cz\/index.php\/wp-json\/wp\/v2\/media?parent=4408"}],"curies":[{"name":"wp","href":"https:\/\/api.w.org\/{rel}","templated":true}]}}