{"id":4663,"date":"2021-10-21T10:54:42","date_gmt":"2021-10-21T09:54:42","guid":{"rendered":"http:\/\/astragal.cz\/?page_id=4663"},"modified":"2022-01-11T12:56:01","modified_gmt":"2022-01-11T11:56:01","slug":"vedeni-v-osobnostnim-rozvoji","status":"publish","type":"page","link":"https:\/\/astragal.cz\/index.php\/vedeni-v-osobnostnim-rozvoji\/","title":{"rendered":"Veden\u00ed v osobnostn\u00edm rozvoji"},"content":{"rendered":"\n<p class=\"has-blue-color has-text-color\">Tato sezen\u00ed jsou prim\u00e1rn\u011b zam\u011b\u0159ena na v\u00e1\u0161 rozvoj a r\u016fst v oblasti, kterou si vyberete nebo ve kter\u00e9 c\u00edt\u00edte, \u017ee se pot\u0159ebujete posunout (nap\u0159. chci um\u011bt l\u00e9pe vystupovat na ve\u0159ejnosti, vych\u00e1zet s kolegy, neb\u00e1t se provit sv\u016fj n\u00e1zor apod.). <\/p>\n\n\n\n<p class=\"has-blue-color has-text-color\">Je mo\u017en\u00e9 konzulta\u010dn\u00ed sezen\u00ed zam\u011b\u0159it tak\u00e9 na zpracov\u00e1n\u00ed r\u016fzn\u00fdch blok\u016f a p\u0159ek\u00e1\u017eek, kter\u00e9 v\u00e1m br\u00e1n\u00ed ve zm\u011bn\u00e1ch, rozvoji a osobnostn\u00edm posunu.<\/p>\n\n\n\n<p class=\"has-blue-color has-text-color\">V\u017edy vych\u00e1z\u00edm p\u0159edev\u0161\u00edm z va\u0161ich individu\u00e1ln\u00edch pot\u0159eb, aktu\u00e1ln\u00edho stavu a z va\u0161\u00ed p\u0159edstavy, co byste si cht\u011bli ze sezen\u00ed odn\u00e9st nebo co se pot\u0159ebujete nau\u010dit. <\/p>\n\n\n\n<p>Va\u0161e p\u0159\u00e1n\u00ed pak spolu p\u0159evedeme do konkr\u00e9tn\u00edho re\u00e1ln\u00e9ho pl\u00e1nu, v n\u011bm\u017e si stanov\u00edme, jak\u00fdm zp\u016fsobem budou konzultace prob\u00edhat a jak\u00e9 techniky p\u0159i nich budeme pou\u017e\u00edvat. V\u0161e je vytv\u00e1\u0159eno na m\u00edru jedince tak, aby se p\u0159i pr\u00e1ci s\u00e1m na sob\u011b c\u00edtil dob\u0159e a bezpe\u010dn\u011b.<\/p>\n\n\n\n<p class=\"has-blue-color has-text-color\">Ka\u017ed\u00fd, kdo se rozhodne na sob\u011b pracovat a v\u00fdvojov\u011b nestagnovat zasluhuje obdiv, nebo\u0165 cesta, kterou si vybral nen\u00ed lehk\u00e1 a bezbolestn\u00e1. Pod\u00edvat se pravd\u011b do o\u010d\u00ed mnohdy bol\u00ed a je nep\u0159\u00edjemn\u00e9. O to v\u0161ak \u00fa\u017easn\u011bj\u0161\u00ed je n\u00e1sledn\u00fd v\u00fdsledek a zm\u011bna, kterou d\u00edky pr\u00e1ci na sob\u011b z\u00edsk\u00e1me.<\/p>\n\n\n\n<p class=\"has-blue-color has-text-color\">M\u00fdm c\u00edlem je prost\u0159ednictv\u00edm osobn\u00edho p\u0159\u00edstupu, empatie, spr\u00e1vn\u00e9ho veden\u00ed a d\u016fslednosti, dov\u00e9st klienta k jeho c\u00edli a pomoci mu ho naplnit.<\/p>\n\n\n\n<p>Vych\u00e1z\u00edm ze sv\u00e9ho odborn\u00e9ho vzd\u011bl\u00e1n\u00ed v oblasti psychologie, soci\u00e1ln\u00ed pr\u00e1ce a pedagogiky. Nemalou pomoc\u00ed jsou mi i zku\u0161enosti z p\u0159\u00edm\u00e9 pr\u00e1ce s klienty, kter\u00e9 jsem nasb\u00edrala za l\u00e9ta sv\u00e9 praxe.<\/p>\n\n\n\n<p>Dle pot\u0159eby vyu\u017e\u00edv\u00e1m znalosti z oblasti arteterapie, pracuji s technikami kou\u010dinku, supervize \u010di krizov\u00e9 intervence. Vybran\u00e9 metody aplikuji v\u017edy s ohledem na individu\u00e1ln\u00ed pot\u0159eby a jejich vhodnost pro zpracov\u00e1van\u00e9 t\u00e9ma.<\/p>\n\n\n\n<p class=\"has-blue-color has-text-color\"><strong>Konzultace prob\u00edhaj\u00ed formou:<\/strong><\/p>\n\n\n\n<p class=\"has-blue-color has-text-color\"><strong>OSOBN\u00cdHO SEZEN\u00cd<\/strong><\/p>\n\n\n\n<p><strong>D\u00e9lka setk\u00e1n\u00ed<\/strong> je 60 minut. Za sezen\u00ed je stanovena cena 600 K\u010d.<strong> <\/strong><\/p>\n\n\n\n<p><strong>\u010cekac\u00ed doba<\/strong> na konzultaci se pohybuje okolo 4 m\u011bs\u00edc\u016f.<\/p>\n\n\n\n<p class=\"has-blue-color has-text-color\"><strong>TELEFONICK\u00c9 KONZULTACE<\/strong><\/p>\n\n\n\n<p><strong>Telefonick\u00e1 konzultace trv\u00e1:<\/strong><\/p>\n\n\n\n<ul class=\"wp-block-list\"><li><strong>Standardn\u00ed konzultace<\/strong> trv\u00e1 30 minut a jej\u00ed cena \u010din\u00ed 300 K\u010d. <\/li><\/ul>\n\n\n\n<p><strong>\u010cekac\u00ed doba<\/strong> na konzultaci se pohybuje okolo 3 m\u011bs\u00edc\u016f.<\/p>\n\n\n\n<ul class=\"wp-block-list\"><li><strong>Zkr\u00e1cen\u00e1 konzultace<\/strong> (nap\u0159. akutn\u011b pro\u017e\u00edv\u00e1te krizi v pr\u00e1ci &#8211; konflikt s nad\u0159\u00edzen\u00fdm). <\/li><\/ul>\n\n\n\n<p>Konzultace trv\u00e1 15 minut. Jej\u00ed cena je 150 K\u010d. <strong>\u010cekac\u00ed doba<\/strong> se zde pohybuje okolo 1 m\u011bs\u00edce.<\/p>\n\n\n\n<p><strong>Je mo\u017en\u00e9 vyu\u017e\u00edt aplikaci Viber, kde vol\u00e1te zdarma.<\/strong><\/p>\n\n\n\n<p class=\"has-blue-color has-text-color\"><strong>D\u016eLE\u017dIT\u00c9 UPOZORN\u011aN\u00cd:<\/strong><\/p>\n\n\n\n<p class=\"has-blue-color has-text-color\">Vzhledem k tomu, \u017ee letit\u00e1 praxe uk\u00e1zala jako nutn\u00e9, stanovit si jasn\u00e9 podm\u00ednky pro objedn\u00e1n\u00ed, velmi v\u00e1s pros\u00edm, p\u0159e\u010dt\u011bte si pozorn\u011b n\u011bkolik n\u00e1sleduj\u00edc\u00edch pravidel.<\/p>\n\n\n\n<p class=\"has-blue-color has-text-color\">M\u016f\u017eeme tak snadno p\u0159edej\u00edt r\u016fzn\u00fdm nedorozum\u011bn\u00edm a nep\u0159\u00edjemnostem. D\u011bkujeme.<\/p>\n\n\n\n<ol class=\"wp-block-list\"><li> U emailov\u00fdch objedn\u00e1vek plat\u00ed, \u017ee pokud navr\u017een\u00fd term\u00edn nepotvrd\u00edte do 3 pracovn\u00edch dn\u016f, bude muset b\u00fdt (vzhledem k dal\u0161\u00edm \u010dekaj\u00edc\u00edm z\u00e1jemc\u016fm) nab\u00eddnut n\u011bkomu jin\u00e9mu.<\/li><li>Term\u00edn bude z na\u0161\u00ed strany definitivn\u011b potvrzen pouze, pokud za\u0161lete v\u00e1\u0161 kontaktn\u00ed telefon, abychom v\u00e1s mohli v p\u0159\u00edpad\u011b indispozice Martiny informovat \u2013 v p\u0159\u00edpad\u011b, \u017ee rezervujete term\u00edn pro jinou osobu, je nutn\u00e9 zaslat jej\u00ed kontaktn\u00ed telefon a jm\u00e9no.<\/li><li>Pokud za v\u00e1s na sezen\u00ed p\u0159ijde n\u011bkdo jin\u00fd, je pot\u0159eba to dop\u0159edu nahl\u00e1sit, spolu s kontaktn\u00edm telefonem na doty\u010dnou osobu, viz. bod 2. D\u011bkujeme.<\/li><li>Jestli\u017ee budete objedn\u00e1vat sebe a chcete k n\u00e1m autem vz\u00edt nav\u00edc je\u0161t\u011b jin\u00e9ho \u010dlena Va\u0161\u00ed rodiny nebo kamar\u00e1da\/partnera, kter\u00fd m\u00e1 n\u011bjak\u00fd akutn\u00ed probl\u00e9m, je pot\u0159eba ho v\u017edy dop\u0159edu spolu s V\u00e1mi objednat.<\/li><li>Kdy\u017e budete muset n\u00e1sledn\u011b vybran\u00fd term\u00edn zru\u0161it, kontaktujte n\u00e1s pros\u00edm POUZE na mobil (na emailu jsme nepravideln\u011b) nejl\u00e9pe formou SMS: +420 603 784 154. <\/li><li>P\u0159i opakovan\u00e9 nekomunikaci z va\u0161\u00ed strany budeme muset, i kdy\u017e neradi, poskytov\u00e1n\u00ed slu\u017eby ukon\u010dit.<\/li><li>V p\u0159\u00edpad\u011b telefonick\u00fdch z\u00e1sah\u016f se \u010d\u00e1stka pos\u00edl\u00e1 do 3 dn\u016f po poskytnut\u00ed slu\u017eby na \u00fa\u010det, kter\u00fd v\u00e1m je emailem p\u0159i potvrzen\u00ed term\u00ednu konzultace zasl\u00e1n.<\/li><\/ol>\n\n\n\n<p class=\"has-blue-color has-text-color\">Mus\u00edme v\u00e1s upozornit, \u017ee pokud by doch\u00e1zelo z va\u0161\u00ed strany k opakovan\u00e9mu poru\u0161en\u00ed n\u011bkter\u00e9 z na\u0161ich v\u00fd\u0161e uveden\u00fdch podm\u00ednek, museli bychom bohu\u017eel poskytovan\u00ed slu\u017eby ukon\u010dit.<\/p>\n\n\n\n<p><strong>V p\u0159\u00edpad\u011b zdr\u017een\u00ed za\u010d\u00e1tku sezen\u00ed ze strany Martiny v\u00e1m bude tato doba pln\u011b nahrazena nebo jinak kompenzov\u00e1na.<\/strong><\/p>\n\n\n\n<p><strong>V p\u0159\u00edpad\u011b zru\u0161en\u00ed va\u0161eho term\u00ednu z d\u016fvodu nemoci Martiny nebo zru\u0161en\u00ed term\u00ednu z rodinn\u00fdch d\u016fvod\u016f plat\u00ed, \u017ee se v\u00e1\u0161 term\u00edn zru\u0161\u00ed a hned jak to bude mo\u017en\u00e9, bude v\u00e1m nab\u00eddnut co nejbli\u017e\u0161\u00ed jin\u00fd<\/strong>.<\/p>\n\n\n\n<p class=\"has-blue-color has-text-color\">Pros\u00edme o respektov\u00e1n\u00ed vyhrazen\u00e9ho \u010dasu va\u0161eho sezen\u00ed.<\/p>\n\n\n\n<p>Velmi si v\u00e1\u017e\u00edme \u010dasu, kter\u00fd jste v\u011bnovali p\u0159e\u010dten\u00ed t\u011bchto pravidel, d\u011bkujeme a budeme se t\u011b\u0161it na setk\u00e1n\u00ed s v\u00e1mi.<\/p>\n\n\n\n<p>Martina a t\u00fdm ASTRAGAL<\/p>\n","protected":false},"excerpt":{"rendered":"<p>Tato sezen\u00ed jsou prim\u00e1rn\u011b zam\u011b\u0159ena na v\u00e1\u0161 rozvoj a r\u016fst v oblasti, kterou si vyberete nebo ve kter\u00e9 c\u00edt\u00edte, \u017ee se pot\u0159ebujete posunout (nap\u0159. chci um\u011bt l\u00e9pe vystupovat na ve\u0159ejnosti, vych\u00e1zet s kolegy, neb\u00e1t se provit sv\u016fj n\u00e1zor apod.). Je mo\u017en\u00e9 konzulta\u010dn\u00ed sezen\u00ed zam\u011b\u0159it tak\u00e9 na zpracov\u00e1n\u00ed r\u016fzn\u00fdch blok\u016f a p\u0159ek\u00e1\u017eek, kter\u00e9 v\u00e1m br\u00e1n\u00ed ve [&hellip;]<\/p>\n","protected":false},"author":1,"featured_media":0,"parent":0,"menu_order":0,"comment_status":"closed","ping_status":"closed","template":"","meta":{"_mc_calendar":[],"footnotes":""},"class_list":["post-4663","page","type-page","status-publish","hentry"],"_links":{"self":[{"href":"https:\/\/astragal.cz\/index.php\/wp-json\/wp\/v2\/pages\/4663","targetHints":{"allow":["GET"]}}],"collection":[{"href":"https:\/\/astragal.cz\/index.php\/wp-json\/wp\/v2\/pages"}],"about":[{"href":"https:\/\/astragal.cz\/index.php\/wp-json\/wp\/v2\/types\/page"}],"author":[{"embeddable":true,"href":"https:\/\/astragal.cz\/index.php\/wp-json\/wp\/v2\/users\/1"}],"replies":[{"embeddable":true,"href":"https:\/\/astragal.cz\/index.php\/wp-json\/wp\/v2\/comments?post=4663"}],"version-history":[{"count":22,"href":"https:\/\/astragal.cz\/index.php\/wp-json\/wp\/v2\/pages\/4663\/revisions"}],"predecessor-version":[{"id":5419,"href":"https:\/\/astragal.cz\/index.php\/wp-json\/wp\/v2\/pages\/4663\/revisions\/5419"}],"wp:attachment":[{"href":"https:\/\/astragal.cz\/index.php\/wp-json\/wp\/v2\/media?parent=4663"}],"curies":[{"name":"wp","href":"https:\/\/api.w.org\/{rel}","templated":true}]}}