{"id":5391,"date":"2022-01-11T12:09:11","date_gmt":"2022-01-11T11:09:11","guid":{"rendered":"http:\/\/astragal.cz\/?page_id=5391"},"modified":"2022-01-11T12:15:47","modified_gmt":"2022-01-11T11:15:47","slug":"zazitkova-terapie","status":"publish","type":"page","link":"https:\/\/astragal.cz\/index.php\/zazitkova-terapie\/","title":{"rendered":"Z\u00e1\u017eitkov\u00e1 terapie"},"content":{"rendered":"\n<p class=\"has-light-blue-color has-text-color\"><a href=\"https:\/\/astragal.cz\/index.php\/individualni-terapie\/\">Individu\u00e1ln\u00ed terapie<\/a><\/p>\n\n\n\n<p class=\"has-light-blue-color has-text-color\"><a href=\"https:\/\/astragal.cz\/index.php\/parove-terapie\/\">P\u00e1rov\u00e9 terapie<\/a><\/p>\n\n\n\n<p class=\"has-light-blue-color has-text-color\"><a href=\"https:\/\/astragal.cz\/index.php\/rodinne-terapie\/\">Rodinn\u00e9 terapie<\/a><\/p>\n","protected":false},"excerpt":{"rendered":"<p>Individu\u00e1ln\u00ed terapie P\u00e1rov\u00e9 terapie Rodinn\u00e9 terapie<\/p>\n","protected":false},"author":1,"featured_media":0,"parent":0,"menu_order":0,"comment_status":"closed","ping_status":"closed","template":"","meta":{"_mc_calendar":[],"footnotes":""},"class_list":["post-5391","page","type-page","status-publish","hentry"],"_links":{"self":[{"href":"https:\/\/astragal.cz\/index.php\/wp-json\/wp\/v2\/pages\/5391","targetHints":{"allow":["GET"]}}],"collection":[{"href":"https:\/\/astragal.cz\/index.php\/wp-json\/wp\/v2\/pages"}],"about":[{"href":"https:\/\/astragal.cz\/index.php\/wp-json\/wp\/v2\/types\/page"}],"author":[{"embeddable":true,"href":"https:\/\/astragal.cz\/index.php\/wp-json\/wp\/v2\/users\/1"}],"replies":[{"embeddable":true,"href":"https:\/\/astragal.cz\/index.php\/wp-json\/wp\/v2\/comments?post=5391"}],"version-history":[{"count":4,"href":"https:\/\/astragal.cz\/index.php\/wp-json\/wp\/v2\/pages\/5391\/revisions"}],"predecessor-version":[{"id":5405,"href":"https:\/\/astragal.cz\/index.php\/wp-json\/wp\/v2\/pages\/5391\/revisions\/5405"}],"wp:attachment":[{"href":"https:\/\/astragal.cz\/index.php\/wp-json\/wp\/v2\/media?parent=5391"}],"curies":[{"name":"wp","href":"https:\/\/api.w.org\/{rel}","templated":true}]}}