{"id":5398,"date":"2022-01-11T12:14:44","date_gmt":"2022-01-11T11:14:44","guid":{"rendered":"http:\/\/astragal.cz\/?page_id=5398"},"modified":"2022-04-20T11:05:15","modified_gmt":"2022-04-20T10:05:15","slug":"parove-terapie","status":"publish","type":"page","link":"https:\/\/astragal.cz\/index.php\/parove-terapie\/","title":{"rendered":"P\u00e1rov\u00e9 terapie"},"content":{"rendered":"\n<p class=\"has-blue-color has-text-color\">Pracuji na principu intuitivn\u00edho veden\u00ed, vc\u00edt\u011bn\u00ed se do jedince a vrozen\u00fdch schopnost\u00ed, kter\u00e9 m\u011b p\u0159i m\u00e9 praxi prov\u00e1z\u00ed ji\u017e \u0159adu let. Sou\u010dasn\u011b s t\u00edmto vyu\u017e\u00edv\u00e1m znalost\u00ed a vzd\u011bl\u00e1n\u00ed v psychologick\u00e9 oblasti a v\u00fdcviku v krizov\u00e9 intervenci.<\/p>\n\n\n\n<p>P\u0159i \u0159e\u0161en\u00ed vztahov\u00fdch nebo rodinn\u00fdch konflikt\u016f a nepohody je d\u016fle\u017eit\u00e9, aby sezen\u00ed prob\u00edhala formou p\u0159\u00edjemn\u00e9ho z\u00e1\u017eitku, her, neform\u00e1ln\u00ed terapeutick\u00e9 pr\u00e1ce ve smyslu p\u0159irozen\u00e9ho dialogu a spont\u00e1nn\u00edho vyj\u00e1d\u0159en\u00ed emoc\u00ed. Z\u00e1sadn\u00ed je p\u0159edev\u0161\u00edm v\u011bdom\u00ed, \u017ee jste na bezpe\u010dn\u00e9m m\u00edst\u011b, kde m\u016f\u017eete svobodn\u011b a bez rizika vyj\u00e1d\u0159it v\u0161e, co pot\u0159ebujete a chcete. Nikdo se na v\u00e1s nebude zlobit, nikdo v\u00e1s nebude odsuzovat, ani se v\u00e1m sm\u00e1t. Budete m\u00edt sv\u016fj prostor, kter\u00fd pat\u0159\u00ed jen v\u00e1m a kdy budou druz\u00ed ti\u0161e naslouchat a sna\u017eit se respektovat va\u0161e pr\u00e1vo na n\u00e1zor, by\u0165 s n\u00edm zrovna nemus\u00ed souhlasit.<\/p>\n\n\n\n<p class=\"has-blue-color has-text-color\">Na takto zam\u011b\u0159en\u00fdch sezen\u00edch se u\u010d\u00edte rozum\u011bt jeden druh\u00e9mu, vz\u00e1jemn\u011b ch\u00e1pat, \u017ee vyj\u00e1d\u0159it sv\u016fj n\u00e1zor je v po\u0159\u00e1dku, nen\u00ed to osobn\u00ed a nechcete t\u00edm druh\u00e9mu ubl\u00ed\u017eit, ale pouze se sna\u017e\u00edte spr\u00e1vn\u011b definovat to, co pro\u017e\u00edv\u00e1te a c\u00edt\u00edte.<\/p>\n\n\n\n<p>Postupem \u010dasu tak najdete znovu cestu jeden ke druh\u00e9mu, p\u0159ibl\u00ed\u017e\u00edte se tam, kde jste se odd\u00e1lili a kolikr\u00e1t jste si pak d\u00edky vz\u00e1jemn\u011b pro\u017eit\u00e9 pr\u00e1ci na va\u0161em vztahu je\u0161t\u011b bl\u00ed\u017e, ne\u017e jste kdy d\u0159\u00edve byli.<\/p>\n\n\n\n<p>A jestli\u017ee toto nebude mo\u017en\u00e9 (ne v\u017edy je \u017e\u00e1douc\u00ed nebo re\u00e1ln\u00e9, aby vztah d\u00e1le pokra\u010doval), rozejdete se usm\u00ed\u0159en\u00ed, s respektem jeden ke druh\u00e9mu, v klidu a s v\u016fl\u00ed se na v\u0161em nutn\u00e9m d\u016fstojn\u011b domluvit.<\/p>\n\n\n\n<p class=\"has-blue-color has-text-color\"><strong>Terapie a konzultace prob\u00edhaj\u00ed formou:<\/strong><\/p>\n\n\n\n<p class=\"has-blue-color has-text-color\"><strong>OSOBN\u00cdHO SEZEN\u00cd<\/strong><\/p>\n\n\n\n<p class=\"has-blue-color has-text-color\"><strong>Vstupn\u00ed konzultace<\/strong><\/p>\n\n\n\n<p>Pozn\u00e1vac\u00ed setk\u00e1n\u00ed, kter\u00e9 slou\u017e\u00ed k ujasn\u011bn\u00ed si toho, zda je v\u00e1m terapeut a zp\u016fsob jeho pr\u00e1ce sympatick\u00fd a zda k n\u011bmu chcete doch\u00e1zet. <strong>D\u00e9lka setk\u00e1n\u00ed&nbsp;<\/strong>je 60 minut. Za sezen\u00ed je stanovena cena 700 K\u010d.<\/p>\n\n\n\n<p><strong>\u010cekac\u00ed doba<\/strong>&nbsp;na konzultaci se pohybuje okolo 4 m\u011bs\u00edc\u016f.<\/p>\n\n\n\n<p class=\"has-blue-color has-text-color\"><strong>Standardn\u00ed konzultace<\/strong><\/p>\n\n\n\n<p>Jedn\u00e1 se navazuj\u00edc\u00ed terapeutick\u00e1 sezen\u00ed, ve kter\u00fdch ji\u017e na sob\u011b systematicky a pod veden\u00ed terapeuta pracujete.\u00a0<strong>D\u00e9lka setk\u00e1n\u00ed\u00a0<\/strong>je 90 minut. Za sezen\u00ed je stanovena cena 1100 K\u010d.<\/p>\n\n\n\n<p><strong>\u010cekac\u00ed doba<\/strong>\u00a0na konzultaci se pohybuje okolo 4 m\u011bs\u00edce.<\/p>\n\n\n\n<p class=\"has-blue-color has-text-color\"><strong>TELEFONICK\u00c9 KONZULTACE<\/strong><\/p>\n\n\n\n<p><strong>Telefonick\u00e1 konzultace trv\u00e1:<\/strong><\/p>\n\n\n\n<ul class=\"wp-block-list\"><li><strong>Vstupn\u00ed, standardn\u00ed terapie nebo konzultace<\/strong>\u00a0trv\u00e1 45 minut a jej\u00ed cena \u010din\u00ed 600 K\u010d.<\/li><\/ul>\n\n\n\n<p><strong>\u010cekac\u00ed doba&nbsp;<\/strong>na konzultaci se pohybuje okolo 3 m\u011bs\u00edc\u016f.<\/p>\n\n\n\n<ul class=\"wp-block-list\"><li><strong>Zkr\u00e1cen\u00e1 konzultace<\/strong>&nbsp;(v p\u0159\u00edpad\u011b, kdy se nach\u00e1z\u00edte v krizov\u00e9 situaci nebo akutn\u011b pot\u0159ebujete stabilizovat sv\u016fj emo\u010dn\u00ed nebo psychick\u00fd stav).<\/li><\/ul>\n\n\n\n<p>Tato konzultace trv\u00e1 15 minut a stoj\u00ed 150 K\u010d.&nbsp;<strong>\u010cekac\u00ed doba&nbsp;<\/strong>se zde pohybuje okolo 1 m\u011bs\u00edce.<\/p>\n\n\n\n<p><strong>Je mo\u017en\u00e9 vyu\u017e\u00edt aplikaci Viber, kde vol\u00e1te zdarma.<\/strong><\/p>\n\n\n\n<p class=\"has-blue-color has-text-color\"><strong>D\u016eLE\u017dIT\u00c9 UPOZORN\u011aN\u00cd:<\/strong><\/p>\n\n\n\n<p class=\"has-blue-color has-text-color\">Vzhledem k tomu, \u017ee letit\u00e1 praxe uk\u00e1zala jako nutn\u00e9, stanovit si jasn\u00e9 podm\u00ednky pro objedn\u00e1n\u00ed, velmi v\u00e1s pros\u00edm, p\u0159e\u010dt\u011bte si pozorn\u011b n\u011bkolik n\u00e1sleduj\u00edc\u00edch pravidel. M\u016f\u017eeme tak snadno p\u0159edej\u00edt r\u016fzn\u00fdm nedorozum\u011bn\u00edm a nep\u0159\u00edjemnostem. D\u011bkujeme.<\/p>\n\n\n\n<ol class=\"wp-block-list\"><li>U emailov\u00fdch objedn\u00e1vek plat\u00ed, \u017ee pokud navr\u017een\u00fd term\u00edn nepotvrd\u00edte do 3 pracovn\u00edch dn\u016f, bude muset b\u00fdt (vzhledem k dal\u0161\u00edm \u010dekaj\u00edc\u00edm z\u00e1jemc\u016fm) nab\u00eddnut n\u011bkomu jin\u00e9mu.<\/li><li>Term\u00edn bude z na\u0161\u00ed strany definitivn\u011b potvrzen pouze, pokud za\u0161lete v\u00e1\u0161 kontaktn\u00ed telefon, abychom v\u00e1s mohli v p\u0159\u00edpad\u011b indispozice Martiny informovat \u2013 v p\u0159\u00edpad\u011b, \u017ee rezervujete term\u00edn pro jinou osobu, je nutn\u00e9 zaslat jej\u00ed kontaktn\u00ed telefon a jm\u00e9no.<\/li><li>Pokud za v\u00e1s na sezen\u00ed p\u0159ijde n\u011bkdo jin\u00fd, je pot\u0159eba to dop\u0159edu nahl\u00e1sit, spolu s kontaktn\u00edm telefonem na doty\u010dnou osobu, viz. bod 2. D\u011bkujeme.<\/li><li>Jestli\u017ee budete objedn\u00e1vat sebe a chcete k n\u00e1m autem vz\u00edt nav\u00edc je\u0161t\u011b jin\u00e9ho \u010dlena Va\u0161\u00ed rodiny nebo kamar\u00e1da\/partnera, kter\u00fd m\u00e1 n\u011bjak\u00fd akutn\u00ed probl\u00e9m, je pot\u0159eba ho v\u017edy dop\u0159edu spolu s V\u00e1mi objednat.<\/li><li>Kdy\u017e budete muset n\u00e1sledn\u011b vybran\u00fd term\u00edn zru\u0161it, kontaktujte n\u00e1s pros\u00edm POUZE na mobil (na emailu jsme nepravideln\u011b) nejl\u00e9pe formou SMS: +420 603 784 154.<\/li><li>P\u0159i opakovan\u00e9 nekomunikaci z va\u0161\u00ed strany budeme muset, i kdy\u017e neradi, poskytov\u00e1n\u00ed slu\u017eby ukon\u010dit.<\/li><li>V p\u0159\u00edpad\u011b telefonick\u00fdch z\u00e1sah\u016f se \u010d\u00e1stka pos\u00edl\u00e1 do 3 dn\u016f po poskytnut\u00ed slu\u017eby na \u00fa\u010det, kter\u00fd v\u00e1m je emailem p\u0159i potvrzen\u00ed term\u00ednu konzultace zasl\u00e1n.<\/li><\/ol>\n\n\n\n<p class=\"has-blue-color has-text-color\">Mus\u00edme v\u00e1s upozornit, \u017ee pokud by doch\u00e1zelo z va\u0161\u00ed strany k opakovan\u00e9mu poru\u0161en\u00ed n\u011bkter\u00e9 z na\u0161ich v\u00fd\u0161e uveden\u00fdch podm\u00ednek, museli bychom bohu\u017eel poskytovan\u00ed slu\u017eby ukon\u010dit.<\/p>\n\n\n\n<p><strong>V p\u0159\u00edpad\u011b zdr\u017een\u00ed za\u010d\u00e1tku sezen\u00ed ze strany Martiny v\u00e1m bude tato doba pln\u011b nahrazena nebo jinak kompenzov\u00e1na.<\/strong><\/p>\n\n\n\n<p><strong>V p\u0159\u00edpad\u011b zru\u0161en\u00ed va\u0161eho term\u00ednu z d\u016fvodu nemoci Martiny nebo zru\u0161en\u00ed term\u00ednu z rodinn\u00fdch d\u016fvod\u016f plat\u00ed, \u017ee se v\u00e1\u0161 term\u00edn zru\u0161\u00ed a hned jak to bude mo\u017en\u00e9, bude v\u00e1m nab\u00eddnut co nejbli\u017e\u0161\u00ed jin\u00fd<\/strong>.<\/p>\n\n\n\n<p class=\"has-blue-color has-text-color\">Pros\u00edme o respektov\u00e1n\u00ed vyhrazen\u00e9ho \u010dasu va\u0161eho sezen\u00ed.<\/p>\n\n\n\n<p>Velmi si v\u00e1\u017e\u00edme \u010dasu, kter\u00fd jste v\u011bnovali p\u0159e\u010dten\u00ed t\u011bchto pravidel, d\u011bkujeme a budeme se t\u011b\u0161it na setk\u00e1n\u00ed s v\u00e1mi.<\/p>\n\n\n\n<p>Martina a t\u00fdm ASTRAGAL<\/p>\n","protected":false},"excerpt":{"rendered":"<p>Pracuji na principu intuitivn\u00edho veden\u00ed, vc\u00edt\u011bn\u00ed se do jedince a vrozen\u00fdch schopnost\u00ed, kter\u00e9 m\u011b p\u0159i m\u00e9 praxi prov\u00e1z\u00ed ji\u017e \u0159adu let. Sou\u010dasn\u011b s t\u00edmto vyu\u017e\u00edv\u00e1m znalost\u00ed a vzd\u011bl\u00e1n\u00ed v psychologick\u00e9 oblasti a v\u00fdcviku v krizov\u00e9 intervenci. P\u0159i \u0159e\u0161en\u00ed vztahov\u00fdch nebo rodinn\u00fdch konflikt\u016f a nepohody je d\u016fle\u017eit\u00e9, aby sezen\u00ed prob\u00edhala formou p\u0159\u00edjemn\u00e9ho z\u00e1\u017eitku, her, neform\u00e1ln\u00ed terapeutick\u00e9 [&hellip;]<\/p>\n","protected":false},"author":1,"featured_media":0,"parent":0,"menu_order":0,"comment_status":"closed","ping_status":"closed","template":"","meta":{"_mc_calendar":[],"footnotes":""},"class_list":["post-5398","page","type-page","status-publish","hentry"],"_links":{"self":[{"href":"https:\/\/astragal.cz\/index.php\/wp-json\/wp\/v2\/pages\/5398","targetHints":{"allow":["GET"]}}],"collection":[{"href":"https:\/\/astragal.cz\/index.php\/wp-json\/wp\/v2\/pages"}],"about":[{"href":"https:\/\/astragal.cz\/index.php\/wp-json\/wp\/v2\/types\/page"}],"author":[{"embeddable":true,"href":"https:\/\/astragal.cz\/index.php\/wp-json\/wp\/v2\/users\/1"}],"replies":[{"embeddable":true,"href":"https:\/\/astragal.cz\/index.php\/wp-json\/wp\/v2\/comments?post=5398"}],"version-history":[{"count":10,"href":"https:\/\/astragal.cz\/index.php\/wp-json\/wp\/v2\/pages\/5398\/revisions"}],"predecessor-version":[{"id":6136,"href":"https:\/\/astragal.cz\/index.php\/wp-json\/wp\/v2\/pages\/5398\/revisions\/6136"}],"wp:attachment":[{"href":"https:\/\/astragal.cz\/index.php\/wp-json\/wp\/v2\/media?parent=5398"}],"curies":[{"name":"wp","href":"https:\/\/api.w.org\/{rel}","templated":true}]}}