{"id":5822,"date":"2022-04-11T16:16:36","date_gmt":"2022-04-11T15:16:36","guid":{"rendered":"https:\/\/astragal.cz\/?page_id=5822"},"modified":"2025-09-18T10:52:59","modified_gmt":"2025-09-18T09:52:59","slug":"leceni-onkologickych-onemocneni","status":"publish","type":"page","link":"https:\/\/astragal.cz\/index.php\/leceni-onkologickych-onemocneni\/","title":{"rendered":"L\u00e9\u010den\u00ed onkologick\u00fdch onemocn\u011bn\u00ed"},"content":{"rendered":"\n<p class=\"has-blue-color has-text-color\">L\u00e9\u010den\u00ed t\u011bchto onemocn\u011bn\u00ed je jedna z nejt\u011b\u017e\u0161\u00edch v\u00fdzev nejen pro pacienta, ale i pro l\u00e9\u010ditele. Mus\u00edme cel\u00fdm srdcem v\u011b\u0159it v uzdraven\u00ed a pokorn\u011b proch\u00e1zet procesem l\u00e9\u010dby.<\/p>\n\n\n\n<p class=\"has-blue-color has-text-color\">Bohu\u017eel je nutn\u00e9 zm\u00ednit, \u017ee jsou i situace, kdy v\u0161ichni do procesu uzdraven\u00ed vlo\u017e\u00edme maximum i v\u00edc a p\u0159esto m\u00e1 osud jin\u00e9 pl\u00e1ny a uzdraven\u00ed nemocn\u00e9mu nen\u00ed umo\u017en\u011bno. <\/p>\n\n\n\n<p class=\"has-blue-color has-text-color\">I v tomto p\u0159\u00edpad\u011b v\u0161ak nejsme zcela bezmocn\u00ed, nebo\u0165 m\u016f\u017eeme na doty\u010dn\u00e9ho energeticky p\u016fsobit tak, \u017ee zm\u00edr\u0148ujeme projevy jeho nemoci, sni\u017eujeme pro\u017e\u00edvanou bolest, pom\u00e1h\u00e1me  zajistit jeho d\u016fstojn\u00fd odchod (d\u00edky pos\u00edlen\u00ed psychiky a nalezen\u00ed sm\u00ed\u0159en\u00ed) a celkov\u011b ho prov\u00e1z\u00edme procesem odch\u00e1zen\u00ed. A to nen\u00ed v\u011bru m\u00e1lo.  <\/p>\n\n\n\n<p><strong>Nejd\u0159\u00edve bychom si m\u011bli \u0159\u00edci, co to rakovina v\u016fbec je:<\/strong><\/p>\n\n\n\n<p>Rakovina je n\u00e1dorov\u00e9 onemocn\u011bn\u00ed vznikaj\u00edc\u00ed n\u00e1hl\u00fdm r\u016fstem a rychl\u00fdm d\u011blen\u00edm bun\u011bk vlastn\u00edho t\u011bla, kter\u00e9 maj\u00ed n\u00e1sledkem p\u016fsoben\u00ed mnoha faktor\u016f po\u0161kozenou DNA a chovaj\u00ed se jin\u00fdm zp\u016fsobem ne\u017e bu\u0148ky nen\u00e1dorov\u00e9.&nbsp; <\/p>\n\n\n\n<p>Za norm\u00e1ln\u00edch okolnost\u00ed, p\u0159i dostate\u010dn\u011b&nbsp;siln\u00e9m imunitn\u00edm syst\u00e9mu, dok\u00e1\u017ee organismus tyto zm\u011bny poznat a opravit, pop\u0159\u00edpad\u011b zajistit smrt po\u0161kozen\u00e9 bu\u0148ky. Zm\u011bn\u011bn\u00e9 bu\u0148ky mohou b\u00fdt ne\u0161kodn\u00e9 a&nbsp;zp\u016fsobovat nap\u0159. cysty, polypy, z\u00e1n\u011bty, zbytn\u011bn\u00ed nebo neprav\u00e9 (<em>benign\u00ed<\/em>) n\u00e1dory. Mohou v\u0161ak b\u00fdt i&nbsp;velmi nebezpe\u010dn\u00e9 a v\u00e9st k&nbsp;z\u00e1va\u017en\u00fdm zdravotn\u00edm probl\u00e9m\u016fm ve form\u011b zhoubn\u00fdch (<em>malign\u00edch<\/em>) n\u00e1dor\u016f a jejich dce\u0159in\u00fdch lo\u017eisek \u2013 metast\u00e1z, kter\u00e9 vznikaj\u00ed \u0161\u00ed\u0159en\u00edm n\u00e1dorov\u00fdch bun\u011bk krevn\u00edm ob\u011bhem.<\/p>\n\n\n\n<p>N\u00e1dory mohou vzniknout ve v\u0161ech tk\u00e1n\u00edch t\u011bla, nej\u010dast\u011bji se v\u0161ak objevuj\u00ed v&nbsp;m\u00edstech, kde p\u0159irozen\u011b doch\u00e1z\u00ed k&nbsp;rychl\u00e9mu mno\u017een\u00ed bun\u011bk \u2013 v&nbsp;d\u00fdchac\u00edch cest\u00e1ch, v&nbsp;tr\u00e1vic\u00edm traktu a&nbsp;v&nbsp;m\u00edstech, kde jsou tk\u00e1n\u011b stimulov\u00e1ny hormony (<em>prsa, vaje\u010dn\u00edky, prostata, slinivka<\/em>).<\/p>\n\n\n\n<p><strong>Existuje mnoho druh\u016f rakovin a jej\u00ed formy p\u016fsoben\u00ed v t\u011ble. Nej\u010dast\u011bj\u0161\u00ed druhy rakoviny, se kter\u00fdmi se setk\u00e1v\u00e1me jsou:<\/strong><\/p>\n\n\n\n<ul class=\"wp-block-list\">\n<li>Rakovina prsou<\/li>\n\n\n\n<li>D\u011blo\u017en\u00ed myom<\/li>\n\n\n\n<li>Rakovina prostaty<\/li>\n\n\n\n<li>Rakovina varlat<\/li>\n\n\n\n<li>Rakovina kone\u010dn\u00edku<\/li>\n\n\n\n<li>Rakovina tlust\u00e9ho st\u0159eva<\/li>\n<\/ul>\n\n\n\n<p>L\u00e9\u010dba rakoviny je zdlouhav\u00e1 a nam\u00e1hav\u00e1. Je t\u0159eba se obrnit trp\u011blivost\u00ed, v\u00edrou a odhodl\u00e1n\u00edm \u017e\u00edt.<\/p>\n\n\n\n<p><strong>T\u011b\u017e\u0161\u00edm kalibrem je agresivn\u00ed forma n\u00e1doru.<\/strong><\/p>\n\n\n\n<p>Agresivn\u00ed forma rakoviny napad\u00e1 v\u0161echny tk\u00e1n\u011b, \u017e\u00edly, c\u00e9vy a rychle je likviduje. Bleskov\u011b se \u0161\u00ed\u0159\u00ed krevn\u00edmi a lymfatick\u00fdmi \u0159e\u010di\u0161ti do cel\u00e9ho t\u011bla, kde zakl\u00e1d\u00e1 dal\u0161\u00ed ohniska (tzv. metast\u00e1ze). Velmi rychle pror\u016fst\u00e1 tak\u00e9 do kost\u00ed a nevratn\u011b je ni\u010d\u00ed. <strong>Pacientovi bohu\u017eel v\u011bt\u0161inou zb\u00fdvaj\u00ed jen t\u00fddny.<\/strong><\/p>\n\n\n\n<p>Jednotliv\u00e9 zasa\u017een\u00e9 bu\u0148ky metast\u00e1z jsou vl\u00e1kny spojeny s centr\u00e1ln\u00edm ohniskem nemoci (prvotn\u00edm \u00fatvarem). Jedn\u00e1 se o jeden \u017eiv\u00fd organismus. Ka\u017ed\u00fd jednotliv\u00fd \u00fatvar \u2013 ohnisko metast\u00e1ze m\u00e1 svoji samostatnou plazmu (sv\u00e9 samostatn\u00e9 po\u0161kozen\u00e9 j\u00e1dro), kterou je t\u0159eba uzdravit. To, \u017ee se poda\u0159\u00ed oslabit jeden \u00fatvar, neznamen\u00e1, \u017ee jsou oslabeny i jeho dal\u0161\u00ed lo\u017eiska.<\/p>\n\n\n\n<p>V l\u00e9\u010db\u011b je t\u0159eba postupn\u011b j\u00edt a p\u016fsobit hloub\u011bji a hloub\u011bji od prvotn\u00edho n\u00e1doru k dal\u0161\u00edm jeho metast\u00e1z\u00e1m. Je t\u0159eba po\u010d\u00edtat s t\u00edm, \u017ee mezit\u00edm  ne\u017e-li za\u010dne l\u00e9\u010debn\u00e1 energie p\u016fsobit v cel\u00e9m syst\u00e9mu \u017eiv\u00e9ho organismu n\u00e1doru, vznikaj\u00ed dal\u0161\u00ed nov\u00e1 patologick\u00e1 centra.<\/p>\n\n\n\n<p>P\u0159i pr\u00e1ci s ka\u017ed\u00fdm zasa\u017een\u00fdm centrem za\u010d\u00edn\u00e1 l\u00e9\u010ditel v podstat\u011b od za\u010d\u00e1tku l\u00e9\u010debn\u00e9 pr\u00e1ce \u2013 od vrchn\u00ed vrstvy postupn\u011b postupuje (protla\u010duje se) a dost\u00e1v\u00e1 se d\u00e1le do centra bujen\u00ed. \u00datvar se br\u00e1n\u00ed sv\u00fdm ochrann\u00fdm obalem a ur\u010ditou dobu odol\u00e1v\u00e1 l\u00e9\u010ditelovu p\u016fsoben\u00ed. <\/p>\n\n\n\n<p>Pokud oslab\u00edme prvotn\u00ed ohnisko n\u00e1doru, nad nemoc\u00ed jsme nevyhr\u00e1li, nebo\u0165 ostatn\u00ed napaden\u00e9 bu\u0148ky pracuj\u00ed nez\u00e1visle na tomto centr\u00e1ln\u00edm ohnisku (buj\u00ed) a to i p\u0159esto\u017ee \u017ee jsou spolu tato ohniska propojena a komunikuj\u00ed. <strong>P<\/strong><strong>okud budeme l\u00e9\u010debn\u011b p\u016fsobit jen na centr\u00e1ln\u00ed ohnisko a bu\u0148ky v n\u011bm &#8211; je to nedostate\u010dn\u00e9! Je t\u0159eba p\u016fsobit l\u00e9\u010debn\u011b v cel\u00e9m t\u011ble, ve v\u0161ech ohnisc\u00edch.<\/strong><\/p>\n\n\n\n<p>Podstatn\u00e9 je tak\u00e9 posilovat zdrav\u00e9 \u010d\u00e1sti imunitn\u00edho syst\u00e9mu.<\/p>\n\n\n\n<p><strong>D\u016fle\u017eit\u00e9 je je\u0161t\u011b upozornit na to, \u017ee pokud se chceme \u00fasp\u011b\u0161n\u011b uzdravit, je nutn\u00e9 dodr\u017eovat ur\u010ditou dietu, jej\u00ed\u017e podstata se zakl\u00e1d\u00e1 na tom, \u017ee v\u0161e co budeme do sebe p\u0159ij\u00edmat mus\u00ed b\u00fdt zbaveno karcinogenn\u00edch l\u00e1tek.<\/strong><\/p>\n\n\n\n<p>Jedn\u00e1 se o dietu, kterou vymyslel a do praxe uvedl legend\u00e1rn\u00ed l\u00e9\u010ditel Josef Zezulka, kter\u00fd byl skute\u010dn\u00fdm mistrem v l\u00e9\u010den\u00ed rakovin. Dietu naleznete v p\u0159ilo\u017een\u00e9m odkazu, na str\u00e1nk\u00e1ch v\u011bnovan\u00e9 panu l\u00e9\u010diteli a jeho pr\u00e1ci, pod n\u00e1zvem &#8211; ZEZULKOVA ANTIKANCEROGENN\u00cd DIETA:<\/p>\n\n\n\n<p class=\"has-blue-color has-text-color\"><a href=\"https:\/\/www.josefzezulka.cz\/onkologicka-prevence\">https:\/\/www.josefzezulka.cz\/onkologicka-prevence<\/a><\/p>\n\n\n\n<p class=\"has-red-color has-text-color\"><strong><strong>L\u00e9\u010dba, kterou poskytuji, nem\u00e1 v \u017e\u00e1dn\u00e9m p\u0159\u00edpad\u011b nahrazovat klasickou medic\u00ednu a l\u00e9ka\u0159skou p\u00e9\u010di, ani ji nijak konkurovat. Pr\u00e1ce l\u00e9ka\u0159\u016f a sester si velmi v\u00e1\u017e\u00edm a vn\u00edm\u00e1m ji jako nenahraditelnou.<\/strong>&nbsp;<strong>Smyslem je p\u016fsobit ve spolupr\u00e1ci s l\u00e9ka\u0159i, paraleln\u011b a ve shod\u011b s jimi stanovenou l\u00e9\u010dbou.<\/strong><\/strong><\/p>\n\n\n\n<p class=\"has-blue-color has-text-color\"><strong>P\u016fsoben\u00ed je mo\u017eno prov\u00e9st formou:<\/strong><\/p>\n\n\n\n<p class=\"has-blue-color has-text-color\"><strong>OSOBN\u00cd SEZEN\u00cd<\/strong><\/p>\n\n\n\n<p>Prvn\u00ed sezen\u00ed se skl\u00e1d\u00e1 z \u010d\u00e1sti v\u011bnovan\u00e9 definov\u00e1n\u00ed probl\u00e9mu, na kter\u00fd se budeme zam\u011b\u0159ovat a sezn\u00e1men\u00ed se s postupem n\u00e1sleduj\u00edc\u00ed l\u00e9\u010dby. Pot\u00e9 prob\u011bhne prvotn\u00ed o\u010di\u0161t\u011bn\u00ed star\u00fdch n\u00e1nos\u016f energi\u00ed a odstran\u011bn\u00ed energetick\u00fdch blok\u016f.<\/p>\n\n\n\n<p>Obsahem n\u00e1sleduj\u00edc\u00edch z\u00e1sah\u016f je prim\u00e1rn\u011b samotn\u00fd energetick\u00fd p\u0159enos a diagnostika va\u0161eho aktu\u00e1ln\u00edho stavu.<\/p>\n\n\n\n<p>Pokud se jedn\u00e1 o z\u00e1sah t\u00fdkaj\u00edc\u00ed se u\u0159knut\u00ed, proklet\u00ed, karmy, du\u0161\u00ed apod. je \u010das stanoven individu\u00e1ln\u011b.<\/p>\n\n\n\n<p>V p\u0159\u00edpad\u011b, \u017ee chcete, aby bylo na sezen\u00ed pomo\u017eeno jin\u00e9mu \u010dlov\u011bku, mus\u00edte m\u00edt jeho souhlas s l\u00e9\u010dbou, fotografii a k\u0159estn\u00ed jm\u00e9no.<\/p>\n\n\n\n<p class=\"has-blue-color has-text-color\"><strong>Objednat se m\u016f\u017eete na:<\/strong><\/p>\n\n\n\n<ul class=\"wp-block-list\">\n<li><strong>Vstupn\u00ed konzultace a l\u00e9\u010den\u00ed<\/strong>.<\/li>\n\n\n\n<li><strong>Standardn\u00ed navazuj\u00edc\u00ed l\u00e9\u010den\u00ed<\/strong>.<\/li>\n\n\n\n<li><strong>Energetick\u00e9 pos\u00edlen\u00ed org\u00e1n\u016f\u00a0s ur\u010den\u00edm celkov\u00e9 \u017eivotn\u00ed s\u00edly t\u011bla, v\u010detn\u011b\u00a0diagnostiky.<\/strong><\/li>\n<\/ul>\n\n\n\n<p><strong>\u010cekac\u00ed doba<\/strong> se odv\u00edj\u00ed podle aktu\u00e1ln\u00edch \u010dasov\u00fdch a energetick\u00fdch mo\u017enost\u00ed pan\u00ed Martiny.<\/p>\n\n\n\n<ul class=\"wp-block-list\">\n<li><strong>Kontroln\u00ed diagnostika a l\u00e9\u010den\u00ed<\/strong>\u00a0<strong>pro klienty v procesu l\u00e9\u010dby<\/strong>\u00a0<\/li>\n<\/ul>\n\n\n\n<p>Prob\u00edh\u00e1 dle v\u00e1\u017enosti stavu pacienta a \u010dasov\u00fdch mo\u017enost\u00ed pan\u00ed Martiny.<\/p>\n\n\n\n<ul class=\"wp-block-list\">\n<li><strong>Kontroln\u00ed diagnostika a l\u00e9\u010den\u00ed<\/strong>\u00a0<strong>pro klienty, kte\u0159\u00ed ji\u017e l\u00e9\u010dbu ukon\u010dili<\/strong>\u00a0trv\u00e1 40 minut.<\/li>\n<\/ul>\n\n\n\n<p><strong>\u010cekac\u00ed doba<\/strong>&nbsp;se pohybuje okolo 3-4 m\u011bs\u00edc\u016f.<\/p>\n\n\n\n<ul class=\"wp-block-list\">\n<li><strong>Preventivn\u00ed p\u016fsoben\u00ed proti recidiv\u011b vyl\u00e9\u010den\u00e9ho onemocn\u011bn\u00ed<\/strong> <strong>v\u010detn\u011b astr\u00e1ln\u00edho obrazu<\/strong>.<\/li>\n<\/ul>\n\n\n\n<p><strong>\u010cekac\u00ed doba<\/strong>&nbsp;se pohybuje okolo 3 m\u011bs\u00edc\u016f.<\/p>\n\n\n\n<p class=\"has-blue-color has-text-color\"><strong>Z\u00c1SAH NA D\u00c1LKU<\/strong><\/p>\n\n\n\n<p class=\"has-blue-color has-text-color\"><strong><strong>Diagnostiku je mo\u017en\u00e9 prov\u00e1d\u011bt i na d\u00e1lku. Z hlediska efektu je v\u00fdsledek podobn\u00fd jako u osobn\u00edho sezen\u00ed \u2013 ale je t\u0159eba \u0159\u00edct, \u017ee osobn\u00ed z\u00e1sahy jsou v\u017edy intenzivn\u011bj\u0161\u00ed, maj\u00ed rychlej\u0161\u00ed v\u00fdsledky a celkov\u011b komplexn\u011bj\u0161\u00ed rozm\u011br.<\/strong><\/strong><\/p>\n\n\n\n<p>Energii nez\u00e1le\u017e\u00ed na tom, zda stoj\u00edte 2 metry od zdroje jej\u00edho p\u016fsoben\u00ed nebo se nach\u00e1z\u00edte 1000 km daleko. Energie nezn\u00e1 hmotn\u00e9 p\u0159ek\u00e1\u017eky zd\u00ed, prostoru ani \u010dasu (jeliko\u017e \u010das, jak jej zn\u00e1me, v podstat\u011b neexistuje a v\u0161e se odehr\u00e1v\u00e1 ve stejn\u00fd okam\u017eik = minulost, p\u0159\u00edtomnost i budoucnost. Proto je mo\u017en\u00e9 m\u011bnit zane\u0161en\u00e9 \u010di zablokovan\u00e9 energie z dob d\u00e1vno minul\u00fdch). V\u0161emi t\u011bmito p\u0159ek\u00e1\u017ekami dok\u00e1\u017ee energie hladce proch\u00e1zet p\u0159\u00edmo k sv\u00e9mu c\u00edli a pot\u00e9 na n\u011bj p\u016fsobit tak, jak je to pro dan\u00e9ho \u010dlov\u011bka nejlep\u0161\u00ed.<\/p>\n\n\n\n<p><strong>Postup terapie je stejn\u00fd jako u osobn\u00edho setk\u00e1n\u00ed.<\/strong><\/p>\n\n\n\n<p class=\"has-blue-color has-text-color\">V tomto p\u0159\u00edpad\u011b je pot\u0159eba zav\u010das, p\u0159ed dan\u00fdm term\u00ednem, zaslat na email:&nbsp;<a href=\"mailto:astragal@email.cz\"><em>astragal@email.cz<\/em><\/a>&nbsp;&nbsp;fotografii l\u00e9\u010den\u00e9ho spolu s uveden\u00edm jeho k\u0159estn\u00edho jm\u00e9na. Pokud fotografii nem\u00e1te potom za\u0161lete jeho jm\u00e9no a p\u0159\u00edjmen\u00ed, v\u010detn\u011b data a roku narozen\u00ed. Zpr\u00e1vu m\u016f\u017eete p\u0159\u00edpadn\u011b doplnit o informaci, na co se chcete v l\u00e9\u010db\u011b doty\u010dn\u00e9ho zam\u011b\u0159it.<\/p>\n\n\n\n<p><strong>L\u00e9\u010den\u00ed prob\u00edh\u00e1 zpravidla po telefonu, ale m\u016f\u017ee b\u00fdt prov\u00e1d\u011bno i bez telefonick\u00e9ho spojen\u00ed.<\/strong>&nbsp;V\u017edy po proveden\u00e9m z\u00e1sahu od n\u00e1s obdr\u017e\u00edte zpr\u00e1vu s informac\u00ed o tom, \u017ee l\u00e9\u010den\u00ed v po\u0159\u00e1dku prob\u011bhlo a s term\u00ednem va\u0161\u00ed dal\u0161\u00ed l\u00e9\u010dby.<\/p>\n\n\n\n<p>Pokud z n\u011bjak\u00e9ho d\u016fvodu prob\u011bhne v\u00edce l\u00e9\u010den\u00ed bez tel. spojen\u00ed a vy poci\u0165ujete jak\u00fdkoli probl\u00e9m, kter\u00fd byste n\u00e1s pot\u0159ebovali neprodlen\u011b sd\u011blit, rozhodn\u011b n\u00e1s informujte telefonicky nebo emailem a danou z\u00e1le\u017eitost budeme \u0159e\u0161it. D\u011bkujeme.<\/p>\n\n\n\n<p class=\"has-blue-color has-text-color\"><strong>Objednat se m\u016f\u017eete na:<\/strong><\/p>\n\n\n\n<ul class=\"wp-block-list\">\n<li><strong>Vstupn\u00ed l\u00e9\u010den\u00ed<\/strong>.<\/li>\n\n\n\n<li><strong>Standardn\u00ed l\u00e9\u010den\u00ed<\/strong>.<\/li>\n<\/ul>\n\n\n\n<ul class=\"wp-block-list\">\n<li><strong>Akutn\u00ed l\u00e9\u010den\u00ed v\u010detn\u011b diagnostiky astr\u00e1ln\u00edho obrazu<\/strong>, kter\u00e1 je jeho ned\u00edlnou sou\u010d\u00e1st\u00ed. (\u00fakon prob\u00edh\u00e1 v\u011bt\u0161inou bez telefonick\u00e9ho spojen\u00ed).<\/li>\n\n\n\n<li><strong>Akutn\u00ed energetick\u00e9 pos\u00edlen\u00ed org\u00e1n\u016f nebo \u017eivotn\u00ed s\u00edly t\u011bla, v\u010detn\u011b diagnostiky<\/strong>. (\u00fakon prob\u00edh\u00e1 v\u011bt\u0161inou bez telefonick\u00e9ho spojen\u00ed).<\/li>\n\n\n\n<li><strong>Jednor\u00e1zov\u00e1 l\u00e9\u010div\u00e1 energie<\/strong>\u00a0<strong>v\u010detn\u011b diagnostiky astr\u00e1ln\u00edho obrazu<\/strong>, kter\u00e1 je jeho ned\u00edlnou sou\u010d\u00e1st\u00ed. (\u00fakon prob\u00edh\u00e1 v\u011bt\u0161inou bez telefonick\u00e9ho spojen\u00ed).<\/li>\n<\/ul>\n\n\n\n<p><strong>\u010cekac\u00ed doba<\/strong> se odv\u00edj\u00ed podle aktu\u00e1ln\u00edch \u010dasov\u00fdch a energetick\u00fdch mo\u017enost\u00ed pan\u00ed Martiny.<\/p>\n\n\n\n<ul class=\"wp-block-list\">\n<li><strong>Kontroln\u00ed diagnostika a l\u00e9\u010den\u00ed<\/strong>\u00a0<strong>pro klienty v procesu l\u00e9\u010dby<\/strong>\u00a0<\/li>\n<\/ul>\n\n\n\n<p>Prob\u00edh\u00e1 dle v\u00e1\u017enosti stavu pacienta a \u010dasov\u00fdch mo\u017enost\u00ed Pan\u00ed Martiny.<\/p>\n\n\n\n<ul class=\"wp-block-list\">\n<li><strong>Kontroln\u00ed diagnostika a l\u00e9\u010den\u00ed<\/strong>\u00a0<strong>pro klienty, kte\u0159\u00ed ji\u017e l\u00e9\u010dbu ukon\u010dili<\/strong>.<\/li>\n<\/ul>\n\n\n\n<p><strong>\u010cekac\u00ed doba<\/strong> je 2 m\u011bs\u00edce.<\/p>\n\n\n\n<ul class=\"wp-block-list\">\n<li><strong>Preventivn\u00ed p\u016fsoben\u00ed proti recidiv\u011b vyl\u00e9\u010den\u00e9ho onemocn\u011bn\u00ed<\/strong> <strong>v\u010detn\u011b astr\u00e1ln\u00edho obrazu<\/strong>.<\/li>\n<\/ul>\n\n\n\n<p><strong>\u010cekac\u00ed doba<\/strong>&nbsp;se pohybuje okolo 3 m\u011bs\u00edc\u016f.<\/p>\n\n\n\n<p><strong>Je mo\u017en\u00e9 vyu\u017e\u00edt aplikaci Viber, kde vol\u00e1te zdarma.<\/strong><\/p>\n\n\n\n<p class=\"has-blue-color has-text-color\"><strong><strong><strong><strong>MO\u017dN\u00c9 REAKCE NA L\u00c9\u010cEBN\u00c9 P\u016eSOBEN\u00cd<\/strong><\/strong><\/strong><\/strong><\/p>\n\n\n\n<p>L\u00e9\u010den\u00ed prob\u00edh\u00e1 formou c\u00edlen\u00e9 pr\u00e1ce s energi\u00ed va\u0161eho t\u011bla, kdy je v\u00e1m prost\u0159ednictv\u00edm univerz\u00e1ln\u00ed energie umo\u017en\u011bno aktivovat sv\u016fj vlastn\u00ed potenci\u00e1l sebe uzdravovac\u00ed schopnosti. Ka\u017ed\u00e9 t\u011blo m\u00e1 schopnost se do jist\u00e9 m\u00edry samo regenerovat a uzdravovat.<\/p>\n\n\n\n<p>N\u011bkdy se stane, \u017ee dlouhodobou nemoc\u00ed vzniklou na z\u00e1klad\u011b nerovnov\u00e1hy \u017eivotn\u00edho stylu, se tato schopnost t\u011bla zastav\u00ed a t\u011blo pot\u00e9 pracuje jen v r\u00e1mci zachov\u00e1n\u00ed funk\u010dn\u00edho stavu sv\u00e9ho syst\u00e9mu.<\/p>\n\n\n\n<p>B\u011bhem p\u016fsoben\u00ed na klienta se ho nijak nedot\u00fdk\u00e1m, z\u016fst\u00e1v\u00e1 oble\u010den.<\/p>\n\n\n\n<p class=\"has-blue-color has-text-color\">P\u0159i z\u00e1sahu nebo kr\u00e1tce po n\u011bm se mohou vyskytnout r\u016fzn\u00e9 vjemy, pocity a reakce jako jsou nap\u0159\u00edklad:<\/p>\n\n\n\n<p class=\"has-blue-color has-text-color\">\u2013 mraven\u010den\u00ed, brn\u011bn\u00ed, pnut\u00ed, p\u00e1len\u00ed, ostr\u00e1 \u010di tup\u00e1 bolest nebo tlak v ur\u010dit\u00e9 \u010d\u00e1sti t\u011bla<\/p>\n\n\n\n<p class=\"has-blue-color has-text-color\">\u2013 mal\u00e1tnost \u010di mot\u00e1n\u00ed hlavy<\/p>\n\n\n\n<p class=\"has-blue-color has-text-color\">\u2013 pocit na zvracen\u00ed<\/p>\n\n\n\n<p class=\"has-blue-color has-text-color\">\u2013 n\u00e1hl\u00fd pr\u016fjem<\/p>\n\n\n\n<p class=\"has-blue-color has-text-color\">\u2013 velk\u00e1 \u00fanava \u010di p\u0159\u00edval energie<\/p>\n\n\n\n<p class=\"has-blue-color has-text-color\">\u2013 vyr\u00e1\u017eka \/opar \/ ekz\u00e9m \/ je\u010dn\u00e9 zrno<\/p>\n\n\n\n<p class=\"has-blue-color has-text-color\">\u2013 stav ne\u010dekan\u00e9, zd\u00e1nliv\u011b neopodstatn\u011bn\u00e9 agrese nebo hn\u011bvu<\/p>\n\n\n\n<p class=\"has-blue-color has-text-color\">\u2013 pocit podivn\u00e9 lehkosti (jakoby se \u010dlov\u011bk vzn\u00e1\u0161el)<\/p>\n\n\n\n<p class=\"has-blue-color has-text-color\">\u2013 pocit tepla nebo chladu na t\u011ble nebo v kon\u010detin\u00e1ch<\/p>\n\n\n\n<p class=\"has-blue-color has-text-color\">\u2013 motolice<\/p>\n\n\n\n<p class=\"has-blue-color has-text-color\">\u2013 kdekoli po t\u011ble se m\u016f\u017ee p\u0159echodn\u011b objevit boule, otok apod.<\/p>\n\n\n\n<p class=\"has-blue-color has-text-color\">\u2013 u \u017een se m\u016f\u017ee objevit menstrua\u010dn\u00ed krv\u00e1cen\u00ed nebo \u0161pin\u011bn\u00ed mimo cyklus<\/p>\n\n\n\n<p><strong>M\u011bjte pros\u00edm na pam\u011bti, \u017ee se jedn\u00e1 jen o p\u0159echodnou, kr\u00e1tkodobou reakci va\u0161eho t\u011bla na p\u0159ijet\u00ed ozdravn\u00e9 energie (tyto reakce odezn\u00ed nejpozd\u011bji do 3 dn\u016f po l\u00e9\u010den\u00ed).<\/strong>&nbsp;<strong>P\u0159ij\u00edman\u00e1 energie v\u00e1m nem\u016f\u017ee v \u017e\u00e1dn\u00e9 oblasti nijak ubl\u00ed\u017eit&nbsp;a nezanech\u00e1 \u017e\u00e1dn\u00e9 negativn\u00ed n\u00e1sledky.<\/strong><\/p>\n\n\n\n<p class=\"has-blue-color has-text-color\">Pokud by reakce na energetick\u00fd p\u0159enos byla dramatick\u00e1, ur\u010dit\u011b n\u00e1s kontaktujte pros\u00edm hned na telefonu: 603 784 154. D\u011bkujeme.<\/p>\n\n\n\n<p>M\u016f\u017ee se tak\u00e9 st\u00e1t, \u017ee b\u011bhem procesu nezaznamen\u00e1te \u017e\u00e1dn\u00fd zvl\u00e1\u0161tn\u00ed pocit.<\/p>\n\n\n\n<p>Nic se ned\u011bje, n\u011bkte\u0159\u00ed lid\u00e9 nejsou v\u016f\u010di energi\u00edm tak citliv\u00ed, ale to neznamen\u00e1, \u017ee vys\u00edlan\u00e1 energie do va\u0161eho t\u011bla neproud\u00ed a \u017ee proces neprob\u00edh\u00e1. Efekt absolvovan\u00e9ho z\u00e1sahu se u v\u00e1s projev\u00ed a\u017e o n\u011bkolik dn\u016f pozd\u011bji (tj. nec\u00edt\u00edte \u00falevu hned, jako n\u011bkte\u0159\u00ed jin\u00ed, ale a\u017e za p\u00e1r dn\u00ed).<\/p>\n\n\n\n<p class=\"has-blue-color has-text-color\"><strong>V p\u0159\u00edpad\u011b pot\u0159eby pracuji na uzdraven\u00ed s klientem tak\u00e9 formou u\u017e\u00edv\u00e1n\u00ed informatik. P\u0159i sv\u00e9 pr\u00e1ci pou\u017e\u00edv\u00e1m tak\u00e9 diagnostickou kresbu.<\/strong><\/p>\n\n\n\n<p><strong>Bli\u017e\u0161\u00ed informace o tom, co to informatika jsou, jak p\u016fsob\u00ed a na jak\u00e9m principu jsou postavena, naleznete v n\u00e1sleduj\u00edc\u00edm odkazu:<\/strong><\/p>\n\n\n\n<p><a href=\"https:\/\/astragal.cz\/index.php\/informace-o-lecbe-informatiky\/\">https:\/\/astragal.cz\/index.php\/informace-o-lecbe-informatiky\/<\/a><\/p>\n\n\n\n<p class=\"has-blue-color has-text-color\"><strong>DOP<strong><strong><strong>ORU\u010cEN\u00cd P\u0158ED<\/strong>&nbsp;<strong>L\u00c9\u010cEBN\u00ddM Z\u00c1SAHEM<\/strong><\/strong><\/strong><\/strong><\/p>\n\n\n\n<p>Den p\u0159ed z\u00e1sahem by se nem\u011blo p\u00edt p\u0159\u00edli\u0161 mnoho alkoholu, energetick\u00fdch n\u00e1poj\u016f nebo k\u00e1vy. Nedoporu\u010duji tak\u00e9 vykon\u00e1vat fyzicky v\u00fdrazn\u011b vy\u010derp\u00e1vaj\u00edc\u00ed pr\u00e1ci a dlouze ponocovat (Va\u0161e t\u011blo by potom bylo vys\u00edlen\u00e9 a nebylo by schopn\u00e9 dob\u0159e pojmout poskytovanou l\u00e9\u010debnou energii).<\/p>\n\n\n\n<p>Po sezen\u00ed nedoporu\u010duji prov\u00e1d\u011bt \u017e\u00e1dnou fyzicky n\u00e1ro\u010dnou aktivitu, neabsolvovat mas\u00e1\u017ee, kosmetiku, sol\u00e1rium \u010di jin\u00e9 z\u00e1sahy do t\u011bla. Dobr\u00e9 tak\u00e9 je omezit alkohol a jin\u00e9 organismus zat\u011b\u017euj\u00edc\u00ed l\u00e1tky (samoz\u0159ejm\u011b mino l\u00e9k\u016f, kter\u00e9 b\u011b\u017en\u011b u\u017e\u00edv\u00e1te).<\/p>\n\n\n\n<p>Ide\u00e1ln\u00ed je sp\u00ed\u0161e odpo\u010d\u00edvat a zbytek dne str\u00e1vit poklidn\u011b, aby mohla p\u0159ijat\u00e1 energie ve va\u0161em t\u011ble dob\u0159e pracovat.<\/p>\n\n\n\n<p class=\"has-blue-color has-text-color\"><strong>INFORMACE K CEN\u011a ZA POSKYTNUT\u00c9 SLU\u017dBY<\/strong><\/p>\n\n\n\n<p class=\"has-blue-color has-text-color\">Vzhledem k charakteru l\u00e9\u010den\u00e9ho onemocn\u011bn\u00ed nen\u00ed Martin\u011b ze shora dovoleno n\u00e1rokovat si za svou slu\u017ebu odm\u011bnu.&nbsp;Pokud j\u00ed p\u0159isp\u011bjete jak\u00fdmkoli darem, bude velmi r\u00e1da.&nbsp;<\/p>\n\n\n\n<p class=\"has-blue-color has-text-color\"><\/p>\n\n\n\n<p><\/p>\n","protected":false},"excerpt":{"rendered":"<p>L\u00e9\u010den\u00ed t\u011bchto onemocn\u011bn\u00ed je jedna z nejt\u011b\u017e\u0161\u00edch v\u00fdzev nejen pro pacienta, ale i pro l\u00e9\u010ditele. Mus\u00edme cel\u00fdm srdcem v\u011b\u0159it v uzdraven\u00ed a pokorn\u011b proch\u00e1zet procesem l\u00e9\u010dby. Bohu\u017eel je nutn\u00e9 zm\u00ednit, \u017ee jsou i situace, kdy v\u0161ichni do procesu uzdraven\u00ed vlo\u017e\u00edme maximum i v\u00edc a p\u0159esto m\u00e1 osud jin\u00e9 pl\u00e1ny a uzdraven\u00ed nemocn\u00e9mu nen\u00ed umo\u017en\u011bno. I [&hellip;]<\/p>\n","protected":false},"author":1,"featured_media":0,"parent":0,"menu_order":0,"comment_status":"closed","ping_status":"closed","template":"","meta":{"_mc_calendar":[],"footnotes":""},"class_list":["post-5822","page","type-page","status-publish","hentry"],"_links":{"self":[{"href":"https:\/\/astragal.cz\/index.php\/wp-json\/wp\/v2\/pages\/5822","targetHints":{"allow":["GET"]}}],"collection":[{"href":"https:\/\/astragal.cz\/index.php\/wp-json\/wp\/v2\/pages"}],"about":[{"href":"https:\/\/astragal.cz\/index.php\/wp-json\/wp\/v2\/types\/page"}],"author":[{"embeddable":true,"href":"https:\/\/astragal.cz\/index.php\/wp-json\/wp\/v2\/users\/1"}],"replies":[{"embeddable":true,"href":"https:\/\/astragal.cz\/index.php\/wp-json\/wp\/v2\/comments?post=5822"}],"version-history":[{"count":76,"href":"https:\/\/astragal.cz\/index.php\/wp-json\/wp\/v2\/pages\/5822\/revisions"}],"predecessor-version":[{"id":10940,"href":"https:\/\/astragal.cz\/index.php\/wp-json\/wp\/v2\/pages\/5822\/revisions\/10940"}],"wp:attachment":[{"href":"https:\/\/astragal.cz\/index.php\/wp-json\/wp\/v2\/media?parent=5822"}],"curies":[{"name":"wp","href":"https:\/\/api.w.org\/{rel}","templated":true}]}}