{"id":6381,"date":"2022-06-10T08:54:55","date_gmt":"2022-06-10T07:54:55","guid":{"rendered":"https:\/\/astragal.cz\/?page_id=6381"},"modified":"2025-01-16T05:52:37","modified_gmt":"2025-01-16T04:52:37","slug":"informace-a-podminky-k-objednani","status":"publish","type":"page","link":"https:\/\/astragal.cz\/index.php\/informace-a-podminky-k-objednani\/","title":{"rendered":"Informace a podm\u00ednky k objedn\u00e1n\u00ed"},"content":{"rendered":"\n<p class=\"has-blue-color has-text-color\"><strong>OBJEDNAT SE M\u016e\u017dETE:<\/strong><\/p>\n\n\n\n<p class=\"has-blue-color has-text-color\"><strong>E-mailem:<\/strong>&nbsp;astragal@email.cz<\/p>\n\n\n\n<p class=\"has-blue-color has-text-color\">Pro objedn\u00e1v\u00e1n\u00ed term\u00edn\u016f k pan\u00ed Martin\u011b slou\u017e\u00ed v\u00fdhradn\u011b v\u00fd\u0161e uveden\u00fd email \u010di kontaktn\u00ed formul\u00e1\u0159 uveden\u00fd v odkazu kontakt.<\/p>\n\n\n\n<p>V\u017edy se v\u00e1m sna\u017e\u00edme nab\u00eddnout setk\u00e1n\u00ed nebo telefonickou konzultaci, kter\u00e9 jsou vzhledem k ji\u017e objednan\u00fdm klient\u016fm nejd\u0159\u00edve mo\u017en\u00e9. Pokud budete pot\u0159ebovat d\u0159\u00edv\u011bj\u0161\u00ed term\u00edn doporu\u010dujeme zapsat se na seznam n\u00e1hradn\u00edk\u016f, kter\u00e9 pak p\u0159ednostn\u011b kontaktujeme, kdy\u017e se n\u011bkter\u00fd z rezervovan\u00fdch term\u00edn\u016f zru\u0161\u00ed.<\/p>\n\n\n\n<p class=\"has-blue-color has-text-color\"><strong>Letit\u00e1 praxe uk\u00e1zala jako nutn\u00e9, stanovit si jasn\u00e9 podm\u00ednky pro objedn\u00e1n\u00ed. Velmi v\u00e1s pros\u00edme, p\u0159e\u010dt\u011bte si pozorn\u011b n\u011bkolik n\u00e1sleduj\u00edc\u00edch pravidel &#8211; m\u016f\u017eeme tak snadno p\u0159edej\u00edt r\u016fzn\u00fdm nedorozum\u011bn\u00edm a nep\u0159\u00edjemnostem. D\u011bkujeme.<\/strong><\/p>\n\n\n\n<ol class=\"wp-block-list\" type=\"1\"><li>Objedn\u00e1n\u00ed term\u00ednu prob\u00edh\u00e1 pouze emailovou formou.<\/li><li>U objedn\u00e1vek plat\u00ed, \u017ee pokud navr\u017een\u00fd term\u00edn nepotvrd\u00edte do 3 pracovn\u00edch dn\u016f, bude muset b\u00fdt (vzhledem k dal\u0161\u00edm \u010dekaj\u00edc\u00edm z\u00e1jemc\u016fm) nab\u00eddnut n\u011bkomu jin\u00e9mu.<\/li><li>Term\u00edn bude z na\u0161\u00ed strany definitivn\u011b potvrzen pouze, pokud za\u0161lete v\u00e1\u0161 kontaktn\u00ed telefon, abychom v\u00e1s mohli v p\u0159\u00edpad\u011b indispozice Martiny informovat \u2013 v p\u0159\u00edpad\u011b, \u017ee rezervujete term\u00edn pro jinou osobu, je nutn\u00e9 zaslat jej\u00ed kontaktn\u00ed telefon a jm\u00e9no.<\/li><li>Pokud za v\u00e1s na sezen\u00ed p\u0159ijde n\u011bkdo jin\u00fd, je pot\u0159eba to dop\u0159edu nahl\u00e1sit, spolu s kontaktn\u00edm telefonem na doty\u010dnou osobu, viz. bod 2. D\u011bkujeme.<\/li><li>Jestli\u017ee budete objedn\u00e1vat sebe a chcete k n\u00e1m autem vz\u00edt nav\u00edc je\u0161t\u011b jin\u00e9ho \u010dlena Va\u0161\u00ed rodiny nebo kamar\u00e1da\/partnera, kter\u00fd m\u00e1 n\u011bjak\u00fd akutn\u00ed probl\u00e9m, je pot\u0159eba ho v\u017edy dop\u0159edu spolu s V\u00e1mi objednat.<\/li><li>Kdy\u017e budete muset n\u00e1sledn\u011b vybran\u00fd term\u00edn zru\u0161it, kontaktujte n\u00e1s pros\u00edm POUZE na mobil (na emailu jsme nepravideln\u011b) nejl\u00e9pe formou SMS: +420 720 116 381.<\/li><li><strong>Organiza\u010dn\u00ed minimum:<\/strong><\/li><\/ol>\n\n\n\n<p><strong>V p\u0159\u00edpad\u011b zdr\u017een\u00ed za\u010d\u00e1tku sezen\u00ed (konzultace, v\u00fdklad, diagnostika apod.) ze strany Martiny&nbsp;<\/strong>v\u00e1m bude tato doba pln\u011b nahrazena nebo jinak kompenzov\u00e1na. Jestli\u017ee se zdr\u017een\u00ed t\u00fdk\u00e1 term\u00ednu pravideln\u00e9ho l\u00e9\u010den\u00ed, pak (vzhledem k tomu, \u017ee term\u00edn\u016f je v\u00edce) prob\u011bhne va\u0161e l\u00e9\u010den\u00ed bez telefonick\u00e9ho spojen\u00ed.<\/p>\n\n\n\n<p><strong>V p\u0159\u00edpad\u011b zru\u0161en\u00ed va\u0161eho term\u00ednu z d\u016fvodu nemoci Martiny&nbsp;<\/strong>plat\u00ed, \u017ee term\u00edn l\u00e9\u010den\u00ed nebo jin\u00e9ho pravideln\u00e9ho sezen\u00ed se bohu\u017eel v tomto p\u0159\u00edpad\u011b ru\u0161\u00ed bez mo\u017enosti jeho n\u00e1hrady a pokra\u010duje se pot\u00e9 nejbli\u017e\u0161\u00edm dal\u0161\u00edm term\u00ednem. U jednor\u00e1zov\u00fdch objedn\u00e1n\u00ed se v\u00e1\u0161 term\u00edn zru\u0161\u00ed a hned jak to bude mo\u017en\u00e9, bude v\u00e1m nab\u00eddnut co nejbli\u017e\u0161\u00ed jin\u00fd.<\/p>\n\n\n\n<p><strong>V p\u0159\u00edpad\u011b, \u017ee dojde ke zru\u0161en\u00ed term\u00ednu Martinou z jin\u00e9ho d\u016fvodu (nap\u0159. rodinn\u00e9ho)&nbsp;<\/strong>se v\u00e1m budeme maxim\u00e1ln\u011b sna\u017eit vyj\u00edt vst\u0159\u00edc a nab\u00eddnout v\u00e1m co nejbli\u017e\u0161\u00ed jin\u00fd term\u00edn.<\/p>\n\n\n\n<p>  7. P\u0159i opakovan\u00e9 nekomunikaci z va\u0161\u00ed strany \u010di p\u0159i poru\u0161ov\u00e1n\u00ed podm\u00ednek budeme muset, i kdy\u017e neradi, poskytov\u00e1n\u00ed slu\u017eby ukon\u010dit.<\/p>\n\n\n\n<p class=\"has-blue-color has-text-color\">Pros\u00edme o respektov\u00e1n\u00ed vyhrazen\u00e9ho \u010dasu va\u0161eho sezen\u00ed.<\/p>\n\n\n\n<p>Velmi si v\u00e1\u017e\u00edme \u010dasu, kter\u00fd jste v\u011bnovali p\u0159e\u010dten\u00ed t\u011bchto pravidel, d\u011bkujeme a budeme se t\u011b\u0161it na setk\u00e1n\u00ed s v\u00e1mi.<\/p>\n\n\n\n<p>Martina a t\u00fdm ASTRAGAL<\/p>\n","protected":false},"excerpt":{"rendered":"<p>OBJEDNAT SE M\u016e\u017dETE: E-mailem:&nbsp;astragal@email.cz Pro objedn\u00e1v\u00e1n\u00ed term\u00edn\u016f k pan\u00ed Martin\u011b slou\u017e\u00ed v\u00fdhradn\u011b v\u00fd\u0161e uveden\u00fd email \u010di kontaktn\u00ed formul\u00e1\u0159 uveden\u00fd v odkazu kontakt. V\u017edy se v\u00e1m sna\u017e\u00edme nab\u00eddnout setk\u00e1n\u00ed nebo telefonickou konzultaci, kter\u00e9 jsou vzhledem k ji\u017e objednan\u00fdm klient\u016fm nejd\u0159\u00edve mo\u017en\u00e9. Pokud budete pot\u0159ebovat d\u0159\u00edv\u011bj\u0161\u00ed term\u00edn doporu\u010dujeme zapsat se na seznam n\u00e1hradn\u00edk\u016f, kter\u00e9 pak p\u0159ednostn\u011b kontaktujeme, [&hellip;]<\/p>\n","protected":false},"author":1,"featured_media":0,"parent":0,"menu_order":0,"comment_status":"closed","ping_status":"closed","template":"","meta":{"_mc_calendar":[],"footnotes":""},"class_list":["post-6381","page","type-page","status-publish","hentry"],"_links":{"self":[{"href":"https:\/\/astragal.cz\/index.php\/wp-json\/wp\/v2\/pages\/6381","targetHints":{"allow":["GET"]}}],"collection":[{"href":"https:\/\/astragal.cz\/index.php\/wp-json\/wp\/v2\/pages"}],"about":[{"href":"https:\/\/astragal.cz\/index.php\/wp-json\/wp\/v2\/types\/page"}],"author":[{"embeddable":true,"href":"https:\/\/astragal.cz\/index.php\/wp-json\/wp\/v2\/users\/1"}],"replies":[{"embeddable":true,"href":"https:\/\/astragal.cz\/index.php\/wp-json\/wp\/v2\/comments?post=6381"}],"version-history":[{"count":14,"href":"https:\/\/astragal.cz\/index.php\/wp-json\/wp\/v2\/pages\/6381\/revisions"}],"predecessor-version":[{"id":10247,"href":"https:\/\/astragal.cz\/index.php\/wp-json\/wp\/v2\/pages\/6381\/revisions\/10247"}],"wp:attachment":[{"href":"https:\/\/astragal.cz\/index.php\/wp-json\/wp\/v2\/media?parent=6381"}],"curies":[{"name":"wp","href":"https:\/\/api.w.org\/{rel}","templated":true}]}}