{"id":6467,"date":"2022-06-21T12:11:40","date_gmt":"2022-06-21T11:11:40","guid":{"rendered":"https:\/\/astragal.cz\/?page_id=6467"},"modified":"2025-09-18T10:54:37","modified_gmt":"2025-09-18T09:54:37","slug":"doprovazeni-umirajiciho","status":"publish","type":"page","link":"https:\/\/astragal.cz\/index.php\/doprovazeni-umirajiciho\/","title":{"rendered":"Doprov\u00e1zen\u00ed um\u00edraj\u00edc\u00edho"},"content":{"rendered":"\n<p>Sou\u010d\u00e1st\u00ed m\u00e9ho posl\u00e1n\u00ed je nejen l\u00e9\u010den\u00ed, ale tak\u00e9 prov\u00e1zen\u00ed t\u011bch, kte\u0159\u00ed ji\u017e jsou v z\u00e1v\u011bru sv\u00e9ho \u017eivota a chystaj\u00ed se na p\u0159echod do jin\u00e9 dimenze byt\u00ed.<\/p>\n\n\n\n<p>Pokud se Vy sami nebo Va\u0161i bl\u00edzc\u00ed nach\u00e1z\u00edte pr\u00e1v\u011b v t\u00e9to situaci, pros\u00edm p\u0159e\u010dt\u011bte si t\u011bchto n\u011bkolik d\u016fle\u017eit\u00fdch informac\u00ed:<\/p>\n\n\n\n<figure class=\"wp-block-embed is-type-wp-embed is-provider-martina-astragal wp-block-embed-martina-astragal\"><div class=\"wp-block-embed__wrapper\">\n<blockquote class=\"wp-embedded-content\" data-secret=\"x53bwxTkbn\"><a href=\"https:\/\/astragal.cz\/index.php\/o-nelecitelnych-nemocech-a-umirani\/\">O nel\u00e9\u010diteln\u00fdch nemocech a um\u00edr\u00e1n\u00ed<\/a><\/blockquote><iframe loading=\"lazy\" class=\"wp-embedded-content\" sandbox=\"allow-scripts\" security=\"restricted\" style=\"position: absolute; clip: rect(1px, 1px, 1px, 1px);\" title=\"&#8222;O nel\u00e9\u010diteln\u00fdch nemocech a um\u00edr\u00e1n\u00ed&#8220; &#8212; ASTRAGAL\" src=\"https:\/\/astragal.cz\/index.php\/o-nelecitelnych-nemocech-a-umirani\/embed\/#?secret=sdf7YRLMZM#?secret=x53bwxTkbn\" data-secret=\"x53bwxTkbn\" width=\"600\" height=\"338\" frameborder=\"0\" marginwidth=\"0\" marginheight=\"0\" scrolling=\"no\"><\/iframe>\n<\/div><\/figure>\n\n\n\n<p class=\"has-blue-color has-text-color\">M\u00fdm c\u00edlem je zbavit um\u00edraj\u00edc\u00edho \u00fazkosti, strachu i nejistoty a zm\u00edrnit fyzick\u00e9 utrpen\u00ed, pokud jej pro\u017e\u00edv\u00e1. V t\u00e9to f\u00e1zi pracuji nejen s um\u00edraj\u00edc\u00edm, ale i s jeho nejbli\u017e\u0161\u00edmi a pom\u00e1h\u00e1m jim se vyrovnat s nastalou situac\u00ed a p\u0159ipravit se na skute\u010dn\u00fdm odchod milovan\u00e9ho.<\/p>\n\n\n\n<p class=\"has-blue-color has-text-color\"><strong>P\u016fsoben\u00ed je prov\u00e1d\u011bno formou:<\/strong><\/p>\n\n\n\n<p class=\"has-blue-color has-text-color\"><strong>Z\u00c1SAH NA D\u00c1LKU<\/strong><\/p>\n\n\n\n<p class=\"has-blue-color has-text-color has-link-color wp-elements-4be07da30a14ea65c714943c1a7f5c10\"><strong><strong>Diagnostiku je mo\u017en\u00e9 prov\u00e1d\u011bt i na d\u00e1lku. Z hlediska efektu je v\u00fdsledek podobn\u00fd jako u osobn\u00edho sezen\u00ed \u2013 ale je t\u0159eba \u0159\u00edct, \u017ee osobn\u00ed z\u00e1sahy jsou v\u017edy intenzivn\u011bj\u0161\u00ed, maj\u00ed rychlej\u0161\u00ed v\u00fdsledky a celkov\u011b komplexn\u011bj\u0161\u00ed rozm\u011br.<\/strong><\/strong><\/p>\n\n\n\n<p>Energii nez\u00e1le\u017e\u00ed na tom, zda stoj\u00edte 2 metry od zdroje jej\u00edho p\u016fsoben\u00ed nebo se nach\u00e1z\u00edte 1000 km daleko. Energie nezn\u00e1 hmotn\u00e9 p\u0159ek\u00e1\u017eky zd\u00ed, prostoru ani \u010dasu (jeliko\u017e \u010das, jak jej zn\u00e1me, v podstat\u011b neexistuje a v\u0161e se odehr\u00e1v\u00e1 ve stejn\u00fd okam\u017eik = minulost, p\u0159\u00edtomnost i budoucnost. Proto je mo\u017en\u00e9 m\u011bnit zane\u0161en\u00e9 \u010di zablokovan\u00e9 energie z dob d\u00e1vno minul\u00fdch). V\u0161emi t\u011bmito p\u0159ek\u00e1\u017ekami dok\u00e1\u017ee energie hladce proch\u00e1zet p\u0159\u00edmo k sv\u00e9mu c\u00edli a pot\u00e9 na n\u011bj p\u016fsobit tak, jak je to pro dan\u00e9ho \u010dlov\u011bka nejlep\u0161\u00ed.<\/p>\n\n\n\n<p class=\"has-blue-color has-text-color\">Aby bylo mo\u017en\u00e9 z\u00e1sah prov\u00e9st, je pot\u0159eba zav\u010das, p\u0159ed dan\u00fdm term\u00ednem, zaslat na email:&nbsp;<a href=\"mailto:astragal@email.cz\"><em>astragal@email.cz<\/em><\/a>&nbsp;&nbsp;fotografii l\u00e9\u010den\u00e9ho spolu s uveden\u00edm jeho k\u0159estn\u00edho jm\u00e9na. Pokud fotografii nem\u00e1te potom za\u0161lete jeho jm\u00e9no a p\u0159\u00edjmen\u00ed, v\u010detn\u011b data a roku narozen\u00ed. Zpr\u00e1vu m\u016f\u017eete p\u0159\u00edpadn\u011b doplnit o informaci, na co se chcete u doty\u010dn\u00e9ho zam\u011b\u0159it.<\/p>\n\n\n\n<p><strong>Z\u00e1sah prob\u00edh\u00e1 zpravidla po telefonu, ale m\u016f\u017ee b\u00fdt prov\u00e1d\u011bn i bez telefonick\u00e9ho spojen\u00ed.<\/strong>&nbsp;V\u017edy po proveden\u00e9m z\u00e1sahu od n\u00e1s obdr\u017e\u00edte zpr\u00e1vu s informac\u00ed o tom, \u017ee z\u00e1sah v po\u0159\u00e1dku prob\u011bhl a s dal\u0161\u00edm term\u00ednem.<\/p>\n\n\n\n<p>Pokud z n\u011bjak\u00e9ho d\u016fvodu prob\u011bhne v\u00edce l\u00e9\u010den\u00ed bez tel. spojen\u00ed a vy poci\u0165ujete jak\u00fdkoli probl\u00e9m, kter\u00fd byste n\u00e1s pot\u0159ebovali neprodlen\u011b sd\u011blit, rozhodn\u011b n\u00e1s informujte telefonicky nebo emailem a danou z\u00e1le\u017eitost budeme \u0159e\u0161it. D\u011bkujeme.<\/p>\n\n\n\n<p class=\"has-blue-color has-text-color\"><strong>Objednat se m\u016f\u017eete na:<\/strong><\/p>\n\n\n\n<ul class=\"wp-block-list\">\n<li><strong>Vstupn\u00ed konzultace<\/strong>.<\/li>\n\n\n\n<li><strong>Standardn\u00ed z\u00e1sah v\u010detn\u011b diagnostiky astr\u00e1ln\u00edho obrazu<\/strong>, kter\u00e1 je jeho ned\u00edlnou sou\u010d\u00e1st\u00ed.<\/li>\n\n\n\n<li><strong>Akutn\u00ed z\u00e1sah v\u010detn\u011b diagnostiky astr\u00e1ln\u00edho obrazu<\/strong>, kter\u00e1 je jeho ned\u00edlnou sou\u010d\u00e1st\u00ed. (\u00fakon prob\u00edh\u00e1 v\u011bt\u0161inou bez telefonick\u00e9ho spojen\u00ed).<\/li>\n<\/ul>\n\n\n\n<ul class=\"wp-block-list\">\n<li><strong>Kontroln\u00ed diagnostika a l\u00e9\u010den\u00ed<\/strong>\u00a0<strong>pro klienty v procesu prov\u00e1zen\u00ed<\/strong>.<\/li>\n<\/ul>\n\n\n\n<p><strong>\u010cekac\u00ed doba<\/strong>&nbsp;se odv\u00edj\u00ed podle aktu\u00e1ln\u00edch \u010dasov\u00fdch a energetick\u00fdch mo\u017enost\u00ed pan\u00ed Martiny.<\/p>\n\n\n\n<p><strong>U v\u0161ech \u00fakon\u016f je mo\u017en\u00e9 vyu\u017e\u00edt aplikaci Viber, kde vol\u00e1te zdarma.<\/strong><\/p>\n\n\n\n<p>V p\u0159\u00edpad\u011b pot\u0159eby pracuji na tak\u00e9 formou u\u017e\u00edv\u00e1n\u00ed informatik. P\u0159i sv\u00e9 pr\u00e1ci pou\u017e\u00edv\u00e1m tak\u00e9 diagnostickou kresbu.<\/p>\n\n\n\n<p><strong>Bli\u017e\u0161\u00ed informace o tom, co to informatika jsou, jak p\u016fsob\u00ed a na jak\u00e9m principu jsou postavena, naleznete v n\u00e1sleduj\u00edc\u00edm odkazu:<\/strong><\/p>\n\n\n\n<p><a href=\"https:\/\/astragal.cz\/index.php\/informace-o-lecbe-informatiky\/\">https:\/\/astragal.cz\/index.php\/informace-o-lecbe-informatiky\/<\/a><\/p>\n\n\n\n<p class=\"has-blue-color has-text-color\"><strong>INFORMACE K CEN\u011a ZA POSKYTNUT\u00c9 SLU\u017dBY<\/strong><\/p>\n\n\n\n<p>Vzhledem k charakteru l\u00e9\u010den\u00e9ho p\u016fsoben\u00ed nen\u00ed Martin\u011b ze shora dovoleno n\u00e1rokovat si za svou slu\u017ebu odm\u011bnu. M\u016f\u017ee v\u0161ak p\u0159ij\u00edmat dary, kter\u00e9 ji budou d\u00e1ny.<\/p>\n\n\n\n<p>Ka\u017ed\u00e9ho Va\u0161eho p\u0159\u00edsp\u011bvku si velmi v\u00e1\u017e\u00ed a d\u011bkuje za n\u011bj.<\/p>\n","protected":false},"excerpt":{"rendered":"<p>Sou\u010d\u00e1st\u00ed m\u00e9ho posl\u00e1n\u00ed je nejen l\u00e9\u010den\u00ed, ale tak\u00e9 prov\u00e1zen\u00ed t\u011bch, kte\u0159\u00ed ji\u017e jsou v z\u00e1v\u011bru sv\u00e9ho \u017eivota a chystaj\u00ed se na p\u0159echod do jin\u00e9 dimenze byt\u00ed. Pokud se Vy sami nebo Va\u0161i bl\u00edzc\u00ed nach\u00e1z\u00edte pr\u00e1v\u011b v t\u00e9to situaci, pros\u00edm p\u0159e\u010dt\u011bte si t\u011bchto n\u011bkolik d\u016fle\u017eit\u00fdch informac\u00ed: M\u00fdm c\u00edlem je zbavit um\u00edraj\u00edc\u00edho \u00fazkosti, strachu i nejistoty a [&hellip;]<\/p>\n","protected":false},"author":1,"featured_media":0,"parent":0,"menu_order":0,"comment_status":"closed","ping_status":"closed","template":"","meta":{"_mc_calendar":[],"footnotes":""},"class_list":["post-6467","page","type-page","status-publish","hentry"],"_links":{"self":[{"href":"https:\/\/astragal.cz\/index.php\/wp-json\/wp\/v2\/pages\/6467","targetHints":{"allow":["GET"]}}],"collection":[{"href":"https:\/\/astragal.cz\/index.php\/wp-json\/wp\/v2\/pages"}],"about":[{"href":"https:\/\/astragal.cz\/index.php\/wp-json\/wp\/v2\/types\/page"}],"author":[{"embeddable":true,"href":"https:\/\/astragal.cz\/index.php\/wp-json\/wp\/v2\/users\/1"}],"replies":[{"embeddable":true,"href":"https:\/\/astragal.cz\/index.php\/wp-json\/wp\/v2\/comments?post=6467"}],"version-history":[{"count":32,"href":"https:\/\/astragal.cz\/index.php\/wp-json\/wp\/v2\/pages\/6467\/revisions"}],"predecessor-version":[{"id":10942,"href":"https:\/\/astragal.cz\/index.php\/wp-json\/wp\/v2\/pages\/6467\/revisions\/10942"}],"wp:attachment":[{"href":"https:\/\/astragal.cz\/index.php\/wp-json\/wp\/v2\/media?parent=6467"}],"curies":[{"name":"wp","href":"https:\/\/api.w.org\/{rel}","templated":true}]}}