{"id":6523,"date":"2022-06-27T19:34:12","date_gmt":"2022-06-27T18:34:12","guid":{"rendered":"https:\/\/astragal.cz\/?page_id=6523"},"modified":"2022-10-12T11:30:11","modified_gmt":"2022-10-12T10:30:11","slug":"harmonizace-energii-a-emocniho-stavu-jedince","status":"publish","type":"page","link":"https:\/\/astragal.cz\/index.php\/harmonizace-energii-a-emocniho-stavu-jedince\/","title":{"rendered":"Harmonizace energi\u00ed a emo\u010dn\u00edho stavu jedince"},"content":{"rendered":"\n<p>Mo\u017enost harmonizace energi\u00ed je jedn\u00edm z velik\u00fdch dar\u016f, kter\u00fdmi je mo\u017en\u00e9 z\u00edskat zp\u011bt ztracenou rovnov\u00e1hu a vnit\u0159n\u00ed klid.<\/p>\n\n\n\n<p class=\"has-blue-color has-text-color\"><strong>Vyu\u017e\u00edt tento z\u00e1sah m\u016f\u017eete v situac\u00edch, kdy:<\/strong><\/p>\n\n\n\n<ul class=\"wp-block-list\"><li>jste Vy, V\u00e1\u0161 bl\u00edzk\u00fd nebo Va\u0161e d\u00edt\u011b rozhozen\u00ed, c\u00edt\u00edte se napru\u017een\u00ed, vzdorovit\u00ed, dlouhodob\u011b sklesl\u00ed nebo smutn\u00ed bez zjevn\u00e9ho d\u016fvodu \u010di p\u0159\u00ed\u010diny,<\/li><li>zn\u00e1te p\u0159\u00ed\u010dinu disharmonie, ale nejste schopni ji sami napravit,<\/li><li>\u010dek\u00e1 V\u00e1s n\u00e1ro\u010dn\u00e1 situace a Vy se na ni chcete energeticky p\u0159ipravit<\/li><li>poopera\u010dn\u00ed trauma,<\/li><li>stala se V\u00e1m nebo Va\u0161emu d\u00edt\u011bti \u010di bl\u00edzk\u00e9mu dramatick\u00e1 nebo tragick\u00e1 ud\u00e1lost (\u0161ikana, \u00famrt\u00ed bl\u00edzk\u00e9 osoby, hav\u00e1rie, zn\u00e1siln\u011bn\u00ed&#8230;) a chcete pomoci p\u0159i n\u00e1vratu do stabiln\u00edho, vyrovnan\u00e9ho stavu.<\/li><\/ul>\n\n\n\n<p>Z\u00e1sah je veden citliv\u011b s ohledem na aktu\u00e1ln\u00ed stav a v\u0161e pro\u017eit\u00e9. Efekt \u00falevy je v\u011bt\u0161inou okam\u017eit\u00fd nebo nastupuje ve velmi kr\u00e1tk\u00e9 dob\u011b. Z\u00e1sah se d\u00e1 podle pot\u0159eby a stavu klienta v\u00edcekr\u00e1t opakovat.<\/p>\n\n\n\n<p>V r\u00e1mci tohoto z\u00e1sahu je dobr\u00e9 tak\u00e9 zkontrolovat v\u00e1\u0161 astr\u00e1ln\u00ed obraz. V\u00edce k tomuto t\u00e9matu naleznete v tomto odkazu:<\/p>\n\n\n\n<figure class=\"wp-block-embed is-type-wp-embed is-provider-astragal wp-block-embed-astragal\"><div class=\"wp-block-embed__wrapper\">\n<blockquote class=\"wp-embedded-content\" data-secret=\"bmTsvYHE1M\"><a href=\"https:\/\/astragal.cz\/index.php\/diagnosticka-kresba-zdravotniho-stavu-a-astralniho-obrazu\/\">Diagnostick\u00e1 kresba zdravotn\u00edho stavu a astr\u00e1ln\u00edho obrazu<\/a><\/blockquote><iframe loading=\"lazy\" class=\"wp-embedded-content\" sandbox=\"allow-scripts\" security=\"restricted\" style=\"position: absolute; clip: rect(1px, 1px, 1px, 1px);\" title=\"&#8222;Diagnostick\u00e1 kresba zdravotn\u00edho stavu a astr\u00e1ln\u00edho obrazu&#8220; &#8212; ASTRAGAL\" src=\"https:\/\/astragal.cz\/index.php\/diagnosticka-kresba-zdravotniho-stavu-a-astralniho-obrazu\/embed\/#?secret=4Y7Yq7aFXn#?secret=bmTsvYHE1M\" data-secret=\"bmTsvYHE1M\" width=\"600\" height=\"338\" frameborder=\"0\" marginwidth=\"0\" marginheight=\"0\" scrolling=\"no\"><\/iframe>\n<\/div><\/figure>\n\n\n\n<figure class=\"wp-block-embed is-type-wp-embed is-provider-astragal wp-block-embed-astragal\"><div class=\"wp-block-embed__wrapper\">\n<blockquote class=\"wp-embedded-content\" data-secret=\"iY7w4YrGjl\"><a href=\"https:\/\/astragal.cz\/index.php\/auricke-pole-cloveka-a-rizika-jeho-naruseni\/\">Aurick\u00e9 pole \u010dlov\u011bka a rizika jeho naru\u0161en\u00ed<\/a><\/blockquote><iframe loading=\"lazy\" class=\"wp-embedded-content\" sandbox=\"allow-scripts\" security=\"restricted\" style=\"position: absolute; clip: rect(1px, 1px, 1px, 1px);\" title=\"&#8222;Aurick\u00e9 pole \u010dlov\u011bka a rizika jeho naru\u0161en\u00ed&#8220; &#8212; ASTRAGAL\" src=\"https:\/\/astragal.cz\/index.php\/auricke-pole-cloveka-a-rizika-jeho-naruseni\/embed\/#?secret=X5wlXnEp2i#?secret=iY7w4YrGjl\" data-secret=\"iY7w4YrGjl\" width=\"600\" height=\"338\" frameborder=\"0\" marginwidth=\"0\" marginheight=\"0\" scrolling=\"no\"><\/iframe>\n<\/div><\/figure>\n\n\n\n<p class=\"has-blue-color has-text-color\"><strong>P\u016fsoben\u00ed je mo\u017eno prov\u00e9st formou:<\/strong><\/p>\n\n\n\n<p class=\"has-blue-color has-text-color\"><strong>OSOBN\u00cd SEZEN\u00cd<\/strong><\/p>\n\n\n\n<p>Standardn\u00ed \u00fakon se skl\u00e1d\u00e1 z diagnostick\u00e9 kresby, n\u00e1sledn\u00e9ho rozboru zji\u0161t\u011bn\u00e9ho stavu a energetick\u00e9ho z\u00e1sahu, kter\u00fd (tam, kde je to mo\u017en\u00e9) vy\u010dist\u00ed zji\u0161t\u011bn\u00e9 bloky a vylad\u00ed v\u0161echny rozh\u00e1zen\u00e9 energie.<\/p>\n\n\n\n<p><strong>Je t\u0159eba upozornit, \u017ee se z\u00e1sah nemus\u00ed poda\u0159it napoprv\u00e9 a je mo\u017en\u00e9, \u017ee bude muset b\u00fdt z n\u011bjak\u00e9ho d\u016fvodu opakov\u00e1n.<\/strong>&nbsp;Tato skute\u010dnost je p\u0159irozenou sou\u010d\u00e1st\u00ed harmonizace energi\u00ed, nebo\u0165 ne v\u017edy je mo\u017en\u00e9 vyladit v\u0161e na poprv\u00e9 a n\u011bkter\u00e9 stavy si \u017e\u00e1daj\u00ed del\u0161\u00ed reak\u010dn\u00ed \u010das. V\u0161e se stane tak, jak to bude pro v\u00e1s v dan\u00fd \u010das nejlep\u0161\u00ed.<\/p>\n\n\n\n<p><strong>Sezen\u00ed trv\u00e1&nbsp;<\/strong>30 minut.<\/p>\n\n\n\n<p><strong>\u010cekac\u00ed doba<\/strong>&nbsp;na konzultaci se pohybuje okolo 3 m\u011bs\u00edc\u016f.<\/p>\n\n\n\n<p class=\"has-blue-color has-text-color\"><strong>Z\u00c1SAH NA D\u00c1LKU<\/strong><\/p>\n\n\n\n<p><strong>Energetick\u00e9 p\u016fsoben\u00ed je mo\u017en\u00e9 prov\u00e1d\u011bt i na d\u00e1lku. Z hlediska p\u0159enosu i efektu p\u0159ijmu energi\u00ed je v\u00fdsledek naprosto stejn\u00fd jako u osobn\u00edho sezen\u00ed.<\/strong><\/p>\n\n\n\n<p>Energii nez\u00e1le\u017e\u00ed na tom, zda stoj\u00edte 2 metry od zdroje jej\u00edho p\u016fsoben\u00ed nebo se nach\u00e1z\u00edte 1000 km daleko. Energie nezn\u00e1 hmotn\u00e9 p\u0159ek\u00e1\u017eky zd\u00ed, prostoru ani \u010dasu (jeliko\u017e \u010das, jak jej zn\u00e1me, v podstat\u011b neexistuje a v\u0161e se odehr\u00e1v\u00e1 ve stejn\u00fd okam\u017eik = minulost, p\u0159\u00edtomnost i budoucnost. Proto je mo\u017en\u00e9 m\u011bnit zane\u0161en\u00e9 \u010di zablokovan\u00e9 energie z dob d\u00e1vno minul\u00fdch). V\u0161emi t\u011bmito p\u0159ek\u00e1\u017ekami dok\u00e1\u017ee energie hladce proch\u00e1zet p\u0159\u00edmo k sv\u00e9mu c\u00edli a pot\u00e9 na n\u011bj p\u016fsobit tak, jak je to pro dan\u00e9ho \u010dlov\u011bka nejlep\u0161\u00ed.<\/p>\n\n\n\n<p class=\"has-blue-color has-text-color\"><strong>Telefonick\u00fd z\u00e1sah trv\u00e1:<\/strong><\/p>\n\n\n\n<ul class=\"wp-block-list\"><li><strong>Standardn\u00ed z\u00e1sah trv\u00e1<\/strong>&nbsp;15 minut.<\/li><\/ul>\n\n\n\n<p><strong>\u010cekac\u00ed doba<\/strong>&nbsp;na konzultaci se pohybuje okolo 2 m\u011bs\u00edc\u016f.&nbsp;<strong>Je mo\u017en\u00e9 vyu\u017e\u00edt aplikaci Viber, kde vol\u00e1te zdarma.<\/strong><\/p>\n\n\n\n<ul class=\"wp-block-list\"><li><strong>Akutn\u00ed z\u00e1sah<\/strong>&nbsp;(je vhodn\u00fd v situaci, kdy nutn\u011b pot\u0159ebujete zpracovat stav, kter\u00e1 v\u00e1s ni\u010d\u00ed).<\/li><\/ul>\n\n\n\n<p>Z\u00e1sah prob\u00edh\u00e1 bez telefonick\u00e9ho spojen\u00ed a trv\u00e1 15 minut.&nbsp;<strong>\u010cekac\u00ed doba<\/strong>&nbsp;se pohybuje okolo 1 m\u011bs\u00edce.&nbsp;<strong>Tato nab\u00eddka se t\u00fdk\u00e1 se pouze klient\u016f, kter\u00e9 m\u00e1me ji\u017e v p\u00e9\u010di.&nbsp;<\/strong><\/p>\n\n\n\n<p class=\"has-blue-color has-text-color\"><strong>INFORMACE K CEN\u011a ZA POSKYTNUT\u00c9 SLU\u017dBY<\/strong><\/p>\n\n\n\n<p class=\"has-blue-color has-text-color\">Schopnost l\u00e9\u010den\u00ed a&nbsp;pr\u00e1ce s energiemi byla&nbsp;Martin\u011b d\u00e1na ze shora a proto j\u00ed nen\u00ed dovoleno \u017e\u00e1dat za svoji slu\u017ebu p\u0159esnou odm\u011bnu. Za svoji pr\u00e1ci v\u0161ak m\u016f\u017ee Martina p\u0159ij\u00edmat odm\u011bny ve form\u011b p\u0159\u00edsp\u011bvku \u2013 tedy je na V\u00e1s, jakou odm\u011bnu za\u0161lete.<\/p>\n\n\n\n<p>U telefonick\u00fdch konzultac\u00ed a z\u00e1sah\u016f m\u016f\u017eete odm\u011bnu zaslat na \u00fa\u010det, kter\u00fd obdr\u017e\u00edte po potvrzen\u00ed va\u0161eho term\u00ednu v informa\u010dn\u00edm emailu. V p\u0159\u00edpad\u011b osobn\u00edho setk\u00e1n\u00ed odm\u011bnu pro Martinu m\u016f\u017eete zanechat po ukon\u010den\u00ed sezen\u00ed na m\u00edst\u011b k tomu ur\u010den\u00e9m.<\/p>\n\n\n\n<p class=\"has-blue-color has-text-color\"><strong>D\u016eLE\u017dIT\u00c9 UPOZORN\u011aN\u00cd:<\/strong><\/p>\n\n\n\n<p class=\"has-blue-color has-text-color\">Vzhledem k tomu, \u017ee letit\u00e1 praxe uk\u00e1zala jako nutn\u00e9, stanovit si jasn\u00e9 podm\u00ednky pro objedn\u00e1n\u00ed, velmi v\u00e1s pros\u00edm, p\u0159e\u010dt\u011bte si pozorn\u011b n\u011bkolik n\u00e1sleduj\u00edc\u00edch pravidel. M\u016f\u017eeme tak snadno p\u0159edej\u00edt r\u016fzn\u00fdm nedorozum\u011bn\u00edm a nep\u0159\u00edjemnostem. D\u011bkujeme.<\/p>\n\n\n\n<ol class=\"wp-block-list\"><li>U emailov\u00fdch objedn\u00e1vek plat\u00ed, \u017ee pokud navr\u017een\u00fd term\u00edn nepotvrd\u00edte do 3 pracovn\u00edch dn\u016f, bude muset b\u00fdt (vzhledem k dal\u0161\u00edm \u010dekaj\u00edc\u00edm z\u00e1jemc\u016fm) nab\u00eddnut n\u011bkomu jin\u00e9mu.<\/li><li>Term\u00edn bude z na\u0161\u00ed strany definitivn\u011b potvrzen pouze, pokud za\u0161lete v\u00e1\u0161 kontaktn\u00ed telefon, abychom v\u00e1s mohli v p\u0159\u00edpad\u011b indispozice Martiny informovat \u2013 v p\u0159\u00edpad\u011b, \u017ee rezervujete term\u00edn pro jinou osobu, je nutn\u00e9 zaslat jej\u00ed kontaktn\u00ed telefon a jm\u00e9no.<\/li><li>Pokud za v\u00e1s na sezen\u00ed p\u0159ijde n\u011bkdo jin\u00fd, je pot\u0159eba to dop\u0159edu nahl\u00e1sit, spolu s kontaktn\u00edm telefonem na doty\u010dnou osobu, viz. bod 2. D\u011bkujeme.<\/li><li>Jestli\u017ee budete objedn\u00e1vat sebe a chcete k n\u00e1m autem vz\u00edt nav\u00edc je\u0161t\u011b jin\u00e9ho \u010dlena Va\u0161\u00ed rodiny nebo kamar\u00e1da\/partnera, kter\u00fd m\u00e1 n\u011bjak\u00fd akutn\u00ed probl\u00e9m, je pot\u0159eba ho v\u017edy dop\u0159edu spolu s V\u00e1mi objednat.<\/li><li>Kdy\u017e budete muset n\u00e1sledn\u011b vybran\u00fd term\u00edn zru\u0161it, kontaktujte n\u00e1s pros\u00edm POUZE na mobil (na emailu jsme nepravideln\u011b) nejl\u00e9pe formou SMS: +420 603 784 154.<\/li><li>P\u0159i opakovan\u00e9 nekomunikaci z va\u0161\u00ed strany budeme muset, i kdy\u017e neradi, poskytov\u00e1n\u00ed slu\u017eby ukon\u010dit.<\/li><li>V p\u0159\u00edpad\u011b telefonick\u00fdch z\u00e1sah\u016f odm\u011bnu m\u016f\u017eete zaslat po poskytnut\u00ed slu\u017eby na \u00fa\u010det, kter\u00fd v\u00e1m je emailem p\u0159i potvrzen\u00ed term\u00ednu konzultace zasl\u00e1n.<\/li><\/ol>\n\n\n\n<p class=\"has-blue-color has-text-color\">Mus\u00edme v\u00e1s upozornit, \u017ee pokud by doch\u00e1zelo z va\u0161\u00ed strany k opakovan\u00e9mu poru\u0161en\u00ed n\u011bkter\u00e9 z na\u0161ich v\u00fd\u0161e uveden\u00fdch podm\u00ednek, museli bychom bohu\u017eel poskytovan\u00ed slu\u017eby ukon\u010dit.<\/p>\n\n\n\n<p><strong>V p\u0159\u00edpad\u011b zdr\u017een\u00ed za\u010d\u00e1tku sezen\u00ed ze strany Martiny&nbsp;<\/strong>plat\u00ed: jeliko\u017e se jedn\u00e1 o pravideln\u00e1 sezen\u00ed, prob\u011bhne va\u0161e l\u00e9\u010den\u00ed v tomto p\u0159\u00edpad\u011b, bez telefonick\u00e9ho spojen\u00ed.<\/p>\n\n\n\n<p><strong>Jestli\u017ee dojde ke zru\u0161en\u00ed va\u0161eho term\u00ednu z d\u016fvodu nemoci Martiny&nbsp;<\/strong>plat\u00ed, \u017ee term\u00edn l\u00e9\u010den\u00ed se bohu\u017eel v tomto p\u0159\u00edpad\u011b ru\u0161\u00ed bez mo\u017enosti jeho n\u00e1hrady a pokra\u010duje se pot\u00e9 nejbli\u017e\u0161\u00edm dal\u0161\u00edm term\u00ednem.&nbsp;U jednor\u00e1zov\u00fdch energi\u00ed se v\u00e1\u0161 term\u00edn zru\u0161\u00ed a hned jak to bude mo\u017en\u00e9, bude v\u00e1m nab\u00eddnut co nejbli\u017e\u0161\u00ed jin\u00fd.<\/p>\n\n\n\n<p><strong>V p\u0159\u00edpad\u011b, \u017ee dojde ke zru\u0161en\u00ed term\u00ednu Martinou z jin\u00e9ho d\u016fvodu (nap\u0159. rodinn\u00e9ho)&nbsp;<\/strong>se v\u00e1m budeme maxim\u00e1ln\u011b sna\u017eit vyj\u00edt vst\u0159\u00edc a nab\u00eddnout v\u00e1m co nejbli\u017e\u0161\u00ed jin\u00fd term\u00edn.<\/p>\n\n\n\n<p>Pros\u00edme o respektov\u00e1n\u00ed vyhrazen\u00e9ho \u010dasu va\u0161eho sezen\u00ed.<\/p>\n\n\n\n<p>Velmi si v\u00e1\u017e\u00edme \u010dasu, kter\u00fd jste v\u011bnovali p\u0159e\u010dten\u00ed t\u011bchto pravidel, d\u011bkujeme a budeme se t\u011b\u0161it na setk\u00e1n\u00ed s v\u00e1mi.<\/p>\n\n\n\n<p>Martina a t\u00fdm ASTRAGAL<\/p>\n","protected":false},"excerpt":{"rendered":"<p>Mo\u017enost harmonizace energi\u00ed je jedn\u00edm z velik\u00fdch dar\u016f, kter\u00fdmi je mo\u017en\u00e9 z\u00edskat zp\u011bt ztracenou rovnov\u00e1hu a vnit\u0159n\u00ed klid. Vyu\u017e\u00edt tento z\u00e1sah m\u016f\u017eete v situac\u00edch, kdy: jste Vy, V\u00e1\u0161 bl\u00edzk\u00fd nebo Va\u0161e d\u00edt\u011b rozhozen\u00ed, c\u00edt\u00edte se napru\u017een\u00ed, vzdorovit\u00ed, dlouhodob\u011b sklesl\u00ed nebo smutn\u00ed bez zjevn\u00e9ho d\u016fvodu \u010di p\u0159\u00ed\u010diny, zn\u00e1te p\u0159\u00ed\u010dinu disharmonie, ale nejste schopni ji sami napravit, [&hellip;]<\/p>\n","protected":false},"author":1,"featured_media":0,"parent":0,"menu_order":0,"comment_status":"closed","ping_status":"closed","template":"","meta":{"_mc_calendar":[],"footnotes":""},"class_list":["post-6523","page","type-page","status-publish","hentry"],"_links":{"self":[{"href":"https:\/\/astragal.cz\/index.php\/wp-json\/wp\/v2\/pages\/6523","targetHints":{"allow":["GET"]}}],"collection":[{"href":"https:\/\/astragal.cz\/index.php\/wp-json\/wp\/v2\/pages"}],"about":[{"href":"https:\/\/astragal.cz\/index.php\/wp-json\/wp\/v2\/types\/page"}],"author":[{"embeddable":true,"href":"https:\/\/astragal.cz\/index.php\/wp-json\/wp\/v2\/users\/1"}],"replies":[{"embeddable":true,"href":"https:\/\/astragal.cz\/index.php\/wp-json\/wp\/v2\/comments?post=6523"}],"version-history":[{"count":12,"href":"https:\/\/astragal.cz\/index.php\/wp-json\/wp\/v2\/pages\/6523\/revisions"}],"predecessor-version":[{"id":7201,"href":"https:\/\/astragal.cz\/index.php\/wp-json\/wp\/v2\/pages\/6523\/revisions\/7201"}],"wp:attachment":[{"href":"https:\/\/astragal.cz\/index.php\/wp-json\/wp\/v2\/media?parent=6523"}],"curies":[{"name":"wp","href":"https:\/\/api.w.org\/{rel}","templated":true}]}}