{"id":6597,"date":"2022-09-09T08:42:05","date_gmt":"2022-09-09T07:42:05","guid":{"rendered":"https:\/\/astragal.cz\/?page_id=6597"},"modified":"2025-09-07T09:09:53","modified_gmt":"2025-09-07T08:09:53","slug":"rozhovory-s-m","status":"publish","type":"page","link":"https:\/\/astragal.cz\/index.php\/rozhovory-s-m\/","title":{"rendered":"Rozhovory s M."},"content":{"rendered":"\n<p class=\"has-blue-color has-text-color\"><\/p>\n\n\n\n<p class=\"has-text-align-center has-blue-color has-text-color\"><strong>Existuj\u00ed je\u0161t\u011b skute\u010dn\u00ed l\u00e9\u010ditel\u00e9 a pot\u0159ebujeme je v\u016fbec<\/strong><\/p>\n\n\n<div class=\"wp-block-image\">\n<figure class=\"alignleft size-full is-resized\"><img loading=\"lazy\" decoding=\"async\" src=\"https:\/\/astragal.cz\/wp-content\/uploads\/2024\/10\/galaxy-huge-1.jpg\" alt=\"\" class=\"wp-image-10076\" width=\"659\" height=\"336\" srcset=\"https:\/\/astragal.cz\/wp-content\/uploads\/2024\/10\/galaxy-huge-1.jpg 416w, https:\/\/astragal.cz\/wp-content\/uploads\/2024\/10\/galaxy-huge-1-300x153.jpg 300w\" sizes=\"auto, (max-width: 659px) 100vw, 659px\" \/><\/figure><\/div>\n\n\n<p class=\"has-text-align-center has-blue-color has-text-color has-small-font-size\">rosicrucianum.org<\/p>\n\n\n\n<p class=\"has-blue-color has-text-color\"><strong>NAHR\u00c1VKA:<\/strong> <\/p>\n\n\n\n<figure class=\"wp-block-audio\"><audio controls src=\"https:\/\/astragal.cz\/wp-content\/uploads\/2024\/10\/Rozhovor-lecitele.mp3\"><\/audio><\/figure>\n\n\n\n<hr noshade=\"\" color=\"black\" align=\"center\">\n\n\n\n<p class=\"has-text-align-center has-blue-color has-text-color\"><strong>Kdy\u017e se v\u0161echno v na\u0161em \u017eivot\u011b hrout\u00ed jako dome\u010dek z karet<\/strong><\/p>\n\n\n\n<figure class=\"wp-block-image size-large\"><img loading=\"lazy\" decoding=\"async\" width=\"1024\" height=\"365\" src=\"https:\/\/astragal.cz\/wp-content\/uploads\/2022\/09\/citaty-o-zklamani-10-myslenek-ktere-ti-pomohou-prekonat-tezke-obdobi_f49d07cdcc43d506c8f9-1024x365.webp\" alt=\"\" class=\"wp-image-6924\" srcset=\"https:\/\/astragal.cz\/wp-content\/uploads\/2022\/09\/citaty-o-zklamani-10-myslenek-ktere-ti-pomohou-prekonat-tezke-obdobi_f49d07cdcc43d506c8f9-1024x365.webp 1024w, https:\/\/astragal.cz\/wp-content\/uploads\/2022\/09\/citaty-o-zklamani-10-myslenek-ktere-ti-pomohou-prekonat-tezke-obdobi_f49d07cdcc43d506c8f9-300x107.webp 300w, https:\/\/astragal.cz\/wp-content\/uploads\/2022\/09\/citaty-o-zklamani-10-myslenek-ktere-ti-pomohou-prekonat-tezke-obdobi_f49d07cdcc43d506c8f9-768x274.webp 768w, https:\/\/astragal.cz\/wp-content\/uploads\/2022\/09\/citaty-o-zklamani-10-myslenek-ktere-ti-pomohou-prekonat-tezke-obdobi_f49d07cdcc43d506c8f9.webp 1440w\" sizes=\"auto, (max-width: 1024px) 100vw, 1024px\" \/><\/figure>\n\n\n\n<p class=\"has-text-align-center has-blue-color has-text-color has-small-font-size\"><a href=\"https:\/\/refresher.cz\/118377-Citaty-o-zklamani-10-myslenek-ktere-ti-pomohou-prekonat-tezke-obdobi\">https:\/\/refresher.cz\/118377-Citaty-o-zklamani-10-myslenek-ktere-ti-pomohou-prekonat-tezke-obdobi<\/a><\/p>\n\n\n\n<p class=\"has-blue-color has-text-color\"><strong>NAHR\u00c1VKA:<\/strong> <\/p>\n\n\n\n<figure class=\"wp-block-audio\"><audio controls src=\"https:\/\/astragal.cz\/wp-content\/uploads\/2022\/09\/Rozhovor1.mp3\"><\/audio><\/figure>\n","protected":false},"excerpt":{"rendered":"<p>Existuj\u00ed je\u0161t\u011b skute\u010dn\u00ed l\u00e9\u010ditel\u00e9 a pot\u0159ebujeme je v\u016fbec rosicrucianum.org NAHR\u00c1VKA: Kdy\u017e se v\u0161echno v na\u0161em \u017eivot\u011b hrout\u00ed jako dome\u010dek z karet https:\/\/refresher.cz\/118377-Citaty-o-zklamani-10-myslenek-ktere-ti-pomohou-prekonat-tezke-obdobi NAHR\u00c1VKA:<\/p>\n","protected":false},"author":1,"featured_media":0,"parent":0,"menu_order":0,"comment_status":"closed","ping_status":"closed","template":"","meta":{"_mc_calendar":[],"footnotes":""},"class_list":["post-6597","page","type-page","status-publish","hentry"],"_links":{"self":[{"href":"https:\/\/astragal.cz\/index.php\/wp-json\/wp\/v2\/pages\/6597","targetHints":{"allow":["GET"]}}],"collection":[{"href":"https:\/\/astragal.cz\/index.php\/wp-json\/wp\/v2\/pages"}],"about":[{"href":"https:\/\/astragal.cz\/index.php\/wp-json\/wp\/v2\/types\/page"}],"author":[{"embeddable":true,"href":"https:\/\/astragal.cz\/index.php\/wp-json\/wp\/v2\/users\/1"}],"replies":[{"embeddable":true,"href":"https:\/\/astragal.cz\/index.php\/wp-json\/wp\/v2\/comments?post=6597"}],"version-history":[{"count":44,"href":"https:\/\/astragal.cz\/index.php\/wp-json\/wp\/v2\/pages\/6597\/revisions"}],"predecessor-version":[{"id":10814,"href":"https:\/\/astragal.cz\/index.php\/wp-json\/wp\/v2\/pages\/6597\/revisions\/10814"}],"wp:attachment":[{"href":"https:\/\/astragal.cz\/index.php\/wp-json\/wp\/v2\/media?parent=6597"}],"curies":[{"name":"wp","href":"https:\/\/api.w.org\/{rel}","templated":true}]}}