{"id":6671,"date":"2022-09-09T10:21:33","date_gmt":"2022-09-09T09:21:33","guid":{"rendered":"https:\/\/astragal.cz\/?page_id=6671"},"modified":"2022-10-19T13:29:42","modified_gmt":"2022-10-19T12:29:42","slug":"o-nazvu-astragal-2","status":"publish","type":"page","link":"https:\/\/astragal.cz\/index.php\/o-nazvu-astragal-2\/","title":{"rendered":"O n\u00e1zvu ASTRAGAL"},"content":{"rendered":"\n<p>Str\u00e1nky ASTRAGAL, spolu s mis\u00ed na pomoc druh\u00fdm, byly poprv\u00e9 zve\u0159ejn\u011bny v roce 2009.<\/p>\n\n\n\n<p>Podstata pojmu Astragal je velmi zvl\u00e1\u0161tn\u00ed, nebo\u0165 vych\u00e1z\u00ed z architektury a v z\u00e1kladu p\u0159edstavuje sou\u010d\u00e1st sloupu (sloup p\u0159edstavuje boha &#8211; bo\u017esk\u00fd zdroj a prvek Astragal, na n\u011bm, jeho ned\u00edlnou sou\u010d\u00e1st). V\u00edce o jeho v\u00fdznamu m\u016f\u017eete nal\u00e9zt zde:<\/p>\n\n\n\n<p><a href=\"https:\/\/en.wikipedia.org\/wiki\/Astragal\">https:\/\/en.wikipedia.org\/wiki\/Astragal<\/a>.<\/p>\n\n\n\n<p>Tento n\u00e1zev n\u00e1hle vyvstal v m\u00e9 mysli, ani\u017e bych ho kdykoli p\u0159edt\u00edm n\u011bkde vid\u011bla nebo jej znala. Dlouze jsem se pot\u00e9 sna\u017eila naj\u00edt skute\u010dn\u00fd v\u00fdznam tohoto slova a byla jsem velmi mile p\u0159ekvapena, jak dokonale z\u00e1klad vybran\u00e9ho pojmu koresponduje s \u010dinnost\u00ed, kter\u00e9 se v\u011bnuji.<\/p>\n\n\n\n<p>P\u0159ijala jsem jej jako symbol pil\u00ed\u0159e, d\u00edky n\u011bmu\u017e podp\u00edr\u00e1m ty, kte\u0159\u00ed upadaj\u00ed. Jako znak zpev\u0148uj\u00edc\u00edho prvku, zaji\u0161\u0165uj\u00edc\u00edho dobrou stabilitu sloupu. Jako oblouk (most), kter\u00fd umo\u017e\u0148uje lidem neutopit se, ale bezpe\u010dn\u011b p\u0159ej\u00edt na druh\u00fd b\u0159eh.<\/p>\n\n\n\n<p>Proto ASTRAGAL.<\/p>\n","protected":false},"excerpt":{"rendered":"<p>Str\u00e1nky ASTRAGAL, spolu s mis\u00ed na pomoc druh\u00fdm, byly poprv\u00e9 zve\u0159ejn\u011bny v roce 2009. Podstata pojmu Astragal je velmi zvl\u00e1\u0161tn\u00ed, nebo\u0165 vych\u00e1z\u00ed z architektury a v z\u00e1kladu p\u0159edstavuje sou\u010d\u00e1st sloupu (sloup p\u0159edstavuje boha &#8211; bo\u017esk\u00fd zdroj a prvek Astragal, na n\u011bm, jeho ned\u00edlnou sou\u010d\u00e1st). V\u00edce o jeho v\u00fdznamu m\u016f\u017eete nal\u00e9zt zde: https:\/\/en.wikipedia.org\/wiki\/Astragal. Tento n\u00e1zev n\u00e1hle [&hellip;]<\/p>\n","protected":false},"author":1,"featured_media":0,"parent":0,"menu_order":0,"comment_status":"closed","ping_status":"closed","template":"","meta":{"_mc_calendar":[],"footnotes":""},"class_list":["post-6671","page","type-page","status-publish","hentry"],"_links":{"self":[{"href":"https:\/\/astragal.cz\/index.php\/wp-json\/wp\/v2\/pages\/6671","targetHints":{"allow":["GET"]}}],"collection":[{"href":"https:\/\/astragal.cz\/index.php\/wp-json\/wp\/v2\/pages"}],"about":[{"href":"https:\/\/astragal.cz\/index.php\/wp-json\/wp\/v2\/types\/page"}],"author":[{"embeddable":true,"href":"https:\/\/astragal.cz\/index.php\/wp-json\/wp\/v2\/users\/1"}],"replies":[{"embeddable":true,"href":"https:\/\/astragal.cz\/index.php\/wp-json\/wp\/v2\/comments?post=6671"}],"version-history":[{"count":6,"href":"https:\/\/astragal.cz\/index.php\/wp-json\/wp\/v2\/pages\/6671\/revisions"}],"predecessor-version":[{"id":7388,"href":"https:\/\/astragal.cz\/index.php\/wp-json\/wp\/v2\/pages\/6671\/revisions\/7388"}],"wp:attachment":[{"href":"https:\/\/astragal.cz\/index.php\/wp-json\/wp\/v2\/media?parent=6671"}],"curies":[{"name":"wp","href":"https:\/\/api.w.org\/{rel}","templated":true}]}}