{"id":687,"date":"2020-05-09T16:13:43","date_gmt":"2020-05-09T15:13:43","guid":{"rendered":"http:\/\/astragal.cz\/?page_id=687"},"modified":"2026-04-22T08:48:33","modified_gmt":"2026-04-22T07:48:33","slug":"aktualne","status":"publish","type":"page","link":"https:\/\/astragal.cz\/index.php\/aktualne\/","title":{"rendered":"Aktu\u00e1ln\u011b"},"content":{"rendered":"\n<figure class=\"wp-block-image size-large\"><img loading=\"lazy\" decoding=\"async\" width=\"1024\" height=\"344\" src=\"https:\/\/astragal.cz\/wp-content\/uploads\/2026\/01\/ai-generated-9439858_1280-1024x344.jpg\" alt=\"\" class=\"wp-image-11426\" srcset=\"https:\/\/astragal.cz\/wp-content\/uploads\/2026\/01\/ai-generated-9439858_1280-1024x344.jpg 1024w, https:\/\/astragal.cz\/wp-content\/uploads\/2026\/01\/ai-generated-9439858_1280-300x101.jpg 300w, https:\/\/astragal.cz\/wp-content\/uploads\/2026\/01\/ai-generated-9439858_1280-768x258.jpg 768w, https:\/\/astragal.cz\/wp-content\/uploads\/2026\/01\/ai-generated-9439858_1280.jpg 1280w\" sizes=\"auto, (max-width: 1024px) 100vw, 1024px\" \/><\/figure>\n\n\n\n<hr noshade=\"\" color=\"black\" align=\"center\">\n\n\n\n<p class=\"has-text-align-center has-blue-color has-text-color has-link-color has-medium-font-size wp-elements-549e0a6a3668dfefc96040694220b4e0\"><strong>NOVINKA:<\/strong><\/p>\n\n\n\n<p class=\"has-text-align-center has-blue-color has-text-color has-link-color has-medium-font-size wp-elements-6f439df8c9dad9742005f2ec42ae2324\"><strong>16. 4. prob\u011bhl <\/strong><\/p>\n\n\n\n<p class=\"has-text-align-center has-blue-color has-text-color has-link-color has-medium-font-size wp-elements-8209f3509ed149a9e1ff913c8c48c925\"><strong>UNIK\u00c1TN\u00cd L\u00c9\u010cITELSK\u00dd STREAM <\/strong><\/p>\n\n\n\n<p class=\"has-text-color has-link-color wp-elements-aa84c71e4d232503a017715244d50b77\" style=\"color:#080808f7\">Jeho z\u00e1znam naleznete zde:<\/p>\n\n\n\n<figure class=\"wp-block-embed is-type-video is-provider-youtube wp-block-embed-youtube wp-embed-aspect-16-9 wp-has-aspect-ratio\"><div class=\"wp-block-embed__wrapper\">\n<iframe loading=\"lazy\" title=\"L\u00e9\u010ditelsk\u00fd stream - Duben 2026\" width=\"760\" height=\"428\" src=\"https:\/\/www.youtube.com\/embed\/AcS5CRiZgwo?feature=oembed\" frameborder=\"0\" allow=\"accelerometer; autoplay; clipboard-write; encrypted-media; gyroscope; picture-in-picture; web-share\" referrerpolicy=\"strict-origin-when-cross-origin\" allowfullscreen><\/iframe>\n<\/div><\/figure>\n\n\n\n<figure class=\"wp-block-embed is-type-video is-provider-youtube wp-block-embed-youtube wp-embed-aspect-16-9 wp-has-aspect-ratio\"><div class=\"wp-block-embed__wrapper\">\n<iframe loading=\"lazy\" title=\"L\u00e9\u010ditelsk\u00fd stream 2. \u010d\u00e1st - Duben 2026\" width=\"760\" height=\"428\" src=\"https:\/\/www.youtube.com\/embed\/hx_PI9Y3jyE?feature=oembed\" frameborder=\"0\" allow=\"accelerometer; autoplay; clipboard-write; encrypted-media; gyroscope; picture-in-picture; web-share\" referrerpolicy=\"strict-origin-when-cross-origin\" allowfullscreen><\/iframe>\n<\/div><\/figure>\n\n\n\n<p class=\"has-text-color has-link-color wp-elements-bc38608e4791206623077ca51d448af5\" style=\"color:#090909\">Klidn\u00e9 dny. Martina<\/p>\n\n\n\n<hr noshade=\"\" color=\"black\" align=\"center\">\n\n\n\n<p class=\"has-text-align-center has-blue-color has-text-color has-link-color has-medium-font-size wp-elements-aa3e1ee13ed64f4b0e46c988ce5cddc6\"><strong>P\u0159ehled akc\u00ed Astragal<\/strong><\/p>\n\n\n\n<figure class=\"wp-block-embed is-type-wp-embed is-provider-martina-astragal wp-block-embed-martina-astragal\"><div class=\"wp-block-embed__wrapper\">\n<blockquote class=\"wp-embedded-content\" data-secret=\"mABFifkTYn\"><a href=\"https:\/\/astragal.cz\/index.php\/svetelne-setkani-uzdravujici-dusi-a-telo-2\/\">Sv\u011bteln\u00e9 setk\u00e1n\u00ed uzdravuj\u00edc\u00ed du\u0161i a t\u011blo<\/a><\/blockquote><iframe loading=\"lazy\" class=\"wp-embedded-content\" sandbox=\"allow-scripts\" security=\"restricted\" style=\"position: absolute; visibility: hidden;\" title=\"&#8222;Sv\u011bteln\u00e9 setk\u00e1n\u00ed uzdravuj\u00edc\u00ed du\u0161i a t\u011blo&#8220; &#8212; Martina  ASTRAGAL\" src=\"https:\/\/astragal.cz\/index.php\/svetelne-setkani-uzdravujici-dusi-a-telo-2\/embed\/#?secret=CIx1bKjIT5#?secret=mABFifkTYn\" data-secret=\"mABFifkTYn\" width=\"600\" height=\"338\" frameborder=\"0\" marginwidth=\"0\" marginheight=\"0\" scrolling=\"no\"><\/iframe>\n<\/div><\/figure>\n\n\n\n<hr noshade=\"\" color=\"black\" align=\"center\">\n\n\n\n<p class=\"has-text-align-center has-blue-color has-text-color has-link-color has-medium-font-size wp-elements-4866c8d8c38f858411ffe15a38aa6032\"><strong>\ud83d\udc40 Sledujte Martinu Astragal na YouTube \ud83d\udc40<\/strong><\/p>\n\n\n\n<p class=\"has-text-align-center has-blue-color has-text-color has-link-color has-medium-font-size wp-elements-c6c72cdbc1d8792d692e4448798db055\">D\u011bkuji za odb\u011br, like&nbsp;a sd\u00edlen\u00ed&nbsp;s ostatn\u00edmi \u2764\ufe0f<\/p>\n\n\n\n<p><strong>Pokud je\u0161t\u011b nem\u00e1te odb\u011br, tak ho ur\u010dit\u011b dejte.<\/strong><\/p>\n\n\n\n<p>Pro\u010d?<\/p>\n\n\n\n<p>Proto\u017ee si tak zajist\u00edte, \u017ee v\u00e1m neuniknou \u017e\u00e1dn\u00e9 dal\u0161\u00ed nov\u00e9 nahr\u00e1vky a \u017eiv\u00e1 vys\u00edl\u00e1n\u00ed. Ale to nen\u00ed v\u0161e: d\u00edky va\u0161emu odb\u011bru, liku nebo sd\u00edlen\u00ed m\u00fdch p\u0159\u00edsp\u011bvk\u016f podpo\u0159\u00edte mou \u010dinnost a roz\u0161\u00ed\u0159\u00edte jej\u00ed dosah. <\/p>\n\n\n\n<p>D\u011bkuji za podporu a t\u011b\u0161\u00edm se na v\u00e1s. M.<\/p>\n","protected":false},"excerpt":{"rendered":"<p>NOVINKA: 16. 4. prob\u011bhl UNIK\u00c1TN\u00cd L\u00c9\u010cITELSK\u00dd STREAM Jeho z\u00e1znam naleznete zde: Klidn\u00e9 dny. Martina P\u0159ehled akc\u00ed Astragal \ud83d\udc40 Sledujte Martinu Astragal na YouTube \ud83d\udc40 D\u011bkuji za odb\u011br, like&nbsp;a sd\u00edlen\u00ed&nbsp;s ostatn\u00edmi \u2764\ufe0f Pokud je\u0161t\u011b nem\u00e1te odb\u011br, tak ho ur\u010dit\u011b dejte. Pro\u010d? Proto\u017ee si tak zajist\u00edte, \u017ee v\u00e1m neuniknou \u017e\u00e1dn\u00e9 dal\u0161\u00ed nov\u00e9 nahr\u00e1vky a \u017eiv\u00e1 vys\u00edl\u00e1n\u00ed. Ale [&hellip;]<\/p>\n","protected":false},"author":1,"featured_media":0,"parent":0,"menu_order":0,"comment_status":"closed","ping_status":"closed","template":"","meta":{"_mc_calendar":[],"footnotes":""},"class_list":["post-687","page","type-page","status-publish","hentry"],"_links":{"self":[{"href":"https:\/\/astragal.cz\/index.php\/wp-json\/wp\/v2\/pages\/687","targetHints":{"allow":["GET"]}}],"collection":[{"href":"https:\/\/astragal.cz\/index.php\/wp-json\/wp\/v2\/pages"}],"about":[{"href":"https:\/\/astragal.cz\/index.php\/wp-json\/wp\/v2\/types\/page"}],"author":[{"embeddable":true,"href":"https:\/\/astragal.cz\/index.php\/wp-json\/wp\/v2\/users\/1"}],"replies":[{"embeddable":true,"href":"https:\/\/astragal.cz\/index.php\/wp-json\/wp\/v2\/comments?post=687"}],"version-history":[{"count":698,"href":"https:\/\/astragal.cz\/index.php\/wp-json\/wp\/v2\/pages\/687\/revisions"}],"predecessor-version":[{"id":11539,"href":"https:\/\/astragal.cz\/index.php\/wp-json\/wp\/v2\/pages\/687\/revisions\/11539"}],"wp:attachment":[{"href":"https:\/\/astragal.cz\/index.php\/wp-json\/wp\/v2\/media?parent=687"}],"curies":[{"name":"wp","href":"https:\/\/api.w.org\/{rel}","templated":true}]}}