{"id":701,"date":"2020-05-09T16:25:37","date_gmt":"2020-05-09T15:25:37","guid":{"rendered":"http:\/\/astragal.cz\/?page_id=701"},"modified":"2021-10-20T11:48:19","modified_gmt":"2021-10-20T10:48:19","slug":"strach-duse-a-jine-bytosti-z-astralnich-svetu","status":"publish","type":"page","link":"https:\/\/astragal.cz\/index.php\/strach-duse-a-jine-bytosti-z-astralnich-svetu\/","title":{"rendered":"Strach &#8211; du\u0161e a jin\u00e9 bytosti z astr\u00e1ln\u00edch sv\u011bt\u016f"},"content":{"rendered":"\n<p>O strachu jsem se zmi\u0148ovala ji\u017e u kapitoly odvody du\u0161\u00ed, ale je to t\u00e9ma tak\nv\u00fdznamn\u00e9, \u017ee mu chci v\u011bnovat celou tuto str\u00e1nku.<\/p>\n\n\n\n<p>Pod jste se ji\u017e setkali s astr\u00e1ln\u00edmi bytostmi z paraleln\u011b existuj\u00edc\u00edch sv\u011bt\u016f \u010di s du\u0161emi zem\u0159el\u00fdch lid\u00ed, ur\u010dit\u011b zn\u00e1te ten podivn\u00fd sv\u00edrav\u00fd pocit, zimnice, hus\u00ed k\u016f\u017ee, vst\u00e1vaj\u00ed n\u00e1m vlasy na hlav\u011b, h\u016f\u0159 se n\u00e1m d\u00fdch\u00e1, jsme jako zpomalen\u00fd film &#8211; m\u00e1me strach, c\u00edt\u00edme a v\u00edme, \u017ee nejsme sami&#8230;.<\/p>\n\n\n\n<p class=\"has-blue-color has-text-color\"><strong>Z\u00e1sadn\u00ed je rozli\u0161it o jakou du\u0161i nebo entitu se jedn\u00e1. <\/strong><\/p>\n\n\n\n<p><strong>N\u011bkdy se mohou ve va\u0161\u00ed p\u0159\u00edtomnosti vyskytovat mimo du\u0161e zem\u0159el\u00fdch tak\u00e9 s\u00edly zla a temnoty<em> <\/em><\/strong>a v tomto p\u0159\u00edpad\u011b je rozhodn\u011b nejlep\u0161\u00ed, pokud mo\u017eno, odej\u00edt z onoho m\u00edsta a kontaktovat odbornou pomoc. <\/p>\n\n\n\n<p>Strach je zde na m\u00edst\u011b, nebo\u0165 setk\u00e1n\u00ed s t\u011bmito silami v\u00e1s mnohdy m\u016f\u017ee st\u00e1t bez p\u0159eh\u00e1n\u011bn\u00ed i \u017eivot (je zn\u00e1mo mnoho p\u0159\u00edpad\u016f \u00famrt\u00ed n\u00e1sledkem n\u00e1hl\u00e9ho \u0161oku \u010di se doty\u010dn\u00fd nav\u017edy pom\u00e1tne). <\/p>\n\n\n\n<p>Pokud by se v\u00e1m stalo, \u017ee se s\u00edly objevily v m\u00edst\u011b, kde \u017eijete a tud\u00ed\u017e nem\u00e1te mo\u017enost jen tak m\u00edsto opustit, rozhodn\u011b doporu\u010duji d\u016fm ihned vysv\u011btit nebo nechat vysv\u011btit a m\u00edt do doby ne\u017e-li odborn\u00e1 pomoc p\u0159ijde, neust\u00e1le zap\u00e1lenou posv\u011bcenou sv\u00edci. <\/p>\n\n\n\n<p>\u00da\u010dinn\u00e9 jsou tak\u00e9 modlitby, pronesen\u00e9 jednodu\u0161e sv\u00fdmi slovy. Zde plat\u00ed, \u017ee kdykoli po\u017e\u00e1d\u00e1te o pomoc, bude v\u00e1m pomo\u017eeno.<\/p>\n\n\n\n<p class=\"has-blue-color has-text-color\"><strong>Pokud se jedn\u00e1 o setk\u00e1n\u00ed s du\u0161\u00ed zesnul\u00e9ho, tak v t\u011bchto chv\u00edl\u00edch je opravdu nejd\u016fle\u017eit\u011bj\u0161\u00ed:<\/strong><\/p>\n\n\n\n<p>&#8211; uv\u011bdomit si, \u017ee&nbsp;pocit strachu, kter\u00fd m\u00e1me, n\u00e1sob\u00ed negativn\u00ed jevy\nkolem n\u00e1s, je tedy nutn\u00e9 jej okam\u017eit\u011b eliminovat.<\/p>\n\n\n\n<p>&#8211; volat and\u011bly str\u00e1\u017en\u00e9, archand\u011bly a duchovn\u00ed p\u016fvodce s prosbou, aby kolem\nn\u00e1s utvo\u0159ili ochrann\u00fd zlatob\u00edl\u00fd kruh (pokud toho je\u0161t\u011b nejsme sami schopni, viz\nkapitola odvody du\u0161\u00ed zem\u0159el\u00fdch). Je faktem, \u017ee j\u00e1 \u017e\u00e1d\u00e1m o utvo\u0159en\u00ed tohoto kruhu\npoka\u017ed\u00e9, kdy\u017e se opravdu nezvladateln\u011b boj\u00edm i p\u0159esto, \u017ee jsem schopn\u00e1 si kruh\nutvo\u0159it sama. V\u011b\u0159\u00edm&nbsp;duchovn\u00edm pomocn\u00edk\u016fm&nbsp;a uklid\u0148uje mne bl\u00edzk\u00e9\nspojen\u00ed s m\u00fdmi ochr\u00e1nci &#8211;&nbsp;od toho tu jsou, aby p\u0159i n\u00e1s v takov\u00fdch\nsituac\u00edch st\u00e1li.<\/p>\n\n\n\n<p>&#8211; nezapomenout, \u017ee du\u0161e, kter\u00e9 jsou v na\u0161\u00ed p\u0159\u00edtomnosti, jsou tak\u00e9 lid\u00e9 a\npot\u0159ebuj\u00ed osobn\u00ed p\u0159\u00edstup (nemluv\u00edm o vraz\u00edch, nebo n\u00e1siln\u011b zem\u0159el\u00fdch &#8211; to je\n\u00fasek, kter\u00e9mu se chci v\u011bnovat zvl\u00e1\u0161\u0165).<\/p>\n\n\n\n<p>&#8211; neopomenout fakt, \u017ee \u010d\u00edm v\u00edc se budeme sna\u017eit ut\u00e9ct nebo tyto jevy\nodehnat, t\u00edm v\u00edce se budou projevy a ataky na n\u00e1s stup\u0148ovat (funguje to asi\ntak, jako&nbsp; kdy\u017e s v\u00e1mi n\u011bkdo odm\u00edt\u00e1 komunikovat a vy nev\u00edte pro\u010d. Sna\u017e\u00edte\nse tomu ze v\u0161ech sil&nbsp;p\u0159ij\u00edt na kloub a ten druh\u00fd v\u00e1m nechce v\u016fbec nic\n\u0159\u00edct, ut\u00edk\u00e1 nebo se p\u0159ed v\u00e1mi schov\u00e1v\u00e1. O&nbsp;to v\u00edc ho a v\u0161echny okolo\nst\u00edh\u00e1te, proto\u017ee chcete pochopit, co se stalo,&nbsp;a stejn\u011b tak\nto&nbsp;funguje i u du\u0161\u00ed).<\/p>\n\n\n\n<p>&#8211; pokud v\u00edme, \u017ee du\u0161e jen &#8222;c\u00edt\u00edme&#8220;, tj. nesly\u0161\u00edme hlasy, nevid\u00edme\nkonkr\u00e9tn\u00ed&nbsp;postavy lid\u00ed apod.&nbsp;a neum\u00edme\/nechceme zem\u0159el\u00fdm pomoci ve\nsmyslu komunikace, odvodu atd., chceme pouze &#8222;aby to p\u0159estalo&#8220;,\nvysv\u011btl\u00edme toto v duchu p\u0159\u00edtomn\u00fdm a po\u017e\u00e1d\u00e1me archand\u011bly nebo duchovn\u00ed pr\u016fvodce,\naby situaci vzali do sv\u00fdch rukou.<\/p>\n\n\n\n<p>&#8211; pokud se rozhodneme, \u017ee chceme s mrtv\u00fdmi pracovat, mus\u00edme b\u00fdt pevn\u00ed jako\nk\u00e1men a um\u011bt ovl\u00e1dat sv\u016fj strach za v\u0161ech okolnost\u00ed, proto DOB\u0158E ZVA\u017dTE, ZDA\nJSTE TI PRAV\u00cd, KTER\u00ddM TATO \u010cINNOST P\u0158\u00cdSLU\u0160\u00cd.<\/p>\n\n\n\n<p>Ze srdce V\u00e1m p\u0159eji, abyste dok\u00e1zali \u010delit sv\u00e9mu strachu a zv\u00edt\u011bzili nad n\u00edm<\/p>\n\n\n\n<p>Martina<\/p>\n","protected":false},"excerpt":{"rendered":"<p>O strachu jsem se zmi\u0148ovala ji\u017e u kapitoly odvody du\u0161\u00ed, ale je to t\u00e9ma tak v\u00fdznamn\u00e9, \u017ee mu chci v\u011bnovat celou tuto str\u00e1nku. Pod jste se ji\u017e setkali s astr\u00e1ln\u00edmi bytostmi z paraleln\u011b existuj\u00edc\u00edch sv\u011bt\u016f \u010di s du\u0161emi zem\u0159el\u00fdch lid\u00ed, ur\u010dit\u011b zn\u00e1te ten podivn\u00fd sv\u00edrav\u00fd pocit, zimnice, hus\u00ed k\u016f\u017ee, vst\u00e1vaj\u00ed n\u00e1m vlasy na hlav\u011b, h\u016f\u0159 [&hellip;]<\/p>\n","protected":false},"author":1,"featured_media":0,"parent":0,"menu_order":0,"comment_status":"closed","ping_status":"closed","template":"","meta":{"_mc_calendar":[],"footnotes":""},"class_list":["post-701","page","type-page","status-publish","hentry"],"_links":{"self":[{"href":"https:\/\/astragal.cz\/index.php\/wp-json\/wp\/v2\/pages\/701","targetHints":{"allow":["GET"]}}],"collection":[{"href":"https:\/\/astragal.cz\/index.php\/wp-json\/wp\/v2\/pages"}],"about":[{"href":"https:\/\/astragal.cz\/index.php\/wp-json\/wp\/v2\/types\/page"}],"author":[{"embeddable":true,"href":"https:\/\/astragal.cz\/index.php\/wp-json\/wp\/v2\/users\/1"}],"replies":[{"embeddable":true,"href":"https:\/\/astragal.cz\/index.php\/wp-json\/wp\/v2\/comments?post=701"}],"version-history":[{"count":7,"href":"https:\/\/astragal.cz\/index.php\/wp-json\/wp\/v2\/pages\/701\/revisions"}],"predecessor-version":[{"id":4580,"href":"https:\/\/astragal.cz\/index.php\/wp-json\/wp\/v2\/pages\/701\/revisions\/4580"}],"wp:attachment":[{"href":"https:\/\/astragal.cz\/index.php\/wp-json\/wp\/v2\/media?parent=701"}],"curies":[{"name":"wp","href":"https:\/\/api.w.org\/{rel}","templated":true}]}}