{"id":7010,"date":"2022-10-01T13:02:31","date_gmt":"2022-10-01T12:02:31","guid":{"rendered":"https:\/\/astragal.cz\/?page_id=7010"},"modified":"2023-04-27T14:37:38","modified_gmt":"2023-04-27T13:37:38","slug":"projekty-ktere-podporujeme","status":"publish","type":"page","link":"https:\/\/astragal.cz\/index.php\/projekty-ktere-podporujeme\/","title":{"rendered":"Projekty, kter\u00e9 podporujeme"},"content":{"rendered":"\n<p class=\"has-text-align-center\">R\u00e1da a s l\u00e1skou podporuji:<\/p>\n\n\n\n<p class=\"has-blue-color has-text-color\"><strong>\u00dasm\u011bv nejen pro Kry\u0161tofa<\/strong><\/p>\n\n\n\n<p class=\"has-blue-color has-text-color\"><a href=\"https:\/\/usmevnejenprokrystofa.cz\/\">https:\/\/usmevnejenprokrystofa.cz\/<\/a><\/p>\n\n\n\n<p>Posl\u00e1n\u00edm tohoto projektu je pomoci nemocn\u00fdm a jejich rodin\u00e1m nal\u00e9zt v\u0161echny informace, mo\u017enosti podpory a zorientovat se v cel\u00e9 situaci. Nada\u010dn\u00ed fond zalo\u017eili man\u017eel\u00e9 Abelovi na z\u00e1klad\u011b vlastn\u00ed trpk\u00e9 zku\u0161enosti s osteosarkomem u jejich syna Kry\u0161tofa. P\u0159i boji o z\u00e1chranu synova \u017eivota sami zjistili, jak nekoordinovan\u00e1 je nel\u00e9ka\u0159sk\u00e1 pomoc \u2013 od psychick\u00e9 a\u017e po ekonomickou.<\/p>\n\n\n\n<hr class=\"wp-block-separator has-alpha-channel-opacity\"\/>\n\n\n\n<p class=\"has-blue-color has-text-color\"><strong>Unie pr\u00e1v zv\u00ed\u0159at z.s.<\/strong><\/p>\n\n\n\n<p><a href=\"https:\/\/www.uniepravzvirat.com\/\">https:\/\/www.uniepravzvirat.com\/<\/a><\/p>\n\n\n\n<p>Unie pr\u00e1v zv\u00ed\u0159at, z.s. je&nbsp;kolektiv lid\u00ed, kte\u0159\u00ed na \u00fazem\u00ed cel\u00e9 \u010cR v souladu se stanovami organizace jednaj\u00ed v z\u00e1jmu zv\u00ed\u0159at, chr\u00e1n\u00ed a prosazuj\u00ed jejich pr\u00e1va. Jejich prioritou je z\u00e1chrana \u017eivota zv\u00ed\u0159ete. <\/p>\n\n\n\n<p>Pr\u00e1v\u011b z jejich rukou jsme si v roce 2023 adoptovali dal\u0161\u00edho \u010dlena na\u0161\u00ed rodiny, Max\u00edka. Dop\u0159ejeme mu st\u00e1l\u00fd, l\u00e1skypln\u00fd domov, kter\u00fd si tato \u010dist\u00e1 du\u0161e zaslou\u017e\u00ed.<\/p>\n\n\n\n<hr class=\"wp-block-separator has-alpha-channel-opacity\"\/>\n\n\n\n<p class=\"has-blue-color has-text-color\"><strong>Betanie &#8211; k\u0159es\u0165ansk\u00e1 pomoc<\/strong><\/p>\n\n\n\n<p><a href=\"https:\/\/www.betanie.eu\/index.html\">https:\/\/www.betanie.eu\/index.html<\/a><\/p>\n\n\n\n<p>Poskytovatel soci\u00e1ln\u00edch slu\u017eeb poskytuj\u00edc\u00ed soci\u00e1ln\u00ed a zdravotnick\u00e9 slu\u017eby pro pot\u0159ebn\u00e9.<\/p>\n\n\n\n<p>V nejvy\u0161\u0161\u00ed nouzi, kdy\u017e byli po\u017e\u00e1d\u00e1ni o pomoc, i p\u0159es pln\u00fd stav se n\u00e1m sna\u017eili ochotn\u011b a srdcem pomoci &#8211; nakonec nalezli zp\u016fsob, jak pot\u0159ebn\u00e9mu \u010dlov\u011bku zajistit jeho d\u016fstojn\u00fd odchod. Lidskost v jejich jedn\u00e1n\u00ed, kterou nezm\u011bnila ani letit\u00e1 rutina tis\u00edc\u016f p\u0159\u00edpad\u016f, kter\u00fdm se v\u011bnuj\u00ed si rozhodn\u011b zaslou\u017e\u00ed obdiv, respekt a podporu v jejich dal\u0161\u00edm \u00fasil\u00ed.<\/p>\n\n\n\n<hr class=\"wp-block-separator has-alpha-channel-opacity\"\/>\n\n\n\n<p class=\"has-blue-color has-text-color\"><strong>Hospic, mobiln\u00ed hospic, paliativn\u00ed p\u00e9\u010de, dom\u00e1c\u00ed zdravotn\u00ed p\u00e9\u010de<\/strong><\/p>\n\n\n\n<p>Jedna z nejd\u016fle\u017eit\u011bj\u0161\u00edch slu\u017eeb, kter\u00e1 je vzhledem ke st\u00e1rnouc\u00ed populaci st\u00e1le v\u00edce a v\u00edce pot\u0159ebn\u00e1. Pokud je to alespo\u0148 tro\u010dku re\u00e1ln\u00e9, ka\u017ed\u00fd z dlouhodob\u011b a t\u011b\u017ece nemocn\u00fdch by si p\u0159\u00e1l neb\u00fdt na konci sv\u00e9ho \u017eivota v nemocnici nebo v \u00fastavu, ale doma, se sv\u00fdmi bl\u00edzk\u00fdmi. <\/p>\n\n\n\n<p>Pokud V\u00e1s tato my\u0161lenka oslovila, m\u00e1te mo\u017enost podpo\u0159it vybranou slu\u017ebu t\u0159eba ve va\u0161em okol\u00ed &#8211; zde je abecedn\u00ed seznam:<\/p>\n\n\n\n<p><a href=\"https:\/\/www.umirani.cz\/adresar-sluzeb\/seznam\">https:\/\/www.umirani.cz\/adresar-sluzeb\/seznam<\/a><\/p>\n\n\n\n<hr class=\"wp-block-separator has-alpha-channel-opacity\"\/>\n\n\n\n<p class=\"has-blue-color has-text-color\"><strong>\u010casopis Nov\u00fd prostor<\/strong><\/p>\n\n\n\n<p class=\"has-blue-color has-text-color\"><a rel=\"noreferrer noopener\" target=\"_blank\" href=\"http:\/\/novyprostor.cz\/\">http:\/\/www.novyprostor.cz<\/a><\/p>\n\n\n\n<p>Zakoupen\u00edm tohoto \u010dasopisu pom\u00e1h\u00e1te do nov\u00e9ho startu lidem, kte\u0159\u00ed p\u0159i\u0161li o domov, pr\u00e1ci, rodinu a sna\u017e\u00ed se pod odborn\u00fdm veden\u00edm za\u010d\u00edt znovu. Za pen\u00edze, kter\u00e9 z \u010dasopisu z\u00edskaj\u00ed si plat\u00ed j\u00eddlo, ubytov\u00e1n\u00ed apod.<\/p>\n\n\n\n<p>A to je to, co m\u00e1 smysl &#8211; toto je skute\u010dn\u00e1 pomoc, kterou lid\u00e9 na odk\u00e1zan\u00ed na \u017eivot na ulici pot\u0159ebuj\u00ed. Pot\u0159ebuj\u00ed \u0161anci.<\/p>\n\n\n\n<hr class=\"wp-block-separator has-alpha-channel-opacity\"\/>\n\n\n\n<p class=\"has-blue-color has-text-color\"><strong>\u00datulek pro zv\u00ed\u0159ata<\/strong><\/p>\n\n\n\n<p class=\"has-blue-color has-text-color\"><a rel=\"noreferrer noopener\" target=\"_blank\" href=\"http:\/\/www.mpb.cz\/utulek-pro-zvirata\/\">http:\/\/www.mpb.cz\/utulek-pro-zvirata\/<\/a><\/p>\n\n\n\n<p>Z tohoto \u00fatulku jsem m\u011bla tu \u010dest m\u00edt 14 let pejska. Vzala jsem si ho, kdy\u017e mu byl rok a p\u016fl a pojmenovala ho Laky. I kdy\u017e to s n\u00edm nebylo lehk\u00e9, byl bohu\u017eel poznamenan\u00fd krut\u00fdm zach\u00e1zen\u00edm za strany lid\u00ed, d\u011bkuji za \u010das str\u00e1ven\u00fd s n\u00edm. V\u011b\u0159\u00edm, \u017ee se na jeho du\u0161i d\u00edky na\u0161emu kr\u00e1sn\u00e9mu spojenectv\u00ed a p\u0159\u00e1telstv\u00ed zhojily v\u0161echny \u0161r\u00e1my, kter\u00e9 mu lid\u00e9 zasadili. Byl to \u00fa\u017easn\u00fd pr\u016fvodce, par\u0165\u00e1k a p\u0159\u00edtel. Pokoj jeho du\u0161i.<\/p>\n\n\n\n<hr class=\"wp-block-separator has-alpha-channel-opacity\"\/>\n\n\n\n<p class=\"has-blue-color has-text-color\"><strong>Tyfloservis o.p.s.<\/strong><\/p>\n\n\n\n<p class=\"has-blue-color has-text-color\"><em><\/em><a rel=\"noreferrer noopener\" target=\"_blank\" href=\"http:\/\/www.tyfloservis.cz\/\">http:\/\/www.tyfloservis.cz\/<\/a><\/p>\n\n\n\n<p>Tato obecn\u011b prosp\u011b\u0161n\u00e1 spole\u010dnost nab\u00edzej\u00edc\u00ed podporu, informace a n\u00e1cvik dovednost\u00ed lidem, kte\u0159\u00ed p\u0159es v\u00e1\u017en\u00e9 zrakov\u00e9 pot\u00ed\u017ee hledaj\u00ed cestu k co mo\u017en\u00e1 nejsamostatn\u011bj\u0161\u00edmu \u017eivotu. Z\u00e1rove\u0148 byla hlavn\u00edm po\u0159adatelem ka\u017edoro\u010dn\u00ed sb\u00edrky \u201eB\u00edl\u00e1 pastelka\u201c, na kterou si mo\u017en\u00e1 n\u011bkte\u0159\u00ed pamatujete a kterou jsem n\u011bkolikr\u00e1t m\u011bla tu mo\u017enost spoluorganizovat.<\/p>\n\n\n\n<hr class=\"wp-block-separator has-alpha-channel-opacity\"\/>\n\n\n\n<p class=\"has-blue-color has-text-color\"><strong>Ob\u010dansk\u00e9 sdru\u017een\u00ed Pr\u00e1h<\/strong><\/p>\n\n\n\n<p class=\"has-blue-color has-text-color\"><em><\/em><a rel=\"noreferrer noopener\" target=\"_blank\" href=\"http:\/\/www.prah-brno.cz\/\">http:\/\/www.prah-brno.cz\/<\/a><\/p>\n\n\n\n<p>Nejrad\u011bji zakupuji v\u00fdrobky od klient\u016f chr\u00e1n\u011bn\u00e9 d\u00edlny, kter\u00e9 m\u016f\u017eete tak\u00e9 ka\u017edoro\u010dn\u011b zakoupit na Brn\u011bnsk\u00e9m v\u00fdstavi\u0161ti v dob\u011b v\u00e1no\u010dn\u00edch trh\u016f.<\/p>\n\n\n\n<p>Malou uk\u00e1zku naleznete zde:<\/p>\n\n\n\n<p class=\"has-blue-color has-text-color\"><a href=\"http:\/\/chranenky.cz\/\">http:\/\/chranenky.cz\/<\/a>.<\/p>\n\n\n\n<hr class=\"wp-block-separator has-alpha-channel-opacity\"\/>\n\n\n\n<p class=\"has-blue-color has-text-color\"><strong>Julinka<\/strong><\/p>\n\n\n\n<p class=\"has-blue-color has-text-color\"><a rel=\"noreferrer noopener\" target=\"_blank\" href=\"http:\/\/www.julie.websnadno.cz\/\">http:\/\/www.julie.websnadno.cz<\/a><\/p>\n\n\n\n<p>Tito \u00fa\u017easn\u00ed rodi\u010de bojuj\u00ed za mo\u017enost lep\u0161\u00edho \u017eivota pro jednu ze sv\u00fdch hol\u010di\u010dek, Julinku a j\u00e1 je z cel\u00e9ho srdce podporuji a modl\u00edm se za n\u011b.<\/p>\n\n\n\n<p>Pokud se rozhodnete je podpo\u0159it, budu moc r\u00e1da a velmi v\u00e1m za sebe i za n\u011b d\u011bkuji. Ud\u011blat to m\u016f\u017eete bu\u010f p\u0159\u00edsp\u011bvkem na jejich konto:<\/p>\n\n\n\n<p class=\"has-blue-color has-text-color\"><a rel=\"noreferrer noopener\" target=\"_blank\" href=\"http:\/\/www.julie.websnadno.cz\/Pomoc----HELP.html\">http:\/\/www.julie.websnadno.cz\/Pomoc\u2014-HELP.html<\/a><\/p>\n\n\n\n<p>nebo \u00fa\u010dast\u00ed na sb\u00edr\u00e1n\u00ed v\u00ed\u010dek od pet lahv\u00ed r\u016fzn\u00fdch tip\u016f:<\/p>\n\n\n\n<p><a rel=\"noreferrer noopener\" target=\"_blank\" href=\"http:\/\/www.julie.websnadno.cz\/Vicka-z-PET-lahvi.html\">http:\/\/www.julie.websnadno.cz\/Vicka-z-PET-lahvi.html<\/a>.<\/p>\n\n\n\n<hr class=\"wp-block-separator has-alpha-channel-opacity\"\/>\n\n\n\n<p class=\"has-blue-color has-text-color\"><strong>Projekt \u0161ance<\/strong><\/p>\n\n\n\n<p><a href=\"https:\/\/www.projektsance.cz\/\">https:\/\/www.projektsance.cz\/<\/a><\/p>\n\n\n\n<p>Projekt \u0160ance je prvn\u00ed preventivn\u00ed a humanit\u00e1rn\u00ed program pro komer\u010dn\u011b sexu\u00e1ln\u011b zneu\u017e\u00edvan\u00e9 d\u011bti a ml\u00e1de\u017e, ob\u011bti obchodov\u00e1n\u00ed s lidmi, kte\u0159\u00ed \u017eij\u00ed v \u010cR v zapomenut\u00ed\u2026<\/p>\n\n\n\n<p>Projekt \u0160ance je aktivistou N\u00e1rodn\u00edho pl\u00e1nu boje proti komer\u010dn\u00edmu sexu\u00e1ln\u00edmu zneu\u017e\u00edv\u00e1n\u00ed d\u011bt\u00ed, kter\u00fd byl zakotven v usnesen\u00ed vl\u00e1dy \u010cesk\u00e9 republiky dne 12. \u010dervence 2000 \u010d. 698.<\/p>\n\n\n\n<hr class=\"wp-block-separator has-alpha-channel-opacity\"\/>\n\n\n\n<p class=\"has-blue-color has-text-color\"><strong>Helppes \u2013 Centrum pro v\u00fdcvik ps\u016f pro posti\u017een\u00e9, o.p.s.<\/strong><\/p>\n\n\n\n<figure class=\"wp-block-embed is-type-wp-embed is-provider-helppes wp-block-embed-helppes\"><div class=\"wp-block-embed__wrapper\">\nhttps:\/\/helppes.cz\/\n<\/div><\/figure>\n\n\n\n<p>Helppes je jedin\u00e1 profesion\u00e1ln\u00ed neziskov\u00e1 organizace sv\u00e9ho druhu v \u010cesk\u00e9 republice, kter\u00e1 je registrovan\u00fdm poskytovatelem<br>soci\u00e1ln\u00edch slu\u017eeb. Helppes pom\u00e1h\u00e1 osob\u00e1m s nejr\u016fzn\u011bj\u0161\u00edmi druhy handicap\u016f na jejich cest\u011b k integraci, sob\u011bsta\u010dnosti a samostatnosti prost\u0159ednictv\u00edm speci\u00e1ln\u011b vycvi\u010den\u00fdch ps\u016f.<\/p>\n\n\n\n<p>Helppes, jako prvn\u00ed organizace nejen v \u010cR, ale i ze zem\u00ed tzv. b\u00fdval\u00e9ho v\u00fdchodn\u00edho bloku,dok\u00e1zal splnit podm\u00ednky nejvy\u0161\u0161\u00edch mezin\u00e1rodn\u00edch standard\u016f v poskytov\u00e1n\u00ed slu\u017eeb tohoto druhu a z\u00edskal akreditaci pro plnohodnotn\u00e9 \u010dlenstv\u00ed v mezin\u00e1rodn\u00edch organizac\u00edch, sdru\u017euj\u00edc\u00edch poskytovatele t\u011bchto slu\u017eeb \u2013&nbsp;<strong><a rel=\"noreferrer noopener\" href=\"https:\/\/assistancedogseurope.org\/\" target=\"_blank\">Assistance Dogs Europe<\/a>&nbsp;a&nbsp;<a rel=\"noreferrer noopener\" href=\"https:\/\/assistancedogsinternational.org\/\" target=\"_blank\">Assistance Dogs International<\/a>.<\/strong><\/p>\n\n\n\n<hr class=\"wp-block-separator has-alpha-channel-opacity\"\/>\n\n\n\n<p class=\"has-blue-color has-text-color\"><strong>Z\u00e1chrann\u00e1 stanice a ekocentrum Pas\u00ed\u010dka<\/strong><\/p>\n\n\n\n<p class=\"has-blue-color has-text-color\"><a href=\"http:\/\/pasicka.cz\/\">http:\/\/pasicka.cz<\/a><\/p>\n\n\n\n<p>Posl\u00e1n\u00edm t\u00e9to z\u00e1chrann\u00e9 stanice je z\u00e1chrana zv\u00ed\u0159at z voln\u00e9 p\u0159\u00edrody na \u00fazem\u00ed Pardubick\u00e9ho kraje a realizace ekov\u00fdchovn\u00fdch program\u016f zejm\u00e9na pro d\u011bti. Sou\u010d\u00e1st\u00ed are\u00e1lu je i ve\u0159ejnosti p\u0159\u00edstupn\u00e1 expozice zv\u00ed\u0159at \u017eij\u00edc\u00edch v \u010cR.<\/p>\n\n\n\n<p>Na stanici jsme vezli pt\u00e1\u010d\u00e1tko, kter\u00e9 vypadlo spolu se sv\u00fdmi sourozenci z hn\u00edzda na st\u0159e\u0161e. V\u0161ichni krom\u011b krom\u011b tohoto mal\u00e9ho byli na m\u00edst\u011b mrtv\u00ed. Jen jemu je\u0161t\u011b bilo srd\u00ed\u010dko a d\u00fdchal. Pojmenovali jsme ho \u0160t\u00edstko&#8220;. Bylo na tom opravdu b\u00eddn\u011b. Hned jsme ho nalo\u017eili do hn\u00edzde\u010dka, kter\u00e9 jsme vytvo\u0159ili do auta a jeli do z\u00e1chrann\u00e9 stanice. Za 3 t\u00fddny jsme jim volali, jak to dopadlo a \u0160t\u00edstko to zvl\u00e1dnul a da\u0159\u00ed se mu, d\u00edky skv\u011bl\u00e9 p\u00e9\u010di ob\u011btav\u00fdch pe\u010dovatel\u016f ze stanice Pas\u00ed\u010dka skv\u011ble.  <\/p>\n\n\n\n<p>D\u011bkujeme!<\/p>\n","protected":false},"excerpt":{"rendered":"<p>R\u00e1da a s l\u00e1skou podporuji: \u00dasm\u011bv nejen pro Kry\u0161tofa https:\/\/usmevnejenprokrystofa.cz\/ Posl\u00e1n\u00edm tohoto projektu je pomoci nemocn\u00fdm a jejich rodin\u00e1m nal\u00e9zt v\u0161echny informace, mo\u017enosti podpory a zorientovat se v cel\u00e9 situaci. Nada\u010dn\u00ed fond zalo\u017eili man\u017eel\u00e9 Abelovi na z\u00e1klad\u011b vlastn\u00ed trpk\u00e9 zku\u0161enosti s osteosarkomem u jejich syna Kry\u0161tofa. P\u0159i boji o z\u00e1chranu synova \u017eivota sami zjistili, jak [&hellip;]<\/p>\n","protected":false},"author":1,"featured_media":0,"parent":0,"menu_order":0,"comment_status":"closed","ping_status":"closed","template":"","meta":{"_mc_calendar":[],"footnotes":""},"class_list":["post-7010","page","type-page","status-publish","hentry"],"_links":{"self":[{"href":"https:\/\/astragal.cz\/index.php\/wp-json\/wp\/v2\/pages\/7010","targetHints":{"allow":["GET"]}}],"collection":[{"href":"https:\/\/astragal.cz\/index.php\/wp-json\/wp\/v2\/pages"}],"about":[{"href":"https:\/\/astragal.cz\/index.php\/wp-json\/wp\/v2\/types\/page"}],"author":[{"embeddable":true,"href":"https:\/\/astragal.cz\/index.php\/wp-json\/wp\/v2\/users\/1"}],"replies":[{"embeddable":true,"href":"https:\/\/astragal.cz\/index.php\/wp-json\/wp\/v2\/comments?post=7010"}],"version-history":[{"count":15,"href":"https:\/\/astragal.cz\/index.php\/wp-json\/wp\/v2\/pages\/7010\/revisions"}],"predecessor-version":[{"id":7976,"href":"https:\/\/astragal.cz\/index.php\/wp-json\/wp\/v2\/pages\/7010\/revisions\/7976"}],"wp:attachment":[{"href":"https:\/\/astragal.cz\/index.php\/wp-json\/wp\/v2\/media?parent=7010"}],"curies":[{"name":"wp","href":"https:\/\/api.w.org\/{rel}","templated":true}]}}