{"id":7012,"date":"2022-10-01T13:09:39","date_gmt":"2022-10-01T12:09:39","guid":{"rendered":"https:\/\/astragal.cz\/?page_id=7012"},"modified":"2026-01-31T20:31:24","modified_gmt":"2026-01-31T19:31:24","slug":"svetelne-vysilani","status":"publish","type":"page","link":"https:\/\/astragal.cz\/index.php\/svetelne-vysilani\/","title":{"rendered":"Sv\u011bteln\u00e9 vys\u00edl\u00e1n\u00ed"},"content":{"rendered":"\n<figure class=\"wp-block-image size-large\"><img loading=\"lazy\" decoding=\"async\" width=\"1024\" height=\"682\" src=\"https:\/\/astragal.cz\/wp-content\/uploads\/2026\/01\/hearts-6479827_1280-1024x682.jpg\" alt=\"\" class=\"wp-image-11452\" srcset=\"https:\/\/astragal.cz\/wp-content\/uploads\/2026\/01\/hearts-6479827_1280-1024x682.jpg 1024w, https:\/\/astragal.cz\/wp-content\/uploads\/2026\/01\/hearts-6479827_1280-300x200.jpg 300w, https:\/\/astragal.cz\/wp-content\/uploads\/2026\/01\/hearts-6479827_1280-768x512.jpg 768w, https:\/\/astragal.cz\/wp-content\/uploads\/2026\/01\/hearts-6479827_1280.jpg 1280w\" sizes=\"auto, (max-width: 1024px) 100vw, 1024px\" \/><\/figure>\n\n\n\n<p class=\"has-text-align-left\"><a href=\"https:\/\/astragal.cz\/index.php\/meditace-za-planetu\/\">Meditace za planetu<\/a><\/p>\n\n\n\n<p><a href=\"https:\/\/astragal.cz\/index.php\/svetelna-modlitba\/\">Sv\u011bteln\u00e1 modlitba<\/a><\/p>\n\n\n\n<p><a href=\"https:\/\/astragal.cz\/index.php\/zivy-ruzenec\/\">\u017div\u00fd R\u016f\u017eenec<\/a><\/p>\n\n\n\n<p class=\"has-text-align-left has-blue-color has-text-color has-small-font-size\"><\/p>\n\n\n\n<p><\/p>\n\n\n\n<p class=\"has-blue-color has-text-color\"><\/p>\n\n\n\n<p class=\"has-blue-color has-text-color\"><\/p>\n\n\n\n<p class=\"has-blue-color has-text-color\"><\/p>\n\n\n\n<p class=\"has-blue-color has-text-color\"><\/p>\n\n\n\n<p class=\"has-blue-color has-text-color\"><\/p>\n\n\n\n<p class=\"has-blue-color has-text-color\"><\/p>\n\n\n","protected":false},"excerpt":{"rendered":"<p>Meditace za planetu Sv\u011bteln\u00e1 modlitba \u017div\u00fd R\u016f\u017eenec<\/p>\n","protected":false},"author":1,"featured_media":0,"parent":0,"menu_order":0,"comment_status":"closed","ping_status":"closed","template":"","meta":{"_mc_calendar":[],"footnotes":""},"class_list":["post-7012","page","type-page","status-publish","hentry"],"_links":{"self":[{"href":"https:\/\/astragal.cz\/index.php\/wp-json\/wp\/v2\/pages\/7012","targetHints":{"allow":["GET"]}}],"collection":[{"href":"https:\/\/astragal.cz\/index.php\/wp-json\/wp\/v2\/pages"}],"about":[{"href":"https:\/\/astragal.cz\/index.php\/wp-json\/wp\/v2\/types\/page"}],"author":[{"embeddable":true,"href":"https:\/\/astragal.cz\/index.php\/wp-json\/wp\/v2\/users\/1"}],"replies":[{"embeddable":true,"href":"https:\/\/astragal.cz\/index.php\/wp-json\/wp\/v2\/comments?post=7012"}],"version-history":[{"count":104,"href":"https:\/\/astragal.cz\/index.php\/wp-json\/wp\/v2\/pages\/7012\/revisions"}],"predecessor-version":[{"id":11453,"href":"https:\/\/astragal.cz\/index.php\/wp-json\/wp\/v2\/pages\/7012\/revisions\/11453"}],"wp:attachment":[{"href":"https:\/\/astragal.cz\/index.php\/wp-json\/wp\/v2\/media?parent=7012"}],"curies":[{"name":"wp","href":"https:\/\/api.w.org\/{rel}","templated":true}]}}