{"id":708,"date":"2020-05-09T16:32:30","date_gmt":"2020-05-09T15:32:30","guid":{"rendered":"http:\/\/astragal.cz\/?page_id=708"},"modified":"2021-09-12T15:01:05","modified_gmt":"2021-09-12T14:01:05","slug":"k-tomu-co-se-nyni-deje-kolem-doreen-virtue","status":"publish","type":"page","link":"https:\/\/astragal.cz\/index.php\/k-tomu-co-se-nyni-deje-kolem-doreen-virtue\/","title":{"rendered":"K tomu, co se nyn\u00ed d\u011bje kolem Doreen Virtue"},"content":{"rendered":"\n<div class=\"wp-block-image\"><figure class=\"aligncenter size-large\"><img loading=\"lazy\" decoding=\"async\" width=\"1024\" height=\"724\" src=\"https:\/\/astragal.cz\/wp-content\/uploads\/2021\/09\/1500376779_-1024x724.jpg\" alt=\"\" class=\"wp-image-3560\" srcset=\"https:\/\/astragal.cz\/wp-content\/uploads\/2021\/09\/1500376779_-1024x724.jpg 1024w, https:\/\/astragal.cz\/wp-content\/uploads\/2021\/09\/1500376779_-300x212.jpg 300w, https:\/\/astragal.cz\/wp-content\/uploads\/2021\/09\/1500376779_-768x543.jpg 768w, https:\/\/astragal.cz\/wp-content\/uploads\/2021\/09\/1500376779_-1536x1086.jpg 1536w, https:\/\/astragal.cz\/wp-content\/uploads\/2021\/09\/1500376779_-2048x1448.jpg 2048w\" sizes=\"auto, (max-width: 1024px) 100vw, 1024px\" \/><\/figure><\/div>\n\n\n\n<p class=\"has-text-color has-text-align-center has-small-font-size has-blue-color\"><a href=\"http:\/\/www.stylenew.cz\/doreen-virtue-pozadejte-nechejte-to-byt\/\">http:\/\/www.stylenew.cz\/doreen-virtue-pozadejte-nechejte-to-byt\/<\/a><\/p>\n\n\n\n<p>Rok 2017 p\u0159inesl mnoh\u00e1, ne p\u0159\u00edli\u0161 pozitivn\u00ed p\u0159ekvapen\u00ed. <\/p>\n\n\n\n<p>Celosv\u011btov\u011b je tak bohu\u017eel vn\u00edm\u00e1na i sou\u010dasn\u00e1 \u201ezm\u011bna duchovn\u00edho sm\u011bru (zam\u011b\u0159en\u00ed)\u201c Doreen Virtue.<\/p>\n\n\n\n<p>V\u0161imla jsem si, \u017ee v \u010de\u0161tin\u011b o tom, co se stalo, nen\u00ed mnoho text\u016f, krom\u011b toho z\u00e1kladn\u00edho p\u0159elo\u017een\u00e9ho pan\u00ed Magdou Techetovou: <\/p>\n\n\n\n<p class=\"has-text-color has-blue-color\"><a href=\"http:\/\/andelskydenik.blogspot.cz\/2017\/08\/promluva-doreen-virtue-o-zmene-jeji.html\" target=\"_blank\" rel=\"noreferrer noopener\" aria-label=\" (otev\u0159e se na nov\u00e9 z\u00e1lo\u017ece)\">http:\/\/andelskydenik.blogspot.cz\/2017\/08\/promluva-doreen-virtue-o-zmene-jeji.html<\/a>, <\/p>\n\n\n\n<p>ve kter\u00e9 Doreen prohla\u0161uje, \u017ee ji\u017e nebude d\u011blat t\u00fddenn\u00ed v\u00fdklady a oznamuje zm\u011bnu ve sv\u00e9m dosavadn\u00edm p\u016fsoben\u00ed. Za tento jej\u00ed p\u0159eklad j\u00ed t\u00edmto, mysl\u00edm jm\u00e9nem n\u00e1s v\u0161ech, d\u011bkuji. I proto jsem se rozhodla, pro prostudov\u00e1n\u00ed jejich nejnov\u011bj\u0161\u00edch vide\u00ed nato\u010den\u00fdch v nov\u00e9m duchu, napsat tuto zpr\u00e1vu pro V\u00e1s.<\/p>\n\n\n\n<p>V\u011b\u0159\u00edm, \u017ee mnoz\u00ed z V\u00e1s, pro kter\u00e9 byla tato \u017eena \u0159ekn\u011bme ikonou, oporou, p\u0159edstavitelkou jak\u00e9si jistoty v tomto nejist\u00e9m sv\u011bt\u011b, jste te\u010f zmaten\u00ed, roz\u010d\u00edlen\u00ed, uk\u0159ivd\u011bn\u00ed a tak trochu ztr\u00e1c\u00edte p\u016fdu pod nohama.<\/p>\n\n\n\n<p> Nebojte se, nen\u00ed k tomu d\u016fvod.<\/p>\n\n\n\n<p>Doreen jen prost\u011b pro\u0161la jakousi zm\u011bnou, kter\u00e1 je sou\u010d\u00e1st\u00ed jej\u00ed duchovn\u00ed cesty a s n\u00e1mi to nijak nesouvis\u00ed. Neznamen\u00e1 to, \u017ee v\u0161e, co psala p\u0159edt\u00edm ji\u017e nem\u00e1 \u017e\u00e1dnou hodnotu, v\u016fbec ne. Je to st\u00e1le stejn\u011b dob\u0159e platn\u00e9, jako to bylo p\u0159ed jej\u00ed prom\u011bnou.<br> Jde jen o to, \u017ee se zm\u011bnila nyn\u00ed ona sama a na\u0161la sv\u016fj p\u0159\u00edm\u00fd zp\u016fsob, jak bojovat proti temnot\u011b a negativit\u011b sou\u010dasn\u00e9ho sv\u011bta. C\u00edt\u00ed to tak, \u017ee byla vesm\u00edrem povol\u00e1na, aby mluvila o Je\u017e\u00ed\u0161i a jeho u\u010den\u00ed o l\u00e1sce, nebo\u0165 sv\u011bt to tak te\u010f pot\u0159ebuje.<\/p>\n\n\n\n<p>V\u00edra v Boha a v Je\u017e\u00ed\u0161e je zcela v po\u0159\u00e1dku a naprosto souvis\u00ed s jej\u00edm dosavadn\u00edm u\u010den\u00edm. Oba p\u0159edstavuj\u00ed univerzum, v\u0161eobj\u00edmaj\u00edc\u00ed nej\u010dist\u0161\u00ed s\u00edlu sv\u011btla.<\/p>\n\n\n\n<p>V\u0161e je v po\u0159\u00e1dku.<\/p>\n\n\n\n<p>D\u016fle\u017eit\u00e9 je jen to, aby se \u010dlov\u011bk nestal \u201efanaticky\u201c v\u011b\u0159\u00edc\u00edm a nedr\u017eel se slep\u011b text\u016f psan\u00fdch v Bibli (tato kniha, kterou chov\u00e1m v \u00fact\u011b, byla p\u0159episov\u00e1na lidmi, proto se jedn\u00e1 o tzv. p\u0159enesen\u00e9 Slovo bo\u017e\u00ed, kter\u00e9 mohlo b\u00fdt necht\u011bn\u011b \u010di cht\u011bn\u011b lidmi v n\u011bkter\u00fdch sm\u011brech pok\u0159iveno). Proto je d\u016fle\u017eit\u00e9 \u0159\u00eddit se zdrav\u00fdm rozumem a srdcem \u2013 \u017e\u00edt v \u00fact\u011b a l\u00e1sce k \u017eivotu, jeden k druh\u00e9mu a k v\u0161emu \u017eiv\u00e9mu. O tom v\u0161em je Bible. <\/p>\n\n\n\n<p>Ano p\u0159izn\u00e1v\u00e1m, i se mnou to, co se stalo ohledn\u011b Doreen m\u00edrn\u011b ot\u0159\u00e1slo, nebo\u0165 zm\u011bna je velmi radik\u00e1ln\u00ed, r\u00e1zn\u00e1 a rychl\u00e1. Pravdou tak\u00e9 je, \u017ee sv\u011btlo, kter\u00e9 z n\u00ed v\u017edy p\u0159edt\u00edm vyza\u0159ovalo, jakoby zhaslo\u2026v\u011b\u0159\u00edm v\u0161ak, \u017ee je to jen d\u016fsledkem cel\u00e9 t\u00e9 situace, kter\u00e1 spolu s jej\u00ed prom\u011bnou nastala (odsuzov\u00e1n\u00ed ve\u0159ejnost\u00ed a tlaku, kter\u00e9mu je nyn\u00ed vystavena). Jist\u011b najde znovu sama sebe a spr\u00e1vnou polohu ve sv\u00e9m nov\u00e9m zp\u016fsobu p\u0159ed\u00e1v\u00e1n\u00ed sv\u011btla, chce to jen \u010das.<\/p>\n\n\n\n<p> Pros\u00edm neodsuzujte jej\u00ed rozhodnut\u00ed, ale respektujte ho, stejn\u011b tak, jako respektujete v\u0161echna sv\u00e1 \u017eivotn\u00ed rozhodnut\u00ed, kter\u00e1 jste kdy u\u010dinili a je\u0161t\u011b u\u010din\u00edte. P\u0159ejme j\u00ed, aby i nad\u00e1le mohla sv\u011btu p\u0159ed\u00e1vat tolik l\u00e1sky, pozitivity a nad\u011bje, jako p\u0159ed\u00e1vala dosud.<br>Co mi je\u0161t\u011b p\u0159i\u0161lo na mysl, je \u017ee dal\u0161\u00ed \u00fa\u017easn\u00fd rozm\u011br, kter\u00fd n\u00e1m tato nastal\u00e1 situace p\u0159in\u00e1\u0161\u00ed (mimo u\u010den\u00ed se tolerance a p\u0159ijet\u00ed), spat\u0159uji v tom, \u017ee se m\u00e1me nau\u010dit necht\u00edt m\u00edt sv\u00e9 ikony v tom prav\u00e9m slova smyslu.<\/p>\n\n\n\n<p> Jist\u011b je dobr\u00e9 m\u00edt p\u0159ed sebou ty, je\u017e n\u00e1s inspiruj\u00ed, nikoliv v\u0161ak ty, kter\u00e9 chceme \u201eslep\u011b\u201c n\u00e1sledovat. Pokud se tomuto nau\u010d\u00edme, nem\u016f\u017ee s n\u00e1mi ot\u0159\u00e1st to, \u017ee se n\u011bkter\u00fd z na\u0161ich obl\u00edben\u00fdch myslitel\u016f vydal tak trochu jinou cestou. I nad\u00e1le budeme z\u016fst\u00e1vat ve sv\u00e9m st\u0159edu, ve sv\u00e9 v\u00ed\u0159e a sv\u00e9m zp\u016fsobu duchovn\u00edho r\u016fstu a \u017eivota, podle toho, v jak\u00e9m bod\u011b sv\u00e9 cesty se pr\u00e1v\u011b nach\u00e1z\u00edme.<\/p>\n\n\n\n<p> V\u0161e je v po\u0159\u00e1dku.<\/p>\n\n\n\n<p> Jsme v bezpe\u010d\u00ed a \u017eivot pro n\u00e1s chce jen to nejlep\u0161\u00ed.<br> Nen\u00ed nikdo jin\u00fd, kdo by n\u00e1m mohl ubl\u00ed\u017eit, krom\u011b n\u00e1s sam\u00fdch. V\u0161e m\u00e1me ve sv\u00fdch rukou a pr\u00e1v\u011b te\u010f jsme se rozhodli \u017e\u00edt sv\u016fj \u017eivot tak nejl\u00e9pe, jak um\u00edme. Ka\u017ed\u00fd den je \u0161ance na nov\u00fd za\u010d\u00e1tek.<\/p>\n\n\n\n<p>Opakujme si to ka\u017ed\u00fd den, d\u016fv\u011b\u0159ujme \u017eivotu a radujme se z ka\u017ed\u00e9ho dne, kter\u00fd m\u016f\u017eeme pro\u017e\u00edt ve zdrav\u00ed a s na\u0161imi bl\u00edzk\u00fdmi.<\/p>\n\n\n\n<p> S l\u00e1skou<br>                    Martina<\/p>\n\n\n\n<p><\/p>\n","protected":false},"excerpt":{"rendered":"<p>http:\/\/www.stylenew.cz\/doreen-virtue-pozadejte-nechejte-to-byt\/ Rok 2017 p\u0159inesl mnoh\u00e1, ne p\u0159\u00edli\u0161 pozitivn\u00ed p\u0159ekvapen\u00ed. Celosv\u011btov\u011b je tak bohu\u017eel vn\u00edm\u00e1na i sou\u010dasn\u00e1 \u201ezm\u011bna duchovn\u00edho sm\u011bru (zam\u011b\u0159en\u00ed)\u201c Doreen Virtue. V\u0161imla jsem si, \u017ee v \u010de\u0161tin\u011b o tom, co se stalo, nen\u00ed mnoho text\u016f, krom\u011b toho z\u00e1kladn\u00edho p\u0159elo\u017een\u00e9ho pan\u00ed Magdou Techetovou: http:\/\/andelskydenik.blogspot.cz\/2017\/08\/promluva-doreen-virtue-o-zmene-jeji.html, ve kter\u00e9 Doreen prohla\u0161uje, \u017ee ji\u017e nebude d\u011blat t\u00fddenn\u00ed v\u00fdklady a [&hellip;]<\/p>\n","protected":false},"author":1,"featured_media":0,"parent":0,"menu_order":0,"comment_status":"closed","ping_status":"closed","template":"","meta":{"_mc_calendar":[],"footnotes":""},"class_list":["post-708","page","type-page","status-publish","hentry"],"_links":{"self":[{"href":"https:\/\/astragal.cz\/index.php\/wp-json\/wp\/v2\/pages\/708","targetHints":{"allow":["GET"]}}],"collection":[{"href":"https:\/\/astragal.cz\/index.php\/wp-json\/wp\/v2\/pages"}],"about":[{"href":"https:\/\/astragal.cz\/index.php\/wp-json\/wp\/v2\/types\/page"}],"author":[{"embeddable":true,"href":"https:\/\/astragal.cz\/index.php\/wp-json\/wp\/v2\/users\/1"}],"replies":[{"embeddable":true,"href":"https:\/\/astragal.cz\/index.php\/wp-json\/wp\/v2\/comments?post=708"}],"version-history":[{"count":7,"href":"https:\/\/astragal.cz\/index.php\/wp-json\/wp\/v2\/pages\/708\/revisions"}],"predecessor-version":[{"id":3562,"href":"https:\/\/astragal.cz\/index.php\/wp-json\/wp\/v2\/pages\/708\/revisions\/3562"}],"wp:attachment":[{"href":"https:\/\/astragal.cz\/index.php\/wp-json\/wp\/v2\/media?parent=708"}],"curies":[{"name":"wp","href":"https:\/\/api.w.org\/{rel}","templated":true}]}}