{"id":717,"date":"2020-05-09T16:36:33","date_gmt":"2020-05-09T15:36:33","guid":{"rendered":"http:\/\/astragal.cz\/?page_id=717"},"modified":"2023-07-07T19:59:35","modified_gmt":"2023-07-07T18:59:35","slug":"cisteni-prostoru","status":"publish","type":"page","link":"https:\/\/astragal.cz\/index.php\/cisteni-prostoru\/","title":{"rendered":"\u010ci\u0161t\u011bn\u00ed prostoru"},"content":{"rendered":"\n<p>Z\u00e1sadn\u00edm smyslem o\u010disty prostoru je osvobodit n\u00e1s od z\u00e1t\u011b\u017eov\u00fdch energi\u00ed, temn\u00fdch sil a jin\u00fdch ne\u017e\u00e1douc\u00edch jev\u016f.<\/p>\n\n\n\n<p>\u010ci\u0161t\u011bn\u00ed prostoru se na r\u016fzn\u00fdch kontinentech prov\u00e1d\u00ed r\u016fzn\u00fdmi zp\u016fsoby.<\/p>\n\n\n\n<p>U n\u00e1s se praktikuje p\u0159edev\u0161\u00edm c\u00edrkevn\u00ed vysv\u011bcen\u00ed prostoru spolu s vyku\u0159ov\u00e1n\u00edm, chvalozp\u011bvy a modlitbami.<\/p>\n\n\n\n<figure class=\"wp-block-image size-full\"><img loading=\"lazy\" decoding=\"async\" width=\"618\" height=\"450\" src=\"https:\/\/astragal.cz\/wp-content\/uploads\/2023\/07\/Kadidlo-v-kostele-e1580667259241.jpg\" alt=\"\" class=\"wp-image-8119\" srcset=\"https:\/\/astragal.cz\/wp-content\/uploads\/2023\/07\/Kadidlo-v-kostele-e1580667259241.jpg 618w, https:\/\/astragal.cz\/wp-content\/uploads\/2023\/07\/Kadidlo-v-kostele-e1580667259241-300x218.jpg 300w\" sizes=\"auto, (max-width: 618px) 100vw, 618px\" \/><\/figure>\n\n\n\n<p class=\"has-text-align-center has-blue-color has-text-color has-small-font-size\"><a href=\"https:\/\/luban.cz\/proc-se-v-kostele-vykuruje-kadidlem-jaky-druh-kadidla-se-pouziva-a-existuji-i-kadidla-synteticka\/\">https:\/\/luban.cz\/proc-se-v-kostele-vykuruje-kadidlem-jaky-druh-kadidla-se-pouziva-a-existuji-i-kadidla-synteticka\/<\/a><\/p>\n\n\n\n<p>Jinde ve sv\u011bt\u011b se postupuje podle obdobn\u00fdch praktik, kter\u00e9 zahrnuj\u00ed n\u011bkter\u00e9 dal\u0161\u00ed prvky, jak\u00fdmi jsou:<\/p>\n\n\n\n<ul class=\"wp-block-list\"><li>\u0161amansk\u00e9 ritu\u00e1ln\u00ed tance, zp\u011bvy a bubnov\u00e1n\u00ed,<\/li><li>pou\u017eit\u00ed tibetsk\u00fdch gongov\u00fdch m\u00eds,<\/li><li>pou\u017eit\u00ed krystal\u016f,<\/li><li>pou\u017eit\u00ed ch\u0159estidel,<\/li><li>pou\u017eit\u00ed speci\u00e1ln\u011b naprogramovan\u00fdch obrazc\u016f,<\/li><li>aj.<\/li><\/ul>\n\n\n<div class=\"wp-block-image\">\n<figure class=\"aligncenter size-large\"><img loading=\"lazy\" decoding=\"async\" width=\"500\" height=\"334\" src=\"https:\/\/astragal.cz\/wp-content\/uploads\/2020\/05\/smudge-e1446051649309.jpg\" alt=\"\" class=\"wp-image-874\" srcset=\"https:\/\/astragal.cz\/wp-content\/uploads\/2020\/05\/smudge-e1446051649309.jpg 500w, https:\/\/astragal.cz\/wp-content\/uploads\/2020\/05\/smudge-e1446051649309-300x200.jpg 300w\" sizes=\"auto, (max-width: 500px) 100vw, 500px\" \/><\/figure><\/div>\n\n\n<p class=\"has-text-align-center has-blue-color has-text-color has-small-font-size\"><a rel=\"noreferrer noopener\" aria-label=\" (otev\u0159e se na nov\u00e9 z\u00e1lo\u017ece)\" href=\"http:\/\/www.kindredspiritsbooksandgifts.com\/workshop-registration\/how-to-sage-smudge\" target=\"_blank\">http:\/\/www.kindredspiritsbooksandgifts.com\/workshop-registration\/how-to-sage-smudge<\/a><\/p>\n\n\n\n<p>Novodob\u011b se setk\u00e1v\u00e1me s dal\u0161\u00edmi postupy, jak\u00fdmi nap\u0159. jsou:<\/p>\n\n\n\n<ul class=\"wp-block-list\" id=\"block-ff501b93-aae3-4ec0-8df7-efdc7e12ac9f\"><li>\u010ci\u0161t\u011bn\u00ed ultrazvukovou p\u00ed\u0161\u0165alkou<\/li><li>\u010cist\u011bn\u00ed pomoc\u00ed soli<\/li><li>\u010ci\u0161t\u011bn\u00ed kyvadlem, virgul\u00ed<\/li><li>\u010ci\u0161t\u011bn\u00ed z\u00e1v\u011bsnou kovovou\/sklen\u011bnou spir\u00e1lou<\/li><li>Apod.<\/li><\/ul>\n\n\n\n<p>Ve v\u0161ech p\u0159\u00edpadech plat\u00ed, \u017ee o\u010dista prostoru m\u00e1 slou\u017eit jako  jeden ze st\u011b\u017eejn\u00edch pil\u00ed\u0159\u016f, kter\u00fd m\u00e1 pom\u00e1hat zachov\u00e1vat rovnov\u00e1hu a harmonickou energie jak v\u00a0n\u00e1s, tak kolem n\u00e1s.<\/p>\n\n\n\n<p>Ov\u0161em jedn\u00e1 se o pr\u00e1ci s nashrom\u00e1\u017ed\u011bnou z\u00e1t\u011b\u017eovou energi\u00ed (kterou jej\u00edm \u010di\u0161t\u011bn\u00edm uvede doty\u010dn\u00fd do chodu a rozv\u00ed\u0159\u00ed), proto je dobr\u00e9 p\u0159enechat tuto pr\u00e1ci t\u011bm, kte\u0159\u00ed j\u00ed rozum\u00ed, jsou na to vy\u0161kolen\u00ed a v\u00ed, co d\u011blat, pokud se objev\u00ed pot\u00ed\u017ee.<\/p>\n\n\n\n<p class=\"has-blue-color has-text-color\"><strong>O\u010dista prostoru m\u00e1 sv\u00e9 z\u00e1konitosti, kter\u00e9 je nutn\u00e9 dodr\u017eovat, aby byla bezpe\u010dn\u00e1 a funk\u010dn\u00ed. <\/strong><\/p>\n\n\n\n<p>Ide\u00e1ln\u00ed je nechat si prostor vysv\u011btit kn\u011bzem.<\/p>\n\n\n\n<p>Pokud se rozhodnete pro jin\u00fd druh \u010di\u0161t\u011bn\u00ed &#8211; d\u0159\u00edve ne\u017e za\u010dnete,\u00a0konzultujte vybranou metodu s n\u011bk\u00fdm, kdo m\u00e1 s \u010di\u0161t\u011bn\u00edm prostor\u016f zku\u0161enosti + na\u010dt\u011bte si o principech a metod\u00e1ch o\u010disty publikace \u010di kvalitn\u00ed \u010dl\u00e1nky na internetu. <\/p>\n\n\n\n<p><strong>Pomoci zorientovat se v&nbsp;problematice V\u00e1m m\u016f\u017ee dob\u0159e pomoci nap\u0159. kn\u00ed\u017eka O\u010dista prostoru od A do Z, viz.: <\/strong><\/p>\n\n\n\n<p class=\"has-blue-color has-text-color\"><a href=\"https:\/\/www.databazeknih.cz\/knihy\/ocista-prostoru-od-a-do-z-51165\" target=\"_blank\" rel=\"noreferrer noopener\" aria-label=\" (otev\u0159e se na nov\u00e9 z\u00e1lo\u017ece)\">https:\/\/www.databazeknih.cz\/knihy\/ocista-prostoru-od-a-do-z-51165<\/a><\/p>\n","protected":false},"excerpt":{"rendered":"<p>Z\u00e1sadn\u00edm smyslem o\u010disty prostoru je osvobodit n\u00e1s od z\u00e1t\u011b\u017eov\u00fdch energi\u00ed, temn\u00fdch sil a jin\u00fdch ne\u017e\u00e1douc\u00edch jev\u016f. \u010ci\u0161t\u011bn\u00ed prostoru se na r\u016fzn\u00fdch kontinentech prov\u00e1d\u00ed r\u016fzn\u00fdmi zp\u016fsoby. U n\u00e1s se praktikuje p\u0159edev\u0161\u00edm c\u00edrkevn\u00ed vysv\u011bcen\u00ed prostoru spolu s vyku\u0159ov\u00e1n\u00edm, chvalozp\u011bvy a modlitbami. https:\/\/luban.cz\/proc-se-v-kostele-vykuruje-kadidlem-jaky-druh-kadidla-se-pouziva-a-existuji-i-kadidla-synteticka\/ Jinde ve sv\u011bt\u011b se postupuje podle obdobn\u00fdch praktik, kter\u00e9 zahrnuj\u00ed n\u011bkter\u00e9 dal\u0161\u00ed prvky, jak\u00fdmi jsou: [&hellip;]<\/p>\n","protected":false},"author":1,"featured_media":0,"parent":0,"menu_order":0,"comment_status":"closed","ping_status":"closed","template":"","meta":{"_mc_calendar":[],"footnotes":""},"class_list":["post-717","page","type-page","status-publish","hentry"],"_links":{"self":[{"href":"https:\/\/astragal.cz\/index.php\/wp-json\/wp\/v2\/pages\/717","targetHints":{"allow":["GET"]}}],"collection":[{"href":"https:\/\/astragal.cz\/index.php\/wp-json\/wp\/v2\/pages"}],"about":[{"href":"https:\/\/astragal.cz\/index.php\/wp-json\/wp\/v2\/types\/page"}],"author":[{"embeddable":true,"href":"https:\/\/astragal.cz\/index.php\/wp-json\/wp\/v2\/users\/1"}],"replies":[{"embeddable":true,"href":"https:\/\/astragal.cz\/index.php\/wp-json\/wp\/v2\/comments?post=717"}],"version-history":[{"count":12,"href":"https:\/\/astragal.cz\/index.php\/wp-json\/wp\/v2\/pages\/717\/revisions"}],"predecessor-version":[{"id":8124,"href":"https:\/\/astragal.cz\/index.php\/wp-json\/wp\/v2\/pages\/717\/revisions\/8124"}],"wp:attachment":[{"href":"https:\/\/astragal.cz\/index.php\/wp-json\/wp\/v2\/media?parent=717"}],"curies":[{"name":"wp","href":"https:\/\/api.w.org\/{rel}","templated":true}]}}